{"id":248867,"date":"2024-01-25T12:31:37","date_gmt":"2024-01-25T12:31:37","guid":{"rendered":"https:\/\/globecore.com\/products\/appareils-de-mesure\/tor-8-tester-for-residual-gas-content-of-insulating-oil\/"},"modified":"2026-03-06T13:41:32","modified_gmt":"2026-03-06T13:41:32","slug":"tor-8-tester-for-residual-gas-content-of-insulating-oil","status":"publish","type":"page","link":"https:\/\/globecore.com\/fr\/products\/appareils-de-mesure\/tor-8-tester-for-residual-gas-content-of-insulating-oil\/","title":{"rendered":"TOR-8 Testeur pour la teneur r\u00e9siduelle en gaz de l&rsquo;huile isolante"},"content":{"rendered":"","protected":false},"excerpt":{"rendered":"<p>Le TOR-8 est utilis\u00e9 pour mesurer les gaz dissous dans les huiles isolantes lors du processus de d\u00e9gazage dans les machines de d\u00e9gazage. Son objectif principal est d\u2019\u00e9valuer avec pr\u00e9cision l\u2019efficacit\u00e9 de l\u2019\u00e9limination des gaz de l\u2019huile de transformateur, permettant aux professionnels de surveiller le taux de d\u00e9gazage et d\u2019assurer un traitement ad\u00e9quat de l\u2019huile. Le processus de mesure dure jusqu\u2019\u00e0 10 minutes et l\u2019appareil est \u00e9quip\u00e9 d\u2019une imprimante thermique int\u00e9gr\u00e9e pour imprimer les r\u00e9sultats. Le TOR-8 est largement utilis\u00e9 par les entreprises impliqu\u00e9es dans l\u2019installation, la r\u00e9paration et l\u2019exploitation de syst\u00e8mes d\u2019huile pour transformateurs, en faisant un outil essentiel pour la maintenance et l\u2019entretien des \u00e9quipements de transformateurs.<\/p>\n","protected":false},"author":7,"featured_media":109842,"parent":32160,"menu_order":0,"comment_status":"closed","ping_status":"closed","template":"templates\/single-product.php","meta":{"_acf_changed":false,"_bbp_topic_count":0,"_bbp_reply_count":0,"_bbp_total_topic_count":0,"_bbp_total_reply_count":0,"_bbp_voice_count":0,"_bbp_anonymous_reply_count":0,"_bbp_topic_count_hidden":0,"_bbp_reply_count_hidden":0,"_bbp_forum_subforum_count":0,"footnotes":""},"categories":[1632],"class_list":["post-248867","page","type-page","status-publish","has-post-thumbnail","hentry","category-appareils-de-mesure","oil_type-fluide-dielectrique-fr3","oil_type-fluide-dielectrique-midel-7131","oil_type-huile-de-silicone","oil_type-huile-pour-transformateur","process_type-test-de-gaz-residuel"],"acf":{"add_tab":[{"tab_title":"Description","tab_content":"<p style=\"text-align: justify;\">Le d\u00e9gazage de l'huile de transformateur est essentiel pour \u00e9liminer les gaz dissous, am\u00e9liorant ainsi les propri\u00e9t\u00e9s isolantes de l'huile et pr\u00e9venant la corrosion ainsi que l'usure des \u00e9quipements de production d'\u00e9nergie. L'instrument TOR-8 est utilis\u00e9 dans les processus d'\u00e9limination des gaz dissous (d\u00e9gazage d'huile) au sein des machines de d\u00e9gazage.<\/p>\r\n<p style=\"text-align: justify;\"><strong>Objectif principal :<\/strong><\/p>\r\n\r\n<ul style=\"text-align: justify;\">\r\n \t<li>Faciliter la mesure de l'efficacit\u00e9 des proc\u00e9dures de d\u00e9gazage effectu\u00e9es par ces machines.<\/li>\r\n \t<li>Permettre une \u00e9valuation pr\u00e9cise du taux de suppression des gaz dans l'huile.<\/li>\r\n<\/ul>\r\n<p style=\"text-align: justify;\"><strong>Applications :<\/strong><\/p>\r\n\r\n<ul style=\"text-align: justify;\">\r\n \t<li>Utilis\u00e9 couramment lors des \u00e9tapes d'installation, de r\u00e9paration et d'exploitation dans les entit\u00e9s sp\u00e9cialis\u00e9es dans le traitement de l'huile de transformateur.<\/li>\r\n \t<li>Gr\u00e2ce \u00e0 cet instrument, les professionnels peuvent surveiller facilement et efficacement le processus de d\u00e9gazage, une \u00e9tape cruciale dans la maintenance et l'exploitation des \u00e9quipements de transformateur.<\/li>\r\n<\/ul>\r\n<h3 style=\"text-align: center;\"><strong>Principe de fonctionnement<\/strong><\/h3>\r\n<p style=\"text-align: justify;\">Le fonctionnement de l'instrument repose sur l'enregistrement des variations de pression de gaz dans un cylindre sous vide lorsqu'il est rempli d'une portion d'huile.<\/p>\r\n\r\n<ol style=\"text-align: justify;\">\r\n \t<li><strong>\u00c9l\u00e9ments n\u00e9cessaires :<\/strong>\r\n<ul>\r\n \t<li>Volumes du cylindre et de l'huile vers\u00e9e.<\/li>\r\n \t<li>Valeurs de pression \u00e0 l'int\u00e9rieur du cylindre avant et apr\u00e8s le remplissage.<\/li>\r\n<\/ul>\r\n<\/li>\r\n \t<li><strong>Calcul :<\/strong>\r\n<ul>\r\n \t<li>Ces donn\u00e9es permettent de d\u00e9terminer la teneur volumique en gaz r\u00e9siduel.<\/li>\r\n<\/ul>\r\n<\/li>\r\n \t<li><strong>Mesures en temps r\u00e9el :<\/strong>\r\n<ul>\r\n \t<li>La teneur r\u00e9siduelle en gaz est mesur\u00e9e pendant le fonctionnement de la machine de d\u00e9gazage.<\/li>\r\n<\/ul>\r\n<\/li>\r\n<\/ol>\r\n<p style=\"text-align: justify;\">Le TOR-8 est un outil essentiel pour garantir un suivi pr\u00e9cis et efficace des processus de d\u00e9gazage dans l'entretien et l'exploitation des \u00e9quipements de transformateur.<\/p>"}],"add_def_tab":[{"tab_title":"Caract\u00e9ristiques","tab_content":"<table width=\"611\">\r\n<tbody>\r\n<tr>\r\n<td style=\"text-align: center;\" width=\"44\"><strong>No.<\/strong><\/td>\r\n<td style=\"text-align: center;\" width=\"427\"><strong>Param\u00e8tre<\/strong><\/td>\r\n<td width=\"140\">\r\n<p style=\"text-align: center;\"><strong>Valeur<\/strong><\/p>\r\n<\/td>\r\n<\/tr>\r\n<tr>\r\n<td width=\"44\">1<\/td>\r\n<td width=\"427\">Volume de la cellule de mesure, L<\/td>\r\n<td width=\"140\">\r\n<p style=\"text-align: center;\">1.2<\/p>\r\n<\/td>\r\n<\/tr>\r\n<tr>\r\n<td width=\"44\">2<\/td>\r\n<td width=\"427\">Volume de l\u2019\u00e9chantillon d\u2019huile, L<\/td>\r\n<td width=\"140\">\r\n<p style=\"text-align: center;\">0.5 \u2013 0.7<\/p>\r\n<\/td>\r\n<\/tr>\r\n<tr>\r\n<td width=\"44\">3<\/td>\r\n<td width=\"427\">Pression maximale \u00e0 l\u2019int\u00e9rieur de l\u2019appareil, Pa<\/td>\r\n<td width=\"140\">\r\n<p style=\"text-align: center;\">0.3<\/p>\r\n<\/td>\r\n<\/tr>\r\n<tr>\r\n<td width=\"44\">4<\/td>\r\n<td width=\"427\">Fuite maximale \u00e0 l\u2019int\u00e9rieur de l\u2019appareil, Pa<\/td>\r\n<td width=\"140\">\r\n<p style=\"text-align: center;\">26<\/p>\r\n<\/td>\r\n<\/tr>\r\n<tr>\r\n<td width=\"44\">5<\/td>\r\n<td width=\"427\">Pression d\u2019entr\u00e9e de l\u2019huile, bar<\/td>\r\n<td width=\"140\">\r\n<p style=\"text-align: center;\">0.3 \u2013 10<\/p>\r\n<\/td>\r\n<\/tr>\r\n<tr>\r\n<td width=\"44\">6<\/td>\r\n<td width=\"427\">Temp\u00e9rature de l\u2019huile test\u00e9e, \u00ba\u0421<\/td>\r\n<td width=\"140\">\r\n<p style=\"text-align: center;\">20 \u2014 90<\/p>\r\n<\/td>\r\n<\/tr>\r\n<tr>\r\n<td width=\"44\">7<\/td>\r\n<td width=\"427\">Consommation \u00e9lectrique maximale, kW, pas plus<\/td>\r\n<td width=\"140\">\r\n<p style=\"text-align: center;\">1<\/p>\r\n<\/td>\r\n<\/tr>\r\n<tr>\r\n<td width=\"44\">8<\/td>\r\n<td width=\"427\">Param\u00e8tres d\u2019alimentation \u00e9lectrique\r\n(en standard ; sinon \u2014 sur demande) :\u25cf\u00a0\u00a0\u00a0\u00a0\u00a0 tension, V\r\n\u25cf\u00a0\u00a0\u00a0\u00a0\u00a0 fr\u00e9quence CA, Hz<\/td>\r\n<td width=\"140\">\r\n<p style=\"text-align: center;\">230<\/p>\r\n<p style=\"text-align: center;\">50<\/p>\r\n<\/td>\r\n<\/tr>\r\n<tr>\r\n<td width=\"44\">9<\/td>\r\n<td width=\"427\">Dimensions globales, mm, pas plus :\r\n\u2014 longueur\r\n\u2014 hauteur\r\n\u2014 largeur<\/td>\r\n<td width=\"140\">\r\n<p style=\"text-align: center;\">330<\/p>\r\n<p style=\"text-align: center;\">300<\/p>\r\n<p style=\"text-align: center;\">275<\/p>\r\n<\/td>\r\n<\/tr>\r\n<tr>\r\n<td width=\"44\">10<\/td>\r\n<td width=\"427\">\r\n<p style=\"text-align: left;\">Poids, kg, pas plus<\/p>\r\n<\/td>\r\n<td width=\"140\">\r\n<p style=\"text-align: center;\">25<\/p>\r\n<\/td>\r\n<\/tr>\r\n<\/tbody>\r\n<\/table>"},{"tab_title":"Avantages ","tab_content":"<ul>\r\n \t<li style=\"text-align: justify;\"><strong>Mesure pr\u00e9cise de la teneur r\u00e9siduelle en gaz de l\u2019huile de transformateur<\/strong> ;<\/li>\r\n \t<li style=\"text-align: justify;\"><strong>Fiabilit\u00e9 de fonctionnement<\/strong> ;<\/li>\r\n \t<li style=\"text-align: justify;\"><strong>Bo\u00eetier pratique et robuste<\/strong> ;<\/li>\r\n \t<li style=\"text-align: justify;\"><strong>Processus de mesure rapide<\/strong>, ne d\u00e9passant pas 10 minutes ;<\/li>\r\n \t<li style=\"text-align: justify;\"><strong>Possibilit\u00e9 d\u2019imprimer les r\u00e9sultats<\/strong> gr\u00e2ce \u00e0 une imprimante thermique int\u00e9gr\u00e9e.<\/li>\r\n<\/ul>"},{"tab_title":"Application","tab_content":"[product_oil_types]"},{"tab_title":"Webinaire","tab_content":"<div class=\"responsive-embed widescreen\">\r\n<div class=\"responsive-embed widescreen\">\r\n<div class=\"responsive-embed widescreen\">\r\n<div class=\"responsive-embed widescreen\">\r\n<div class=\"responsive-embed widescreen\">\r\n<div class=\"responsive-embed widescreen\"><iframe title=\"M\u00e9thodes de d\u00e9tection des defauts dans l'huile di\u00e9lectrique des transformateurs avec les appareils d\" src=\"https:\/\/www.youtube.com\/embed\/kVbmhzYAY6k?feature=oembed\" width=\"500\" height=\"281\" frameborder=\"0\" allowfullscreen=\"allowfullscreen\"><\/iframe><\/div>\r\n<\/div>\r\n<\/div>\r\n<\/div>\r\n<\/div>\r\n<\/div>"}],"add_video_tab":null,"add_gallery_tab":null,"add_price_tab":null},"language":"fr","_links":{"self":[{"href":"https:\/\/globecore.com\/fr\/wp-json\/wp\/v2\/pages\/248867","targetHints":{"allow":["GET"]}}],"collection":[{"href":"https:\/\/globecore.com\/fr\/wp-json\/wp\/v2\/pages"}],"about":[{"href":"https:\/\/globecore.com\/fr\/wp-json\/wp\/v2\/types\/page"}],"author":[{"embeddable":true,"href":"https:\/\/globecore.com\/fr\/wp-json\/wp\/v2\/users\/7"}],"replies":[{"embeddable":true,"href":"https:\/\/globecore.com\/fr\/wp-json\/wp\/v2\/comments?post=248867"}],"version-history":[{"count":2,"href":"https:\/\/globecore.com\/fr\/wp-json\/wp\/v2\/pages\/248867\/revisions"}],"predecessor-version":[{"id":336203,"href":"https:\/\/globecore.com\/fr\/wp-json\/wp\/v2\/pages\/248867\/revisions\/336203"}],"up":[{"embeddable":true,"href":"https:\/\/globecore.com\/fr\/wp-json\/wp\/v2\/pages\/32160"}],"wp:featuredmedia":[{"embeddable":true,"href":"https:\/\/globecore.com\/fr\/wp-json\/wp\/v2\/media\/109842"}],"wp:attachment":[{"href":"https:\/\/globecore.com\/fr\/wp-json\/wp\/v2\/media?parent=248867"}],"wp:term":[{"taxonomy":"category","embeddable":true,"href":"https:\/\/globecore.com\/fr\/wp-json\/wp\/v2\/categories?post=248867"}],"curies":[{"name":"wp","href":"https:\/\/api.w.org\/{rel}","templated":true}]}}