{"id":248877,"date":"2021-05-12T13:03:09","date_gmt":"2021-05-12T13:03:09","guid":{"rendered":"https:\/\/globecore.com\/products\/zeolite-regeneration-and-drying\/zeolite-regeneration-units-brz\/"},"modified":"2026-04-20T13:37:05","modified_gmt":"2026-04-20T13:37:05","slug":"zeolite-regeneration-units-brz","status":"publish","type":"page","link":"https:\/\/globecore.com\/fr\/products\/zeolite-regeneration-and-drying\/zeolite-regeneration-units-brz\/","title":{"rendered":"BRZ Bloc de R\u00e9g\u00e9n\u00e9ration de Z\u00e9olite"},"content":{"rendered":"","protected":false},"excerpt":{"rendered":"<p>L\u2019unit\u00e9 de r\u00e9g\u00e9n\u00e9ration BRZ est con\u00e7ue pour restaurer les performances des cartouches de sorbant utilis\u00e9es dans le syst\u00e8me de s\u00e9chage de transformateurs CMM-260C pour le s\u00e9chage de l\u2019huile isolante di\u00e9lectrique. L\u2019unit\u00e9 r\u00e9g\u00e9n\u00e8re les cartouches de z\u00e9olithe \u00e0 l\u2019aide d\u2019un flux d\u2019air chaud contr\u00f4l\u00e9 qui \u00e9limine l\u2019humidit\u00e9 excessive et r\u00e9tablit la capacit\u00e9 d\u2019adsorption. Pendant le fonctionnement, le d\u00e9bit du ventilateur est de 2,3 m\u00b3\/min et la temp\u00e9rature de l\u2019air chaud atteint 250 \u00b0C (483 \u00b0F), garantissant un s\u00e9chage efficace et une pr\u00e9paration fiable du sorbant pour une r\u00e9utilisation.<\/p>\n","protected":false},"author":59,"featured_media":53422,"parent":112896,"menu_order":0,"comment_status":"closed","ping_status":"closed","template":"templates\/single-product.php","meta":{"_acf_changed":false,"_bbp_topic_count":0,"_bbp_reply_count":0,"_bbp_total_topic_count":0,"_bbp_total_reply_count":0,"_bbp_voice_count":0,"_bbp_anonymous_reply_count":0,"_bbp_topic_count_hidden":0,"_bbp_reply_count_hidden":0,"_bbp_forum_subforum_count":0,"footnotes":""},"categories":[1339],"class_list":["post-248877","page","type-page","status-publish","has-post-thumbnail","hentry","category-oil-maintenance-fr","oil_type-sorbant","process_type-regeneration-fr"],"acf":{"add_tab":[{"tab_title":"Description","tab_content":"<p style=\"text-align: justify;\">L'unit\u00e9 de r\u00e9g\u00e9n\u00e9ration <strong>BRZ<\/strong> est con\u00e7ue pour restaurer les performances des cartouches de sorbant du syst\u00e8me de s\u00e9chage de transformateur <strong>CMM-260C<\/strong>, utilis\u00e9es pour le s\u00e9chage de l'huile isolante di\u00e9lectrique. L'unit\u00e9 <strong>BRZ<\/strong> r\u00e9g\u00e9n\u00e8re les cartouches par de l'air chaud afin de purger et nettoyer les cartouches de l'humidit\u00e9 exc\u00e9dentaire.<\/p>"}],"add_def_tab":[{"tab_title":"Caract\u00e9ristiques","tab_content":"<table>\r\n<tbody>\r\n<tr>\r\n<td style=\"text-align: center;\" width=\"328\"><strong>Param\u00e8tre<\/strong><\/td>\r\n<td style=\"text-align: center;\" width=\"329\"><strong>Valeur<\/strong><\/td>\r\n<\/tr>\r\n<tr>\r\n<td width=\"328\">Puissance du chauffe-eau, kW<\/td>\r\n<td style=\"text-align: center;\" width=\"329\">10.8<\/td>\r\n<\/tr>\r\n<tr>\r\n<td width=\"328\">Puissance du moteur du souffleur du refroidisseur, kW<\/td>\r\n<td style=\"text-align: center;\" width=\"329\">0.75<\/td>\r\n<\/tr>\r\n<tr>\r\n<td width=\"328\">Puissance nominale, kW<\/td>\r\n<td style=\"text-align: center;\" width=\"329\">13.2<\/td>\r\n<\/tr>\r\n<tr>\r\n<td colspan=\"2\" width=\"657\">Param\u00e8tres du mode de s\u00e9chage de la z\u00e9olite<\/td>\r\n<\/tr>\r\n<tr>\r\n<td width=\"328\">\r\n<ul>\r\n \t<li>D\u00e9bit du souffleur d\u2019air, m3\/minute\u00a0(gpm)<\/li>\r\n<\/ul>\r\n<\/td>\r\n<td style=\"text-align: center;\" width=\"329\">2.3\u00a0(607.6)<\/td>\r\n<\/tr>\r\n<tr>\r\n<td width=\"328\">\r\n<ul>\r\n \t<li>Temp\u00e9rature de l\u2019air chaud, \u00b0C\/\u00b0F<\/li>\r\n<\/ul>\r\n<\/td>\r\n<td style=\"text-align: center;\" width=\"329\">250(483)<\/td>\r\n<\/tr>\r\n<tr>\r\n<td colspan=\"2\" width=\"657\">Param\u00e8tres du mode de mise sous vide<\/td>\r\n<\/tr>\r\n<tr>\r\n<td width=\"328\">\r\n<ul>\r\n \t<li>Taux d\u2019\u00e9vacuation, l\/seconde\u00a0(gpm)<\/li>\r\n<\/ul>\r\n<\/td>\r\n<td style=\"text-align: center;\" width=\"329\">6.6\u00a0(104.6)<\/td>\r\n<\/tr>\r\n<tr>\r\n<td width=\"328\">\r\n<ul>\r\n \t<li>Pression r\u00e9siduelle, mbar (psi)<\/li>\r\n<\/ul>\r\n<\/td>\r\n<td style=\"text-align: center;\" width=\"329\">250 \u00a0(3.6)<\/td>\r\n<\/tr>\r\n<tr>\r\n<td colspan=\"2\" width=\"657\">Dimensions, mm (po) :<\/td>\r\n<\/tr>\r\n<tr>\r\n<td width=\"328\">\r\n<ul>\r\n \t<li>Longueur<\/li>\r\n<\/ul>\r\n<\/td>\r\n<td style=\"text-align: center;\" width=\"329\">1100 (43.3)<\/td>\r\n<\/tr>\r\n<tr>\r\n<td width=\"328\">\r\n<ul>\r\n \t<li>Largeur<\/li>\r\n<\/ul>\r\n<\/td>\r\n<td style=\"text-align: center;\" width=\"329\">650 (25.6)<\/td>\r\n<\/tr>\r\n<tr>\r\n<td width=\"328\">\r\n<ul>\r\n \t<li>Hauteur<\/li>\r\n<\/ul>\r\n<\/td>\r\n<td style=\"text-align: center;\" width=\"329\">1,250 (49.2)<\/td>\r\n<\/tr>\r\n<tr>\r\n<td width=\"328\">Poids, kg<\/td>\r\n<td style=\"text-align: center;\" width=\"329\">220 (486)<\/td>\r\n<\/tr>\r\n<\/tbody>\r\n<\/table>"},{"tab_title":"Avantages","tab_content":"<ul>\r\n \t<li style=\"text-align: justify;\">Restauration des param\u00e8tres initiaux de la z\u00e9olite ;<\/li>\r\n \t<li style=\"text-align: justify;\">Autres sorbants peuvent \u00eatre r\u00e9g\u00e9n\u00e9r\u00e9s, comme le gel de silice ;<\/li>\r\n \t<li style=\"text-align: justify;\">Peut \u00eatre utilis\u00e9 avec l\u2019unit\u00e9 CMM-260C ou seul ;<\/li>\r\n \t<li style=\"text-align: justify;\">Taille compacte et mobilit\u00e9 ;<\/li>\r\n \t<li style=\"text-align: justify;\">Simplicit\u00e9 d\u2019utilisation et de maintenance.<\/li>\r\n<\/ul>\r\n&nbsp;"},{"tab_title":"Application","tab_content":"[product_oil_types]"},{"tab_title":"Webinaire","tab_content":"<div class=\"responsive-embed widescreen\">\r\n<div class=\"responsive-embed widescreen\">\r\n<div class=\"responsive-embed widescreen\">\r\n<div class=\"responsive-embed widescreen\"><iframe title=\"Maintenance du transformateur\" src=\"https:\/\/www.youtube.com\/embed\/wrpThx7GLbw?feature=oembed\" width=\"500\" height=\"281\" frameborder=\"0\" allowfullscreen=\"allowfullscreen\"><\/iframe><\/div>\r\n<\/div>\r\n<\/div>\r\n<\/div>"}],"add_video_tab":[{"video_tab_title":"Vid\u00e9o","add_video_id":[{"video_id":"dkEJnhyPQmA"},{"video_id":"HskWaWNf0tA"},{"video_id":"3CVc2A8MkDU"}]}],"add_gallery_tab":null,"add_price_tab":[{"price_tab_title":"Get a Quote"}]},"language":"fr","_links":{"self":[{"href":"https:\/\/globecore.com\/fr\/wp-json\/wp\/v2\/pages\/248877","targetHints":{"allow":["GET"]}}],"collection":[{"href":"https:\/\/globecore.com\/fr\/wp-json\/wp\/v2\/pages"}],"about":[{"href":"https:\/\/globecore.com\/fr\/wp-json\/wp\/v2\/types\/page"}],"author":[{"embeddable":true,"href":"https:\/\/globecore.com\/fr\/wp-json\/wp\/v2\/users\/59"}],"replies":[{"embeddable":true,"href":"https:\/\/globecore.com\/fr\/wp-json\/wp\/v2\/comments?post=248877"}],"version-history":[{"count":3,"href":"https:\/\/globecore.com\/fr\/wp-json\/wp\/v2\/pages\/248877\/revisions"}],"predecessor-version":[{"id":343082,"href":"https:\/\/globecore.com\/fr\/wp-json\/wp\/v2\/pages\/248877\/revisions\/343082"}],"up":[{"embeddable":true,"href":"https:\/\/globecore.com\/fr\/wp-json\/wp\/v2\/pages\/112896"}],"wp:featuredmedia":[{"embeddable":true,"href":"https:\/\/globecore.com\/fr\/wp-json\/wp\/v2\/media\/53422"}],"wp:attachment":[{"href":"https:\/\/globecore.com\/fr\/wp-json\/wp\/v2\/media?parent=248877"}],"wp:term":[{"taxonomy":"category","embeddable":true,"href":"https:\/\/globecore.com\/fr\/wp-json\/wp\/v2\/categories?post=248877"}],"curies":[{"name":"wp","href":"https:\/\/api.w.org\/{rel}","templated":true}]}}