{"id":248889,"date":"2024-01-22T12:05:41","date_gmt":"2024-01-22T12:05:41","guid":{"rendered":"https:\/\/globecore.com\/products\/online-transformer-dry-out-systems\/tor-4-online-transformer-dry-out-system\/"},"modified":"2026-03-06T09:09:48","modified_gmt":"2026-03-06T09:09:48","slug":"tor-4-online-transformer-dry-out-system","status":"publish","type":"page","link":"https:\/\/globecore.com\/fr\/products\/online-transformer-dry-out-systems\/tor-4-online-transformer-dry-out-system\/","title":{"rendered":"TOR-4 Syst\u00e8me de s\u00e9chage en ligne des transformateurs"},"content":{"rendered":"","protected":false},"excerpt":{"rendered":"<p>L\u2019unit\u00e9 de s\u00e9chage d\u2019huile de transformateur TOR-4 \u00e9limine efficacement l\u2019eau des transformateurs, maintenant l\u2019huile s\u00e8che quelle que soit la temp\u00e9rature ou l\u2019\u00e9tat de l\u2019eau. L\u2019huile circule \u00e0 travers des filtres et des adsorbants avant de revenir au transformateur. Un contr\u00f4leur logique int\u00e9gr\u00e9 surveille la teneur en humidit\u00e9, la pression des filtres, le fonctionnement de la pompe et le niveau d\u2019huile du transformateur. En cas de fuite, des vannes automatiques arr\u00eatent l\u2019\u00e9coulement de l\u2019huile et mettent l\u2019unit\u00e9 hors service. La TOR-4 a une capacit\u00e9 de s\u00e9chage de 30\u202fl\/h, peut \u00eatre connect\u00e9e en moins d\u2019une heure, fonctionne sans chauffage, ne n\u00e9cessite pas de surveillance constante et peut \u00eatre install\u00e9e temporairement ou en permanence.<\/p>\n","protected":false},"author":7,"featured_media":67013,"parent":104887,"menu_order":0,"comment_status":"closed","ping_status":"closed","template":"templates\/single-product.php","meta":{"_acf_changed":false,"_bbp_topic_count":0,"_bbp_reply_count":0,"_bbp_total_topic_count":0,"_bbp_total_reply_count":0,"_bbp_voice_count":0,"_bbp_anonymous_reply_count":0,"_bbp_topic_count_hidden":0,"_bbp_reply_count_hidden":0,"_bbp_forum_subforum_count":0,"footnotes":""},"categories":[2480,1339],"class_list":["post-248889","page","type-page","status-publish","has-post-thumbnail","hentry","category-maintenance-des-transformateurs","category-oil-maintenance-fr","oil_type-transformateurs-a-usage-special","oil_type-transformateurs-abaisseurs","oil_type-transformateurs-de-distribution","oil_type-transformateurs-elevateurs","process_type-deshydratation"],"acf":{"add_tab":[{"tab_title":"Description","tab_content":"<p style=\"text-align: justify;\">L'unit\u00e9 de s\u00e9chage de l'huile de transformateur <strong>TOR-4<\/strong> est con\u00e7ue pour \u00e9liminer l'eau du transformateur, maintenant ainsi son huile s\u00e8che ind\u00e9pendamment de la temp\u00e9rature et de l'\u00e9tat de l'eau dans l'huile.<\/p>\r\n\r\n<h3 style=\"text-align: justify;\"><strong>Conditions ambiantes pour l'op\u00e9ration :<\/strong><\/h3>\r\n<ul style=\"text-align: justify;\">\r\n \t<li>Temp\u00e9rature ambiante : de <strong>278 \u00e0 313 K<\/strong> (de <strong>+5 \u00e0 +40\u00b0C<\/strong>) ;<\/li>\r\n \t<li>Pression atmosph\u00e9rique : de <strong>84 \u00e0 106,7 kPa<\/strong> (de <strong>630 \u00e0 800 mm Hg<\/strong>) ;<\/li>\r\n \t<li>Altitude au-dessus du niveau de la mer : jusqu'\u00e0 <strong>2000 m<\/strong> ;<\/li>\r\n \t<li>En ext\u00e9rieur sous un auvent ;<\/li>\r\n \t<li>\u00c0 l'int\u00e9rieur avec ventilation.<\/li>\r\n<\/ul>\r\n<h3 style=\"text-align: center;\"><strong>Principe de fonctionnement<\/strong><\/h3>\r\n<p style=\"text-align: justify;\">Le <strong>syst\u00e8me TOR-4<\/strong> de s\u00e9chage en ligne des transformateurs est \u00e9quip\u00e9 d'adsorbeurs remplis de sorbant z\u00e9olite, qui absorbe les mol\u00e9cules d'eau au fur et \u00e0 mesure que le liquide trait\u00e9 passe \u00e0 travers eux.<\/p>\r\n\r\n<ul>\r\n \t<li style=\"text-align: justify;\"><strong>Remplacement et r\u00e9activation des adsorbeurs<\/strong> :\r\nSi n\u00e9cessaire, les adsorbeurs peuvent \u00eatre facilement d\u00e9mont\u00e9s et remplac\u00e9s par des neufs, ou le sorbant peut \u00eatre r\u00e9activ\u00e9 \u00e0 l'aide de l'unit\u00e9 de r\u00e9g\u00e9n\u00e9ration de z\u00e9olite <strong>BRPS (BRZ)<\/strong>.<\/li>\r\n \t<li style=\"text-align: justify;\"><strong>Connexion au transformateur<\/strong> :\r\nLe syst\u00e8me est connect\u00e9 au transformateur par des tuyauteries rigides ou flexibles. Une pompe pompe l'huile du transformateur \u00e0 travers un filtre, puis \u00e0 travers les adsorbeurs (o\u00f9 l'humidit\u00e9 est \u00e9limin\u00e9e de l'huile), et enfin \u00e0 travers un autre filtre de retour au transformateur.<\/li>\r\n \t<li style=\"text-align: justify;\"><strong>Contr\u00f4le du fonctionnement<\/strong> :\r\nLe fonctionnement du syst\u00e8me est supervis\u00e9 par un contr\u00f4leur logique, qui affiche la teneur en humidit\u00e9 de l'huile avant et apr\u00e8s le s\u00e9chage, la pression sur le filtre, ainsi que l'\u00e9tat de fonctionnement de la pompe d'injection.<\/li>\r\n \t<li>\r\n<p style=\"text-align: justify;\"><strong>Protection contre les fuites<\/strong> :\r\nPour prot\u00e9ger le transformateur contre les fuites, le niveau d'huile dans le transformateur est surveill\u00e9. Le niveau requis est r\u00e9gl\u00e9 et maintenu dans le contr\u00f4leur. En cas de fuite d'huile, des vannes automatiques coupent l'\u00e9coulement de l'huile du transformateur et le syst\u00e8me <strong>TOR-4<\/strong> s'arr\u00eate automatiquement.<\/p>\r\n<\/li>\r\n<\/ul>"}],"add_def_tab":[{"tab_title":"Caract\u00e9ristiques","tab_content":"<table width=\"100%\">\r\n<tbody>\r\n<tr>\r\n<td width=\"5%\"><strong>\u2116<\/strong><\/td>\r\n<td width=\"81%\">\r\n<p style=\"text-align: center;\"><strong>Param\u00e8tre<\/strong><\/p>\r\n<\/td>\r\n<td width=\"13%\">\r\n<p style=\"text-align: center;\"><strong>Valeur<\/strong><\/p>\r\n<\/td>\r\n<\/tr>\r\n<tr>\r\n<td width=\"5%\">1<\/td>\r\n<td width=\"81%\">Capacit\u00e9 en mode s\u00e9chage, l\/heure<\/td>\r\n<td width=\"13%\">\r\n<p style=\"text-align: center;\">30<\/p>\r\n<\/td>\r\n<\/tr>\r\n<tr>\r\n<td width=\"5%\">2<\/td>\r\n<td width=\"81%\">Quantit\u00e9 d\u2019eau adsorb\u00e9e, l<\/td>\r\n<td width=\"13%\">\r\n<p style=\"text-align: center;\">9<\/p>\r\n<\/td>\r\n<\/tr>\r\n<tr>\r\n<td width=\"5%\">3<\/td>\r\n<td width=\"81%\">Charge de sorbant par colonne, kg<\/td>\r\n<td width=\"13%\">\r\n<p style=\"text-align: center;\">21<\/p>\r\n<\/td>\r\n<\/tr>\r\n<tr>\r\n<td width=\"5%\">4<\/td>\r\n<td width=\"81%\">Pression de sortie, bar<\/td>\r\n<td width=\"13%\">\r\n<p style=\"text-align: center;\">2<\/p>\r\n<\/td>\r\n<\/tr>\r\n<tr>\r\n<td width=\"5%\">5<\/td>\r\n<td width=\"81%\">Hauteur de sortie, m<\/td>\r\n<td width=\"13%\">\r\n<p style=\"text-align: center;\">20<\/p>\r\n<\/td>\r\n<\/tr>\r\n<tr>\r\n<td width=\"5%\">6<\/td>\r\n<td width=\"81%\">Puissance maximale requise, kW<\/td>\r\n<td width=\"13%\">\r\n<p style=\"text-align: center;\">0,2<\/p>\r\n<\/td>\r\n<\/tr>\r\n<tr>\r\n<td rowspan=\"4\" width=\"5%\">7<\/td>\r\n<td colspan=\"2\" width=\"94%\">Alimentation \u00e9lectrique<\/td>\r\n<\/tr>\r\n<tr>\r\n<td width=\"81%\">Phases<\/td>\r\n<td width=\"13%\">\r\n<p style=\"text-align: center;\">3p+1N+PE<\/p>\r\n<\/td>\r\n<\/tr>\r\n<tr>\r\n<td width=\"81%\">Tension, V<\/td>\r\n<td width=\"13%\">\r\n<p style=\"text-align: center;\">220<\/p>\r\n<\/td>\r\n<\/tr>\r\n<tr>\r\n<td width=\"81%\">Fr\u00e9quence, Hz<\/td>\r\n<td width=\"13%\">\r\n<p style=\"text-align: center;\">60<\/p>\r\n<\/td>\r\n<\/tr>\r\n<tr>\r\n<td rowspan=\"3\" width=\"5%\">8<\/td>\r\n<td colspan=\"2\" width=\"94%\">Connexions<\/td>\r\n<\/tr>\r\n<tr>\r\n<td width=\"81%\">Entr\u00e9e d\u2019huile, Dn<\/td>\r\n<td width=\"13%\">\r\n<p style=\"text-align: center;\">20<\/p>\r\n<\/td>\r\n<\/tr>\r\n<tr>\r\n<td width=\"81%\">Sortie d\u2019huile, Dn<\/td>\r\n<td width=\"13%\">\r\n<p style=\"text-align: center;\">20<\/p>\r\n<\/td>\r\n<\/tr>\r\n<tr>\r\n<td rowspan=\"4\" width=\"5%\">9<\/td>\r\n<td colspan=\"2\" width=\"94%\">Dimensions, mm, max<\/td>\r\n<\/tr>\r\n<tr>\r\n<td width=\"81%\">longueur<\/td>\r\n<td width=\"13%\">\r\n<p style=\"text-align: center;\">1180<\/p>\r\n<\/td>\r\n<\/tr>\r\n<tr>\r\n<td width=\"81%\">largeur (design du cadre)<\/td>\r\n<td width=\"13%\">\r\n<p style=\"text-align: center;\">350\/550<\/p>\r\n<\/td>\r\n<\/tr>\r\n<tr>\r\n<td width=\"81%\">hauteur (design du cadre)<\/td>\r\n<td width=\"13%\">\r\n<p style=\"text-align: center;\">2035\/2085<\/p>\r\n<\/td>\r\n<\/tr>\r\n<tr>\r\n<td width=\"5%\">10<\/td>\r\n<td width=\"81%\">Poids, kg, max<\/td>\r\n<td width=\"13%\">\r\n<p style=\"text-align: center;\">500<\/p>\r\n<\/td>\r\n<\/tr>\r\n<\/tbody>\r\n<\/table>"},{"tab_title":"Avantages","tab_content":"<ul>\r\n \t<li style=\"text-align: justify;\"><strong>Connexion \u00e0 un transformateur<\/strong> de tout type et de toute anciennet\u00e9 ;<\/li>\r\n \t<li style=\"text-align: justify;\"><strong>Le processus de connexion prend moins d\u2019une heure<\/strong> ;<\/li>\r\n \t<li style=\"text-align: justify;\"><strong>Le sorbant capture l\u2019eau<\/strong> ind\u00e9pendamment de sa temp\u00e9rature et de sa forme ;<\/li>\r\n \t<li style=\"text-align: justify;\"><strong>La machine s\u00e8che l\u2019huile sans chauffage<\/strong> et ne n\u00e9cessite pas de contr\u00f4le constant par l\u2019op\u00e9rateur ;<\/li>\r\n \t<li style=\"text-align: justify;\"><strong>La machine peut \u00eatre install\u00e9e temporairement ou de fa\u00e7on permanente<\/strong> ;<\/li>\r\n \t<li style=\"text-align: justify;\"><strong>Un bo\u00eetier robuste qui prot\u00e8ge fiablement le syst\u00e8me<\/strong> ;<\/li>\r\n \t<li style=\"text-align: justify;\"><strong>Une fois satur\u00e9 d\u2019eau, le sorbant peut \u00eatre r\u00e9activ\u00e9<\/strong> \u00e0 l\u2019aide de l\u2019unit\u00e9 <strong>BRPS (BRZ)<\/strong> et r\u00e9utilis\u00e9 pour le s\u00e9chage de l\u2019huile.<\/li>\r\n<\/ul>\r\n<p style=\"text-align: justify;\"><\/p>"},{"tab_title":"Application","tab_content":"[product_oil_types]"},{"tab_title":"Webinaire","tab_content":"<div class=\"responsive-embed widescreen\">\r\n<div class=\"responsive-embed widescreen\">\r\n<div class=\"responsive-embed widescreen\">\r\n<div class=\"responsive-embed widescreen\">\r\n<div class=\"responsive-embed widescreen\">\r\n<div class=\"responsive-embed widescreen\"><iframe title=\"Webinaire - S\u00e9chage continu de l'isolation des transformateurs en fonctionnement (12.05.22)\" src=\"https:\/\/www.youtube.com\/embed\/cKtLy58Gs1E?feature=oembed\" width=\"500\" height=\"281\" frameborder=\"0\" allowfullscreen=\"allowfullscreen\"><\/iframe><\/div>\r\n<\/div>\r\n<\/div>\r\n<\/div>\r\n<\/div>\r\n<\/div>"}],"add_video_tab":[{"video_tab_title":"Vid\u00e9o","add_video_id":[{"video_id":"FAK19GENNgg"},{"video_id":"AqWh1cyEemM"},{"video_id":"5VNJht_b9wQ"}]}],"add_gallery_tab":null,"add_price_tab":null},"language":"fr","_links":{"self":[{"href":"https:\/\/globecore.com\/fr\/wp-json\/wp\/v2\/pages\/248889","targetHints":{"allow":["GET"]}}],"collection":[{"href":"https:\/\/globecore.com\/fr\/wp-json\/wp\/v2\/pages"}],"about":[{"href":"https:\/\/globecore.com\/fr\/wp-json\/wp\/v2\/types\/page"}],"author":[{"embeddable":true,"href":"https:\/\/globecore.com\/fr\/wp-json\/wp\/v2\/users\/7"}],"replies":[{"embeddable":true,"href":"https:\/\/globecore.com\/fr\/wp-json\/wp\/v2\/comments?post=248889"}],"version-history":[{"count":1,"href":"https:\/\/globecore.com\/fr\/wp-json\/wp\/v2\/pages\/248889\/revisions"}],"predecessor-version":[{"id":336106,"href":"https:\/\/globecore.com\/fr\/wp-json\/wp\/v2\/pages\/248889\/revisions\/336106"}],"up":[{"embeddable":true,"href":"https:\/\/globecore.com\/fr\/wp-json\/wp\/v2\/pages\/104887"}],"wp:featuredmedia":[{"embeddable":true,"href":"https:\/\/globecore.com\/fr\/wp-json\/wp\/v2\/media\/67013"}],"wp:attachment":[{"href":"https:\/\/globecore.com\/fr\/wp-json\/wp\/v2\/media?parent=248889"}],"wp:term":[{"taxonomy":"category","embeddable":true,"href":"https:\/\/globecore.com\/fr\/wp-json\/wp\/v2\/categories?post=248889"}],"curies":[{"name":"wp","href":"https:\/\/api.w.org\/{rel}","templated":true}]}}