{"id":248901,"date":"2022-06-28T09:55:15","date_gmt":"2022-06-28T09:55:15","guid":{"rendered":"https:\/\/globecore.com\/products\/fuel-purification-and-clarification\/low-viscosity-marine-fuel-clarificationand-purification-machine-cmm-6rl\/"},"modified":"2026-04-20T13:00:56","modified_gmt":"2026-04-20T13:00:56","slug":"low-viscosity-marine-fuel-clarificationand-purification-machine-cmm-6rl","status":"publish","type":"page","link":"https:\/\/globecore.com\/fr\/products\/fuel-purification-and-clarification\/low-viscosity-marine-fuel-clarificationand-purification-machine-cmm-6rl\/","title":{"rendered":"CMM-6RL Machine \u00e0 polir les carburants marins \u00e0 faible viscosit\u00e9"},"content":{"rendered":"","protected":false},"excerpt":{"rendered":"<p>L\u2019unit\u00e9 CMM-6RL de GlobeCore assure le polissage des carburants marins \u00e0 faible viscosit\u00e9 par adsorption. Elle dispose de six colonnes remplies d\u2019adsorbant naturel, qui capture les impuret\u00e9s nocives et les retient dans ses granules. Le r\u00e9sultat est un carburant marin clarifi\u00e9 avec une teneur r\u00e9duite en soufre, pr\u00eat \u00e0 \u00eatre utilis\u00e9 dans des centrales de moteurs diesel et conforme aux r\u00e9glementations environnementales. Contrairement aux m\u00e9thodes adsorbantes traditionnelles, le syst\u00e8me de GlobeCore permet la r\u00e9activation sur place de l\u2019adsorbant par combustion, \u00e9liminant le besoin d\u2019\u00e9limination. Apr\u00e8s r\u00e9activation et refroidissement, l\u2019adsorbant peut \u00eatre r\u00e9utilis\u00e9 pour la purification du carburant. L\u2019unit\u00e9 a une capacit\u00e9 de traitement de 0,45\u202fm\u00b3\/h, avec r\u00e9activation du sorbant pouvant durer jusqu\u2019\u00e0 19 heures. Le polissage standard du carburant dure 6 heures et consomme 1,5\u202fkW\/h.<\/p>\n","protected":false},"author":59,"featured_media":58783,"parent":147536,"menu_order":0,"comment_status":"closed","ping_status":"closed","template":"templates\/single-product.php","meta":{"_acf_changed":false,"_bbp_topic_count":0,"_bbp_reply_count":0,"_bbp_total_topic_count":0,"_bbp_total_reply_count":0,"_bbp_voice_count":0,"_bbp_anonymous_reply_count":0,"_bbp_topic_count_hidden":0,"_bbp_reply_count_hidden":0,"_bbp_forum_subforum_count":0,"footnotes":""},"categories":[2397],"class_list":["post-248901","page","type-page","status-publish","has-post-thumbnail","hentry","category-polissage-du-carburant","oil_type-carburant-diesel","oil_type-fluide-dielectrique-fr3","oil_type-fluide-dielectrique-midel-7131","oil_type-fluide-ignifuge-fyrquel","oil_type-huile-de-silicone","oil_type-huile-de-transmission","oil_type-huile-hydraulique","oil_type-huile-industrielle","oil_type-huile-pour-cables","oil_type-huile-pour-compresseur","oil_type-huile-pour-transformateur","oil_type-huile-pour-turbine","process_type-filtration-fr","process_type-regeneration-fr"],"acf":{"add_tab":[{"tab_title":"Description","tab_content":"<p style=\"text-align: justify;\">Les d\u00e9penses en carburant repr\u00e9sentent la majorit\u00e9 des co\u00fbts d'exploitation dans la navigation. Les carburants marins \u00e0 faible viscosit\u00e9 sont g\u00e9n\u00e9ralement utilis\u00e9s dans les installations de moteurs diesel \u00e0 vitesse moyenne et \u00e9lev\u00e9e. Ils ressemblent au carburant diesel automobile, mais pr\u00e9sentent quelques diff\u00e9rences :<\/p>\r\n\r\n<ul style=\"text-align: justify;\">\r\n \t<li>un indice de c\u00e9tane plus bas ;<\/li>\r\n \t<li>une teneur en soufre plus \u00e9lev\u00e9e ;<\/li>\r\n \t<li>une viscosit\u00e9 plus \u00e9lev\u00e9e.<\/li>\r\n<\/ul>\r\n<p style=\"text-align: justify;\">Jusqu'\u00e0 pr\u00e9sent, l'utilisation de carburants marins \u00e0 faible viscosit\u00e9 n\u2019a fait l\u2019objet d'aucune restriction ; cependant, les lois environnementales plus strictes obligent les flottes fluviales et maritimes \u00e0 passer \u00e0 des carburants \u00e0 faible teneur en soufre. Le prix de ces carburants est tr\u00e8s \u00e9lev\u00e9, et pour \u00e9conomiser de l'argent, des carburants marins moins chers sont utilis\u00e9s et doivent d'abord \u00eatre pr\u00e9par\u00e9s en r\u00e9duisant la teneur en impuret\u00e9s environnementales ind\u00e9sirables, y compris le soufre.<\/p>\r\n\r\n<h2 style=\"text-align: center;\">M\u00e9thodes de pr\u00e9paration du carburant marin \u00e0 faible viscosit\u00e9<\/h2>\r\n<p style=\"text-align: justify;\">La filtration, la purification par gravit\u00e9 et la purification centrifuge sont utilis\u00e9es dans la pr\u00e9paration pr\u00e9liminaire du carburant marin \u00e0 faible viscosit\u00e9. Ces m\u00e9thodes visent principalement \u00e0 \u00e9liminer les impuret\u00e9s m\u00e9caniques et l'eau du carburant, mais ont peu d'effet sur la teneur en impuret\u00e9s plus nuisibles pour l'environnement.<\/p>\r\n\r\n<h2 style=\"text-align: center;\">Polissage du carburant marin \u00e0 faible viscosit\u00e9 dans l\u2019unit\u00e9 CMM-6RL<\/h2>\r\n<p style=\"text-align: justify;\">Le polissage du carburant marin \u00e0 faible viscosit\u00e9 \u00e0 l\u2019aide d'adsorbants est r\u00e9alis\u00e9 dans l'unit\u00e9 CMM-6RL de GlobeCore. Cette unit\u00e9 se compose de 6 colonnes remplies d'adsorbant naturel.<\/p>\r\n<p style=\"text-align: justify;\">Le carburant est pomp\u00e9 \u00e0 travers les colonnes, et l'adsorbant capte les impuret\u00e9s nuisibles et les retient dans ses granules gr\u00e2ce \u00e0 ses excellentes capacit\u00e9s d'absorption. \u00c0 la sortie de l\u2019unit\u00e9, nous obtenons un carburant marin \u00e0 faible viscosit\u00e9 clarifi\u00e9 avec une teneur en soufre r\u00e9duite, enti\u00e8rement pr\u00eat \u00e0 \u00eatre utilis\u00e9 dans les installations de moteurs diesel marins et conforme aux r\u00e9glementations environnementales.<\/p>\r\n\r\n<h2 style=\"text-align: center;\">Caract\u00e9ristiques de fonctionnement de l\u2019unit\u00e9 CMM-6RL<\/h2>\r\n<p style=\"text-align: justify;\">Les inconv\u00e9nients de la m\u00e9thode adsorptive pour la purification des huiles et des carburants comprennent la n\u00e9cessit\u00e9 de stocker et d\u2019\u00e9liminer l'adsorbant us\u00e9. Les \u00e9quipements GlobeCore ne pr\u00e9sentent pas ce probl\u00e8me, car les propri\u00e9t\u00e9s de l'adsorbant sont r\u00e9cup\u00e9r\u00e9es par combustion sans qu'il soit n\u00e9cessaire de le retirer des colonnes. Apr\u00e8s r\u00e9activation et refroidissement, l'adsorbant peut \u00eatre r\u00e9utilis\u00e9 pour la purification et la clarification du carburant marin \u00e0 faible viscosit\u00e9.<\/p>\r\n\r\n<h2 style=\"text-align: center;\">Dur\u00e9e des cycles de fonctionnement et consommation d'\u00e9nergie<\/h2>\r\n<p style=\"text-align: justify;\">L\u2019unit\u00e9 CMM-6RL pour la purification et la clarification des carburants marins \u00e0 faible viscosit\u00e9 fonctionne successivement dans les modes suivants :<\/p>\r\n\r\n<ul>\r\n \t<li style=\"text-align: justify;\">Polissage du carburant (dur\u00e9e \u2014 6 h, consommation d'\u00e9nergie \u2014 1,5 kW\/h) ;<\/li>\r\n \t<li>R\u00e9activation de l'adsorbant :\r\n<ul>\r\n \t<li style=\"text-align: justify;\">pr\u00e9paration (dur\u00e9e \u2014 1 h, consommation d'\u00e9nergie \u2014 6,25 kW\/h) ;<\/li>\r\n \t<li style=\"text-align: justify;\">ignition de l'adsorbant (dur\u00e9e \u2014 1 h, consommation d'\u00e9nergie \u2014 17,5 kW\/h) ;<\/li>\r\n \t<li style=\"text-align: justify;\">combustion de l'adsorbant (dur\u00e9e \u2014 15 h, consommation d'\u00e9nergie \u2014 25,5 kW\/h) ;<\/li>\r\n \t<li style=\"text-align: justify;\">remplissage (dur\u00e9e \u2014 0,5 h, consommation d'\u00e9nergie \u2014 6,5 kW\/h).<\/li>\r\n<\/ul>\r\n<\/li>\r\n<\/ul>"}],"add_def_tab":[{"tab_title":"Caract\u00e9ristiques","tab_content":"<table width=\"602\">\r\n<tbody>\r\n<tr>\r\n<td width=\"63\"><strong>No.<\/strong><\/td>\r\n<td style=\"text-align: center;\" width=\"435\"><strong>Param\u00e8tre<\/strong><\/td>\r\n<td style=\"text-align: center;\" width=\"103\"><strong>Valeur<\/strong><\/td>\r\n<\/tr>\r\n<tr>\r\n<td width=\"63\">1<\/td>\r\n<td width=\"435\">Capacit\u00e9, m<sup>3<\/sup>\/h\u00a0(gpm)<\/td>\r\n<td style=\"text-align: center;\" width=\"103\">0.45\u00a0(1.98)*<\/td>\r\n<\/tr>\r\n<tr>\r\n<td width=\"63\">2<\/td>\r\n<td width=\"435\">Temps de r\u00e9activation de l\u2019adsorbant, maximum<\/td>\r\n<td style=\"text-align: center;\" width=\"103\">19 heures<\/td>\r\n<\/tr>\r\n<tr>\r\n<td width=\"63\">3<\/td>\r\n<td width=\"435\">Consommation d\u2019\u00e9nergie requise, kW<\/td>\r\n<td style=\"text-align: center;\" width=\"103\">14.5<\/td>\r\n<\/tr>\r\n<tr>\r\n<td width=\"63\">4<\/td>\r\n<td width=\"435\">Tension d\u2019alimentation triphas\u00e9e 50, 60 Hz, V<\/td>\r\n<td style=\"text-align: center;\" width=\"103\">380<\/td>\r\n<\/tr>\r\n<tr>\r\n<td width=\"63\">5<\/td>\r\n<td width=\"435\">Dimensions, mm (po), maximum\r\n\r\n\u2013 longueur\r\n\r\n\u2013 largeur\r\n\r\n\u2013 hauteur<\/td>\r\n<td width=\"103\">&nbsp;\r\n<p style=\"text-align: center;\">2820\u00a0(111)<\/p>\r\n<p style=\"text-align: center;\">1570\u00a0(61.8)<\/p>\r\n<p style=\"text-align: center;\">1520\u00a0(59.8)<\/p>\r\n<\/td>\r\n<\/tr>\r\n<tr>\r\n<td width=\"63\">6<\/td>\r\n<td width=\"435\">Poids, kg (lb), maximum<\/td>\r\n<td style=\"text-align: center;\" width=\"103\">2100\u00a0(4,630)<\/td>\r\n<\/tr>\r\n<\/tbody>\r\n<\/table>\r\n* \u2013 pour obtenir le meilleur r\u00e9sultat de polissage du carburant marin \u00e0 faible viscosit\u00e9, il est recommand\u00e9 d\u2019abord d\u2019\u00e9liminer les impuret\u00e9s m\u00e9caniques \u00e0 l\u2019aide de l\u2019unit\u00e9 <a href=\"https:\/\/globecore.com\/products\/oil-filtration-pumping\/cfu-oil-filtration-unit\/\">CMM-4.0F<\/a> et l\u2019eau \u2013 \u00e0 l\u2019aide de l\u2019unit\u00e9 <a href=\"https:\/\/globecore.com\/products\/oil-filtration-pumping\/cmm-1cf\/\">CMM-1.0CF<\/a>."},{"tab_title":"Avantages ","tab_content":"<ul>\r\n \t<li>Facilit\u00e9 d\u2019op\u00e9ration. L\u2019unit\u00e9 se connecte rapidement aux r\u00e9servoirs d\u2019huile propre et sale via des raccords rapides camlock ; le processus de purification de l\u2019huile est visuellement surveill\u00e9 \u00e0 l\u2019aide de verres de vue ; une trappe de service est pr\u00e9vue au bas des colonnes pour leur entretien et nettoyage.<\/li>\r\n \t<li>L\u2019unit\u00e9 peut fonctionner en mode automatique. Le mode de fonctionnement requis est s\u00e9lectionn\u00e9, et les actionneurs sont contr\u00f4l\u00e9s depuis le panneau tactile qui affiche un diagramme mn\u00e9motechnique de l\u2019unit\u00e9. Pour activer les boutons de contr\u00f4le, l\u2019op\u00e9rateur n\u2019a qu\u2019\u00e0 les toucher.<\/li>\r\n \t<li>L\u2019adsorbant est r\u00e9cup\u00e9r\u00e9 sans \u00eatre retir\u00e9 de l\u2019unit\u00e9 et peut \u00eatre utilis\u00e9 pour le prochain cycle de r\u00e9g\u00e9n\u00e9ration imm\u00e9diatement apr\u00e8s refroidissement. \u00c0 la fin de la derni\u00e8re r\u00e9activation, l\u2019adsorbant peut \u00eatre utilis\u00e9 comme agr\u00e9gat de construction ou en agriculture pour ameublir les sols compacts.<\/li>\r\n \t<li>Aucune \u00e9mission nuisible dans l\u2019environnement n\u2019a lieu pendant le fonctionnement de l\u2019unit\u00e9. L\u2019unit\u00e9 est \u00e9quip\u00e9e d\u2019un syst\u00e8me \u00e0 deux \u00e9tapes pour la neutralisation des produits de combustion, qui consiste en un filtre \u00e0 charbon et un catalyseur.<\/li>\r\n<\/ul>"},{"tab_title":"Application","tab_content":"[product_oil_types]"},{"tab_title":"Webinaire","tab_content":"<div class=\"responsive-embed widescreen\">\r\n<div class=\"responsive-embed widescreen\">\r\n<div class=\"responsive-embed widescreen\">\r\n<div class=\"responsive-embed widescreen\">\r\n<div class=\"responsive-embed widescreen\">\r\n<div class=\"responsive-embed widescreen\"><iframe title=\"Webinaire - R\u00e9g\u00e9n\u00e9ration d'huile di\u00e9lectrique : un regard en profondeur (13.10.2021)\" src=\"https:\/\/www.youtube.com\/embed\/c4kPeNUrNS0?feature=oembed\" width=\"500\" height=\"281\" frameborder=\"0\" allowfullscreen=\"allowfullscreen\"><\/iframe><\/div>\r\n<\/div>\r\n<\/div>\r\n<\/div>\r\n<\/div>\r\n<\/div>"}],"add_video_tab":[{"video_tab_title":"Vid\u00e9o","add_video_id":[{"video_id":"VN-QZna4k8I"},{"video_id":"PnaMWmOJtaQ"},{"video_id":"_pLRlN0FwWo"}]}],"add_gallery_tab":[{"gallery_tab_title":"Photo","add_img":[59088,59079,59070]}],"add_price_tab":null},"language":"fr","_links":{"self":[{"href":"https:\/\/globecore.com\/fr\/wp-json\/wp\/v2\/pages\/248901","targetHints":{"allow":["GET"]}}],"collection":[{"href":"https:\/\/globecore.com\/fr\/wp-json\/wp\/v2\/pages"}],"about":[{"href":"https:\/\/globecore.com\/fr\/wp-json\/wp\/v2\/types\/page"}],"author":[{"embeddable":true,"href":"https:\/\/globecore.com\/fr\/wp-json\/wp\/v2\/users\/59"}],"replies":[{"embeddable":true,"href":"https:\/\/globecore.com\/fr\/wp-json\/wp\/v2\/comments?post=248901"}],"version-history":[{"count":2,"href":"https:\/\/globecore.com\/fr\/wp-json\/wp\/v2\/pages\/248901\/revisions"}],"predecessor-version":[{"id":343063,"href":"https:\/\/globecore.com\/fr\/wp-json\/wp\/v2\/pages\/248901\/revisions\/343063"}],"up":[{"embeddable":true,"href":"https:\/\/globecore.com\/fr\/wp-json\/wp\/v2\/pages\/147536"}],"wp:featuredmedia":[{"embeddable":true,"href":"https:\/\/globecore.com\/fr\/wp-json\/wp\/v2\/media\/58783"}],"wp:attachment":[{"href":"https:\/\/globecore.com\/fr\/wp-json\/wp\/v2\/media?parent=248901"}],"wp:term":[{"taxonomy":"category","embeddable":true,"href":"https:\/\/globecore.com\/fr\/wp-json\/wp\/v2\/categories?post=248901"}],"curies":[{"name":"wp","href":"https:\/\/api.w.org\/{rel}","templated":true}]}}