{"id":248906,"date":"2021-05-13T05:27:41","date_gmt":"2021-05-13T05:27:41","guid":{"rendered":"https:\/\/globecore.com\/products\/transformer-maintenance\/uvd-vacuum-filling-unit\/"},"modified":"2026-03-06T11:55:54","modified_gmt":"2026-03-06T11:55:54","slug":"uvd-vacuum-filling-unit","status":"publish","type":"page","link":"https:\/\/globecore.com\/fr\/products\/transformer-maintenance\/uvd-vacuum-filling-unit\/","title":{"rendered":"UVD Unit\u00e9 de remplissage d&rsquo;huile \u00e0 vide"},"content":{"rendered":"","protected":false},"excerpt":{"rendered":"<p>L\u2019unit\u00e9 de remplissage sous vide UVD est con\u00e7ue pour le d\u00e9gazage, le stockage, le transport et l\u2019ajout d\u2019huile de transformateur dans les ports haute tension des transformateurs et interrupteurs. Elle est destin\u00e9e \u00e0 une utilisation dans les centrales \u00e9lectriques, postes de transformation et autres installations \u00e9nerg\u00e9tiques. L\u2019unit\u00e9 peut pr\u00e9parer 30 litres d\u2019huile, avec une section de remplissage de 4 litres, offrant une grande polyvalence pour le stockage, le transport, le d\u00e9gazage et l\u2019ajout d\u2019huile de transformateur.<\/p>\n","protected":false},"author":59,"featured_media":23608,"parent":112870,"menu_order":0,"comment_status":"closed","ping_status":"closed","template":"templates\/single-product.php","meta":{"_acf_changed":false,"_bbp_topic_count":0,"_bbp_reply_count":0,"_bbp_total_topic_count":0,"_bbp_total_reply_count":0,"_bbp_voice_count":0,"_bbp_anonymous_reply_count":0,"_bbp_topic_count_hidden":0,"_bbp_reply_count_hidden":0,"_bbp_forum_subforum_count":0,"footnotes":""},"categories":[2480],"class_list":["post-248906","page","type-page","status-publish","has-post-thumbnail","hentry","category-maintenance-des-transformateurs","oil_type-transformateurs-a-usage-special","oil_type-transformateurs-abaisseurs","oil_type-transformateurs-de-distribution","oil_type-transformateurs-elevateurs","process_type-remplissage"],"acf":{"add_tab":[{"tab_title":"Description","tab_content":"<p style=\"text-align: justify;\">L'unit\u00e9 de remplissage sous vide UVD est con\u00e7ue pour la pr\u00e9paration (d\u00e9gazage), le stockage, le transport et l'ajout d'huile de transformateur dans les ports haute tension des transformateurs et des commutateurs ; l'unit\u00e9 est con\u00e7ue pour fonctionner dans les centrales \u00e9lectriques, les sous-stations et d'autres installations \u00e9nerg\u00e9tiques.<\/p>"}],"add_def_tab":[{"tab_title":"Caract\u00e9ristiques","tab_content":"<table style=\"height: 705px;\" width=\"988\">\r\n<tbody>\r\n<tr>\r\n<td width=\"228\"><strong>Param\u00e8tre<\/strong><\/td>\r\n<td width=\"98\"><strong>Valeur<\/strong><\/td>\r\n<\/tr>\r\n<tr>\r\n<td width=\"228\">Quantit\u00e9 d\u2019huile pr\u00e9par\u00e9e, litres\/gal<\/td>\r\n<td width=\"98\">30\/7.8<\/td>\r\n<\/tr>\r\n<tr>\r\n<td width=\"228\">Quantit\u00e9 d\u2019huile dans la section de remplissage, litres\/gal<\/td>\r\n<td width=\"98\">4\/1.06<\/td>\r\n<\/tr>\r\n<tr>\r\n<td width=\"228\">Pression r\u00e9siduelle dans la section de d\u00e9gazage, Pa (mm.hg)<\/td>\r\n<td width=\"98\">6.7 (5\u00d710-2)<\/td>\r\n<\/tr>\r\n<tr>\r\n<td width=\"228\">Pression d\u2019alimentation en huile, MPa (kg\/cm\u00b2)<\/td>\r\n<td width=\"98\">Jusqu\u2019\u00e0\u20260.4 (jusqu\u2019\u00e0\u20264)<\/td>\r\n<\/tr>\r\n<tr>\r\n<td width=\"228\">Puissance nominale, kW<\/td>\r\n<td width=\"98\">0.25<\/td>\r\n<\/tr>\r\n<tr>\r\n<td width=\"228\">Tension d\u2019alimentation 50\/60 Hz, V (60 Hz USA)<\/td>\r\n<td width=\"98\">220<\/td>\r\n<\/tr>\r\n<tr>\r\n<td colspan=\"2\" width=\"326\">Dimensions, mm\/pieds :<\/td>\r\n<\/tr>\r\n<tr>\r\n<td width=\"228\">\u2022 longueur\u2022 largeur\r\n\r\n\u2022 hauteur<\/td>\r\n<td width=\"98\">900\/2\u201911\u201d\r\n\r\n780\/2\u20197\u201d\r\n\r\n1500\/2\u20194\u201d<\/td>\r\n<\/tr>\r\n<tr>\r\n<td width=\"228\">Poids \u00e0 vide, kg\/lbs<\/td>\r\n<td width=\"98\">80\/176.8<\/td>\r\n<\/tr>\r\n<\/tbody>\r\n<\/table>"},{"tab_title":"Avantages","tab_content":"<ul>\r\n \t<li style=\"text-align: justify;\">Polyvalence (peut stocker, transporter, d\u00e9gazer et ajouter de l\u2019huile pour transformateurs) ;<\/li>\r\n \t<li style=\"text-align: justify;\">Taille compacte et mobilit\u00e9 ;<\/li>\r\n \t<li style=\"text-align: justify;\">Simplicit\u00e9 d\u2019utilisation et d\u2019entretien.<\/li>\r\n<\/ul>"},{"tab_title":"Application","tab_content":"[product_oil_types]"},{"tab_title":"Webinaire","tab_content":"<div class=\"responsive-embed widescreen\">\r\n<div class=\"responsive-embed widescreen\">\r\n<div class=\"responsive-embed widescreen\">\r\n<div class=\"responsive-embed widescreen\">\r\n<div class=\"responsive-embed widescreen\"><iframe title=\"Maintenance du transformateur\" src=\"https:\/\/www.youtube.com\/embed\/wrpThx7GLbw?feature=oembed\" width=\"500\" height=\"281\" frameborder=\"0\" allowfullscreen=\"allowfullscreen\"><\/iframe><\/div>\r\n<\/div>\r\n<\/div>\r\n<\/div>\r\n<\/div>"}],"add_video_tab":[{"video_tab_title":"Vid\u00e9o","add_video_id":[{"video_id":"61te_pNx5qw"},{"video_id":"P3pZVm4s6As"},{"video_id":"d0FgS4pOgts"}]}],"add_gallery_tab":null,"add_price_tab":[{"price_tab_title":"Get a Quote"}]},"language":"fr","_links":{"self":[{"href":"https:\/\/globecore.com\/fr\/wp-json\/wp\/v2\/pages\/248906","targetHints":{"allow":["GET"]}}],"collection":[{"href":"https:\/\/globecore.com\/fr\/wp-json\/wp\/v2\/pages"}],"about":[{"href":"https:\/\/globecore.com\/fr\/wp-json\/wp\/v2\/types\/page"}],"author":[{"embeddable":true,"href":"https:\/\/globecore.com\/fr\/wp-json\/wp\/v2\/users\/59"}],"replies":[{"embeddable":true,"href":"https:\/\/globecore.com\/fr\/wp-json\/wp\/v2\/comments?post=248906"}],"version-history":[{"count":2,"href":"https:\/\/globecore.com\/fr\/wp-json\/wp\/v2\/pages\/248906\/revisions"}],"predecessor-version":[{"id":336146,"href":"https:\/\/globecore.com\/fr\/wp-json\/wp\/v2\/pages\/248906\/revisions\/336146"}],"up":[{"embeddable":true,"href":"https:\/\/globecore.com\/fr\/wp-json\/wp\/v2\/pages\/112870"}],"wp:featuredmedia":[{"embeddable":true,"href":"https:\/\/globecore.com\/fr\/wp-json\/wp\/v2\/media\/23608"}],"wp:attachment":[{"href":"https:\/\/globecore.com\/fr\/wp-json\/wp\/v2\/media?parent=248906"}],"wp:term":[{"taxonomy":"category","embeddable":true,"href":"https:\/\/globecore.com\/fr\/wp-json\/wp\/v2\/categories?post=248906"}],"curies":[{"name":"wp","href":"https:\/\/api.w.org\/{rel}","templated":true}]}}