{"id":248909,"date":"2021-05-13T05:16:33","date_gmt":"2021-05-13T05:16:33","guid":{"rendered":"https:\/\/globecore.com\/products\/transformer-maintenance\/oil-filling-and-transportation-unit-udm\/"},"modified":"2026-03-06T12:02:33","modified_gmt":"2026-03-06T12:02:33","slug":"oil-filling-and-transportation-unit-udm","status":"publish","type":"page","link":"https:\/\/globecore.com\/fr\/products\/transformer-maintenance\/oil-filling-and-transportation-unit-udm\/","title":{"rendered":"UVD-1000 Syst\u00e8me de remplissage et de transport d&rsquo;huile"},"content":{"rendered":"","protected":false},"excerpt":{"rendered":"<p>L\u2019unit\u00e9 UVD-1000 est con\u00e7ue pour le pompage, le stockage, le transport et le remplissage des transformateurs avec de l\u2019huile isolante di\u00e9lectrique. Elle est \u00e9quip\u00e9e de pompes manuelles ou \u00e9lectriques. L\u2019unit\u00e9 a une capacit\u00e9 de 1\u202f000 litres et offre une grande polyvalence pour toutes les \u00e9tapes de manipulation de l\u2019huile de transformateur.<\/p>\n","protected":false},"author":59,"featured_media":14137,"parent":112870,"menu_order":0,"comment_status":"closed","ping_status":"closed","template":"templates\/single-product.php","meta":{"_acf_changed":false,"_bbp_topic_count":0,"_bbp_reply_count":0,"_bbp_total_topic_count":0,"_bbp_total_reply_count":0,"_bbp_voice_count":0,"_bbp_anonymous_reply_count":0,"_bbp_topic_count_hidden":0,"_bbp_reply_count_hidden":0,"_bbp_forum_subforum_count":0,"footnotes":""},"categories":[2480],"class_list":["post-248909","page","type-page","status-publish","has-post-thumbnail","hentry","category-maintenance-des-transformateurs","oil_type-transformateurs-a-usage-special","oil_type-transformateurs-abaisseurs","oil_type-transformateurs-de-distribution","oil_type-transformateurs-elevateurs","process_type-remplissage"],"acf":{"add_tab":[{"tab_title":"Description","tab_content":"<p style=\"text-align: justify;\">L'unit\u00e9 <strong>UVD-1000<\/strong> est con\u00e7ue pour la pompe, le stockage, le transport et le remplissage des transformateurs avec de l'huile isolante di\u00e9lectrique. Des pompes manuelles ou \u00e9lectriquement entra\u00een\u00e9es sont incluses avec l'unit\u00e9.<\/p>"}],"add_def_tab":[{"tab_title":"Caract\u00e9ristiques","tab_content":"<table>\r\n<tbody>\r\n<tr>\r\n<td width=\"247\"><strong>Param\u00e8tre<\/strong><\/td>\r\n<td width=\"80\"><strong>Valeur<\/strong><\/td>\r\n<\/tr>\r\n<tr>\r\n<td width=\"247\">Volume du r\u00e9servoir, litres\/gal.<\/td>\r\n<td width=\"80\">1000\/264.2<\/td>\r\n<\/tr>\r\n<tr>\r\n<td width=\"247\">Capacit\u00e9 de la pompe d\u2019entr\u00e9e, m3\/gal. par heure<\/td>\r\n<td width=\"80\">1.7\/450<\/td>\r\n<\/tr>\r\n<tr>\r\n<td width=\"247\">Capacit\u00e9 maximale de la pompe de sortie manuelle, l\/gal. min. max<\/td>\r\n<td width=\"80\">30\/7.8<\/td>\r\n<\/tr>\r\n<tr>\r\n<td width=\"247\">Puissance nominale, kW<\/td>\r\n<td width=\"80\">2.2<\/td>\r\n<\/tr>\r\n<tr>\r\n<td width=\"247\">Param\u00e8tres d\u2019alimentation \u00e9lectrique<\/td>\r\n<td width=\"80\">compl\u00e8tement personnalisable<\/td>\r\n<\/tr>\r\n<tr>\r\n<td width=\"327\">Dimensions, mm\/pieds, max<\/td>\r\n<td width=\"327\"><\/td>\r\n<\/tr>\r\n<tr>\r\n<td width=\"247\">\u2022 longueur\r\n\r\n\u2022 largeur\r\n\r\n\u2022 hauteur<\/td>\r\n<td width=\"80\">3575\/141\u201d\r\n1805\/71.1\u201d\r\n1705\/67.1\u201d<\/td>\r\n<\/tr>\r\n<tr>\r\n<td width=\"247\">Poids, kg\/lbs, max<\/td>\r\n<td width=\"80\">850\/1,878.5<\/td>\r\n<\/tr>\r\n<\/tbody>\r\n<\/table>"},{"tab_title":"Avantages","tab_content":"<ul>\r\n \t<li>Polyvalence (pompage, stockage, transport et ajout d\u2019huile pour transformateurs);<\/li>\r\n \t<li>Mobilit\u00e9;<\/li>\r\n \t<li>Op\u00e9ration et maintenance simples.<\/li>\r\n<\/ul>"},{"tab_title":"Application","tab_content":"[product_oil_types]"},{"tab_title":"Webinaire","tab_content":"<div class=\"responsive-embed widescreen\">\r\n<div class=\"responsive-embed widescreen\">\r\n<div class=\"responsive-embed widescreen\">\r\n<div class=\"responsive-embed widescreen\">\r\n<div class=\"responsive-embed widescreen\">\r\n<div class=\"responsive-embed widescreen\"><iframe title=\"Maintenance du transformateur\" src=\"https:\/\/www.youtube.com\/embed\/wrpThx7GLbw?feature=oembed\" width=\"500\" height=\"281\" frameborder=\"0\" allowfullscreen=\"allowfullscreen\"><\/iframe><\/div>\r\n<\/div>\r\n<\/div>\r\n<\/div>\r\n<\/div>\r\n<\/div>"}],"add_video_tab":[{"video_tab_title":"Vid\u00e9o","add_video_id":[{"video_id":"P3pZVm4s6As"},{"video_id":"d0FgS4pOgts"},{"video_id":"61te_pNx5qw"}]}],"add_gallery_tab":null,"add_price_tab":[{"price_tab_title":"Get a Quote"}]},"language":"fr","_links":{"self":[{"href":"https:\/\/globecore.com\/fr\/wp-json\/wp\/v2\/pages\/248909","targetHints":{"allow":["GET"]}}],"collection":[{"href":"https:\/\/globecore.com\/fr\/wp-json\/wp\/v2\/pages"}],"about":[{"href":"https:\/\/globecore.com\/fr\/wp-json\/wp\/v2\/types\/page"}],"author":[{"embeddable":true,"href":"https:\/\/globecore.com\/fr\/wp-json\/wp\/v2\/users\/59"}],"replies":[{"embeddable":true,"href":"https:\/\/globecore.com\/fr\/wp-json\/wp\/v2\/comments?post=248909"}],"version-history":[{"count":3,"href":"https:\/\/globecore.com\/fr\/wp-json\/wp\/v2\/pages\/248909\/revisions"}],"predecessor-version":[{"id":336151,"href":"https:\/\/globecore.com\/fr\/wp-json\/wp\/v2\/pages\/248909\/revisions\/336151"}],"up":[{"embeddable":true,"href":"https:\/\/globecore.com\/fr\/wp-json\/wp\/v2\/pages\/112870"}],"wp:featuredmedia":[{"embeddable":true,"href":"https:\/\/globecore.com\/fr\/wp-json\/wp\/v2\/media\/14137"}],"wp:attachment":[{"href":"https:\/\/globecore.com\/fr\/wp-json\/wp\/v2\/media?parent=248909"}],"wp:term":[{"taxonomy":"category","embeddable":true,"href":"https:\/\/globecore.com\/fr\/wp-json\/wp\/v2\/categories?post=248909"}],"curies":[{"name":"wp","href":"https:\/\/api.w.org\/{rel}","templated":true}]}}