{"id":248912,"date":"2023-12-06T08:07:32","date_gmt":"2023-12-06T08:07:32","guid":{"rendered":"https:\/\/globecore.com\/products\/transformer-maintenance\/transformer-evacuation-unit-bv-5000\/"},"modified":"2026-04-20T13:21:54","modified_gmt":"2026-04-20T13:21:54","slug":"transformer-evacuation-unit-bv-5000","status":"publish","type":"page","link":"https:\/\/globecore.com\/fr\/products\/transformer-maintenance\/transformer-evacuation-unit-bv-5000\/","title":{"rendered":"BV-5000 Unit\u00e9 d&rsquo;\u00e9vacuation de transformateur (Capacit\u00e9 5000 m\u00b3\/heure)"},"content":{"rendered":"","protected":false},"excerpt":{"rendered":"<p>L\u2019unit\u00e9 d\u2019\u00e9vacuation de transformateurs BV-5000 est con\u00e7ue pour g\u00e9n\u00e9rer le vide n\u00e9cessaire \u00e0 l\u2019\u00e9vacuation des cuves de transformateurs. Elle est utilis\u00e9e lors de l\u2019assemblage, de l\u2019entretien et de l\u2019exploitation d\u2019\u00e9quipements remplis d\u2019huile, y compris les transformateurs de puissance et les interrupteurs haute tension, jusqu\u2019\u00e0 1\u202f150\u202fkV. L\u2019unit\u00e9, avec une vitesse g\u00e9om\u00e9trique de pompage de 5.000\u202fm\u00b3\/h, est adapt\u00e9e \u00e0 l\u2019\u00e9vacuation et au s\u00e9chage des transformateurs et est id\u00e9ale pour les entreprises d\u2019installation, de r\u00e9paration et de maintenance travaillant avec le traitement de l\u2019huile des transformateurs et le service des transformateurs.<\/p>\n","protected":false},"author":7,"featured_media":108806,"parent":112870,"menu_order":0,"comment_status":"closed","ping_status":"closed","template":"templates\/single-product.php","meta":{"_acf_changed":false,"_bbp_topic_count":0,"_bbp_reply_count":0,"_bbp_total_topic_count":0,"_bbp_total_reply_count":0,"_bbp_voice_count":0,"_bbp_anonymous_reply_count":0,"_bbp_topic_count_hidden":0,"_bbp_reply_count_hidden":0,"_bbp_forum_subforum_count":0,"footnotes":""},"categories":[2480],"class_list":["post-248912","page","type-page","status-publish","has-post-thumbnail","hentry","category-maintenance-des-transformateurs","oil_type-transformateurs-a-usage-special","oil_type-transformateurs-abaisseurs","oil_type-transformateurs-de-distribution","oil_type-transformateurs-elevateurs","process_type-deshydratation"],"acf":{"add_tab":[{"tab_title":"Description","tab_content":"<p style=\"text-align: justify;\">L'unit\u00e9 d'\u00e9vacuation de transformateur BV-5000 est con\u00e7ue pour obtenir le volume de vide n\u00e9cessaire \u00e0 l'\u00e9vacuation du r\u00e9servoir du transformateur. Utilisez l'unit\u00e9 lors du montage, de l'entretien et de l'exploitation des \u00e9quipements remplis d'huile (transformateurs de puissance, interrupteurs haute tension, etc.) jusqu'\u00e0 1150 kV de tension. L'unit\u00e9 peut \u00eatre utilis\u00e9e pour l'\u00e9vacuation du transformateur et le s\u00e9chage du transformateur. L'unit\u00e9 peut \u00eatre utilis\u00e9e par les entreprises d'installation, de r\u00e9paration et de maintenance qui traitent de l'huile de transformateur et du service des transformateurs.<\/p>\r\n<p style=\"text-align: justify;\">L'unit\u00e9 n'est pas adapt\u00e9e \u00e0 une utilisation dans un environnement explosif ou toxique, ni dans un environnement r\u00e9actif aux mat\u00e9riaux de lubrification.<\/p>\r\n<p style=\"text-align: justify;\">Lors de l'utilisation de l'unit\u00e9 \u00e0 l'int\u00e9rieur, installez une ligne d'\u00e9chappement des gaz pour \u00e9vacuer les gaz dans l'atmosph\u00e8re.<\/p>"}],"add_def_tab":[{"tab_title":"Caract\u00e9ristiques","tab_content":"<table width=\"454\">\r\n<tbody>\r\n<tr>\r\n<td width=\"31\"><strong>\u2116<\/strong><\/td>\r\n<td style=\"text-align: center;\" width=\"302\"><strong>Param\u00e8tre<\/strong><\/td>\r\n<td style=\"text-align: center;\" width=\"114\"><strong>Valeur<\/strong><\/td>\r\n<\/tr>\r\n<tr>\r\n<td width=\"31\">1<\/td>\r\n<td width=\"302\">D\u00e9bit de pompe g\u00e9om\u00e9trique, m<sup>3<\/sup>\/heure\u00a0(gpm)<\/td>\r\n<td style=\"text-align: center;\" width=\"114\">5000\u00a0(22,014)<\/td>\r\n<\/tr>\r\n<tr>\r\n<td width=\"31\">2<\/td>\r\n<td width=\"302\">Vide de fonctionnement, mbar\u00a0(psi)<\/td>\r\n<td style=\"text-align: center;\" width=\"114\">&lt;1\u00a0(&lt;0.014)<\/td>\r\n<\/tr>\r\n<tr>\r\n<td width=\"31\">3<\/td>\r\n<td width=\"302\">M\u00e9thode de refroidissement<\/td>\r\n<td style=\"text-align: center;\" width=\"114\">Air<\/td>\r\n<\/tr>\r\n<tr>\r\n<td width=\"31\">4<\/td>\r\n<td width=\"302\">Consommation maximale de puissance, kW<\/td>\r\n<td style=\"text-align: center;\" width=\"114\">32<\/td>\r\n<\/tr>\r\n<tr>\r\n<td width=\"31\">5<\/td>\r\n<td width=\"302\">Connexion, entr\u00e9e\/sortie<\/td>\r\n<td style=\"text-align: center;\" width=\"114\">Dn200\/Dn65<\/td>\r\n<\/tr>\r\n<tr>\r\n<td width=\"31\">6<\/td>\r\n<td width=\"302\">Dimensions mm, pas plus :<\/td>\r\n<td width=\"114\"><\/td>\r\n<\/tr>\r\n<tr>\r\n<td width=\"31\">7<\/td>\r\n<td width=\"302\">\u2014 longueur, mm (po)<\/td>\r\n<td style=\"text-align: center;\" width=\"114\">2350\u00a0(92.5)<\/td>\r\n<\/tr>\r\n<tr>\r\n<td width=\"31\">8<\/td>\r\n<td width=\"302\">\u2014 largeur, mm (po)<\/td>\r\n<td style=\"text-align: center;\" width=\"114\">1440\u00a0(56.7)<\/td>\r\n<\/tr>\r\n<tr>\r\n<td width=\"31\">9<\/td>\r\n<td width=\"302\">\u2014 hauteur avec\/sans \u0153illets, mm (po)<\/td>\r\n<td style=\"text-align: center;\" width=\"114\">1650\/1520\u00a0(65\/59.8)<\/td>\r\n<\/tr>\r\n<tr>\r\n<td width=\"31\">10<\/td>\r\n<td width=\"302\">Poids, kg (lb), pas plus<\/td>\r\n<td style=\"text-align: center;\" width=\"114\">2200\u00a0(4,850)<\/td>\r\n<\/tr>\r\n<\/tbody>\r\n<\/table>"},{"tab_title":"Avantages","tab_content":"<ul>\r\n \t<li style=\"text-align: justify;\" aria-level=\"1\">Retrait rapide de l\u2019air, de la vapeur, des gaz non agressifs et des m\u00e9langes vapeur-gaz gr\u00e2ce \u00e0 un surpresseur ;<\/li>\r\n \t<li style=\"text-align: justify;\" aria-level=\"1\">Les unit\u00e9s peuvent \u00eatre utilis\u00e9es pour l\u2019entretien et l\u2019exploitation des transformateurs remplis d\u2019huile et des interrupteurs haute tension jusqu\u2019\u00e0 1150 kV de tension ;<\/li>\r\n \t<li style=\"text-align: justify;\" aria-level=\"1\">\u00c9vacuation de haut niveau.<\/li>\r\n<\/ul>"},{"tab_title":"Application","tab_content":"[product_oil_types]"},{"tab_title":"Webinaire","tab_content":"<div class=\"responsive-embed widescreen\">\r\n<div class=\"responsive-embed widescreen\">\r\n<div class=\"responsive-embed widescreen\">\r\n<div class=\"responsive-embed widescreen\">\r\n<div class=\"responsive-embed widescreen\">\r\n<div class=\"responsive-embed widescreen\"><iframe title=\"Maintenance du transformateur\" src=\"https:\/\/www.youtube.com\/embed\/wrpThx7GLbw?feature=oembed\" width=\"500\" height=\"281\" frameborder=\"0\" allowfullscreen=\"allowfullscreen\"><\/iframe><\/div>\r\n<\/div>\r\n<\/div>\r\n<\/div>\r\n<\/div>\r\n<\/div>"}],"add_video_tab":[{"video_tab_title":"Vid\u00e9o","add_video_id":[{"video_id":"eHfGszV9_N4"},{"video_id":"I6pHYrdlZQ4"},{"video_id":"UhjSYEQeODY"}]}],"add_gallery_tab":null,"add_price_tab":null},"language":"fr","_links":{"self":[{"href":"https:\/\/globecore.com\/fr\/wp-json\/wp\/v2\/pages\/248912","targetHints":{"allow":["GET"]}}],"collection":[{"href":"https:\/\/globecore.com\/fr\/wp-json\/wp\/v2\/pages"}],"about":[{"href":"https:\/\/globecore.com\/fr\/wp-json\/wp\/v2\/types\/page"}],"author":[{"embeddable":true,"href":"https:\/\/globecore.com\/fr\/wp-json\/wp\/v2\/users\/7"}],"replies":[{"embeddable":true,"href":"https:\/\/globecore.com\/fr\/wp-json\/wp\/v2\/comments?post=248912"}],"version-history":[{"count":3,"href":"https:\/\/globecore.com\/fr\/wp-json\/wp\/v2\/pages\/248912\/revisions"}],"predecessor-version":[{"id":343075,"href":"https:\/\/globecore.com\/fr\/wp-json\/wp\/v2\/pages\/248912\/revisions\/343075"}],"up":[{"embeddable":true,"href":"https:\/\/globecore.com\/fr\/wp-json\/wp\/v2\/pages\/112870"}],"wp:featuredmedia":[{"embeddable":true,"href":"https:\/\/globecore.com\/fr\/wp-json\/wp\/v2\/media\/108806"}],"wp:attachment":[{"href":"https:\/\/globecore.com\/fr\/wp-json\/wp\/v2\/media?parent=248912"}],"wp:term":[{"taxonomy":"category","embeddable":true,"href":"https:\/\/globecore.com\/fr\/wp-json\/wp\/v2\/categories?post=248912"}],"curies":[{"name":"wp","href":"https:\/\/api.w.org\/{rel}","templated":true}]}}