{"id":248915,"date":"2021-05-24T06:35:19","date_gmt":"2021-05-24T06:35:19","guid":{"rendered":"https:\/\/globecore.com\/products\/transformer-maintenance\/transformer-evacuation-systems-bv\/"},"modified":"2026-04-20T13:19:43","modified_gmt":"2026-04-20T13:19:43","slug":"transformer-evacuation-systems-bv","status":"publish","type":"page","link":"https:\/\/globecore.com\/fr\/products\/transformer-maintenance\/transformer-evacuation-systems-bv\/","title":{"rendered":"BV-3000 Syst\u00e8me d&rsquo;\u00e9vacuation de transformateur"},"content":{"rendered":"","protected":false},"excerpt":{"rendered":"<p>Le syst\u00e8me d\u2019\u00e9vacuation de transformateurs BV-3000 est con\u00e7u pour cr\u00e9er le vide n\u00e9cessaire \u00e0 l\u2019\u00e9vacuation des cuves de transformateurs. Il est utilis\u00e9 lors de l\u2019assemblage, de l\u2019entretien et de l\u2019exploitation d\u2019\u00e9quipements remplis d\u2019huile, y compris les transformateurs de puissance et les interrupteurs haute tension, jusqu\u2019\u00e0 1\u202f150\u202fkV. L\u2019unit\u00e9 est adapt\u00e9e \u00e0 l\u2019\u00e9vacuation et au s\u00e9chage des transformateurs et est id\u00e9ale pour les entreprises d\u2019installation, de r\u00e9paration et de maintenance travaillant avec le traitement de l\u2019huile des transformateurs et le service des transformateurs.<\/p>\n","protected":false},"author":59,"featured_media":36863,"parent":112870,"menu_order":0,"comment_status":"closed","ping_status":"closed","template":"templates\/single-product.php","meta":{"_acf_changed":false,"_bbp_topic_count":0,"_bbp_reply_count":0,"_bbp_total_topic_count":0,"_bbp_total_reply_count":0,"_bbp_voice_count":0,"_bbp_anonymous_reply_count":0,"_bbp_topic_count_hidden":0,"_bbp_reply_count_hidden":0,"_bbp_forum_subforum_count":0,"footnotes":""},"categories":[2480],"class_list":["post-248915","page","type-page","status-publish","has-post-thumbnail","hentry","category-maintenance-des-transformateurs","oil_type-transformateurs-a-usage-special","oil_type-transformateurs-abaisseurs","oil_type-transformateurs-de-distribution","oil_type-transformateurs-elevateurs","process_type-deshydratation"],"acf":{"add_tab":[{"tab_title":"Description","tab_content":"<p style=\"text-align: justify;\">Le syst\u00e8me d'\u00e9vacuation de transformateur BV est con\u00e7u pour g\u00e9n\u00e9rer le vide n\u00e9cessaire \u00e0 l'\u00e9vacuation du r\u00e9servoir du transformateur. Utilisez l'unit\u00e9 lors de l'assemblage, de l'entretien et de l'exploitation d'\u00e9quipements remplis d'huile (transformateurs de puissance, interrupteurs haute tension, etc.) jusqu'\u00e0 1150 kV de tension. L'unit\u00e9 peut \u00eatre utilis\u00e9e pour l'\u00e9vacuation du transformateur et le s\u00e9chage du transformateur. L'unit\u00e9 peut \u00eatre utilis\u00e9e par des entreprises d'installation, de r\u00e9paration et de maintenance qui traitent le traitement de l'huile de transformateur et le service des transformateurs.<\/p>\r\n<p style=\"text-align: justify;\">L'unit\u00e9 n'est pas adapt\u00e9e \u00e0 une utilisation dans des environnements explosifs ou toxiques, ni dans des environnements r\u00e9actifs aux mat\u00e9riaux de lubrification.<\/p>\r\n<p style=\"text-align: justify;\">Lors de l'utilisation de l'unit\u00e9 \u00e0 l'int\u00e9rieur, il est n\u00e9cessaire d'installer une ligne d'\u00e9vacuation des gaz pour \u00e9vacuer les gaz dans l'atmosph\u00e8re.**<\/p>\r\n\r\n<h2 style=\"text-align: center;\">DESCRIPTION TECHNIQUE DE L'\u00c9QUIPEMENT<\/h2>\r\n<p style=\"text-align: justify;\">Le mod\u00e8le du syst\u00e8me d'\u00e9vacuation de transformateur BV-3000 est con\u00e7u pour l'\u00e9vacuation des r\u00e9servoirs de transformateurs de puissance et pour le s\u00e9chage sous vide des appareils \u00e9lectriques. Il peut \u00e9galement \u00eatre utilis\u00e9 avec des usines de purification d'huile de transformateur. Le syst\u00e8me d'\u00e9vacuation de transformateur se compose d'un groupe de pompes \u00e0 vide \u00e0 double \u00e9tage (trois pompes \u00e0 vide de fond et une pompe \u00e0 vide de surpression).<\/p>\r\n<p style=\"text-align: justify;\">Deux pompes \u00e0 vide \u00e0 palettes rotatives d'une capacit\u00e9 de 3\u00d7100 m\u00b3\/heure chacune sont utilis\u00e9es comme pompes de fond ; une pompe \u00e0 piston rotatif Roots est utilis\u00e9e comme pompe \u00e0 vide de surpression.<\/p>\r\n<p style=\"text-align: justify;\">La pompe \u00e0 vide de fond est utilis\u00e9e pour cr\u00e9er le vide initial et la pompe de surpression g\u00e9n\u00e8re un vide absolu.<\/p>\r\n<p style=\"text-align: justify;\">Cette combinaison de pompes permet de garantir une grande efficacit\u00e9 du syst\u00e8me d'\u00e9vacuation de transformateur jusqu'\u00e0 3000 m\u00b3\/heure avec une valeur de vide maximale allant jusqu'\u00e0 0,01 mm.Hg (Torr).<\/p>"}],"add_def_tab":[{"tab_title":"Caract\u00e9ristiques","tab_content":"<table style=\"height: 1258px;\" width=\"792\">\r\n<tbody>\r\n<tr>\r\n<td><b>N<\/b><\/td>\r\n<td><b>Param\u00e8tre<\/b><\/td>\r\n<td><b>Valeur<\/b><\/td>\r\n<\/tr>\r\n<tr>\r\n<td><span style=\"font-weight: 400;\">1<\/span><\/td>\r\n<td><span style=\"font-weight: 400;\">Capacit\u00e9 d\u2019aspiration, m<\/span><span style=\"font-weight: 400;\">3<\/span><span style=\"font-weight: 400;\">\/h\u00a0(gpm)<\/span><\/td>\r\n<td><span style=\"font-weight: 400;\">3000\u00a0(13,208)<\/span><\/td>\r\n<\/tr>\r\n<tr>\r\n<td><span style=\"font-weight: 400;\">2<\/span><\/td>\r\n<td><span style=\"font-weight: 400;\">Vide ultime, mm.Hg (T\u043err)<\/span><\/td>\r\n<td><span style=\"font-weight: 400;\">0,01<\/span><\/td>\r\n<\/tr>\r\n<tr>\r\n<td><span style=\"font-weight: 400;\">3<\/span><\/td>\r\n<td><span style=\"font-weight: 400;\">Moyen pomp\u00e9<\/span><\/td>\r\n<td><span style=\"font-weight: 400;\">Air<\/span><\/td>\r\n<\/tr>\r\n<tr>\r\n<td><span style=\"font-weight: 400;\">4<\/span><\/td>\r\n<td><span style=\"font-weight: 400;\">Alimentation \u00e9lectrique:<\/span><\/td>\r\n<td><\/td>\r\n<\/tr>\r\n<tr>\r\n<td><\/td>\r\n<td><span style=\"font-weight: 400;\">Phases<\/span><\/td>\r\n<td><span style=\"font-weight: 400;\">3<\/span><\/td>\r\n<\/tr>\r\n<tr>\r\n<td><\/td>\r\n<td><span style=\"font-weight: 400;\">Tension, V<\/span><\/td>\r\n<td><span style=\"font-weight: 400;\">selon besoin<\/span><\/td>\r\n<\/tr>\r\n<tr>\r\n<td><\/td>\r\n<td><span style=\"font-weight: 400;\">Fr\u00e9quence CA, Hz<\/span><\/td>\r\n<td><span style=\"font-weight: 400;\">selon besoin<\/span><\/td>\r\n<\/tr>\r\n<tr>\r\n<td><\/td>\r\n<td><span style=\"font-weight: 400;\">Consommation maximale de puissance, kW<\/span><\/td>\r\n<td><span style=\"font-weight: 400;\">14<\/span><\/td>\r\n<\/tr>\r\n<tr>\r\n<td><span style=\"font-weight: 400;\">5<\/span><\/td>\r\n<td><span style=\"font-weight: 400;\">Temp\u00e9rature ambiante, \u00b0C\u00a0(<sup>o<\/sup>F)<\/span><\/td>\r\n<td><span style=\"font-weight: 400;\">5 \u2013 40\u00a0(41-104)<\/span><\/td>\r\n<\/tr>\r\n<tr>\r\n<td><span style=\"font-weight: 400;\">6<\/span><\/td>\r\n<td><span style=\"font-weight: 400;\">Type de connexion<\/span>\r\n<span style=\"font-weight: 400;\">entr\u00e9e\/sortie<\/span><\/td>\r\n<td><span style=\"font-weight: 400;\">flasque\/flasque<\/span><\/td>\r\n<\/tr>\r\n<tr>\r\n<td><span style=\"font-weight: 400;\">7<\/span><\/td>\r\n<td><span style=\"font-weight: 400;\">Diam\u00e8tre entr\u00e9e\/sortie, Dn,<\/span>\r\n<span style=\"font-weight: 400;\">mm<\/span><\/td>\r\n<td><span style=\"font-weight: 400;\">DN100\/DN65<\/span><\/td>\r\n<\/tr>\r\n<tr>\r\n<td><span style=\"font-weight: 400;\">8<\/span><\/td>\r\n<td><span style=\"font-weight: 400;\">Dimensions,<\/span>\r\n<span style=\"font-weight: 400;\">mm (po)<\/span><\/td>\r\n<td><\/td>\r\n<\/tr>\r\n<tr>\r\n<td><\/td>\r\n<td><span style=\"font-weight: 400;\">Longueur<\/span><\/td>\r\n<td><span style=\"font-weight: 400;\">1600\u00a0(63)<\/span><\/td>\r\n<\/tr>\r\n<tr>\r\n<td><\/td>\r\n<td><span style=\"font-weight: 400;\">Largeur<\/span><\/td>\r\n<td><span style=\"font-weight: 400;\">1200\u00a0(47.2)<\/span><\/td>\r\n<\/tr>\r\n<tr>\r\n<td><\/td>\r\n<td><span style=\"font-weight: 400;\">Hauteur<\/span><\/td>\r\n<td><span style=\"font-weight: 400;\">1600\u00a0(63)<\/span><\/td>\r\n<\/tr>\r\n<tr>\r\n<td><span style=\"font-weight: 400;\">9<\/span><\/td>\r\n<td><span style=\"font-weight: 400;\">Poids, kg (lb)<\/span><\/td>\r\n<td><span style=\"font-weight: 400;\">900\u00a0(1,984)<\/span><\/td>\r\n<\/tr>\r\n<\/tbody>\r\n<\/table>"},{"tab_title":"Advantages","tab_content":"<ul>\r\n \t<li style=\"text-align: justify;\">Suppression rapide de l\u2019air, de la vapeur, des gaz non-agressifs et des m\u00e9langes vapeur-gaz gr\u00e2ce \u00e0 un surpresseur ;<\/li>\r\n \t<li style=\"text-align: justify;\">Les unit\u00e9s peuvent \u00eatre utilis\u00e9es pour le service et l\u2019exploitation des transformateurs remplis d\u2019huile et des interrupteurs haute tension jusqu\u2019\u00e0 1150 kV de tension ;<\/li>\r\n \t<li style=\"text-align: justify;\">\u00c9vacuation de niveau \u00e9lev\u00e9.<\/li>\r\n<\/ul>"},{"tab_title":"Webinaire","tab_content":"<div class=\"responsive-embed widescreen\"><iframe title=\"Maintenance du transformateur\" src=\"https:\/\/www.youtube.com\/embed\/wrpThx7GLbw?feature=oembed\" width=\"500\" height=\"281\" frameborder=\"0\" allowfullscreen=\"allowfullscreen\"><\/iframe><\/div>"}],"add_video_tab":[{"video_tab_title":"Vid\u00e9o","add_video_id":[{"video_id":"eHfGszV9_N4"},{"video_id":"I6pHYrdlZQ4"},{"video_id":"UhjSYEQeODY"}]}],"add_gallery_tab":null,"add_price_tab":[{"price_tab_title":"Get a quote"}]},"language":"fr","_links":{"self":[{"href":"https:\/\/globecore.com\/fr\/wp-json\/wp\/v2\/pages\/248915","targetHints":{"allow":["GET"]}}],"collection":[{"href":"https:\/\/globecore.com\/fr\/wp-json\/wp\/v2\/pages"}],"about":[{"href":"https:\/\/globecore.com\/fr\/wp-json\/wp\/v2\/types\/page"}],"author":[{"embeddable":true,"href":"https:\/\/globecore.com\/fr\/wp-json\/wp\/v2\/users\/59"}],"replies":[{"embeddable":true,"href":"https:\/\/globecore.com\/fr\/wp-json\/wp\/v2\/comments?post=248915"}],"version-history":[{"count":4,"href":"https:\/\/globecore.com\/fr\/wp-json\/wp\/v2\/pages\/248915\/revisions"}],"predecessor-version":[{"id":343071,"href":"https:\/\/globecore.com\/fr\/wp-json\/wp\/v2\/pages\/248915\/revisions\/343071"}],"up":[{"embeddable":true,"href":"https:\/\/globecore.com\/fr\/wp-json\/wp\/v2\/pages\/112870"}],"wp:featuredmedia":[{"embeddable":true,"href":"https:\/\/globecore.com\/fr\/wp-json\/wp\/v2\/media\/36863"}],"wp:attachment":[{"href":"https:\/\/globecore.com\/fr\/wp-json\/wp\/v2\/media?parent=248915"}],"wp:term":[{"taxonomy":"category","embeddable":true,"href":"https:\/\/globecore.com\/fr\/wp-json\/wp\/v2\/categories?post=248915"}],"curies":[{"name":"wp","href":"https:\/\/api.w.org\/{rel}","templated":true}]}}