{"id":29143,"date":"2019-10-30T08:26:38","date_gmt":"2019-10-30T08:26:38","guid":{"rendered":"https:\/\/globecore.com\/products\/clm-100-colloid-mill\/"},"modified":"2026-03-09T10:30:05","modified_gmt":"2026-03-09T10:30:05","slug":"clm-100-colloid-mill","status":"publish","type":"page","link":"https:\/\/globecore.com\/fr\/products\/laboratory-system\/clm-100-colloid-mill\/","title":{"rendered":"CLM-100.1 Moulin Colloidal"},"content":{"rendered":"","protected":false},"excerpt":{"rendered":"","protected":false},"author":7,"featured_media":24800,"parent":15373,"menu_order":0,"comment_status":"closed","ping_status":"closed","template":"templates\/single-product.php","meta":{"_acf_changed":false,"_bbp_topic_count":0,"_bbp_reply_count":0,"_bbp_total_topic_count":0,"_bbp_total_reply_count":0,"_bbp_voice_count":0,"_bbp_anonymous_reply_count":0,"_bbp_topic_count_hidden":0,"_bbp_reply_count_hidden":0,"_bbp_forum_subforum_count":0,"footnotes":""},"categories":[1383],"class_list":["post-29143","page","type-page","status-publish","has-post-thumbnail","hentry","category-production-de-bitume","oil_type-industrie-du-batiment","process_type-broyage","process_type-melange"],"acf":{"add_tab":[{"tab_title":"Description","tab_content":"Le broyeur collo\u00efdal CLM-100.1 est con\u00e7u pour l'homog\u00e9n\u00e9isation et l'\u00e9mulsification de mat\u00e9riaux liquides (suspensions \u00e9paisses \u00e0 haute tension de cisaillement) dans des conditions de laboratoire, \u00e0 des fins telles que la production d'\u00e9mulsion de bitume.\r\n\r\nLa machine peut \u00eatre utilis\u00e9e pour pr\u00e9parer, dissoudre et traiter une vari\u00e9t\u00e9 de mat\u00e9riaux dans diff\u00e9rentes applications industrielles."}],"add_def_tab":[{"tab_title":"Caract\u00e9ristiques","tab_content":"<table>\r\n<tbody>\r\n<tr>\r\n<td><strong><em>No<\/em><\/strong><\/td>\r\n<td><strong>Param\u00e8tre<\/strong><\/td>\r\n<td><strong><em>Val<\/em><\/strong><strong><em>eur<\/em><\/strong><\/td>\r\n<\/tr>\r\n<tr>\r\n<td>1<\/td>\r\n<td>Taux de traitement, litres \/ lot (gallon \/ lot)<\/td>\r\n<td><strong><em>2\u20264 (0.5\u2026 1)*<\/em><\/strong><\/td>\r\n<\/tr>\r\n<tr>\r\n<td>2<\/td>\r\n<td>Volume d\u2019entr\u00e9e, litres (gallons)<\/td>\r\n<td><strong><em>5 (1.3)<\/em><\/strong><\/td>\r\n<\/tr>\r\n<tr>\r\n<td>3<\/td>\r\n<td>Viscosit\u00e9 cin\u00e9matique, mm2 \/ sec, max<\/td>\r\n<td><strong><em>150<\/em><\/strong><\/td>\r\n<\/tr>\r\n<tr>\r\n<td>4<\/td>\r\n<td>Temp\u00e9rature maximale du processus, \u00b0 \u0421 (\u00b0 F)<\/td>\r\n<td><strong><em>180 (356)<\/em><\/strong><\/td>\r\n<\/tr>\r\n<tr>\r\n<td>5<\/td>\r\n<td>Type de joint d\u2019arbre<\/td>\r\n<td><strong><em>M\u00e9canique<\/em><\/strong><\/td>\r\n<\/tr>\r\n<tr>\r\n<td>6<\/td>\r\n<td>Outillage rotor \/ stator<\/td>\r\n<td><strong><em>Buse<\/em><\/strong><\/td>\r\n<\/tr>\r\n<tr>\r\n<td>7<\/td>\r\n<td>Kit couteaux de rechange<\/td>\r\n<td><strong><em>Optionnel **<\/em><\/strong><\/td>\r\n<\/tr>\r\n<tr>\r\n<td>8<\/td>\r\n<td>\u00c9cart axial du couteau pr\u00e9d\u00e9fini, mm (in)<\/td>\r\n<td><strong><em>0,2\u20262 (7.8\u00b710-3\u2026 7.8\u00b710-2)<\/em><\/strong><\/td>\r\n<\/tr>\r\n<tr>\r\n<td>9<\/td>\r\n<td>\u00c9cart radial du couteau, mm (in)<\/td>\r\n<td><strong><em>0,25 (9.8\u00b710-3)<\/em><\/strong><\/td>\r\n<\/tr>\r\n<tr>\r\n<td>10<\/td>\r\n<td>Vitesse de rotation du couteau, m \/ sec (in \/ sec), max<\/td>\r\n<td><strong><em>45 (1770)<\/em><\/strong><\/td>\r\n<\/tr>\r\n<tr>\r\n<td>11<\/td>\r\n<td>Vitesse de rotation de l\u2019arbre et des roulements du broyeur, tr \/ min<\/td>\r\n<td><strong><em>6650<\/em><\/strong><\/td>\r\n<\/tr>\r\n<tr>\r\n<td>12<\/td>\r\n<td>Vitesse de l\u2019arbre du moteur \u00e9lectrique, tr \/ min<\/td>\r\n<td><strong><em>2770<\/em><\/strong><\/td>\r\n<\/tr>\r\n<tr>\r\n<td>13<\/td>\r\n<td>Puissance d\u2019entra\u00eenement, kW<\/td>\r\n<td><strong><em>2.2<\/em><\/strong><\/td>\r\n<\/tr>\r\n<tr>\r\n<td>14<\/td>\r\n<td>Tension d\u2019alimentation, V<\/td>\r\n<td><strong><em>C<\/em><\/strong><strong><em>lient<\/em><\/strong><\/td>\r\n<\/tr>\r\n<tr>\r\n<td rowspan=\"4\">15<\/td>\r\n<td>Dimensions, mm (in), max:<\/td>\r\n<td><strong><em>\u00a0<\/em><\/strong><\/td>\r\n<\/tr>\r\n<tr>\r\n<td>\u2022 longueur<\/td>\r\n<td><strong><em>550 (22)<\/em><\/strong><\/td>\r\n<\/tr>\r\n<tr>\r\n<td>\u2022largeur<\/td>\r\n<td><strong><em>600 (24)<\/em><\/strong><\/td>\r\n<\/tr>\r\n<tr>\r\n<td>\u2022hauteur<\/td>\r\n<td><strong><em>750 (30)<\/em><\/strong><\/td>\r\n<\/tr>\r\n<tr>\r\n<td>16<\/td>\r\n<td>Poids, max, kg (lbs)<\/td>\r\n<td><strong><em>70 (154)<\/em><\/strong><\/td>\r\n<\/tr>\r\n<\/tbody>\r\n<\/table>"},{"tab_title":"Benefits","tab_content":"<ul>\r\n \t<li>traitement d\u2019une vari\u00e9t\u00e9 de mat\u00e9riaux;<\/li>\r\n \t<li>le broyeur peut \u00eatre \u00e9quip\u00e9 de divers outils rotor \/ stator, selon le mat\u00e9riau et le processus requis;<\/li>\r\n \t<li>l\u2019outillage rotor \/ stator ainsi que le nombre d\u2019\u00e9tages sont s\u00e9lectionn\u00e9s pour une intensit\u00e9 optimale de traitement m\u00e9canique et thermique;<\/li>\r\n \t<li>l\u2019outillage peut \u00eatre fabriqu\u00e9 \u00e0 partir d\u2019une seule pi\u00e8ce ou de plusieurs pi\u00e8ces, ainsi que de diff\u00e9rentes nuances d\u2019acier, selon le but de l\u2019usine.<\/li>\r\n<\/ul>"},{"tab_title":"Webinaire","tab_content":"<div class=\"responsive-embed widescreen\"><iframe title=\"Webinaire - Nouvelles applications des \u00e9mulsions de bitume (28.10.2021)\" src=\"https:\/\/www.youtube.com\/embed\/Xp4ZWBrR2YU?feature=oembed\" width=\"500\" height=\"281\" frameborder=\"0\" allowfullscreen=\"allowfullscreen\"><\/iframe><\/div>"}],"add_video_tab":[{"video_tab_title":"Vid\u00e9o","add_video_id":[{"video_id":"CqPtPvnF7co"},{"video_id":"1489QuAarp0"},{"video_id":"p4ecn--HHdQ"}]}],"add_gallery_tab":null,"add_price_tab":[{"price_tab_title":"Get a quote"}]},"language":"fr","_links":{"self":[{"href":"https:\/\/globecore.com\/fr\/wp-json\/wp\/v2\/pages\/29143","targetHints":{"allow":["GET"]}}],"collection":[{"href":"https:\/\/globecore.com\/fr\/wp-json\/wp\/v2\/pages"}],"about":[{"href":"https:\/\/globecore.com\/fr\/wp-json\/wp\/v2\/types\/page"}],"author":[{"embeddable":true,"href":"https:\/\/globecore.com\/fr\/wp-json\/wp\/v2\/users\/7"}],"replies":[{"embeddable":true,"href":"https:\/\/globecore.com\/fr\/wp-json\/wp\/v2\/comments?post=29143"}],"version-history":[{"count":1,"href":"https:\/\/globecore.com\/fr\/wp-json\/wp\/v2\/pages\/29143\/revisions"}],"predecessor-version":[{"id":341853,"href":"https:\/\/globecore.com\/fr\/wp-json\/wp\/v2\/pages\/29143\/revisions\/341853"}],"up":[{"embeddable":true,"href":"https:\/\/globecore.com\/fr\/wp-json\/wp\/v2\/pages\/15373"}],"wp:featuredmedia":[{"embeddable":true,"href":"https:\/\/globecore.com\/fr\/wp-json\/wp\/v2\/media\/24800"}],"wp:attachment":[{"href":"https:\/\/globecore.com\/fr\/wp-json\/wp\/v2\/media?parent=29143"}],"wp:term":[{"taxonomy":"category","embeddable":true,"href":"https:\/\/globecore.com\/fr\/wp-json\/wp\/v2\/categories?post=29143"}],"curies":[{"name":"wp","href":"https:\/\/api.w.org\/{rel}","templated":true}]}}