{"id":29624,"date":"2020-03-11T09:14:26","date_gmt":"2020-03-11T09:14:26","guid":{"rendered":"https:\/\/globecore.com\/products\/colloid-mill-clm-100-2\/"},"modified":"2026-03-09T08:38:08","modified_gmt":"2026-03-09T08:38:08","slug":"colloid-mill-clm-100-2","status":"publish","type":"page","link":"https:\/\/globecore.com\/fr\/products\/broyeur-colloidal\/colloid-mills-for-different-applications\/colloid-mill-clm-100-2\/","title":{"rendered":"CLM-100.2 Moulin collo\u00efdal"},"content":{"rendered":"","protected":false},"excerpt":{"rendered":"<p>Le broyeur collo\u00efdal CLM-100.2 est con\u00e7u pour l\u2019homog\u00e9n\u00e9isation et l\u2019\u00e9mulsification de produits liquides \u00e0 l\u2019\u00e9chelle du laboratoire. Il peut pr\u00e9parer, dissoudre et traiter une vari\u00e9t\u00e9 de mat\u00e9riaux dans diff\u00e9rentes industries, produisant des boues \u00e9paisses avec de fortes contraintes de cisaillement. L\u2019unit\u00e9 a une capacit\u00e9 de 0,1\u20131\u202fm\u00b3\/h.<\/p>\n","protected":false},"author":7,"featured_media":29205,"parent":68085,"menu_order":0,"comment_status":"closed","ping_status":"closed","template":"templates\/single-product.php","meta":{"_acf_changed":false,"_bbp_topic_count":0,"_bbp_reply_count":0,"_bbp_total_topic_count":0,"_bbp_total_reply_count":0,"_bbp_voice_count":0,"_bbp_anonymous_reply_count":0,"_bbp_topic_count_hidden":0,"_bbp_reply_count_hidden":0,"_bbp_forum_subforum_count":0,"footnotes":""},"categories":[1382],"class_list":["post-29624","page","type-page","status-publish","has-post-thumbnail","hentry","category-fraisage","oil_type-industrie-alimentaire","oil_type-industrie-chimique","oil_type-industrie-cosmetique","oil_type-industrie-du-batiment","oil_type-industrie-petroliere","oil_type-industrie-pharmaceutique","process_type-broyage","process_type-melange"],"acf":{"add_tab":[{"tab_title":"Description","tab_content":"Le moulin collo\u00efdal CLM-100.2 est con\u00e7u pour l'homog\u00e9n\u00e9isation des flux et l'\u00e9mulsification des liquides. Le moulin collo\u00efdal peut \u00eatre utilis\u00e9 pour la pr\u00e9paration, la dissolution, le traitement et le traitement de divers produits dans de nombreuses industries."}],"add_def_tab":[{"tab_title":"Caract\u00e9ristiques","tab_content":"<table>\r\n<tbody>\r\n<tr>\r\n<td width=\"47\"><strong><em>\u2116<\/em><\/strong><\/td>\r\n<td width=\"464\"><strong><em>Param\u00e8tre<\/em><\/strong><\/td>\r\n<td width=\"151\"><strong><em>Val<\/em><\/strong><strong><em>eur<\/em><\/strong><\/td>\r\n<\/tr>\r\n<tr>\r\n<td width=\"47\">1<\/td>\r\n<td width=\"464\">Vitesse de traitement, m<sup>3<\/sup>\/h (gph)<\/td>\r\n<td width=\"151\"><strong><em>0,1\u20261* (0,4\u20264,4)<\/em><\/strong><\/td>\r\n<\/tr>\r\n<tr>\r\n<td width=\"47\">2<\/td>\r\n<td width=\"464\">Temp\u00e9rature, \u00b0\u0421 (\u00b0F), max<\/td>\r\n<td width=\"151\"><strong><em>180 (356)<\/em><\/strong><\/td>\r\n<\/tr>\r\n<tr>\r\n<td width=\"47\">3<\/td>\r\n<td width=\"464\">Pression, bar (Psi), max<\/td>\r\n<td width=\"151\"><strong><em>6 (87)<\/em><\/strong><\/td>\r\n<\/tr>\r\n<tr>\r\n<td width=\"47\">4<\/td>\r\n<td width=\"464\">Volume du produit, litres (gal)<\/td>\r\n<td width=\"151\"><strong><em>5 (1,3)<\/em><\/strong><\/td>\r\n<\/tr>\r\n<tr>\r\n<td width=\"47\">5<\/td>\r\n<td width=\"464\">Type de joint d\u2019arbre<\/td>\r\n<td width=\"151\">m\u00e9canique<\/td>\r\n<\/tr>\r\n<tr>\r\n<td width=\"47\">6<\/td>\r\n<td width=\"464\">Type d\u2019outillage rotor \/ stator<\/td>\r\n<td width=\"151\">buse<\/td>\r\n<\/tr>\r\n<tr>\r\n<td width=\"47\">7<\/td>\r\n<td width=\"464\">Outillage rempla\u00e7able<\/td>\r\n<td width=\"151\">optionnel<\/td>\r\n<\/tr>\r\n<tr>\r\n<td width=\"47\">8<\/td>\r\n<td width=\"464\">\u00c9cartement axial de dents, mm (in), pr\u00e9r\u00e9gl\u00e9<\/td>\r\n<td width=\"151\"><strong><em>0,2\u2026 2 (0,007\u2026 0,078)<\/em><\/strong><\/td>\r\n<\/tr>\r\n<tr>\r\n<td width=\"47\">9<\/td>\r\n<td width=\"464\">\u00c9cart radial de dents, mm (in)<\/td>\r\n<td width=\"151\"><strong><em>0,25 (0,009)<\/em><\/strong><\/td>\r\n<\/tr>\r\n<tr>\r\n<td width=\"47\">10<\/td>\r\n<td width=\"464\">Vitesse de pointe de dents, m \/ sec (ips), max<\/td>\r\n<td width=\"151\"><strong><em>50 (1970)<\/em><\/strong><\/td>\r\n<\/tr>\r\n<tr>\r\n<td width=\"47\">11<\/td>\r\n<td width=\"464\">Arbre et roulement du broyeur, tr \/ min<\/td>\r\n<td width=\"151\"><strong><em>6800<\/em><\/strong><\/td>\r\n<\/tr>\r\n<tr>\r\n<td width=\"47\">12<\/td>\r\n<td width=\"464\">Moteur \u00e9lectrique, tr \/ min<\/td>\r\n<td width=\"151\"><strong><em>3400<\/em><\/strong><\/td>\r\n<\/tr>\r\n<tr>\r\n<td width=\"47\">13<\/td>\r\n<td width=\"464\">Puissance d\u2019entra\u00eenement, kW<\/td>\r\n<td width=\"151\"><strong><em>3,3<\/em><\/strong><\/td>\r\n<\/tr>\r\n<tr>\r\n<td width=\"47\">14<\/td>\r\n<td width=\"464\">Tension d\u2019alimentation, V<\/td>\r\n<td width=\"151\"><strong><em>custom<\/em><\/strong><\/td>\r\n<\/tr>\r\n<tr>\r\n<td width=\"47\">15<\/td>\r\n<td width=\"464\">Dimensions, mm (in), max:<\/td>\r\n<td width=\"151\"><\/td>\r\n<\/tr>\r\n<tr>\r\n<td width=\"47\"><\/td>\r\n<td width=\"464\">\u2013 longueur<\/td>\r\n<td width=\"151\"><strong><em>550 (22)<\/em><\/strong><\/td>\r\n<\/tr>\r\n<tr>\r\n<td width=\"47\"><\/td>\r\n<td width=\"464\">\u2013 largeur<\/td>\r\n<td width=\"151\"><strong><em>600 (24)<\/em><\/strong><\/td>\r\n<\/tr>\r\n<tr>\r\n<td width=\"47\"><\/td>\r\n<td width=\"464\">\u2013 hauteur<\/td>\r\n<td width=\"151\"><strong><em>850 (33)<\/em><\/strong><\/td>\r\n<\/tr>\r\n<tr>\r\n<td width=\"47\">16<\/td>\r\n<td width=\"464\">Poids, kg (lbs), max<\/td>\r\n<td width=\"151\"><strong><em>75 (165)<\/em><\/strong><\/td>\r\n<\/tr>\r\n<\/tbody>\r\n<\/table>\r\n*depends on product"},{"tab_title":"Avantages","tab_content":"<ul>\r\n \t<li>pulv\u00e9risation \u00e0 1 \u00b5m;<\/li>\r\n \t<li>r\u00e9sistance \u00e0 la corrosion;<\/li>\r\n \t<li>con\u00e7u pour des conditions non standard.<\/li>\r\n<\/ul>"},{"tab_title":"Webinaire","tab_content":"<div class=\"responsive-embed widescreen\">\r\n<div class=\"responsive-embed widescreen\">\r\n<div class=\"responsive-embed widescreen\">\r\n<div class=\"responsive-embed widescreen\"><iframe title=\"Webinaire - Broyage ultra-fin dans l'industrie alimentaire (17.11.2021)\" src=\"https:\/\/www.youtube.com\/embed\/jqEwm2QOx8c?feature=oembed\" width=\"500\" height=\"281\" frameborder=\"0\" allowfullscreen=\"allowfullscreen\"><\/iframe><\/div>\r\n<\/div>\r\n<\/div>\r\n<\/div>"}],"add_video_tab":[{"video_tab_title":"Vid\u00e9o","add_video_id":[{"video_id":"5frta7ghswU"},{"video_id":"1489QuAarp0"}]}],"add_gallery_tab":null,"add_price_tab":[{"price_tab_title":"Get a quote"}]},"language":"fr","_links":{"self":[{"href":"https:\/\/globecore.com\/fr\/wp-json\/wp\/v2\/pages\/29624","targetHints":{"allow":["GET"]}}],"collection":[{"href":"https:\/\/globecore.com\/fr\/wp-json\/wp\/v2\/pages"}],"about":[{"href":"https:\/\/globecore.com\/fr\/wp-json\/wp\/v2\/types\/page"}],"author":[{"embeddable":true,"href":"https:\/\/globecore.com\/fr\/wp-json\/wp\/v2\/users\/7"}],"replies":[{"embeddable":true,"href":"https:\/\/globecore.com\/fr\/wp-json\/wp\/v2\/comments?post=29624"}],"version-history":[{"count":2,"href":"https:\/\/globecore.com\/fr\/wp-json\/wp\/v2\/pages\/29624\/revisions"}],"predecessor-version":[{"id":341791,"href":"https:\/\/globecore.com\/fr\/wp-json\/wp\/v2\/pages\/29624\/revisions\/341791"}],"up":[{"embeddable":true,"href":"https:\/\/globecore.com\/fr\/wp-json\/wp\/v2\/pages\/68085"}],"wp:featuredmedia":[{"embeddable":true,"href":"https:\/\/globecore.com\/fr\/wp-json\/wp\/v2\/media\/29205"}],"wp:attachment":[{"href":"https:\/\/globecore.com\/fr\/wp-json\/wp\/v2\/media?parent=29624"}],"wp:term":[{"taxonomy":"category","embeddable":true,"href":"https:\/\/globecore.com\/fr\/wp-json\/wp\/v2\/categories?post=29624"}],"curies":[{"name":"wp","href":"https:\/\/api.w.org\/{rel}","templated":true}]}}