{"id":29628,"date":"2020-03-11T09:34:29","date_gmt":"2020-03-11T09:34:29","guid":{"rendered":"https:\/\/globecore.com\/products\/colloid-mill-clm-200-2\/"},"modified":"2026-03-09T08:48:36","modified_gmt":"2026-03-09T08:48:36","slug":"colloid-mill-clm-200-2","status":"publish","type":"page","link":"https:\/\/globecore.com\/fr\/products\/broyeur-colloidal\/colloid-mills-for-different-applications\/colloid-mill-clm-200-2\/","title":{"rendered":"CLM-200.2 Moulin collo\u00efdal"},"content":{"rendered":"","protected":false},"excerpt":{"rendered":"<p>Le broyeur collo\u00efdal CLM-200.2 est con\u00e7u pour l\u2019homog\u00e9n\u00e9isation et l\u2019\u00e9mulsification de produits liquides \u00e0 l\u2019\u00e9chelle du laboratoire, ainsi que pour la production de boues \u00e9paisses avec de fortes contraintes de cisaillement. Il peut \u00eatre utilis\u00e9 pour la pr\u00e9paration, la dissolution et le traitement d\u2019une large gamme de produits dans divers secteurs industriels. La capacit\u00e9 de l\u2019unit\u00e9 est de 0,2 m\u00b3\/h<\/p>\n","protected":false},"author":7,"featured_media":19110,"parent":68085,"menu_order":0,"comment_status":"closed","ping_status":"closed","template":"templates\/single-product.php","meta":{"_acf_changed":false,"_bbp_topic_count":0,"_bbp_reply_count":0,"_bbp_total_topic_count":0,"_bbp_total_reply_count":0,"_bbp_voice_count":0,"_bbp_anonymous_reply_count":0,"_bbp_topic_count_hidden":0,"_bbp_reply_count_hidden":0,"_bbp_forum_subforum_count":0,"footnotes":""},"categories":[1382],"class_list":["post-29628","page","type-page","status-publish","has-post-thumbnail","hentry","category-fraisage","oil_type-industrie-alimentaire","oil_type-industrie-chimique","oil_type-industrie-cosmetique","oil_type-industrie-du-batiment","oil_type-industrie-petroliere","oil_type-industrie-pharmaceutique","process_type-broyage","process_type-melange"],"acf":{"add_tab":[{"tab_title":"Description","tab_content":"Le moulin collo\u00efdal CLM-200.2 est con\u00e7u pour l'homog\u00e9n\u00e9isation des flux et l'\u00e9mulsification des liquides. Le moulin collo\u00efdal peut \u00eatre utilis\u00e9 pour la pr\u00e9paration, la dissolution, le traitement et le traitement de divers produits dans de nombreuses industries."}],"add_def_tab":[{"tab_title":"Caract\u00e9ristiques","tab_content":"<table>\r\n<tbody>\r\n<tr>\r\n<td width=\"36\"><strong><em>\u2116<\/em><\/strong><\/td>\r\n<td width=\"476\"><strong><em>Param\u00e8tre<\/em><\/strong><\/td>\r\n<td width=\"151\"><strong><em>Val<\/em><\/strong><strong><em>eur<\/em><\/strong><\/td>\r\n<\/tr>\r\n<tr>\r\n<td width=\"36\">1<\/td>\r\n<td width=\"476\">Vitesse de traitement, m<sup>3<\/sup>\/h (gph)<\/td>\r\n<td width=\"151\"><strong><em>0,2 (0,9)<\/em><\/strong><\/td>\r\n<\/tr>\r\n<tr>\r\n<td width=\"36\">2<\/td>\r\n<td width=\"476\">Temp\u00e9rature, \u00b0\u0421 (\u00b0F), max<\/td>\r\n<td width=\"151\"><strong><em>150 (302)<\/em><\/strong><\/td>\r\n<\/tr>\r\n<tr>\r\n<td width=\"36\">3<\/td>\r\n<td width=\"476\">Pression, bar (Psi), max<\/td>\r\n<td width=\"151\"><strong><em>6 (87)<\/em><\/strong><\/td>\r\n<\/tr>\r\n<tr>\r\n<td width=\"36\">4<\/td>\r\n<td width=\"476\">Volume du produit, litres (gal)<\/td>\r\n<td width=\"151\"><strong><em>5\u2026 10 (1,3\u2026 2,6)<\/em><\/strong><\/td>\r\n<\/tr>\r\n<tr>\r\n<td width=\"36\">5<\/td>\r\n<td width=\"476\">Type de joint d\u2019arbre<\/td>\r\n<td width=\"151\">m\u00e9canique<\/td>\r\n<\/tr>\r\n<tr>\r\n<td width=\"36\">6<\/td>\r\n<td width=\"476\">Type d\u2019outillage rotor \/ stator<\/td>\r\n<td width=\"151\">buse<\/td>\r\n<\/tr>\r\n<tr>\r\n<td width=\"36\">7<\/td>\r\n<td width=\"476\">Outillage rempla\u00e7able<\/td>\r\n<td width=\"151\">optionnel<\/td>\r\n<\/tr>\r\n<tr>\r\n<td width=\"36\">8<\/td>\r\n<td width=\"476\">\u00c9cartement axial de dents, mm (in), pr\u00e9r\u00e9gl\u00e9<\/td>\r\n<td width=\"151\"><strong><em>0,5\u2026 1 (0,019\u2026 0,039)<\/em><\/strong><\/td>\r\n<\/tr>\r\n<tr>\r\n<td width=\"36\">9<\/td>\r\n<td width=\"476\">\u00c9cart radial de dents, mm (in)<\/td>\r\n<td width=\"151\"><strong><em>0,2 (0,007)<\/em><\/strong><\/td>\r\n<\/tr>\r\n<tr>\r\n<td width=\"36\">10<\/td>\r\n<td width=\"476\">Vitesse de pointe de dents, m \/ sec (ips), max<\/td>\r\n<td width=\"151\"><strong><em>15\u2026 30 (590\u2026 1180)<\/em><\/strong><\/td>\r\n<\/tr>\r\n<tr>\r\n<td width=\"36\">11<\/td>\r\n<td width=\"476\">Arbre et roulement du broyeur, tr \/ min<\/td>\r\n<td width=\"151\"><strong><em>2840\u2026 5680<\/em><\/strong><\/td>\r\n<\/tr>\r\n<tr>\r\n<td width=\"36\">12<\/td>\r\n<td width=\"476\">Moteur \u00e9lectrique, tr \/ min<\/td>\r\n<td width=\"151\"><strong><em>2840\u2026 5680<\/em><\/strong><\/td>\r\n<\/tr>\r\n<tr>\r\n<td width=\"36\">13<\/td>\r\n<td width=\"476\">Puissance d\u2019entra\u00eenement, kW<\/td>\r\n<td width=\"151\"><strong><em>2,2<\/em><\/strong><\/td>\r\n<\/tr>\r\n<tr>\r\n<td width=\"36\">14<\/td>\r\n<td width=\"476\">Tension d\u2019alimentation, V<\/td>\r\n<td width=\"151\"><strong><em>c<\/em><\/strong><strong><em>lient<\/em><\/strong><\/td>\r\n<\/tr>\r\n<tr>\r\n<td width=\"36\">15<\/td>\r\n<td width=\"476\">Dimensions, mm (in), max:<\/td>\r\n<td width=\"151\"><\/td>\r\n<\/tr>\r\n<tr>\r\n<td width=\"36\"><\/td>\r\n<td width=\"476\">\u2013 longueur<\/td>\r\n<td width=\"151\"><strong><em>800 (31)<\/em><\/strong><\/td>\r\n<\/tr>\r\n<tr>\r\n<td width=\"36\"><\/td>\r\n<td width=\"476\">\u2013 largeur<\/td>\r\n<td width=\"151\"><strong><em>750 (30)<\/em><\/strong><\/td>\r\n<\/tr>\r\n<tr>\r\n<td width=\"36\"><\/td>\r\n<td width=\"476\">\u2013 hauteur<\/td>\r\n<td width=\"151\"><strong><em>1450 (57)<\/em><\/strong><\/td>\r\n<\/tr>\r\n<tr>\r\n<td width=\"36\">16<\/td>\r\n<td width=\"476\">Poids, kg (lbs), max<\/td>\r\n<td width=\"151\"><strong><em>90 (200)<\/em><\/strong><\/td>\r\n<\/tr>\r\n<\/tbody>\r\n<\/table>\r\n* \u2013 d\u00e9pend du produit"},{"tab_title":"Avantages","tab_content":"<ul>\r\n \t<li>pulv\u00e9risation \u00e0 1 \u00b5m;<\/li>\r\n \t<li>r\u00e9sistance \u00e0 la corrosion;<\/li>\r\n \t<li>con\u00e7u pour des conditions non standard.<\/li>\r\n<\/ul>"},{"tab_title":"Webinaire","tab_content":"<div class=\"responsive-embed widescreen\">\r\n<div class=\"responsive-embed widescreen\">\r\n<div class=\"responsive-embed widescreen\">\r\n<div class=\"responsive-embed widescreen\"><iframe title=\"Webinaire - Broyage ultra-fin dans l'industrie alimentaire (17.11.2021)\" src=\"https:\/\/www.youtube.com\/embed\/jqEwm2QOx8c?feature=oembed\" width=\"500\" height=\"281\" frameborder=\"0\" allowfullscreen=\"allowfullscreen\"><\/iframe><\/div>\r\n<\/div>\r\n<\/div>\r\n<\/div>"}],"add_video_tab":[{"video_tab_title":"Vid\u00e9o","add_video_id":[{"video_id":"qu6qrHC8HeI"},{"video_id":"1489QuAarp0"},{"video_id":"5frta7ghswU"}]}],"add_gallery_tab":null,"add_price_tab":[{"price_tab_title":"Get a quote"}]},"language":"fr","_links":{"self":[{"href":"https:\/\/globecore.com\/fr\/wp-json\/wp\/v2\/pages\/29628","targetHints":{"allow":["GET"]}}],"collection":[{"href":"https:\/\/globecore.com\/fr\/wp-json\/wp\/v2\/pages"}],"about":[{"href":"https:\/\/globecore.com\/fr\/wp-json\/wp\/v2\/types\/page"}],"author":[{"embeddable":true,"href":"https:\/\/globecore.com\/fr\/wp-json\/wp\/v2\/users\/7"}],"replies":[{"embeddable":true,"href":"https:\/\/globecore.com\/fr\/wp-json\/wp\/v2\/comments?post=29628"}],"version-history":[{"count":2,"href":"https:\/\/globecore.com\/fr\/wp-json\/wp\/v2\/pages\/29628\/revisions"}],"predecessor-version":[{"id":341796,"href":"https:\/\/globecore.com\/fr\/wp-json\/wp\/v2\/pages\/29628\/revisions\/341796"}],"up":[{"embeddable":true,"href":"https:\/\/globecore.com\/fr\/wp-json\/wp\/v2\/pages\/68085"}],"wp:featuredmedia":[{"embeddable":true,"href":"https:\/\/globecore.com\/fr\/wp-json\/wp\/v2\/media\/19110"}],"wp:attachment":[{"href":"https:\/\/globecore.com\/fr\/wp-json\/wp\/v2\/media?parent=29628"}],"wp:term":[{"taxonomy":"category","embeddable":true,"href":"https:\/\/globecore.com\/fr\/wp-json\/wp\/v2\/categories?post=29628"}],"curies":[{"name":"wp","href":"https:\/\/api.w.org\/{rel}","templated":true}]}}