{"id":29795,"date":"2020-01-31T08:18:26","date_gmt":"2020-01-31T08:18:26","guid":{"rendered":"https:\/\/globecore.com\/products\/zeolite-oil-drying-units\/cmm-ssd-stationary-transformer-drying-unit\/"},"modified":"2026-03-06T13:09:55","modified_gmt":"2026-03-06T13:09:55","slug":"cmm-ssd-stationary-transformer-drying-unit","status":"publish","type":"page","link":"https:\/\/globecore.com\/fr\/products\/online-transformer-dry-out-systems\/cmm-ssd-stationary-transformer-drying-unit\/","title":{"rendered":"CMM-260C Syst\u00e8me de s\u00e9chage par transformateur en ligne"},"content":{"rendered":"","protected":false},"excerpt":{"rendered":"<p>Le dispositif de s\u00e9chage continu CMM-260C prot\u00e8ge les transformateurs en maintenant leur huile s\u00e8che tout au long de leur dur\u00e9e de vie. L\u2019unit\u00e9 fait circuler l\u2019huile du transformateur \u00e0 travers un adsorbant granulaire microporeux, qui absorbe et retient l\u2019eau de mani\u00e8re s\u00e9curis\u00e9e. Sa capacit\u00e9 est d\u2019au moins 30\u202flitres\/h (0,13\u202fgpm) et sa capacit\u00e9 d\u2019absorption d\u2019eau est de 9\u202flitres (2,4\u202fgal). Le dispositif peut \u00eatre connect\u00e9 \u00e0 des transformateurs de tout type et \u00e2ge, et son installation prend moins d\u2019une heure. Il s\u00e8che l\u2019huile sans chauffage, ne n\u00e9cessite pas de surveillance constante de l\u2019op\u00e9rateur et peut \u00eatre install\u00e9 de fa\u00e7on temporaire ou permanente.<\/p>\n","protected":false},"author":7,"featured_media":27618,"parent":104887,"menu_order":0,"comment_status":"closed","ping_status":"closed","template":"templates\/single-product.php","meta":{"_acf_changed":false,"_bbp_topic_count":0,"_bbp_reply_count":0,"_bbp_total_topic_count":0,"_bbp_total_reply_count":0,"_bbp_voice_count":0,"_bbp_anonymous_reply_count":0,"_bbp_topic_count_hidden":0,"_bbp_reply_count_hidden":0,"_bbp_forum_subforum_count":0,"footnotes":""},"categories":[2480,1339],"class_list":["post-29795","page","type-page","status-publish","has-post-thumbnail","hentry","category-maintenance-des-transformateurs","category-oil-maintenance-fr","oil_type-transformateurs-a-usage-special","oil_type-transformateurs-abaisseurs","oil_type-transformateurs-de-distribution","oil_type-transformateurs-elevateurs","process_type-deshydratation"],"acf":{"add_tab":[{"tab_title":"Description","tab_content":"<p style=\"text-align: justify;\">L'eau est un ennemi dangereux du transformateur, r\u00e9duisant la rigidit\u00e9 di\u00e9lectrique de l'huile du transformateur, acc\u00e9l\u00e9rant le vieillissement de l'huile et de l'isolation solide. Il est impossible d'emp\u00eacher compl\u00e8tement la contamination de l'eau dans un transformateur, car il se forme ind\u00e9pendamment de la qualit\u00e9 de service et de l'\u00e9tanch\u00e9it\u00e9 \u00e0 l'air de l'unit\u00e9. Cependant, il est possible de prot\u00e9ger le transformateur avec le dispositif de s\u00e9chage continu CMM-260C. Cette machine est connect\u00e9e au transformateur et la maintient au sec tout au long de sa dur\u00e9e de vie en faisant passer son huile \u00e0 travers un sorbant granulaire microporeux. L'eau est absorb\u00e9e et maintenue de mani\u00e8re fiable dans ses cristaux.<\/p>"}],"add_def_tab":[{"tab_title":"Caract\u00e9ristiques","tab_content":"<table>\r\n<tbody>\r\n<tr>\r\n<td colspan=\"3\" width=\"385\"><strong>Param<\/strong><strong>\u00e8<\/strong><strong>t<\/strong><strong>re<\/strong><\/td>\r\n<td width=\"186\"><strong>Val<\/strong><strong>eur<\/strong><\/td>\r\n<\/tr>\r\n<tr>\r\n<td colspan=\"3\" width=\"385\">Capacit\u00e9, litres \/ heure (gpm), pas moins de<\/td>\r\n<td width=\"186\"><strong><em>30 (0,13)<\/em><\/strong><\/td>\r\n<\/tr>\r\n<tr>\r\n<td colspan=\"3\" width=\"385\">Capacit\u00e9 d\u2019absorption d\u2019eau, litres (gal)<\/td>\r\n<td width=\"186\"><strong><em>9 (2,4)<\/em><\/strong><\/td>\r\n<\/tr>\r\n<tr>\r\n<td colspan=\"3\" width=\"385\">Charge d\u2019adsorbant par colonne, kg (lbs)<\/td>\r\n<td width=\"186\"><strong><em>20 (44)<\/em><\/strong><\/td>\r\n<\/tr>\r\n<tr>\r\n<td colspan=\"4\" width=\"574\">Param\u00e8tres de l\u2019huile trait\u00e9e:<\/td>\r\n<\/tr>\r\n<tr>\r\n<td rowspan=\"3\"><\/td>\r\n<td colspan=\"2\" width=\"378\">\u2013 \u2014 teneur maximale en humidit\u00e9, ppm<\/td>\r\n<td width=\"186\"><strong><em>&lt; 5<\/em><\/strong><\/td>\r\n<\/tr>\r\n<tr>\r\n<td colspan=\"2\" width=\"378\">\u2013 Classe ISO 4406<\/td>\r\n<td width=\"186\"><strong><em>-\/14\/12<\/em><\/strong><\/td>\r\n<\/tr>\r\n<tr>\r\n<td colspan=\"2\" width=\"378\">\u2013 rigidit\u00e9 di\u00e9lectrique min, kV<\/td>\r\n<td width=\"186\"><strong><em>&gt;65<\/em><\/strong><\/td>\r\n<\/tr>\r\n<tr>\r\n<td colspan=\"3\" width=\"385\">Pression de sortie, bar (psi)<\/td>\r\n<td width=\"186\"><strong><em>2 (29)<\/em><\/strong><\/td>\r\n<\/tr>\r\n<tr>\r\n<td colspan=\"3\" width=\"385\">sortie d\u2019huile, m (in)<\/td>\r\n<td width=\"186\"><strong><em>20 (790)<\/em><\/strong><\/td>\r\n<\/tr>\r\n<tr>\r\n<td colspan=\"3\" width=\"385\">Puissance maximale requise, kW<\/td>\r\n<td width=\"186\"><strong><em>0,25<\/em><\/strong><\/td>\r\n<\/tr>\r\n<tr>\r\n<td colspan=\"4\" width=\"574\">Alimentation<\/td>\r\n<\/tr>\r\n<tr>\r\n<td colspan=\"2\" rowspan=\"2\"><\/td>\r\n<td width=\"376\">voltage, V<\/td>\r\n<td width=\"186\"><strong><em>400<\/em><\/strong><\/td>\r\n<\/tr>\r\n<tr>\r\n<td width=\"376\">frequence AC, Hz<\/td>\r\n<td width=\"186\"><strong><em>50<\/em><\/strong><\/td>\r\n<\/tr>\r\n<tr>\r\n<td colspan=\"4\" width=\"574\">Dimensions,\u00a0 mm (in), max<\/td>\r\n<\/tr>\r\n<tr>\r\n<td colspan=\"2\" rowspan=\"3\"><\/td>\r\n<td width=\"376\">longueur<\/td>\r\n<td width=\"186\"><strong><em>1150 (45)<\/em><\/strong><\/td>\r\n<\/tr>\r\n<tr>\r\n<td width=\"376\">hauteur<\/td>\r\n<td width=\"186\"><strong><em>1980 (78)<\/em><\/strong><\/td>\r\n<\/tr>\r\n<tr>\r\n<td width=\"376\">largeur<\/td>\r\n<td width=\"186\"><strong><em>490 (19)<\/em><\/strong><\/td>\r\n<\/tr>\r\n<tr>\r\n<td colspan=\"3\" width=\"385\">Poids, kg (lbs)<\/td>\r\n<td width=\"186\"><strong><em>400 (880)<\/em><\/strong><\/td>\r\n<\/tr>\r\n<\/tbody>\r\n<\/table>"},{"tab_title":"Avantages","tab_content":"<ul>\r\n \t<li>connexion \u00e0 un transformateur de tout type et de tout \u00e2ge;<\/li>\r\n \t<li>le processus de connexion prend moins d\u2019une heure;<\/li>\r\n \t<li>le sorbant capture l\u2019eau quelle que soit sa temp\u00e9rature et sa forme;<\/li>\r\n \t<li>la machine s\u00e8che l\u2019huile sans chauffage et ne n\u00e9cessite pas de contr\u00f4le constant de l\u2019op\u00e9rateur;<\/li>\r\n \t<li>la machine peut \u00eatre install\u00e9e temporairement ou d\u00e9finitivement.<\/li>\r\n<\/ul>"},{"tab_title":"Application","tab_content":"[product_oil_types]"},{"tab_title":"Webinaire","tab_content":"<div class=\"responsive-embed widescreen\">\r\n<div class=\"responsive-embed widescreen\">\r\n<div class=\"responsive-embed widescreen\">\r\n<div class=\"responsive-embed widescreen\">\r\n<div class=\"responsive-embed widescreen\"><iframe title=\"Webinaire - S\u00e9chage continu de l'isolation des transformateurs en fonctionnement (12.05.22)\" src=\"https:\/\/www.youtube.com\/embed\/cKtLy58Gs1E?feature=oembed\" width=\"500\" height=\"281\" frameborder=\"0\" allowfullscreen=\"allowfullscreen\"><\/iframe><\/div>\r\n<\/div>\r\n<\/div>\r\n<\/div>\r\n<\/div>"}],"add_video_tab":[{"video_tab_title":"Vid\u00e9o","add_video_id":[{"video_id":"5VNJht_b9wQ"},{"video_id":"FAK19GENNgg"},{"video_id":"NinHfFbDA5M"}]}],"add_gallery_tab":[{"gallery_tab_title":"Photo ","add_img":[42486,42494,42502,42510]}],"add_price_tab":[{"price_tab_title":"Get a Quote"}]},"language":"fr","_links":{"self":[{"href":"https:\/\/globecore.com\/fr\/wp-json\/wp\/v2\/pages\/29795","targetHints":{"allow":["GET"]}}],"collection":[{"href":"https:\/\/globecore.com\/fr\/wp-json\/wp\/v2\/pages"}],"about":[{"href":"https:\/\/globecore.com\/fr\/wp-json\/wp\/v2\/types\/page"}],"author":[{"embeddable":true,"href":"https:\/\/globecore.com\/fr\/wp-json\/wp\/v2\/users\/7"}],"replies":[{"embeddable":true,"href":"https:\/\/globecore.com\/fr\/wp-json\/wp\/v2\/comments?post=29795"}],"version-history":[{"count":2,"href":"https:\/\/globecore.com\/fr\/wp-json\/wp\/v2\/pages\/29795\/revisions"}],"predecessor-version":[{"id":336184,"href":"https:\/\/globecore.com\/fr\/wp-json\/wp\/v2\/pages\/29795\/revisions\/336184"}],"up":[{"embeddable":true,"href":"https:\/\/globecore.com\/fr\/wp-json\/wp\/v2\/pages\/104887"}],"wp:featuredmedia":[{"embeddable":true,"href":"https:\/\/globecore.com\/fr\/wp-json\/wp\/v2\/media\/27618"}],"wp:attachment":[{"href":"https:\/\/globecore.com\/fr\/wp-json\/wp\/v2\/media?parent=29795"}],"wp:term":[{"taxonomy":"category","embeddable":true,"href":"https:\/\/globecore.com\/fr\/wp-json\/wp\/v2\/categories?post=29795"}],"curies":[{"name":"wp","href":"https:\/\/api.w.org\/{rel}","templated":true}]}}