{"id":29891,"date":"2018-12-19T12:34:35","date_gmt":"2018-12-19T12:34:35","guid":{"rendered":"https:\/\/globecore.com\/products\/zeolite-oil-drying-units\/zp-sorbent-cartridges\/"},"modified":"2026-04-20T12:40:21","modified_gmt":"2026-04-20T12:40:21","slug":"zp-sorbent-cartridges","status":"publish","type":"page","link":"https:\/\/globecore.com\/fr\/products\/sechage-dhuile-de-zeolite\/zp-sorbent-cartridges\/","title":{"rendered":"ZP-260 Cartouches absorbantes"},"content":{"rendered":"","protected":false},"excerpt":{"rendered":"<p>La station mobile d\u2019huile ZP-260 est con\u00e7ue pour la purification des huiles lubrifiantes et isolantes \u00e9lectriques, l\u2019\u00e9limination des impuret\u00e9s m\u00e9caniques et le s\u00e9chage des huiles avec une viscosit\u00e9 allant jusqu\u2019\u00e0 70\u202fcSt \u00e0 40\u202f\u00b0C. L\u2019unit\u00e9 utilise des cartouches de sorbant sp\u00e9cialement con\u00e7ues pour s\u00e9cher les huiles avec de la z\u00e9olite ou d\u2019autres adsorbants et dispose de trappes pour un chargement et un d\u00e9chargement rapides. Son d\u00e9bit est de 4\u202fm\u00b3\/h. Les cartouches peuvent \u00e9galement \u00eatre remplies avec des adsorbants alternatifs tels que terre de Fuller ou gel de silice, ce qui rend l\u2019unit\u00e9 adapt\u00e9e \u00e0 la r\u00e9g\u00e9n\u00e9ration des huiles et \u00e0 la r\u00e9duction de l\u2019acidit\u00e9. La ZP-260 est utilis\u00e9e lors de l\u2019assemblage, de la maintenance et de l\u2019exploitation d\u2019\u00e9quipements haute tension remplis d\u2019huile jusqu\u2019\u00e0 1.150\u202fkV, y compris les transformateurs de puissance, les interrupteurs haute tension et des dispositifs similaires.<\/p>\n","protected":false},"author":7,"featured_media":14038,"parent":15675,"menu_order":0,"comment_status":"closed","ping_status":"closed","template":"templates\/single-product.php","meta":{"_acf_changed":false,"_bbp_topic_count":0,"_bbp_reply_count":0,"_bbp_total_topic_count":0,"_bbp_total_reply_count":0,"_bbp_voice_count":0,"_bbp_anonymous_reply_count":0,"_bbp_topic_count_hidden":0,"_bbp_reply_count_hidden":0,"_bbp_forum_subforum_count":0,"footnotes":""},"categories":[1339],"class_list":["post-29891","page","type-page","status-publish","has-post-thumbnail","hentry","category-oil-maintenance-fr","oil_type-fluide-dielectrique-fr3","oil_type-fluide-dielectrique-midel-7131","oil_type-fluide-ignifuge-fyrquel","oil_type-huile-de-silicone","oil_type-huile-de-transmission","oil_type-huile-hydraulique","oil_type-huile-industrielle","oil_type-huile-pour-cables","oil_type-huile-pour-compresseur","oil_type-huile-pour-transformateur","oil_type-huile-pour-turbine","process_type-deshydratation","process_type-filtration-fr"],"acf":{"add_tab":[{"tab_title":"Description","tab_content":"Les cartouches sorbantes ZP-260 sont con\u00e7ues pour le s\u00e9chage des huiles de lubrification et d'isolation \u00e9lectrique par z\u00e9olite. ou d'autres adsorbants. L'unit\u00e9 est \u00e9quip\u00e9e de trappes pour un chargement et un d\u00e9chargement rapides du sorbant. Les cartouches de l'unit\u00e9 ZP-260 peuvent \u00eatre remplies non seulement avec de la z\u00e9olite, mais avec d'autres adsorbants, tels que de la <strong>Terre \u00e0 Foulon<\/strong> ou du <strong>Gel de Silice<\/strong>, ce qui rend l'unit\u00e9 adapt\u00e9e \u00e0 la r\u00e9g\u00e9n\u00e9ration de l'huile et \u00e0 la r\u00e9duction de l'acidit\u00e9."}],"add_def_tab":[{"tab_title":"Caract\u00e9ristiques","tab_content":"<table>\r\n<tbody>\r\n<tr>\r\n<td rowspan=\"2\"><strong>Param<\/strong><strong>\u00e8<\/strong><strong>t<\/strong><strong>re<\/strong><\/td>\r\n<td colspan=\"2\"><strong>Val<\/strong><strong>eur<\/strong><\/td>\r\n<\/tr>\r\n<tr>\r\n<td><strong>ZP-130<\/strong><\/td>\r\n<td><strong>ZP-260<\/strong><\/td>\r\n<\/tr>\r\n<tr>\r\n<td>D\u00e9bit, m3 \/ heure (gpm)<\/td>\r\n<td>2 (8.8)<\/td>\r\n<td>4 (17.6)<\/td>\r\n<\/tr>\r\n<tr>\r\n<td>Nombre de navires<\/td>\r\n<td>1<\/td>\r\n<td>2<\/td>\r\n<\/tr>\r\n<tr>\r\n<td>Volume total du r\u00e9cipient g\u00e9om\u00e9trique, litres (gallons)<\/td>\r\n<td>130 (34.34)<\/td>\r\n<td>260 (68.68)<\/td>\r\n<\/tr>\r\n<tr>\r\n<td>Huile classe de puret\u00e9 ISO 4406<\/td>\r\n<td>-\/14\/12<\/td>\r\n<td>-\/14\/12<\/td>\r\n<\/tr>\r\n<tr>\r\n<td>Mode d\u2019utilisation des cartouches<\/td>\r\n<td>Cons\u00e9cutif uniquement<\/td>\r\n<td>Parall\u00e8le ou cons\u00e9cutif<\/td>\r\n<\/tr>\r\n<tr>\r\n<td>Finesse de filtration, \u03bcm<\/td>\r\n<td>5 (1 optionelle)<\/td>\r\n<td>5 (1 optionelle)<\/td>\r\n<\/tr>\r\n<tr>\r\n<td>Temp\u00e9rature d\u2019entr\u00e9e d\u2019huile, max, \u00b0 \u0421 (\u00b0 F)<\/td>\r\n<td>40 (104)<\/td>\r\n<td>40 (104)<\/td>\r\n<\/tr>\r\n<tr>\r\n<td>Dimensions, mm (po)<\/td>\r\n<td><\/td>\r\n<td><\/td>\r\n<\/tr>\r\n<tr>\r\n<td>\u2013 longueur<\/td>\r\n<td>900 (35)<\/td>\r\n<td>1100 (43)<\/td>\r\n<\/tr>\r\n<tr>\r\n<td>\u2013 largeur<\/td>\r\n<td>760 (30)<\/td>\r\n<td>1000 (39)<\/td>\r\n<\/tr>\r\n<tr>\r\n<td>\u2013 hauteur<\/td>\r\n<td>2100 (83)<\/td>\r\n<td>2190 (79)<\/td>\r\n<\/tr>\r\n<tr>\r\n<td>Poids, kg (lbs)<\/td>\r\n<td>170 (375)<\/td>\r\n<td>570 (1260)<\/td>\r\n<\/tr>\r\n<\/tbody>\r\n<\/table>"},{"tab_title":"Avantages","tab_content":"<ul>\r\n \t<li>op\u00e9ration et entretien simples;<\/li>\r\n \t<li>prolongation de la dur\u00e9e de vie du p\u00e9trole;<\/li>\r\n \t<li>diverses configurations (fixes ou mobiles);<\/li>\r\n \t<li>r\u00e9g\u00e9n\u00e9ration du sorbant avec une unit\u00e9 BRZ-100 avec r\u00e9utilisation ult\u00e9rieure du sorbant pour le traitement du p\u00e9trole.<\/li>\r\n<\/ul>"},{"tab_title":"Application","tab_content":"[product_oil_types]"},{"tab_title":"Webinaire","tab_content":"<div class=\"responsive-embed widescreen\">\r\n<div class=\"responsive-embed widescreen\">\r\n<div class=\"responsive-embed widescreen\">\r\n<div class=\"responsive-embed widescreen\">\r\n<div class=\"responsive-embed widescreen\">\r\n<div class=\"responsive-embed widescreen\"><iframe title=\"Maintenance du transformateur\" src=\"https:\/\/www.youtube.com\/embed\/wrpThx7GLbw?feature=oembed\" width=\"500\" height=\"281\" frameborder=\"0\" allowfullscreen=\"allowfullscreen\"><\/iframe><\/div>\r\n<\/div>\r\n<\/div>\r\n<\/div>\r\n<\/div>\r\n<\/div>"}],"add_video_tab":[{"video_tab_title":"Vid\u00e9o","add_video_id":[{"video_id":"YM60LMV6BKw"},{"video_id":"FAK19GENNgg"}]}],"add_gallery_tab":null,"add_price_tab":[{"price_tab_title":"Get a Quote"}]},"language":"fr","_links":{"self":[{"href":"https:\/\/globecore.com\/fr\/wp-json\/wp\/v2\/pages\/29891","targetHints":{"allow":["GET"]}}],"collection":[{"href":"https:\/\/globecore.com\/fr\/wp-json\/wp\/v2\/pages"}],"about":[{"href":"https:\/\/globecore.com\/fr\/wp-json\/wp\/v2\/types\/page"}],"author":[{"embeddable":true,"href":"https:\/\/globecore.com\/fr\/wp-json\/wp\/v2\/users\/7"}],"replies":[{"embeddable":true,"href":"https:\/\/globecore.com\/fr\/wp-json\/wp\/v2\/comments?post=29891"}],"version-history":[{"count":2,"href":"https:\/\/globecore.com\/fr\/wp-json\/wp\/v2\/pages\/29891\/revisions"}],"predecessor-version":[{"id":343057,"href":"https:\/\/globecore.com\/fr\/wp-json\/wp\/v2\/pages\/29891\/revisions\/343057"}],"up":[{"embeddable":true,"href":"https:\/\/globecore.com\/fr\/wp-json\/wp\/v2\/pages\/15675"}],"wp:featuredmedia":[{"embeddable":true,"href":"https:\/\/globecore.com\/fr\/wp-json\/wp\/v2\/media\/14038"}],"wp:attachment":[{"href":"https:\/\/globecore.com\/fr\/wp-json\/wp\/v2\/media?parent=29891"}],"wp:term":[{"taxonomy":"category","embeddable":true,"href":"https:\/\/globecore.com\/fr\/wp-json\/wp\/v2\/categories?post=29891"}],"curies":[{"name":"wp","href":"https:\/\/api.w.org\/{rel}","templated":true}]}}