{"id":32163,"date":"2020-11-23T13:42:09","date_gmt":"2020-11-23T13:42:09","guid":{"rendered":"https:\/\/globecore.com\/products\/instruments\/insulation-fluid-dielectric-strength-measurement-tor-80\/"},"modified":"2026-03-06T13:53:03","modified_gmt":"2026-03-06T13:53:03","slug":"insulation-fluid-dielectric-strength-measurement-tor-80","status":"publish","type":"page","link":"https:\/\/globecore.com\/fr\/products\/appareils-de-mesure\/insulation-fluid-dielectric-strength-measurement-tor-80\/","title":{"rendered":"TOR-80 (TOR-80 LSL) Testeur de tension de claquage"},"content":{"rendered":"","protected":false},"excerpt":{"rendered":"<p>L\u2019unit\u00e9 TOR-80 est con\u00e7ue pour la mesure automatis\u00e9e et pr\u00e9cise de la rigidit\u00e9 di\u00e9lectrique (tension de claquage jusqu\u2019\u00e0 80\u202fkV) de l\u2019huile de transformateur et d\u2019autres fluides di\u00e9lectriques selon IEC 60156, ASTM D877 et ASTM D1816. Elle peut fonctionner de mani\u00e8re autonome ou en r\u00e9seau, transf\u00e9rant les r\u00e9sultats vers un PC pour cr\u00e9er une base de donn\u00e9es locale, g\u00e9n\u00e9rer des rapports, tracer des graphiques et imprimer les r\u00e9sultats. L\u2019appareil est enti\u00e8rement automatique et permet les tests selon les proc\u00e9dures standard ainsi que selon des proc\u00e9dures personnalis\u00e9es d\u00e9finies par l\u2019utilisateur.<\/p>\n","protected":false},"author":7,"featured_media":101409,"parent":32160,"menu_order":0,"comment_status":"closed","ping_status":"closed","template":"templates\/single-product.php","meta":{"_acf_changed":false,"_bbp_topic_count":0,"_bbp_reply_count":0,"_bbp_total_topic_count":0,"_bbp_total_reply_count":0,"_bbp_voice_count":0,"_bbp_anonymous_reply_count":0,"_bbp_topic_count_hidden":0,"_bbp_reply_count_hidden":0,"_bbp_forum_subforum_count":0,"footnotes":""},"categories":[1632],"class_list":["post-32163","page","type-page","status-publish","has-post-thumbnail","hentry","category-appareils-de-mesure","oil_type-fluide-dielectrique-fr3","oil_type-fluide-dielectrique-midel-7131","oil_type-huile-de-silicone","oil_type-huile-pour-transformateur","process_type-test-de-tension-de-claquage"],"acf":{"add_tab":[{"tab_title":"Description","tab_content":"<p style=\"text-align: justify;\">Le dispositif TOR-80 (TOR-80 LSL) est con\u00e7u pour d\u00e9terminer la tension de claquage de l'huile de transformateur et d'autres liquides di\u00e9lectriques conform\u00e9ment aux normes IEC 60156, ASTM D877, ASTM D1816.<\/p>\r\n<p style=\"text-align: justify;\">Il s'agit d'un appareil enti\u00e8rement automatique qui permet d'effectuer des tests selon les proc\u00e9dures sp\u00e9cifi\u00e9es dans ces normes, ainsi que selon les proc\u00e9dures utilisateur sp\u00e9cifi\u00e9es dans la section appropri\u00e9e du menu de configuration.<\/p>\r\n\r\n<h2 style=\"text-align: center;\">PRINCIPE DE L'OP\u00c9RATION<\/h2>\r\n<p style=\"text-align: justify;\">Le noyau de travail de l'appareil est un transformateur haute tension et des modules \u00e9lectroniques. Le principe de fonctionnement du dispositif consiste en une \u00e9l\u00e9vation progressive de la tension sur l'enroulement secondaire d'un transformateur haute tension de z\u00e9ro \u00e0 une valeur maximale, ou \u00e0 une valeur \u00e0 laquelle se produit un claquage du di\u00e9lectrique liquide vers\u00e9 dans la cellule de mesure install\u00e9e sur les contacts haute tension du transformateur.<\/p>\r\n<p style=\"text-align: justify;\">L'\u00e9l\u00e9vation de tension sur l'enroulement secondaire du transformateur se produit en raison d'une augmentation progressive de la tension sur l'enroulement primaire lorsqu'une tension sinuso\u00efdale lui est appliqu\u00e9e \u00e0 partir d'un onduleur ma\u00eetre contr\u00f4l\u00e9, qui est l'un des modules \u00e9lectroniques.<\/p>\r\n<p style=\"text-align: justify;\">L'\u00e9l\u00e9vation de tension est contr\u00f4l\u00e9e par un microcontr\u00f4leur, qui contr\u00f4le le fonctionnement de l'onduleur ma\u00eetre. L'onduleur ma\u00eetre contr\u00f4l\u00e9 fonctionne sur les commandes du module de commande de l'installation.<\/p>\r\n<p style=\"text-align: justify;\">Pendant le fonctionnement du dispositif, une haute tension alternative (50 \u00e0 60 Hz) provenant des contacts de l'enroulement secondaire \u00e0 travers les \u00e9lectrodes de cellule est fournie au di\u00e9lectrique liquide \u00e9tudi\u00e9 vers\u00e9 dans la coupelle de cellule. La panne se produit entre les \u00e9lectrodes de la cellule \u00e0 travers l'espace rempli d'un di\u00e9lectrique liquide.<\/p>"}],"add_def_tab":[{"tab_title":"Caract\u00e9ristiques","tab_content":"<table width=\"602\">\r\n<tbody>\r\n<tr>\r\n<td width=\"52\"><strong>\u2116<\/strong><\/td>\r\n<td style=\"text-align: center;\" width=\"349\"><strong>D\u00e9signation<\/strong><\/td>\r\n<td style=\"text-align: center;\" width=\"201\"><strong>Valeur<\/strong><\/td>\r\n<\/tr>\r\n<tr>\r\n<td width=\"52\">1<\/td>\r\n<td style=\"text-align: left;\" width=\"349\">Tension de fonctionnement du courant alternatif (batterie interne rechargeable), V<\/td>\r\n<td style=\"text-align: center;\" width=\"201\">85 \u2013 264<\/td>\r\n<\/tr>\r\n<tr>\r\n<td width=\"52\">2<\/td>\r\n<td style=\"text-align: left;\" width=\"349\">Fr\u00e9quence d\u2019alimentation, Hz<\/td>\r\n<td style=\"text-align: center;\" width=\"201\">48 \u2013 63<\/td>\r\n<\/tr>\r\n<tr>\r\n<td width=\"52\">3<\/td>\r\n<td style=\"text-align: left;\" width=\"349\">Consommation d\u2019\u00e9nergie, VA<\/td>\r\n<td style=\"text-align: center;\" width=\"201\">Pas plus de 250<\/td>\r\n<\/tr>\r\n<tr>\r\n<td width=\"52\">3<\/td>\r\n<td style=\"text-align: left;\" width=\"349\">Tension de sortie maximale, kV<\/td>\r\n<td style=\"text-align: center;\" width=\"201\">Sinuso\u00efdal, jusqu\u2019\u00e0 80 kV rms.<\/td>\r\n<\/tr>\r\n<tr>\r\n<td width=\"52\">4<\/td>\r\n<td style=\"text-align: left;\" width=\"349\">Erreur de mesure de tension de sortie<\/td>\r\n<td style=\"text-align: center;\" width=\"201\">\u00b11 %<\/td>\r\n<\/tr>\r\n<tr>\r\n<td width=\"52\">5<\/td>\r\n<td style=\"text-align: left;\" width=\"349\">Vitesse de mont\u00e9e de tension, kV \/ s<\/td>\r\n<td style=\"text-align: center;\" width=\"201\">de 0,5 \u00e0 10 *<\/td>\r\n<\/tr>\r\n<tr>\r\n<td width=\"52\">6<\/td>\r\n<td style=\"text-align: left;\" width=\"349\">R\u00e9solution d\u2019affichage de la tension de sortie, V<\/td>\r\n<td style=\"text-align: center;\" width=\"201\">100<\/td>\r\n<\/tr>\r\n<tr>\r\n<td width=\"52\">7<\/td>\r\n<td style=\"text-align: left;\" width=\"349\">Temps d\u2019arr\u00eat haute tension apr\u00e8s panne, \u03bcs<\/td>\r\n<td width=\"201\">\r\n<p style=\"text-align: center;\">10 maximum,<\/p>\r\n<p style=\"text-align: center;\">4 typique<\/p>\r\n<\/td>\r\n<\/tr>\r\n<tr>\r\n<td width=\"52\">8<\/td>\r\n<td style=\"text-align: left;\" width=\"349\">Mesure du volume de la cellule, cm<sup>3<\/sup><\/td>\r\n<td style=\"text-align: center;\" width=\"201\">500<\/td>\r\n<\/tr>\r\n<tr>\r\n<td width=\"52\">9<\/td>\r\n<td style=\"text-align: left;\" width=\"349\">Plage de mesure de la temp\u00e9rature ambiante, \u00b0 \u0421<\/td>\r\n<td style=\"text-align: center;\" width=\"201\">0 \u2013 100<\/td>\r\n<\/tr>\r\n<tr>\r\n<td width=\"52\">10<\/td>\r\n<td style=\"text-align: left;\" width=\"349\">R\u00e9solution de la mesure de la temp\u00e9rature, \u00b0 \u0421<\/td>\r\n<td style=\"text-align: center;\" width=\"201\">0,1<\/td>\r\n<\/tr>\r\n<tr>\r\n<td width=\"52\">11<\/td>\r\n<td style=\"text-align: left;\" width=\"349\">Imprimante int\u00e9gr\u00e9e<\/td>\r\n<td style=\"text-align: center;\" width=\"201\">oui<\/td>\r\n<\/tr>\r\n<tr>\r\n<td width=\"52\">12<\/td>\r\n<td style=\"text-align: left;\" width=\"349\">Temp\u00e9rature de travail, \u00b0 \u0421<\/td>\r\n<td style=\"text-align: center;\" width=\"201\">0 \u2013 50<\/td>\r\n<\/tr>\r\n<tr>\r\n<td width=\"52\">13<\/td>\r\n<td style=\"text-align: left;\" width=\"349\">Temp\u00e9rature de stockage, \u00b0 \u0421<\/td>\r\n<td style=\"text-align: center;\" width=\"201\">De \u2013 20 \u00e0 + 60<\/td>\r\n<\/tr>\r\n<tr>\r\n<td width=\"52\">14<\/td>\r\n<td style=\"text-align: left;\" width=\"349\">Humidit\u00e9 relative,%<\/td>\r\n<td style=\"text-align: center;\" width=\"201\">Jusqu\u2019\u00e0 90 sans condensation<\/td>\r\n<\/tr>\r\n<tr>\r\n<td width=\"52\">15<\/td>\r\n<td style=\"text-align: left;\" width=\"349\">Dimensions , mm<\/td>\r\n<td style=\"text-align: center;\" width=\"201\">510\u0425300\u0425334<\/td>\r\n<\/tr>\r\n<tr>\r\n<td width=\"52\">16<\/td>\r\n<td style=\"text-align: left;\" width=\"349\">Poids, kg, pas plus<\/td>\r\n<td style=\"text-align: center;\" width=\"201\">30<\/td>\r\n<\/tr>\r\n<tr>\r\n<td width=\"52\">17<\/td>\r\n<td style=\"text-align: left;\" width=\"349\">Poids avec batterie interne, kg, pas plus<\/td>\r\n<td style=\"text-align: center;\" width=\"201\">35<\/td>\r\n<\/tr>\r\n<\/tbody>\r\n<\/table>\r\n* \u2013 modifiable."},{"tab_title":"Avantages","tab_content":"<ul>\r\n \t<li style=\"text-align: justify;\">Mesure automatis\u00e9e et pr\u00e9cise de la tension de claquage jusqu\u2019\u00e0 80 kV;<\/li>\r\n \t<li style=\"text-align: justify;\">Coupure instantan\u00e9e (4 \u03bcs) de la tension d\u2019essai en cas de panne;<\/li>\r\n \t<li style=\"text-align: justify;\">Peut travailler de mani\u00e8re autonome ou en r\u00e9seau avec le transfert des r\u00e9sultats vers un PC, la cr\u00e9ation d\u2019une base de donn\u00e9es locale, la g\u00e9n\u00e9ration de rapports, la cr\u00e9ation de graphiques et l\u2019impression des r\u00e9sultats;<\/li>\r\n \t<li style=\"text-align: justify;\">il existe un logiciel pour la mise en \u0153uvre de proc\u00e9dures de mesure standard et personnalis\u00e9es \u2013 l\u2019appareil peut \u00eatre utilis\u00e9 \u00e0 des fins de recherche;<\/li>\r\n \t<li style=\"text-align: justify;\">simple et facile \u00e0 utiliser et \u00e0 entretenir.<\/li>\r\n<\/ul>"},{"tab_title":"Application","tab_content":"[product_oil_types]"},{"tab_title":"Webinaire","tab_content":"<div class=\"responsive-embed widescreen\">\r\n<div class=\"responsive-embed widescreen\">\r\n<div class=\"responsive-embed widescreen\">\r\n<div class=\"responsive-embed widescreen\">\r\n<div class=\"responsive-embed widescreen\">\r\n<div class=\"responsive-embed widescreen\"><iframe title=\"Test de tension de claquage en ligne\" src=\"https:\/\/www.youtube.com\/embed\/ZBOiVTrG9BE?feature=oembed\" width=\"500\" height=\"281\" frameborder=\"0\" allowfullscreen=\"allowfullscreen\"><\/iframe><\/div>\r\n<\/div>\r\n<\/div>\r\n<\/div>\r\n<\/div>\r\n<\/div>"}],"add_video_tab":[{"video_tab_title":"Vid\u00e9o","add_video_id":[{"video_id":"bQ46GoNioQo"},{"video_id":"5js-MF8650k"},{"video_id":"ddMQAZKiNY8"}]}],"add_gallery_tab":[{"gallery_tab_title":"Photo","add_img":[41372,41364]}],"add_price_tab":[{"price_tab_title":"\u00c9crire un message"}]},"language":"fr","_links":{"self":[{"href":"https:\/\/globecore.com\/fr\/wp-json\/wp\/v2\/pages\/32163","targetHints":{"allow":["GET"]}}],"collection":[{"href":"https:\/\/globecore.com\/fr\/wp-json\/wp\/v2\/pages"}],"about":[{"href":"https:\/\/globecore.com\/fr\/wp-json\/wp\/v2\/types\/page"}],"author":[{"embeddable":true,"href":"https:\/\/globecore.com\/fr\/wp-json\/wp\/v2\/users\/7"}],"replies":[{"embeddable":true,"href":"https:\/\/globecore.com\/fr\/wp-json\/wp\/v2\/comments?post=32163"}],"version-history":[{"count":3,"href":"https:\/\/globecore.com\/fr\/wp-json\/wp\/v2\/pages\/32163\/revisions"}],"predecessor-version":[{"id":336213,"href":"https:\/\/globecore.com\/fr\/wp-json\/wp\/v2\/pages\/32163\/revisions\/336213"}],"up":[{"embeddable":true,"href":"https:\/\/globecore.com\/fr\/wp-json\/wp\/v2\/pages\/32160"}],"wp:featuredmedia":[{"embeddable":true,"href":"https:\/\/globecore.com\/fr\/wp-json\/wp\/v2\/media\/101409"}],"wp:attachment":[{"href":"https:\/\/globecore.com\/fr\/wp-json\/wp\/v2\/media?parent=32163"}],"wp:term":[{"taxonomy":"category","embeddable":true,"href":"https:\/\/globecore.com\/fr\/wp-json\/wp\/v2\/categories?post=32163"}],"curies":[{"name":"wp","href":"https:\/\/api.w.org\/{rel}","templated":true}]}}