{"id":321786,"date":"2025-07-21T10:26:14","date_gmt":"2025-07-21T10:26:14","guid":{"rendered":"https:\/\/globecore.com\/products\/degazage-a-lhuile\/cmm-17-oil-degassing-plant\/"},"modified":"2026-03-06T07:40:22","modified_gmt":"2026-03-06T07:40:22","slug":"cmm-15-oil-degassing-plant","status":"publish","type":"page","link":"https:\/\/globecore.com\/fr\/products\/degazage-a-lhuile\/cmm-15-oil-degassing-plant\/","title":{"rendered":"CMM-15 Unit\u00e9 de d\u00e9gazage d\u2019huile"},"content":{"rendered":"","protected":false},"excerpt":{"rendered":"<p>L\u2019installation CMM-15 est con\u00e7ue pour le d\u00e9gazage, l\u2019\u00e9limination des solides et le chauffage de l\u2019huile pour les transformateurs de puissance jusqu\u2019\u00e0 1.150\u202fkV. L\u2019unit\u00e9 a une capacit\u00e9 de traitement de 15.000 litres par heure. Elle est construite comme un syst\u00e8me autonome, avec tous les composants et ensembles op\u00e9rationnels prot\u00e9g\u00e9s par des panneaux m\u00e9talliques et \u00e9quip\u00e9e de portes lat\u00e9rales et arri\u00e8re \u00e0 ressorts \u00e0 gaz pour un acc\u00e8s facile.<\/p>\n","protected":false},"author":7,"featured_media":321788,"parent":15380,"menu_order":0,"comment_status":"closed","ping_status":"closed","template":"templates\/single-product.php","meta":{"_acf_changed":false,"_bbp_topic_count":0,"_bbp_reply_count":0,"_bbp_total_topic_count":0,"_bbp_total_reply_count":0,"_bbp_voice_count":0,"_bbp_anonymous_reply_count":0,"_bbp_topic_count_hidden":0,"_bbp_reply_count_hidden":0,"_bbp_forum_subforum_count":0,"footnotes":""},"categories":[1339],"class_list":["post-321786","page","type-page","status-publish","has-post-thumbnail","hentry","category-oil-maintenance-fr","oil_type-fluide-dielectrique-fr3","oil_type-fluide-dielectrique-midel-7131","oil_type-fluide-ignifuge-fyrquel","oil_type-huile-de-silicone","oil_type-huile-pour-transformateur","oil_type-huile-shell-diala","process_type-degazage","process_type-deshydratation","process_type-filtration-fr"],"acf":{"add_tab":[{"tab_title":"Description","tab_content":"<p style=\"text-align: justify;\">L\u2019unit\u00e9 CMM-15 est con\u00e7ue pour le d\u00e9gazage, l\u2019\u00e9limination des solides et le chauffage de l\u2019huile destin\u00e9e aux transformateurs de puissance jusqu\u2019\u00e0 une tension de 1 150 kV. La capacit\u00e9 de traitement de la machine est de 15 000 litres par heure.<\/p>\r\n<p style=\"text-align: justify;\">L\u2019unit\u00e9 CMM-15 est construite comme une unit\u00e9 autonome avec tous les composants et ensembles op\u00e9rationnels prot\u00e9g\u00e9s par des panneaux m\u00e9talliques et des portes \u00e0 ouverture facile, \u00e9quip\u00e9es de ressorts \u00e0 gaz, situ\u00e9es sur les c\u00f4t\u00e9s et \u00e0 l\u2019arri\u00e8re de l\u2019unit\u00e9.<\/p>\r\n<p style=\"text-align: justify;\">L\u2019unit\u00e9 comprend une chambre \u00e0 vide, des pompes d\u2019huile d\u2019entr\u00e9e et de sortie, des filtres grossiers et fins, un pi\u00e8ge \u00e0 huile, un chauffe-huile, des conduites avec vannes, une section pompe \u00e0 vide et une armoire de commande.<\/p>"}],"add_def_tab":[{"tab_title":"Caract\u00e9ristiques","tab_content":"<table width=\"auto\">\r\n<tbody>\r\n<tr>\r\n<td width=\"29\"><strong>\u2116<\/strong><\/td>\r\n<td width=\"401\">\r\n<p style=\"text-align: center;\"><strong>Param\u00e8tre<\/strong><\/p>\r\n<\/td>\r\n<td width=\"214\">\r\n<p style=\"text-align: center;\"><strong>Valeur<\/strong><\/p>\r\n<\/td>\r\n<\/tr>\r\n<tr>\r\n<td width=\"29\">1<\/td>\r\n<td width=\"401\">Capacit\u00e9 (mode d\u00e9gazage, s\u00e9chage et filtration), m<sup>3<\/sup>\/heure (gpm)<\/td>\r\n<td width=\"214\">\r\n<p style=\"text-align: center;\">15 (66)<\/p>\r\n<\/td>\r\n<\/tr>\r\n<tr>\r\n<td width=\"29\">2<\/td>\r\n<td width=\"401\">Capacit\u00e9 (mode chauffage et filtration), m<sup>3<\/sup>\/heure (gpm)<\/td>\r\n<td width=\"214\">\r\n<p style=\"text-align: center;\">17 (74,84)<\/p>\r\n<\/td>\r\n<\/tr>\r\n<tr>\r\n<td width=\"29\">3<\/td>\r\n<td width=\"401\">Param\u00e8tres de l\u2019huile trait\u00e9e*:\r\n<ul>\r\n \t<li>teneur volum\u00e9trique en gaz %, max<\/li>\r\n \t<li>teneur en humidit\u00e9 massique, ppm, max<\/li>\r\n \t<li>finesse de filtration, micron<\/li>\r\n<\/ul>\r\n<\/td>\r\n<td width=\"214\">\r\n<p style=\"text-align: center;\">0,1<\/p>\r\n<p style=\"text-align: center;\">10 ppm ou 5 ppm ou 5 ppm+ (optionnel)<\/p>\r\n<p style=\"text-align: center;\">1<\/p>\r\n<\/td>\r\n<\/tr>\r\n<tr>\r\n<td width=\"29\">4<\/td>\r\n<td width=\"401\">Temp\u00e9rature de sortie de l\u2019huile en mode chauffage, \u00ba\u0421 (\u00baF)<\/td>\r\n<td width=\"214\">\r\n<p style=\"text-align: center;\">90 (194)<\/p>\r\n<\/td>\r\n<\/tr>\r\n<tr>\r\n<td width=\"29\">5<\/td>\r\n<td width=\"401\">Pression de sortie, MPa (psi)<\/td>\r\n<td width=\"214\">\r\n<p style=\"text-align: center;\">0,58 (0,4)<\/p>\r\n<\/td>\r\n<\/tr>\r\n<tr>\r\n<td width=\"29\">6<\/td>\r\n<td width=\"401\">Puissance maximale, kW<\/td>\r\n<td width=\"214\">\r\n<p style=\"text-align: center;\">205<\/p>\r\n<\/td>\r\n<\/tr>\r\n<tr>\r\n<td width=\"29\">7<\/td>\r\n<td width=\"401\">Pression r\u00e9siduelle dans la chambre \u00e0 vide pendant le d\u00e9gazage, Pa (psi)<\/td>\r\n<td width=\"214\">\r\n<p style=\"text-align: center;\">267 (0,039)<\/p>\r\n<\/td>\r\n<\/tr>\r\n<tr>\r\n<td width=\"29\">8<\/td>\r\n<td width=\"401\">Pression r\u00e9siduelle dans la chambre \u00e0 vide lors du test d\u2019\u00e9tanch\u00e9it\u00e9 \u00e0 l\u2019air, Pa (psi)<\/td>\r\n<td width=\"214\">\r\n<p style=\"text-align: center;\">26,7 (0,0039)<\/p>\r\n<\/td>\r\n<\/tr>\r\n<tr>\r\n<td width=\"29\">9<\/td>\r\n<td width=\"401\">Param\u00e8tres d\u2019alimentation \u00e9lectrique<\/td>\r\n<td width=\"214\">\r\n<p style=\"text-align: center;\">Toutes options selon la demande du client<\/p>\r\n<\/td>\r\n<\/tr>\r\n<tr>\r\n<td width=\"29\">10<\/td>\r\n<td width=\"401\">Dimensions, mm (pouces)<\/td>\r\n<td width=\"214\"><\/td>\r\n<\/tr>\r\n<tr>\r\n<td width=\"29\"><\/td>\r\n<td width=\"401\">\u2013 longueur<\/td>\r\n<td width=\"214\">\r\n<p style=\"text-align: center;\">4 365 (172)<\/p>\r\n<\/td>\r\n<\/tr>\r\n<tr>\r\n<td width=\"29\"><\/td>\r\n<td width=\"401\">\u2013 hauteur<\/td>\r\n<td width=\"214\">\r\n<p style=\"text-align: center;\">2 270 (89)<\/p>\r\n<\/td>\r\n<\/tr>\r\n<tr>\r\n<td width=\"29\"><\/td>\r\n<td width=\"401\">\u2013 largeur<\/td>\r\n<td width=\"214\">\r\n<p style=\"text-align: center;\">2 300 (91)<\/p>\r\n<\/td>\r\n<\/tr>\r\n<tr>\r\n<td width=\"29\">11<\/td>\r\n<td width=\"401\">Poids, kg (lbs)<\/td>\r\n<td width=\"214\">\r\n<p style=\"text-align: center;\">3 100 (6 834)<\/p>\r\n<\/td>\r\n<\/tr>\r\n<\/tbody>\r\n<\/table>\r\n<strong>Note :<\/strong> * param\u00e8tres initiaux de l\u2019huile :\r\n<ul>\r\n \t<li>teneur volum\u00e9trique en gaz \u2013 inf\u00e9rieure \u00e0 5 % ;<\/li>\r\n \t<li>teneur en humidit\u00e9 massique \u2013 inf\u00e9rieure \u00e0 0,1 % (100 g\/tonne) ;<\/li>\r\n \t<li>temp\u00e9rature \u2013 sup\u00e9rieure \u00e0 0 \u00ba\u0421 \/ 32 \u00baF.<\/li>\r\n<\/ul>\r\n**Tout l\u2019\u00e9quipement vendu aux \u00c9tats-Unis est con\u00e7u pour fonctionner sous alimentation \u00e9lectrique 60 Hz."},{"tab_title":"Advantages","tab_content":"<ul>\r\n \t<li style=\"text-align: justify;\">polyvalence ;<\/li>\r\n \t<li style=\"text-align: justify;\">pas besoin d\u2019utiliser des adsorbants pour le s\u00e9chage de l\u2019huile de transformateur ;<\/li>\r\n \t<li style=\"text-align: justify;\">aucune pollution de l\u2019air et aucun flux de d\u00e9chets \u00e0 \u00e9liminer ou \u00e0 stocker ;<\/li>\r\n \t<li style=\"text-align: justify;\">fonctionnement et entretien simples ;<\/li>\r\n \t<li style=\"text-align: justify;\">meilleure qualit\u00e9 d\u2019huile m\u00eame apr\u00e8s un cycle de traitement ;<\/li>\r\n \t<li style=\"text-align: justify;\">faible consommation d\u2019\u00e9nergie ;<\/li>\r\n \t<li style=\"text-align: justify;\">niveaux sonores faibles.<\/li>\r\n<\/ul>"},{"tab_title":"Webinaire","tab_content":"<div class=\"responsive-embed widescreen\"><iframe title=\"Maintenance du transformateur\" src=\"https:\/\/www.youtube.com\/embed\/wrpThx7GLbw?feature=oembed\" width=\"500\" height=\"281\" frameborder=\"0\" allowfullscreen=\"allowfullscreen\"><\/iframe><\/div>"}],"add_video_tab":[{"video_tab_title":"Vid\u00e9o","add_video_id":[{"video_id":"yBO74dHrrv4"},{"video_id":"0SCWQhhH51w"},{"video_id":"LwSCaXa7x8U"}]}],"add_gallery_tab":null,"add_price_tab":null},"language":"fr","_links":{"self":[{"href":"https:\/\/globecore.com\/fr\/wp-json\/wp\/v2\/pages\/321786","targetHints":{"allow":["GET"]}}],"collection":[{"href":"https:\/\/globecore.com\/fr\/wp-json\/wp\/v2\/pages"}],"about":[{"href":"https:\/\/globecore.com\/fr\/wp-json\/wp\/v2\/types\/page"}],"author":[{"embeddable":true,"href":"https:\/\/globecore.com\/fr\/wp-json\/wp\/v2\/users\/7"}],"replies":[{"embeddable":true,"href":"https:\/\/globecore.com\/fr\/wp-json\/wp\/v2\/comments?post=321786"}],"version-history":[{"count":2,"href":"https:\/\/globecore.com\/fr\/wp-json\/wp\/v2\/pages\/321786\/revisions"}],"predecessor-version":[{"id":336047,"href":"https:\/\/globecore.com\/fr\/wp-json\/wp\/v2\/pages\/321786\/revisions\/336047"}],"up":[{"embeddable":true,"href":"https:\/\/globecore.com\/fr\/wp-json\/wp\/v2\/pages\/15380"}],"wp:featuredmedia":[{"embeddable":true,"href":"https:\/\/globecore.com\/fr\/wp-json\/wp\/v2\/media\/321788"}],"wp:attachment":[{"href":"https:\/\/globecore.com\/fr\/wp-json\/wp\/v2\/media?parent=321786"}],"wp:term":[{"taxonomy":"category","embeddable":true,"href":"https:\/\/globecore.com\/fr\/wp-json\/wp\/v2\/categories?post=321786"}],"curies":[{"name":"wp","href":"https:\/\/api.w.org\/{rel}","templated":true}]}}