{"id":32264,"date":"2020-11-24T14:44:52","date_gmt":"2020-11-24T14:44:52","guid":{"rendered":"https:\/\/globecore.com\/products\/instruments\/liquid-insulation-dissipation-factor-and-dielectric-factor-measurement-unit-tiar\/"},"modified":"2026-03-06T13:28:21","modified_gmt":"2026-03-06T13:28:21","slug":"liquid-insulation-dissipation-factor-and-dielectric-factor-measurement-unit-tiar","status":"publish","type":"page","link":"https:\/\/globecore.com\/fr\/products\/appareils-de-mesure\/liquid-insulation-dissipation-factor-and-dielectric-factor-measurement-unit-tiar\/","title":{"rendered":"TOR-3 (TOR-3 LSL) Tangente delta testeur"},"content":{"rendered":"","protected":false},"excerpt":{"rendered":"<p>Le TOR-3 est con\u00e7u pour d\u00e9terminer le facteur de perte di\u00e9lectrique, la r\u00e9sistivit\u00e9 sp\u00e9cifique et la permittivit\u00e9 des huiles de transformateur et autres fluides di\u00e9lectriques, conform\u00e9ment \u00e0 IEC 60247-2004-02 (VDE-0380-2:2005_01), ASTM D924-08 et ASTM D1169-02. C\u2019est un appareil enti\u00e8rement automatique, permettant des tests selon les normes sp\u00e9cifi\u00e9es ou des proc\u00e9dures d\u00e9finies par l\u2019utilisateur. Le processus de mesure est contr\u00f4l\u00e9 par ordinateur, avec la possibilit\u00e9 de sauvegarder et d\u2019imprimer les r\u00e9sultats. L\u2019unit\u00e9 peut \u00e9galement \u00eatre \u00e9quip\u00e9e du logiciel Tangent Service, permettant de visualiser les r\u00e9sultats en ligne et d\u2019acc\u00e9der aux mesures archiv\u00e9es sous forme graphique ou num\u00e9rique.<\/p>\n","protected":false},"author":7,"featured_media":40562,"parent":32160,"menu_order":0,"comment_status":"closed","ping_status":"closed","template":"templates\/single-product.php","meta":{"_acf_changed":false,"_bbp_topic_count":0,"_bbp_reply_count":0,"_bbp_total_topic_count":0,"_bbp_total_reply_count":0,"_bbp_voice_count":0,"_bbp_anonymous_reply_count":0,"_bbp_topic_count_hidden":0,"_bbp_reply_count_hidden":0,"_bbp_forum_subforum_count":0,"footnotes":""},"categories":[1632],"class_list":["post-32264","page","type-page","status-publish","has-post-thumbnail","hentry","category-appareils-de-mesure","oil_type-fluide-dielectrique-fr3","oil_type-fluide-dielectrique-midel-7131","oil_type-huile-de-silicone","oil_type-huile-pour-transformateur","process_type-test-de-permittivite","process_type-test-de-resistivite-specifique","process_type-test-tan-delta-fr"],"acf":{"add_tab":[{"tab_title":"D\u00e9signation","tab_content":"<p style=\"text-align: justify;\">Le dispositif TOR-3 (TOR-3 LSL) est con\u00e7u pour d\u00e9terminer la tangente de l'angle de perte di\u00e9lectrique, la r\u00e9sistivit\u00e9 sp\u00e9cifique et la constante di\u00e9lectrique de l'huile de transformateur et d'autres di\u00e9lectriques liquides conform\u00e9ment \u00e0 la norme IEC 60247-2004-02 (VDE-0380-2:2005_01), ASTM D924-08, ASTM D1169-02.<\/p>\r\n<p style=\"text-align: justify;\">Il s'agit d'un appareil enti\u00e8rement automatique qui permet d'effectuer des tests selon les proc\u00e9dures sp\u00e9cifi\u00e9es dans ces normes, ainsi que selon les proc\u00e9dures utilisateur sp\u00e9cifi\u00e9es dans la section appropri\u00e9e du menu de configuration.<\/p>\r\n\r\n<h2 style=\"text-align: center;\">PRINCIPE DE FONCTIONNEMENT<\/h2>\r\n<p style=\"text-align: justify;\">Le principe de fonctionnement de l'appareil est bas\u00e9 sur la mesure de la diff\u00e9rence d'amplitudes et de phases des signaux obtenus lorsqu'une tension sinuso\u00efdale de test d'une valeur efficace jusqu'\u00e0 2 kV est appliqu\u00e9e simultan\u00e9ment \u00e0 un condensateur de r\u00e9f\u00e9rence et \u00e0 un objet de mesure, qui est la cellule de mesure de l'installation.<\/p>\r\n<p style=\"text-align: justify;\">La diff\u00e9rence entre les amplitudes des signaux pr\u00e9lev\u00e9s sur le condensateur de r\u00e9f\u00e9rence et l'\u00e9lectrode interne de la cellule de mesure est proportionnelle \u00e0 la constante di\u00e9lectrique du liquide \u00e9tudi\u00e9. La diff\u00e9rence de phase des signaux pr\u00e9lev\u00e9s sur le condensateur de r\u00e9f\u00e9rence et l'\u00e9lectrode interne de la cellule de mesure caract\u00e9rise l'amplitude de la tangente de perte di\u00e9lectrique.<\/p>"}],"add_def_tab":[{"tab_title":"Caract\u00e9ristiques","tab_content":"<table width=\"602\">\r\n<tbody>\r\n<tr>\r\n<td width=\"52\"><strong>\u2116<\/strong><\/td>\r\n<td width=\"349\">\r\n<p style=\"text-align: center;\"><strong>D<\/strong><strong>\u00e9signation<\/strong><\/p>\r\n&nbsp;<\/td>\r\n<td style=\"text-align: center;\" width=\"201\"><strong>Valeur<\/strong><\/td>\r\n<\/tr>\r\n<tr>\r\n<td width=\"52\">1<\/td>\r\n<td style=\"text-align: left;\" width=\"349\">Tension de fonctionnement du courant alternatif, V<\/td>\r\n<td style=\"text-align: center;\" width=\"201\">100 \u2013 260<\/td>\r\n<\/tr>\r\n<tr>\r\n<td width=\"52\">2<\/td>\r\n<td style=\"text-align: left;\" width=\"349\">Fr\u00e9quence d\u2019alimentation, Hz<\/td>\r\n<td style=\"text-align: center;\" width=\"201\">48 \u2013 63<\/td>\r\n<\/tr>\r\n<tr>\r\n<td width=\"52\">3<\/td>\r\n<td style=\"text-align: left;\" width=\"349\">Consommation d\u2019\u00e9nergie, VA<\/td>\r\n<td style=\"text-align: center;\" width=\"201\">Pas plus de \u00a0250<\/td>\r\n<\/tr>\r\n<tr>\r\n<td width=\"52\">3<\/td>\r\n<td style=\"text-align: left;\" width=\"349\">Tension de mesure appliqu\u00e9e \u0410\u0421, kV<\/td>\r\n<td style=\"text-align: center;\" width=\"201\">Sinuso\u00efdal, 500-2000 Vrms<\/td>\r\n<\/tr>\r\n<tr>\r\n<td width=\"52\">4<\/td>\r\n<td style=\"text-align: left;\" width=\"349\">Plage de mesure tan \u03b4<\/td>\r\n<td style=\"text-align: center;\" width=\"201\">0,00001 \u2013 4<\/td>\r\n<\/tr>\r\n<tr>\r\n<td width=\"52\">5<\/td>\r\n<td style=\"text-align: left;\" width=\"349\">R\u00e9solution de mesure tan \u03b4<\/td>\r\n<td style=\"text-align: center;\" width=\"201\">1\u044510<sup>-6<\/sup><\/td>\r\n<\/tr>\r\n<tr>\r\n<td width=\"52\">6<\/td>\r\n<td style=\"text-align: left;\" width=\"349\">Erreur de mesure tan \u03b4<\/td>\r\n<td style=\"text-align: center;\" width=\"201\">+\/- 1% de la mesure + 0,00008<\/td>\r\n<\/tr>\r\n<tr>\r\n<td width=\"52\">7<\/td>\r\n<td style=\"text-align: left;\" width=\"349\">Plage de mesure de la constante di\u00e9lectrique relative \u03b5<\/td>\r\n<td style=\"text-align: center;\" width=\"201\">1,0 \u2013 15,0<\/td>\r\n<\/tr>\r\n<tr>\r\n<td width=\"52\">8<\/td>\r\n<td style=\"text-align: left;\" width=\"349\">Erreur de mesure \u03b5<\/td>\r\n<td style=\"text-align: center;\" width=\"201\">+\/- 1%<\/td>\r\n<\/tr>\r\n<tr>\r\n<td width=\"52\">9<\/td>\r\n<td style=\"text-align: left;\" width=\"349\">Plage de mesure de la capacit\u00e9 \u00e9lectrique S. pF<\/td>\r\n<td style=\"text-align: center;\" width=\"201\">20 \u2013 1000<\/td>\r\n<\/tr>\r\n<tr>\r\n<td width=\"52\">10<\/td>\r\n<td style=\"text-align: left;\" width=\"349\">Erreur de mesure \u0421, pF<\/td>\r\n<td style=\"text-align: center;\" width=\"201\">+\/- 1% + 1<\/td>\r\n<\/tr>\r\n<tr>\r\n<td width=\"52\">11<\/td>\r\n<td style=\"text-align: left;\" width=\"349\">Plage de mesure de la temp\u00e9rature de l\u2019huile, \u1d3c\u0421<\/td>\r\n<td style=\"text-align: center;\" width=\"201\">20 \u2013 110<\/td>\r\n<\/tr>\r\n<tr>\r\n<td width=\"52\">12<\/td>\r\n<td style=\"text-align: left;\" width=\"349\">Mesure du volume de la cellule, cm3<\/td>\r\n<td style=\"text-align: center;\" width=\"201\">42<\/td>\r\n<\/tr>\r\n<tr>\r\n<td width=\"52\">13<\/td>\r\n<td style=\"text-align: left;\" width=\"349\">Capacit\u00e9 \u00e9lectrique de la cellule vide, pF<\/td>\r\n<td style=\"text-align: center;\" width=\"201\">65 \u2013 85<\/td>\r\n<\/tr>\r\n<tr>\r\n<td width=\"52\">14<\/td>\r\n<td style=\"text-align: left;\" width=\"349\">Temps d\u2019une mesure, minutes, pas plus<\/td>\r\n<td style=\"text-align: center;\" width=\"201\">5<\/td>\r\n<\/tr>\r\n<tr>\r\n<td width=\"52\">15<\/td>\r\n<td style=\"text-align: left;\" width=\"349\">Plage de la fr\u00e9quence AC r\u00e9gl\u00e9e, Hz<\/td>\r\n<td style=\"text-align: center;\" width=\"201\">45 \u2013 65<\/td>\r\n<\/tr>\r\n<tr>\r\n<td width=\"52\">16<\/td>\r\n<td style=\"text-align: left;\" width=\"349\">R\u00e9solution de mesure de temp\u00e9rature, \u1d3c\u0421<\/td>\r\n<td style=\"text-align: center;\" width=\"201\">0,5<\/td>\r\n<\/tr>\r\n<tr>\r\n<td width=\"52\">17<\/td>\r\n<td style=\"text-align: left;\" width=\"349\">Imprimante int\u00e9gr\u00e9e<\/td>\r\n<td style=\"text-align: center;\" width=\"201\">non<\/td>\r\n<\/tr>\r\n<tr>\r\n<td width=\"52\">18<\/td>\r\n<td style=\"text-align: left;\" width=\"349\">Temp\u00e9rature de travail, \u1d3c\u0421<\/td>\r\n<td style=\"text-align: center;\" width=\"201\">0 \u2013 50<\/td>\r\n<\/tr>\r\n<tr>\r\n<td width=\"52\">19<\/td>\r\n<td style=\"text-align: left;\" width=\"349\">Temp\u00e9rature de stockage, \u1d3c\u0421<\/td>\r\n<td style=\"text-align: center;\" width=\"201\">De \u2013 20 \u00e0 + 60<\/td>\r\n<\/tr>\r\n<tr>\r\n<td width=\"52\">20<\/td>\r\n<td style=\"text-align: left;\" width=\"349\">Humidit\u00e9 relative,%<\/td>\r\n<td style=\"text-align: center;\" width=\"201\">Jusqu\u2019\u00e0 90 sans condensation<\/td>\r\n<\/tr>\r\n<tr>\r\n<td width=\"52\">21<\/td>\r\n<td style=\"text-align: left;\" width=\"349\">Dimensions, mm<\/td>\r\n<td style=\"text-align: center;\" width=\"201\">400\u0445450\u0445300*<\/td>\r\n<\/tr>\r\n<tr>\r\n<td width=\"52\">22<\/td>\r\n<td style=\"text-align: left;\" width=\"349\">Poids, g<\/td>\r\n<td style=\"text-align: center;\" width=\"201\">5300*<\/td>\r\n<\/tr>\r\n<\/tbody>\r\n<\/table>\r\n* \u2013 avec cellule install\u00e9e et connect\u00e9e"},{"tab_title":"Avantages","tab_content":"<ul>\r\n \t<li style=\"text-align: justify;\">mesures rapides tout en maintenant la pr\u00e9cision;<\/li>\r\n \t<li style=\"text-align: justify;\">le processus de mesure est automatis\u00e9, contr\u00f4l\u00e9 par un ordinateur, vous pouvez enregistrer les r\u00e9sultats et les imprimer sur une imprimante;<\/li>\r\n \t<li style=\"text-align: justify;\">peut \u00eatre compl\u00e9t\u00e9 par le logiciel d\u2019ing\u00e9nierie \u201cTangent Service\u201d, gr\u00e2ce auquel vous pouvez visualiser les r\u00e9sultats en ligne, ainsi qu\u2019une archive des mesures sous forme graphique ou num\u00e9rique;<\/li>\r\n \t<li style=\"text-align: justify;\">la variabilit\u00e9 des param\u00e8tres \u2013 peut \u00eatre utilis\u00e9e \u00e0 des fins de recherche;<\/li>\r\n \t<li style=\"text-align: justify;\">poids l\u00e9ger, taille compacte, facile \u00e0 utiliser.<\/li>\r\n<\/ul>"},{"tab_title":"Application","tab_content":"[product_oil_types]"},{"tab_title":"Webinaire","tab_content":"<div class=\"responsive-embed widescreen\">\r\n<div class=\"responsive-embed widescreen\">\r\n<div class=\"responsive-embed widescreen\">\r\n<div class=\"responsive-embed widescreen\">\r\n<div class=\"responsive-embed widescreen\">\r\n<div class=\"responsive-embed widescreen\"><iframe title=\"M\u00e9thodes de d\u00e9tection des defauts dans l'huile di\u00e9lectrique des transformateurs avec les appareils d\" src=\"https:\/\/www.youtube.com\/embed\/kVbmhzYAY6k?feature=oembed\" width=\"500\" height=\"281\" frameborder=\"0\" allowfullscreen=\"allowfullscreen\"><\/iframe><\/div>\r\n<\/div>\r\n<\/div>\r\n<\/div>\r\n<\/div>\r\n<\/div>"}],"add_video_tab":[{"video_tab_title":"Vid\u00e9o","add_video_id":[{"video_id":"JsVtJFJhOU4"},{"video_id":"jcIoR2we6Yk"},{"video_id":"H9cj6wsDYv0"}]}],"add_gallery_tab":null,"add_price_tab":[{"price_tab_title":"Obtenir le prix"}]},"language":"fr","_links":{"self":[{"href":"https:\/\/globecore.com\/fr\/wp-json\/wp\/v2\/pages\/32264","targetHints":{"allow":["GET"]}}],"collection":[{"href":"https:\/\/globecore.com\/fr\/wp-json\/wp\/v2\/pages"}],"about":[{"href":"https:\/\/globecore.com\/fr\/wp-json\/wp\/v2\/types\/page"}],"author":[{"embeddable":true,"href":"https:\/\/globecore.com\/fr\/wp-json\/wp\/v2\/users\/7"}],"replies":[{"embeddable":true,"href":"https:\/\/globecore.com\/fr\/wp-json\/wp\/v2\/comments?post=32264"}],"version-history":[{"count":1,"href":"https:\/\/globecore.com\/fr\/wp-json\/wp\/v2\/pages\/32264\/revisions"}],"predecessor-version":[{"id":336191,"href":"https:\/\/globecore.com\/fr\/wp-json\/wp\/v2\/pages\/32264\/revisions\/336191"}],"up":[{"embeddable":true,"href":"https:\/\/globecore.com\/fr\/wp-json\/wp\/v2\/pages\/32160"}],"wp:featuredmedia":[{"embeddable":true,"href":"https:\/\/globecore.com\/fr\/wp-json\/wp\/v2\/media\/40562"}],"wp:attachment":[{"href":"https:\/\/globecore.com\/fr\/wp-json\/wp\/v2\/media?parent=32264"}],"wp:term":[{"taxonomy":"category","embeddable":true,"href":"https:\/\/globecore.com\/fr\/wp-json\/wp\/v2\/categories?post=32264"}],"curies":[{"name":"wp","href":"https:\/\/api.w.org\/{rel}","templated":true}]}}