{"id":32312,"date":"2020-07-01T17:09:03","date_gmt":"2020-07-01T17:09:03","guid":{"rendered":"https:\/\/globecore.com\/products\/instruments\/toet-transformer-oil-express-tester\/"},"modified":"2026-04-21T07:34:58","modified_gmt":"2026-04-21T07:34:58","slug":"toet-transformer-oil-express-tester","status":"publish","type":"page","link":"https:\/\/globecore.com\/fr\/products\/appareils-de-mesure\/toet-transformer-oil-express-tester\/","title":{"rendered":"TOR-1 M\u00e8tre d&rsquo;humidit\u00e9 d&rsquo;huile"},"content":{"rendered":"","protected":false},"excerpt":{"rendered":"<p>Le TOR-1 est un appareil con\u00e7u pour la d\u00e9termination rapide et pr\u00e9cise de la fraction massique d\u2019eau dans les huiles isolantes, m\u00eame \u00e0 des niveaux tr\u00e8s faibles. Sa grande rapidit\u00e9 et pr\u00e9cision de mesure font du TOR-1 une solution id\u00e9ale pour le suivi r\u00e9gulier sur site de la teneur en humidit\u00e9 des huiles de transformateurs, assurant un contr\u00f4le fiable pendant le fonctionnement. L\u2019appareil mesure l\u2019activit\u00e9 de l\u2019eau et la temp\u00e9rature, et calcule la teneur absolue en eau en ppm.<\/p>\n","protected":false},"author":7,"featured_media":320473,"parent":32160,"menu_order":0,"comment_status":"closed","ping_status":"closed","template":"templates\/single-product.php","meta":{"_acf_changed":false,"_bbp_topic_count":0,"_bbp_reply_count":0,"_bbp_total_topic_count":0,"_bbp_total_reply_count":0,"_bbp_voice_count":0,"_bbp_anonymous_reply_count":0,"_bbp_topic_count_hidden":0,"_bbp_reply_count_hidden":0,"_bbp_forum_subforum_count":0,"footnotes":""},"categories":[1632],"class_list":["post-32312","page","type-page","status-publish","has-post-thumbnail","hentry","category-appareils-de-mesure","oil_type-carburant-diesel","oil_type-huile-hydraulique","oil_type-huile-industrielle","oil_type-huile-pour-transformateur","process_type-test-dhumidite"],"acf":{"add_tab":[{"tab_title":"Description","tab_content":"<p style=\"text-align: justify;\">L'appareil de mesure pour l'huile de transformateur TOR-1 est con\u00e7u pour d\u00e9terminer la fraction massique d'eau dissoute dans les huiles min\u00e9rales isolantes, dont la viscosit\u00e9 \u00e0 une temp\u00e9rature de 50\u00b0C ne d\u00e9passe pas 70cSt.<\/p>\r\n<p style=\"text-align: justify;\">Lorsque vous travaillez avec cet appareil, il faut tenir compte du fait que le testeur n'est qu'un guide pour une d\u00e9termination rapide de la teneur en humidit\u00e9, pour l'analyse finale, vous devez contacter un laboratoire certifi\u00e9.<\/p>\r\n<p style=\"text-align: justify;\">Les tests de laboratoire standard prennent, au mieux, une journ\u00e9e et n\u00e9cessitent beaucoup de ressources humaines et financi\u00e8res. L'utilisation de TOR-1 vous permet de diagnostiquer rapidement l'huile de transformateur et de prendre une d\u00e9cision rapide sur le terrain \u00e0 proximit\u00e9 du transformateur.<\/p>\r\n\r\n<h2 style=\"text-align: center;\">Composition du dispositif TOR-1<\/h2>\r\n<p style=\"text-align: justify;\">L'appareil combine tous les composants n\u00e9cessaires pour un fonctionnement simple et pratique :<\/p>\r\n\r\n<ul style=\"text-align: justify;\">\r\n \t<li>Panneau LCD pour indiquer la teneur en humidit\u00e9 de l'huile test\u00e9e ;<\/li>\r\n \t<li>gobelet de stockage pour l'huile test\u00e9e ;<\/li>\r\n \t<li>capteur d'humidit\u00e9 pour d\u00e9terminer la fraction massique d'humidit\u00e9 dans les huiles lubrifiantes et isolantes ;<\/li>\r\n \t<li>Imprimante pour afficher les r\u00e9sultats des tests sur papier.<\/li>\r\n<\/ul>\r\n<h2 style=\"text-align: center;\">Principe d'op\u00e9ration<\/h2>\r\n<p style=\"text-align: justify;\">La mesure de l'humidit\u00e9 dans l'huile est similaire \u00e0 la mesure de l'humidit\u00e9 dans l'air. La teneur en eau dans l'huile peut \u00eatre d\u00e9crite comme une valeur absolue en ppm ou comme une valeur relative aw <strong>:<\/strong><\/p>\r\n\r\n<ul style=\"text-align: justify;\">\r\n \t<li>ppm \u2013 est le rapport de la masse d'humidit\u00e9 \u00e0 la masse d\u2019huile ;<\/li>\r\n \t<li>aw \u2013 est la teneur en humidit\u00e9 r\u00e9elle en pourcentage de l'huile enti\u00e8rement satur\u00e9e.<\/li>\r\n<\/ul>\r\n<p style=\"text-align: justify;\">La valeur aw=0 correspond \u00e0 une huile sans eau, tandis que aw=1 correspond \u00e0 une huile compl\u00e8tement satur\u00e9e d'humidit\u00e9.<\/p>\r\n<p style=\"text-align: justify;\">L'instrument mesure l'aw \u00e0 l'aide d'un capteur capacitif qui offre une stabilit\u00e9 \u00e0 long terme et une excellente r\u00e9sistance \u00e0 la contamination. Les grandeurs physiques mesur\u00e9es sont l'activit\u00e9 de l'eau aw et la temp\u00e9rature T. A partir de ces grandeurs, le testeur express calcule la teneur en humidit\u00e9 (ppm) de l'huile min\u00e9rale de transformateur. Le calcul de la teneur en eau des huiles de transformateur non min\u00e9rales et des huiles de lubrification peut \u00eatre effectu\u00e9 en saisissant les param\u00e8tres sp\u00e9cifiques de ces huiles. Les valeurs mesur\u00e9es et calcul\u00e9es sont disponibles sur deux sorties analogiques librement \u00e9volutives et configurables.<\/p>"}],"add_def_tab":[{"tab_title":"Caract\u00e9ristiques","tab_content":"<table width=\"592\">\r\n<tbody>\r\n<tr>\r\n<td width=\"55\"><strong>\u2116<\/strong><\/td>\r\n<td width=\"435\">\r\n<p style=\"text-align: center;\"><strong>Nom du param\u00e8tre<\/strong><\/p>\r\n<\/td>\r\n<td width=\"102\">\r\n<p style=\"text-align: center;\"><strong>Valeur<\/strong><\/p>\r\n<\/td>\r\n<\/tr>\r\n<tr>\r\n<td width=\"55\">1<\/td>\r\n<td width=\"435\">Plage de fonctionnement, aw (activit\u00e9 de l\u2019eau (aw))<\/td>\r\n<td width=\"102\">\r\n<p style=\"text-align: center;\">0\u20261<\/p>\r\n<\/td>\r\n<\/tr>\r\n<tr>\r\n<td width=\"55\">2<\/td>\r\n<td width=\"435\">Plage de travail de mesure de la teneur en eau dissoute, ppm<\/td>\r\n<td width=\"102\">\r\n<p style=\"text-align: center;\">0\u2026.500<\/p>\r\n<\/td>\r\n<\/tr>\r\n<tr>\r\n<td width=\"55\">3<\/td>\r\n<td width=\"435\">Pr\u00e9cision \u00e0 20 \u00b0C \u00a0(68 \u00b0F)<\/td>\r\n<td width=\"102\">\r\n<p style=\"text-align: center;\">\u00b10.02 aw (0\u20260.9 aw) \u00b10.03 aw (0.9\u20261 aw)<\/p>\r\n<\/td>\r\n<\/tr>\r\n<tr>\r\n<td width=\"55\">4<\/td>\r\n<td width=\"435\">Mesure de temp\u00e9rature<\/td>\r\n<td width=\"102\">\r\n<p style=\"text-align: center;\">Oui<\/p>\r\n<\/td>\r\n<\/tr>\r\n<tr>\r\n<td width=\"55\">5<\/td>\r\n<td width=\"435\">Temp\u00e9rature de l\u2019environnement de travail, \u00b0C\u00a0(\u00b0F)<\/td>\r\n<td width=\"102\">\r\n<p style=\"text-align: center;\">0\u202655\u00a0(32\u2026131)<\/p>\r\n<\/td>\r\n<\/tr>\r\n<tr>\r\n<td width=\"55\">6<\/td>\r\n<td width=\"435\">Puissance install\u00e9e, W<\/td>\r\n<td width=\"102\">\r\n<p style=\"text-align: center;\">10<\/p>\r\n<\/td>\r\n<\/tr>\r\n<tr>\r\n<td width=\"55\">7<\/td>\r\n<td width=\"435\">Tension d\u2019alimentation d\u2019un r\u00e9seau alternatif monophas\u00e9 avec une fr\u00e9quence de 50 Hz, V<\/td>\r\n<td style=\"text-align: center;\" width=\"102\">220<\/td>\r\n<\/tr>\r\n<tr>\r\n<td width=\"55\">8<\/td>\r\n<td width=\"435\">Dimensions mm (po):\r\n\r\n\u2013 longueur\r\n\r\n\u2013 largeur\r\n\r\n\u2013 la taille<\/td>\r\n<td width=\"102\">&nbsp;\r\n<p style=\"text-align: center;\">190\u00a0(7.5)<\/p>\r\n<p style=\"text-align: center;\">255\u00a0(10)<\/p>\r\n<p style=\"text-align: center;\">365\u00a0(14.4)<\/p>\r\n<\/td>\r\n<\/tr>\r\n<tr>\r\n<td width=\"55\">9<\/td>\r\n<td width=\"435\">Poids, kg (lb)<\/td>\r\n<td style=\"text-align: center;\" width=\"102\">6\u00a0(13)<\/td>\r\n<\/tr>\r\n<\/tbody>\r\n<\/table>"},{"tab_title":"Avantages","tab_content":"<ul>\r\n \t<li style=\"text-align: justify;\">compacit\u00e9;<\/li>\r\n \t<li style=\"text-align: justify;\">simplicit\u00e9 d\u2019utilisation : pour changer d\u2019\u00e9chantillon, il suffit de changer le verre amovible et d\u2019appuyer sur le bouton \u00abStart\u00bb pour lancer la mesure;<\/li>\r\n \t<li style=\"text-align: justify;\">multifonctionnalit\u00e9;<\/li>\r\n \t<li style=\"text-align: justify;\">fonctionne sans ordinateur personnel;<\/li>\r\n \t<li style=\"text-align: justify;\">utilisable pour les essais d\u2019huile sur le terrain \u00e0 proximit\u00e9 du transformateur gr\u00e2ce \u00e0 un degr\u00e9 de protection suffisant (boutons m\u00e9talliques anti-vandalisme, protection des \u00e9l\u00e9ments sensibles, protection int\u00e9gr\u00e9e des \u00e9quipements \u00e9lectriques) et une alimentation stabilis\u00e9e;<\/li>\r\n \t<li style=\"text-align: justify;\">les r\u00e9sultats de mesure peuvent \u00eatre imprim\u00e9s sur l\u2019imprimante int\u00e9gr\u00e9e.<\/li>\r\n<\/ul>"},{"tab_title":"Application","tab_content":"[product_oil_types]"},{"tab_title":"Webinaire","tab_content":"<div class=\"responsive-embed widescreen\">\r\n<div class=\"responsive-embed widescreen\">\r\n<div class=\"responsive-embed widescreen\">\r\n<div class=\"responsive-embed widescreen\">\r\n<div class=\"responsive-embed widescreen\">\r\n<div class=\"responsive-embed widescreen\"><iframe title=\"Mesure de l'hydrog\u00e8ne et de l'humidit\u00e9 dans l'huile de transformateur\" src=\"https:\/\/www.youtube.com\/embed\/SU5qCm0uW0Y?feature=oembed\" width=\"500\" height=\"281\" frameborder=\"0\" allowfullscreen=\"allowfullscreen\"><\/iframe><\/div>\r\n<\/div>\r\n<\/div>\r\n<\/div>\r\n<\/div>\r\n<\/div>"}],"add_video_tab":[{"video_tab_title":"Video","add_video_id":[{"video_id":"fAZaTB6zqAw"},{"video_id":"-YNZIwu254Q"},{"video_id":"jcIoR2we6Yk"}]}],"add_gallery_tab":[{"gallery_tab_title":"Photo","add_img":[102371,102383,102395,102407]}],"add_price_tab":[{"price_tab_title":"Obtenir le prix"}]},"language":"fr","_links":{"self":[{"href":"https:\/\/globecore.com\/fr\/wp-json\/wp\/v2\/pages\/32312","targetHints":{"allow":["GET"]}}],"collection":[{"href":"https:\/\/globecore.com\/fr\/wp-json\/wp\/v2\/pages"}],"about":[{"href":"https:\/\/globecore.com\/fr\/wp-json\/wp\/v2\/types\/page"}],"author":[{"embeddable":true,"href":"https:\/\/globecore.com\/fr\/wp-json\/wp\/v2\/users\/7"}],"replies":[{"embeddable":true,"href":"https:\/\/globecore.com\/fr\/wp-json\/wp\/v2\/comments?post=32312"}],"version-history":[{"count":2,"href":"https:\/\/globecore.com\/fr\/wp-json\/wp\/v2\/pages\/32312\/revisions"}],"predecessor-version":[{"id":343090,"href":"https:\/\/globecore.com\/fr\/wp-json\/wp\/v2\/pages\/32312\/revisions\/343090"}],"up":[{"embeddable":true,"href":"https:\/\/globecore.com\/fr\/wp-json\/wp\/v2\/pages\/32160"}],"wp:featuredmedia":[{"embeddable":true,"href":"https:\/\/globecore.com\/fr\/wp-json\/wp\/v2\/media\/320473"}],"wp:attachment":[{"href":"https:\/\/globecore.com\/fr\/wp-json\/wp\/v2\/media?parent=32312"}],"wp:term":[{"taxonomy":"category","embeddable":true,"href":"https:\/\/globecore.com\/fr\/wp-json\/wp\/v2\/categories?post=32312"}],"curies":[{"name":"wp","href":"https:\/\/api.w.org\/{rel}","templated":true}]}}