{"id":32404,"date":"2020-12-24T13:11:48","date_gmt":"2020-12-24T13:11:48","guid":{"rendered":"https:\/\/globecore.com\/products\/instruments\/toet-2-tester-for-moisture-and-hydrogen-content-measurement-in-transformer-oil\/"},"modified":"2026-03-06T12:40:06","modified_gmt":"2026-03-06T12:40:06","slug":"toet-2-tester-for-moisture-and-hydrogen-content-measurement-in-transformer-oil","status":"publish","type":"page","link":"https:\/\/globecore.com\/fr\/products\/appareils-de-mesure\/toet-2-tester-for-moisture-and-hydrogen-content-measurement-in-transformer-oil\/","title":{"rendered":"TOR-2 Analyseur d&rsquo;hydrog\u00e8ne et d&rsquo;humidit\u00e9 pour la surveillance de l&rsquo;huile de transformateur"},"content":{"rendered":"","protected":false},"excerpt":{"rendered":"<p>Le TOR-2 est un testeur express d\u2019huile pour transformateurs con\u00e7u pour mesurer la teneur en humidit\u00e9 et en hydrog\u00e8ne dans les huiles isolantes min\u00e9rales et \u00e0 base d\u2019\u00e9ther. La surveillance continue de l\u2019hydrog\u00e8ne permet de d\u00e9tecter t\u00f4t d\u2019\u00e9ventuels dommages au transformateur, aidant ainsi \u00e0 pr\u00e9venir les pannes. L\u2019humidit\u00e9 et l\u2019hydrog\u00e8ne sont mesur\u00e9s en parties par million (ppm), et la pr\u00e9sence d\u2019autres gaz dans l\u2019huile n\u2019affecte pas la pr\u00e9cision de la mesure. Sa grande rapidit\u00e9 de mesure fait du TOR-2 une solution id\u00e9ale pour le contr\u00f4le r\u00e9gulier sur site de la teneur en humidit\u00e9 des huiles de transformateurs.<\/p>\n","protected":false},"author":7,"featured_media":129721,"parent":32160,"menu_order":0,"comment_status":"closed","ping_status":"closed","template":"templates\/single-product.php","meta":{"_acf_changed":false,"_bbp_topic_count":0,"_bbp_reply_count":0,"_bbp_total_topic_count":0,"_bbp_total_reply_count":0,"_bbp_voice_count":0,"_bbp_anonymous_reply_count":0,"_bbp_topic_count_hidden":0,"_bbp_reply_count_hidden":0,"_bbp_forum_subforum_count":0,"footnotes":""},"categories":[1632],"class_list":["post-32404","page","type-page","status-publish","has-post-thumbnail","hentry","category-appareils-de-mesure","oil_type-carburant-diesel","oil_type-huile-hydraulique","oil_type-huile-industrielle","oil_type-huile-pour-transformateur","process_type-test-a-lhydrogene","process_type-test-dhumidite"],"acf":{"add_tab":[{"tab_title":"Description","tab_content":"<p style=\"text-align: justify;\">Le testeur express de l'huile de transformateur TOR-2 est con\u00e7u pour d\u00e9terminer la teneur en humidit\u00e9 et en hydrog\u00e8ne des huiles isolantes min\u00e9rales et des huiles isolantes \u00e0 base d'\u00e9ther. La teneur en humidit\u00e9 et en hydrog\u00e8ne est mesur\u00e9e en parties par million (ppm).<\/p>\r\n<p style=\"text-align: justify;\">Connaissant la teneur en hydrog\u00e8ne et en humidit\u00e9 de l'huile, ainsi que la vitesse de son changement, il est possible de d\u00e9terminer \u00e0 l'avance les d\u00e9fauts se d\u00e9veloppant dans le transformateur et de prendre des mesures en temps opportun pour \u00e9viter d'endommager le transformateur.<\/p>\r\n\r\n<h2 style=\"text-align: center;\">Mesure de la teneur en humidit\u00e9<\/h2>\r\n<p style=\"text-align: justify;\">L'appareil mesure l'activit\u00e9 de l'eau \u00e0 l'aide d'un capteur capacitif, qui assure la stabilit\u00e9 dans le temps et n'est pas affect\u00e9 par la contamination. La temp\u00e9rature de l'huile est \u00e9galement mesur\u00e9e. Sur la base de ces mesures, la teneur en humidit\u00e9 est calcul\u00e9e.<\/p>\r\n\r\n<h2 style=\"text-align: center;\">Mesure de la teneur en hydrog\u00e8ne<\/h2>\r\n<p style=\"text-align: justify;\">Un capteur \u00e0 semi-conducteurs hautement s\u00e9lectif immerg\u00e9 directement dans l'huile est utilis\u00e9 pour mesurer la teneur en hydrog\u00e8ne. Le capteur garantit la pr\u00e9cision et la fiabilit\u00e9 des mesures directes. La faible solubilit\u00e9 de l'hydrog\u00e8ne dans l'huile et sa capacit\u00e9 de diffusion \u00e9lev\u00e9e facilitent la d\u00e9tection \u00e0 faibles concentrations, permettant de d\u00e9tecter la pr\u00e9sence d'un d\u00e9faut dans le transformateur.<\/p>"}],"add_def_tab":[{"tab_title":"Caract\u00e9ristiques","tab_content":"<table width=\"602\">\r\n<tbody>\r\n<tr>\r\n<td width=\"51\"><strong>\u2116<\/strong><\/td>\r\n<td width=\"270\">\r\n<p style=\"text-align: center;\"><strong>N<\/strong><strong>om du param\u00e8tre<\/strong><\/p>\r\n<\/td>\r\n<td width=\"281\">\r\n<p style=\"text-align: center;\"><strong>Valeur<\/strong><\/p>\r\n<\/td>\r\n<\/tr>\r\n<tr>\r\n<td colspan=\"3\" width=\"602\">Caract\u00e9ristiques de mesure de l\u2019humidit\u00e9<\/td>\r\n<\/tr>\r\n<tr>\r\n<td width=\"51\">1<\/td>\r\n<td width=\"270\">Plage de travail, aw\r\n<p style=\"text-align: left;\">(activit\u00e9 d\u2019eau (aw))<\/p>\r\n<\/td>\r\n<td width=\"281\">\r\n<p style=\"text-align: center;\">0\u20261<\/p>\r\n<\/td>\r\n<\/tr>\r\n<tr>\r\n<td width=\"51\">\u00a02<\/td>\r\n<td width=\"270\">\r\n<p style=\"text-align: left;\">Pr\u00e9cision \u00e0 20 \u00b0 C (68 \u00b0 F)<\/p>\r\n<\/td>\r\n<td width=\"281\">\r\n<p style=\"text-align: center;\">\u00b10.02 aw (0\u20260.9 aw) \u00b10.03 aw (0.9\u20261 aw)<\/p>\r\n<\/td>\r\n<\/tr>\r\n<tr>\r\n<td width=\"51\">3<\/td>\r\n<td width=\"270\">\r\n<p style=\"text-align: left;\">Mesure de temp\u00e9rature<\/p>\r\n<\/td>\r\n<td width=\"281\">\r\n<p style=\"text-align: center;\">oui<\/p>\r\n<\/td>\r\n<\/tr>\r\n<tr>\r\n<td width=\"51\">4<\/td>\r\n<td width=\"270\">\r\n<p style=\"text-align: left;\">Temp\u00e9rature de l\u2019environnement de travail, \u00b0 \u0421 (\u00b0 F)<\/p>\r\n<\/td>\r\n<td width=\"281\">\r\n<p style=\"text-align: center;\">0\u202655 (32\u2026 131)<\/p>\r\n<\/td>\r\n<\/tr>\r\n<tr>\r\n<td colspan=\"3\" width=\"602\">Caract\u00e9ristiques de mesure de l\u2019hydrog\u00e8ne<\/td>\r\n<\/tr>\r\n<tr>\r\n<td width=\"51\">6<\/td>\r\n<td width=\"270\">\r\n<p style=\"text-align: left;\">Plage de mesure, ppm<\/p>\r\n<\/td>\r\n<td width=\"281\">\r\n<p style=\"text-align: center;\">25-5000<\/p>\r\n<\/td>\r\n<\/tr>\r\n<tr>\r\n<td width=\"51\">7<\/td>\r\n<td width=\"270\">\r\n<p style=\"text-align: left;\">Pr\u00e9cision<\/p>\r\n<\/td>\r\n<td width=\"281\">\r\n<p style=\"text-align: center;\">20% de lecture ou 25 ppm<\/p>\r\n<\/td>\r\n<\/tr>\r\n<tr>\r\n<td width=\"51\">8<\/td>\r\n<td width=\"270\">\r\n<p style=\"text-align: left;\">R\u00e9p\u00e9tabilit\u00e9<\/p>\r\n<\/td>\r\n<td width=\"281\">\r\n<p style=\"text-align: center;\">10% de lecture ou 15 ppm<\/p>\r\n<\/td>\r\n<\/tr>\r\n<tr>\r\n<td width=\"51\">9<\/td>\r\n<td width=\"270\">\r\n<p style=\"text-align: left;\">Temps de r\u00e9ponse<\/p>\r\n<\/td>\r\n<td width=\"281\">\r\n<p style=\"text-align: center;\">&lt;60 min (changement de pas de 90%)<\/p>\r\n<\/td>\r\n<\/tr>\r\n<tr>\r\n<td width=\"51\">10<\/td>\r\n<td width=\"270\">\r\n<p style=\"text-align: left;\">Sensibilit\u00e9 crois\u00e9e:<\/p>\r\n<\/td>\r\n<td width=\"281\">\r\n<p style=\"text-align: center;\">Moins de 2% de sensibilit\u00e9 crois\u00e9e aux autres gaz (CO, CO2, hydrocarbures)<\/p>\r\n<\/td>\r\n<\/tr>\r\n<tr>\r\n<td width=\"51\">11<\/td>\r\n<td width=\"270\">\r\n<p style=\"text-align: left;\">Temp\u00e9rature de l\u2019environnement de travail, \u00b0 \u0421 (\u00b0 F)<\/p>\r\n<\/td>\r\n<td width=\"281\">\r\n<p style=\"text-align: center;\">0\u202655 (32\u2026 131)<\/p>\r\n<\/td>\r\n<\/tr>\r\n<tr>\r\n<td width=\"51\">13<\/td>\r\n<td width=\"270\">\r\n<p style=\"text-align: left;\">Puissance install\u00e9e, W<\/p>\r\n<\/td>\r\n<td width=\"281\">\r\n<p style=\"text-align: center;\">60<\/p>\r\n<\/td>\r\n<\/tr>\r\n<tr>\r\n<td width=\"51\">14<\/td>\r\n<td width=\"270\">\r\n<p style=\"text-align: left;\">Tension d\u2019alimentation d\u2019un r\u00e9seau AC monophas\u00e9 avec une fr\u00e9quence de 50 Hz, V<\/p>\r\n<\/td>\r\n<td width=\"281\">\r\n<p style=\"text-align: center;\">220<\/p>\r\n<\/td>\r\n<\/tr>\r\n<tr>\r\n<td width=\"51\">15<\/td>\r\n<td width=\"270\">\r\n<p style=\"text-align: left;\">Dimensions , mm<\/p>\r\n<p style=\"text-align: left;\">\u2013 longueur<\/p>\r\n<p style=\"text-align: left;\">\u2013 largeur<\/p>\r\n<p style=\"text-align: left;\">\u2013 hauteur<\/p>\r\n<\/td>\r\n<td width=\"281\">&nbsp;\r\n<p style=\"text-align: center;\">190 (7)<\/p>\r\n<p style=\"text-align: center;\">255 (10)<\/p>\r\n<p style=\"text-align: center;\">365 (14)<\/p>\r\n<\/td>\r\n<\/tr>\r\n<tr>\r\n<td width=\"51\">16<\/td>\r\n<td width=\"270\">\r\n<p style=\"text-align: left;\">Poids, kg<\/p>\r\n<\/td>\r\n<td width=\"281\">\r\n<p style=\"text-align: center;\">5,5 (12)<\/p>\r\n<\/td>\r\n<\/tr>\r\n<\/tbody>\r\n<\/table>"},{"tab_title":"Avantages","tab_content":"<ul>\r\n \t<li style=\"text-align: justify;\">d\u00e9termination de l\u2019humidit\u00e9 et de l\u2019hydrog\u00e8ne m\u00eame en petites quantit\u00e9s;<\/li>\r\n \t<li style=\"text-align: justify;\">La surveillance continue de la teneur en hydrog\u00e8ne fournit des informations fiables sur les dommages naissants pouvant entra\u00eener une panne du transformateur;<\/li>\r\n \t<li style=\"text-align: justify;\">compacit\u00e9;<\/li>\r\n \t<li style=\"text-align: justify;\">simplicit\u00e9 de travail (pour changer l\u2019\u00e9chantillon, il suffit de changer le b\u00e9cher amovible et d\u2019appuyer sur le bouton \u00abStart\u00bb pour d\u00e9marrer la mesure);<\/li>\r\n \t<li style=\"text-align: justify;\">aucun consommable n\u2019est n\u00e9cessaire pour les mesures;<\/li>\r\n \t<li style=\"text-align: justify;\">la pr\u00e9sence d\u2019autres gaz dans l\u2019huile n\u2019affecte pas la fiabilit\u00e9 des mesures;<\/li>\r\n \t<li style=\"text-align: justify;\">facilit\u00e9 d\u2019\u00e9talonnage;<\/li>\r\n \t<li style=\"text-align: justify;\">ne n\u00e9cessite pas de maintenance pr\u00e9ventive.<\/li>\r\n<\/ul>"},{"tab_title":"Application","tab_content":"[product_oil_types]"},{"tab_title":"Webinaire","tab_content":"<div class=\"responsive-embed widescreen\">\r\n<div class=\"responsive-embed widescreen\">\r\n<div class=\"responsive-embed widescreen\">\r\n<div class=\"responsive-embed widescreen\">\r\n<div class=\"responsive-embed widescreen\">\r\n<div class=\"responsive-embed widescreen\"><iframe title=\"Mesure de l'hydrog\u00e8ne et de l'humidit\u00e9 dans l'huile de transformateur\" src=\"https:\/\/www.youtube.com\/embed\/SU5qCm0uW0Y?feature=oembed\" width=\"500\" height=\"281\" frameborder=\"0\" allowfullscreen=\"allowfullscreen\"><\/iframe><\/div>\r\n<\/div>\r\n<\/div>\r\n<\/div>\r\n<\/div>\r\n<\/div>"}],"add_video_tab":[{"video_tab_title":"Vid\u00e9o","add_video_id":[{"video_id":"zcqL5KWjbds"},{"video_id":"bQ46GoNioQo"},{"video_id":"jcIoR2we6Yk"}]}],"add_gallery_tab":[{"gallery_tab_title":"Photo","add_img":[67743,67754,67765,67776,67787]}],"add_price_tab":[{"price_tab_title":"Obtenir le prix"}]},"language":"fr","_links":{"self":[{"href":"https:\/\/globecore.com\/fr\/wp-json\/wp\/v2\/pages\/32404","targetHints":{"allow":["GET"]}}],"collection":[{"href":"https:\/\/globecore.com\/fr\/wp-json\/wp\/v2\/pages"}],"about":[{"href":"https:\/\/globecore.com\/fr\/wp-json\/wp\/v2\/types\/page"}],"author":[{"embeddable":true,"href":"https:\/\/globecore.com\/fr\/wp-json\/wp\/v2\/users\/7"}],"replies":[{"embeddable":true,"href":"https:\/\/globecore.com\/fr\/wp-json\/wp\/v2\/comments?post=32404"}],"version-history":[{"count":1,"href":"https:\/\/globecore.com\/fr\/wp-json\/wp\/v2\/pages\/32404\/revisions"}],"predecessor-version":[{"id":336181,"href":"https:\/\/globecore.com\/fr\/wp-json\/wp\/v2\/pages\/32404\/revisions\/336181"}],"up":[{"embeddable":true,"href":"https:\/\/globecore.com\/fr\/wp-json\/wp\/v2\/pages\/32160"}],"wp:featuredmedia":[{"embeddable":true,"href":"https:\/\/globecore.com\/fr\/wp-json\/wp\/v2\/media\/129721"}],"wp:attachment":[{"href":"https:\/\/globecore.com\/fr\/wp-json\/wp\/v2\/media?parent=32404"}],"wp:term":[{"taxonomy":"category","embeddable":true,"href":"https:\/\/globecore.com\/fr\/wp-json\/wp\/v2\/categories?post=32404"}],"curies":[{"name":"wp","href":"https:\/\/api.w.org\/{rel}","templated":true}]}}