{"id":326611,"date":"2025-10-24T14:04:59","date_gmt":"2025-10-24T14:04:59","guid":{"rendered":"https:\/\/globecore.com\/?page_id=326611"},"modified":"2025-10-24T15:40:59","modified_gmt":"2025-10-24T15:40:59","slug":"cookie-policy","status":"publish","type":"page","link":"https:\/\/globecore.com\/fr\/cookie-policy\/","title":{"rendered":"Politique relative aux cookies"},"content":{"rendered":"<p>\u00c0 propos de cette politique relative aux cookies<br \/>\nCette politique relative aux cookies explique ce que sont les cookies et comment nous les utilisons. Veuillez la lire pour comprendre ce que sont les cookies, comment nous les utilisons, les types de cookies que nous utilisons, c&rsquo;est-\u00e0-dire les informations que nous collectons \u00e0 l&rsquo;aide de cookies, comment ces informations sont utilis\u00e9es et comment g\u00e9rer vos pr\u00e9f\u00e9rences en mati\u00e8re de cookies. Pour plus d&rsquo;informations sur la mani\u00e8re dont nous utilisons, stockons et prot\u00e9geons vos donn\u00e9es personnelles, consultez notre Politique de confidentialit\u00e9.<\/p>\n<p>Vous pouvez \u00e0 tout moment modifier ou retirer votre consentement \u00e0 la D\u00e9claration relative aux cookies sur notre site web.<br \/>\nPour en savoir plus sur nous, comment nous contacter et comment nous traitons les donn\u00e9es personnelles, consultez notre Politique de confidentialit\u00e9.<br \/>\nVotre consentement s&rsquo;applique aux domaines suivants\u00a0: globecore.com<br \/>\n[user_consent_state]<\/p>\n<p>Que sont les cookies\u00a0?<br \/>\nLes cookies sont de petits fichiers texte utilis\u00e9s pour stocker des informations. Ils sont stock\u00e9s sur votre appareil lorsque le site web est charg\u00e9 dans votre navigateur. Ces cookies nous aident \u00e0 assurer le bon fonctionnement du site web, \u00e0 le s\u00e9curiser, \u00e0 offrir une meilleure exp\u00e9rience utilisateur, \u00e0 comprendre ses performances et \u00e0 analyser ses performances et ses points \u00e0 am\u00e9liorer.<br \/>\nComment utilisons-nous les cookies\u00a0?<br \/>\nComme la plupart des services en ligne, notre site web utilise des cookies propri\u00e9taires et tiers \u00e0 diverses fins. Les cookies propri\u00e9taires sont principalement n\u00e9cessaires au bon fonctionnement du site web et ne collectent aucune donn\u00e9e personnelle identifiable.<\/p>\n<p>Les cookies tiers utilis\u00e9s sur nos sites web servent principalement \u00e0 comprendre le fonctionnement du site web, vos interactions avec celui-ci, \u00e0 assurer la s\u00e9curit\u00e9 de nos services, \u00e0 vous proposer des publicit\u00e9s pertinentes et, plus globalement, \u00e0 vous offrir une exp\u00e9rience utilisateur optimale et \u00e0 acc\u00e9l\u00e9rer vos futures interactions avec notre site web.<\/p>\n<p>Quels types de cookies utilisons-nous\u00a0?<\/p>\n<p>Essentiels\u00a0: Certains cookies sont essentiels pour que vous puissiez profiter pleinement des fonctionnalit\u00e9s de notre site. Ils nous permettent de maintenir les sessions utilisateur et de pr\u00e9venir toute menace de s\u00e9curit\u00e9. Ils ne collectent ni ne stockent aucune information personnelle. Par exemple, ces cookies vous permettent de vous connecter \u00e0 votre compte, d&rsquo;ajouter des produits \u00e0 votre panier et de payer en toute s\u00e9curit\u00e9.<\/p>\n<p>Statistiques\u00a0: Ces cookies stockent des informations telles que le nombre de visiteurs sur le site web, le nombre de visiteurs uniques, les pages visit\u00e9es, la source de la visite, etc. Ces donn\u00e9es nous aident \u00e0 comprendre et \u00e0 analyser les performances du site web et les points \u00e0 am\u00e9liorer.<\/p>\n<p>Marketing\u00a0: Notre site web affiche des publicit\u00e9s. Ces cookies sont utilis\u00e9s pour personnaliser les publicit\u00e9s que nous vous pr\u00e9sentons afin qu&rsquo;elles soient pertinentes pour vous. Ces cookies nous aident \u00e9galement \u00e0 suivre l&rsquo;efficacit\u00e9 de ces campagnes publicitaires.<br \/>\nLes informations stock\u00e9es dans ces cookies peuvent \u00e9galement \u00eatre utilis\u00e9es par des fournisseurs de publicit\u00e9 tiers pour vous proposer des publicit\u00e9s sur d&rsquo;autres sites web via votre navigateur.<\/p>\n<p>Fonctionnels\u00a0: Ces cookies permettent certaines fonctionnalit\u00e9s non essentielles de notre site web, comme l&rsquo;int\u00e9gration de contenus tels que des vid\u00e9os ou le partage de contenus sur les r\u00e9seaux sociaux.<\/p>\n<p>Pr\u00e9f\u00e9rences\u00a0: Ces cookies nous aident \u00e0 enregistrer vos param\u00e8tres et pr\u00e9f\u00e9rences de navigation, comme vos pr\u00e9f\u00e9rences linguistiques, afin de vous offrir une exp\u00e9rience optimale lors de vos prochaines visites sur le site web.<br \/>\n[cookie_audit columns=\u201dcookie,description\u201d heading=\u201dLa liste ci-dessous d\u00e9taille les cookies utilis\u00e9s sur notre site web.\u201d]<\/p>\n<p>Comment puis-je contr\u00f4ler mes pr\u00e9f\u00e9rences en mati\u00e8re de cookies\u00a0?<br \/>\nSi vous d\u00e9cidez de modifier vos pr\u00e9f\u00e9rences ult\u00e9rieurement au cours de votre navigation, vous pouvez cliquer sur l&rsquo;onglet \u00ab\u00a0Politique de confidentialit\u00e9 et de cookies\u00a0\u00bb sur votre \u00e9cran. L&rsquo;avis de consentement s&rsquo;affichera \u00e0 nouveau, vous permettant de modifier vos pr\u00e9f\u00e9rences ou de retirer votre consentement.<\/p>\n<p>De plus, chaque navigateur propose diff\u00e9rentes m\u00e9thodes pour bloquer et supprimer les cookies utilis\u00e9s par les sites web. Vous pouvez modifier les param\u00e8tres de votre navigateur pour bloquer\/supprimer les cookies. Pour en savoir plus sur la gestion et la suppression des cookies, consultez wikipedia.org ou www.allaboutcookies.org.<\/p>\n","protected":false},"excerpt":{"rendered":"<p>\u00c0 propos de cette politique relative aux cookies Cette politique relative aux cookies explique ce que sont les cookies et comment nous les utilisons. Veuillez la lire pour comprendre ce que sont les cookies, comment nous les utilisons, les types de cookies que nous utilisons, c&rsquo;est-\u00e0-dire les informations que nous collectons \u00e0 l&rsquo;aide de cookies,<a class=\"cg-read-more\" href=\"https:\/\/globecore.com\/fr\/cookie-policy\/\" target=\"_blank\">Read More <\/a><\/p>\n","protected":false},"author":41,"featured_media":0,"parent":0,"menu_order":0,"comment_status":"closed","ping_status":"closed","template":"templates\/privacy.php","meta":{"_acf_changed":false,"_bbp_topic_count":0,"_bbp_reply_count":0,"_bbp_total_topic_count":0,"_bbp_total_reply_count":0,"_bbp_voice_count":0,"_bbp_anonymous_reply_count":0,"_bbp_topic_count_hidden":0,"_bbp_reply_count_hidden":0,"_bbp_forum_subforum_count":0,"footnotes":""},"categories":[],"class_list":["post-326611","page","type-page","status-publish","hentry"],"acf":[],"language":"fr","_links":{"self":[{"href":"https:\/\/globecore.com\/fr\/wp-json\/wp\/v2\/pages\/326611","targetHints":{"allow":["GET"]}}],"collection":[{"href":"https:\/\/globecore.com\/fr\/wp-json\/wp\/v2\/pages"}],"about":[{"href":"https:\/\/globecore.com\/fr\/wp-json\/wp\/v2\/types\/page"}],"author":[{"embeddable":true,"href":"https:\/\/globecore.com\/fr\/wp-json\/wp\/v2\/users\/41"}],"replies":[{"embeddable":true,"href":"https:\/\/globecore.com\/fr\/wp-json\/wp\/v2\/comments?post=326611"}],"version-history":[{"count":0,"href":"https:\/\/globecore.com\/fr\/wp-json\/wp\/v2\/pages\/326611\/revisions"}],"wp:attachment":[{"href":"https:\/\/globecore.com\/fr\/wp-json\/wp\/v2\/media?parent=326611"}],"wp:term":[{"taxonomy":"category","embeddable":true,"href":"https:\/\/globecore.com\/fr\/wp-json\/wp\/v2\/categories?post=326611"}],"curies":[{"name":"wp","href":"https:\/\/api.w.org\/{rel}","templated":true}]}}