{"id":41386,"date":"2021-07-02T05:38:00","date_gmt":"2021-07-02T05:38:00","guid":{"rendered":"https:\/\/globecore.com\/products\/instruments\/system-for-transformers-online-diagnostic-and-oil-online-processing-tor-5\/"},"modified":"2026-04-20T13:08:44","modified_gmt":"2026-04-20T13:08:44","slug":"system-for-transformers-online-diagnostic-and-oil-online-processing-tor-5","status":"publish","type":"page","link":"https:\/\/globecore.com\/fr\/products\/online-transformer-monitoring-systems\/system-for-transformers-online-diagnostic-and-oil-online-processing-tor-5\/","title":{"rendered":"TOR-5 Syst\u00e8mes de surveillance de transformateur en ligne"},"content":{"rendered":"","protected":false},"excerpt":{"rendered":"<p>Le syst\u00e8me TOR-5 surveille et contr\u00f4le en continu l\u2019\u00e9tat des transformateurs de puissance, y compris les types sp\u00e9ciaux tels que les transformateurs de traction, miniers, marins et de survoltage d\u2019\u00e9oliennes, en \u00e9valuant l\u2019\u00e9tat de leur huile isolante et de leur isolation. Le syst\u00e8me mesure des param\u00e8tres cl\u00e9s tels que la teneur en eau dans l\u2019huile et l\u2019isolation solide, la rigidit\u00e9 di\u00e9lectrique et l\u2019indice de qualit\u00e9 de l\u2019huile. Il se connecte directement au transformateur, cr\u00e9ant une circulation en boucle ferm\u00e9e o\u00f9 l\u2019huile est pr\u00e9lev\u00e9e au bas du r\u00e9servoir, passe \u00e0 travers les capteurs et retourne au sommet. Les mesures sont effectu\u00e9es une fois par minute et transmises \u00e0 un serveur cloud, o\u00f9 des calculs suppl\u00e9mentaires fournissent une \u00e9valuation compl\u00e8te de l\u2019\u00e9tat du transformateur.<\/p>\n","protected":false},"author":7,"featured_media":38924,"parent":104894,"menu_order":0,"comment_status":"closed","ping_status":"closed","template":"templates\/single-product.php","meta":{"_acf_changed":false,"_bbp_topic_count":0,"_bbp_reply_count":0,"_bbp_total_topic_count":0,"_bbp_total_reply_count":0,"_bbp_voice_count":0,"_bbp_anonymous_reply_count":0,"_bbp_topic_count_hidden":0,"_bbp_reply_count_hidden":0,"_bbp_forum_subforum_count":0,"footnotes":""},"categories":[2480,1339],"class_list":["post-41386","page","type-page","status-publish","has-post-thumbnail","hentry","category-maintenance-des-transformateurs","category-oil-maintenance-fr","oil_type-transformateurs-a-usage-special","oil_type-transformateurs-abaisseurs","oil_type-transformateurs-de-distribution","oil_type-transformateurs-elevateurs","process_type-deshydratation","process_type-surveillance"],"acf":{"add_tab":[{"tab_title":"Description","tab_content":"<p style=\"text-align: justify;\">L'objectif principal du syst\u00e8me TOR-5 est la surveillance en ligne des transformateurs de puissance en \u00e9valuant l'\u00e9tat de l'huile isolante, y compris les transformateurs \u00e0 usage sp\u00e9cial : traction, mine, four \u00e9lectrique, navire, transformateurs \u00e9l\u00e9vateurs d'\u00e9oliennes, etc.<\/p>\r\n<p style=\"text-align: justify;\">Le syst\u00e8me est connect\u00e9 au transformateur et est constamment situ\u00e9 \u00e0 proximit\u00e9 de celui-ci. Apr\u00e8s raccordement, une boucle de circulation ferm\u00e9e se forme : l'huile provient de la partie inf\u00e9rieure du r\u00e9servoir du transformateur, traverse les capteurs du syst\u00e8me TOR-5 et retourne dans la partie sup\u00e9rieure du r\u00e9servoir du transformateur. Des capteurs avec une fr\u00e9quence d'une fois par minute mesurent les param\u00e8tres de l'huile du transformateur et les transmettent au serveur cloud, o\u00f9 d'autres param\u00e8tres sont \u00e9galement calcul\u00e9s \u00e0 l'aide de la m\u00e9thode GlobeCore, ce qui permet d'\u00e9valuer plus compl\u00e8tement l'\u00e9tat du transformateur.<\/p>\r\n<p style=\"text-align: justify;\">Param\u00e8tres importants du transformateur, qui sont d\u00e9termin\u00e9s \u00e0 l'aide du syst\u00e8me TOR-5\u00a0:<\/p>\r\n\r\n<ul style=\"text-align: justify;\">\r\n \t<li>teneur en eau dans l'huile en haut et en bas du transformateur ;<\/li>\r\n \t<li>teneur en eau dans l'isolation solide en haut et en bas du transformateur ;<\/li>\r\n \t<li>rigidit\u00e9 di\u00e9lectrique de l'huile ;<\/li>\r\n \t<li>indice de qualit\u00e9 de l'huile.<\/li>\r\n<\/ul>\r\n<p style=\"text-align: justify;\">L'indice de qualit\u00e9 de l'huile est un indicateur complexe qui permet d'\u00e9valuer l'\u00e9tat de l'huile dans son ensemble. Il est bien corr\u00e9l\u00e9 avec l'indice d'acide, il peut donc \u00eatre utilis\u00e9 pour \u00e9valuer le degr\u00e9 de vieillissement de l'huile.<\/p>\r\n\r\n<h2 style=\"text-align: center;\">Fonctionnalit\u00e9s d'information de l'utilisateur<\/h2>\r\n<p style=\"text-align: justify;\">Pour visualiser tous les param\u00e8tres mesur\u00e9s et calcul\u00e9s, il suffit d'avoir acc\u00e8s \u00e0 Internet. Sur Internet, une page Web se trouve \u00e0 une adresse sp\u00e9ciale, \u00e0 laquelle l'acc\u00e8s est fourni avec un mot de passe. Cette page Web fournit des informations sur tous les transformateurs connect\u00e9s aux syst\u00e8mes TOR-5. Vous pouvez afficher les donn\u00e9es pour n'importe quelle p\u00e9riode de temps. Toutes les donn\u00e9es sont pr\u00e9sent\u00e9es de mani\u00e8re pratique sous forme de graphiques, de diagrammes de dispersion et d'indicateurs, et les transformateurs sont affich\u00e9s sur une carte du monde.<\/p>\r\n<p style=\"text-align: justify;\">En cas d'interruption br\u00e8ve de la connexion Internet, les donn\u00e9es sont accumul\u00e9es dans la base de donn\u00e9es interne, et apr\u00e8s la reprise de la connexion, elles sont transmises \u00e0 l'application web en mode batch.<\/p>\r\n\r\n<h2 style=\"text-align: center;\">Traitement en ligne de l'huile isolante<\/h2>\r\n<p style=\"text-align: justify;\">Le TOR-5 est en outre \u00e9quip\u00e9 d'un syst\u00e8me de s\u00e9chage et de filtration d'huile isolante. Lorsque les param\u00e8tres du transformateur atteignent les valeurs fix\u00e9es par l'op\u00e9rateur, le TOR-5 passe automatiquement du mode diagnostic au filtrage et s\u00e9chage de l'huile isolante.<\/p>\r\n<p style=\"text-align: justify;\">Dans ce mode, l'huile est pr\u00e9lev\u00e9e au bas du transformateur, apr\u00e8s quoi elle est pomp\u00e9e s\u00e9quentiellement \u00e0 travers un filtre avec une finesse de filtration de dix microns et trois adsorbeurs (cartouches de sorbant), dont chacun contient 15 kilogrammes de sorbant constitu\u00e9s de granul\u00e9s avec une structure microporeuse. \u00c0 l'aide d'un filtre, les impuret\u00e9s m\u00e9caniques sont \u00e9limin\u00e9es de l'huile et le sorbant absorbe et retient les mol\u00e9cules d'eau dans ses cristaux. Apr\u00e8s cela, de l'huile propre et s\u00e8che est achemin\u00e9e vers le haut du r\u00e9servoir du transformateur. Le processus d'absorption et de pi\u00e9geage de l'eau ne n\u00e9cessite pas de chauffer l'huile et est tout aussi efficace quelle que soit la temp\u00e9rature. Le traitement de l'huile s'effectue sans arr\u00eat du transformateur, quelles que soient l'heure de la journ\u00e9e, les conditions m\u00e9t\u00e9orologiques ou la pr\u00e9sence de personnel de service.<\/p>\r\n<p style=\"text-align: justify;\">Une fois que les param\u00e8tres de l'huile sont revenus \u00e0 la normale, l'unit\u00e9 TOR-5 repasse automatiquement du mode de traitement de l'huile au mode de surveillance des param\u00e8tres.<\/p>"}],"add_def_tab":[{"tab_title":"Caract\u00e9ristiques","tab_content":"<table>\r\n<tbody>\r\n<tr>\r\n<td width=\"385\">\r\n<p style=\"text-align: center;\"><strong>Param\u00e8tres<\/strong><\/p>\r\n<\/td>\r\n<td width=\"224\">\r\n<p style=\"text-align: center;\"><strong>Valeur<\/strong><\/p>\r\n<\/td>\r\n<\/tr>\r\n<tr>\r\n<td width=\"385\">Performance, L\/h\u00a0(gpm)<\/td>\r\n<td width=\"224\">\r\n<p style=\"text-align: center;\">30 (0.13)<\/p>\r\n<\/td>\r\n<\/tr>\r\n<tr>\r\n<td width=\"385\">Quantit\u00e9 d\u2019eau adsorb\u00e9e, L\u00a0(gal)<\/td>\r\n<td width=\"224\">\r\n<p style=\"text-align: center;\">9\u00a0(2.4)<\/p>\r\n<\/td>\r\n<\/tr>\r\n<tr>\r\n<td width=\"385\">Quantit\u00e9 de sorbant dans un adsorbeur, kg (lb)<\/td>\r\n<td width=\"224\">\r\n<p style=\"text-align: center;\">21\u00a0(46.3)<\/p>\r\n<\/td>\r\n<\/tr>\r\n<tr>\r\n<td width=\"385\">Pression de sortie, bar\u00a0(psi)<\/td>\r\n<td width=\"224\">\r\n<p style=\"text-align: center;\">2\u00a0(29)<\/p>\r\n<\/td>\r\n<\/tr>\r\n<tr>\r\n<td width=\"385\">Hauteur d\u2019alimentation en huile par rapport \u00e0 l\u2019embout de sortie, m (yd)<\/td>\r\n<td width=\"224\">\r\n<p style=\"text-align: center;\">20\u00a0(22)<\/p>\r\n<\/td>\r\n<\/tr>\r\n<tr>\r\n<td width=\"385\">Consommation maximale de puissance, W, pas plus<\/td>\r\n<td width=\"224\">\r\n<p style=\"text-align: center;\">2000<\/p>\r\n<\/td>\r\n<\/tr>\r\n<tr>\r\n<td width=\"385\"><strong>Param\u00e8tres d\u2019alimentation \u00e9lectrique<\/strong><\/td>\r\n<td width=\"224\"><\/td>\r\n<\/tr>\r\n<tr>\r\n<td width=\"385\">Nombre de phases<\/td>\r\n<td width=\"224\">\r\n<p style=\"text-align: center;\">3p+1N+PE<\/p>\r\n<\/td>\r\n<\/tr>\r\n<tr>\r\n<td width=\"385\">Tension, V<\/td>\r\n<td width=\"224\">\r\n<p style=\"text-align: center;\">380<\/p>\r\n<\/td>\r\n<\/tr>\r\n<tr>\r\n<td width=\"385\">Fr\u00e9quence de courant alternatif, Hz<\/td>\r\n<td width=\"224\">\r\n<p style=\"text-align: center;\">50<\/p>\r\n<\/td>\r\n<\/tr>\r\n<tr>\r\n<td width=\"385\"><strong>Dimensions de l\u2019attachement<\/strong><\/td>\r\n<td width=\"224\"><\/td>\r\n<\/tr>\r\n<tr>\r\n<td width=\"385\">Entr\u00e9e d\u2019huile, DN<\/td>\r\n<td width=\"224\">\r\n<p style=\"text-align: center;\">20<\/p>\r\n<\/td>\r\n<\/tr>\r\n<tr>\r\n<td width=\"385\">Sortie d\u2019huile, DN<\/td>\r\n<td width=\"224\">\r\n<p style=\"text-align: center;\">20<\/p>\r\n<\/td>\r\n<\/tr>\r\n<tr>\r\n<td width=\"385\"><strong>Dimensions, pas plus<\/strong><\/td>\r\n<td width=\"224\"><\/td>\r\n<\/tr>\r\n<tr>\r\n<td width=\"385\">Longueur, mm (po)<\/td>\r\n<td width=\"224\">\r\n<p style=\"text-align: center;\">1,541\u00a0(60.7)<\/p>\r\n<\/td>\r\n<\/tr>\r\n<tr>\r\n<td width=\"385\">Largeur, mm (po)<\/td>\r\n<td width=\"224\">\r\n<p style=\"text-align: center;\">552\u00a0(21.7)<\/p>\r\n<\/td>\r\n<\/tr>\r\n<tr>\r\n<td width=\"385\">Hauteur, mm (po)<\/td>\r\n<td width=\"224\">\r\n<p style=\"text-align: center;\">1955\u00a0(77)<\/p>\r\n<\/td>\r\n<\/tr>\r\n<tr>\r\n<td width=\"385\">Poids, kg (lb), pas plus<\/td>\r\n<td width=\"224\">\r\n<p style=\"text-align: center;\">435\u00a0(959)<\/p>\r\n<\/td>\r\n<\/tr>\r\n<\/tbody>\r\n<\/table>"},{"tab_title":"Avantages","tab_content":"<ul>\r\n \t<li style=\"text-align: justify;\">faible co\u00fbt relatif du syst\u00e8me. Le co\u00fbt des nouveaux transformateurs et les pertes dues \u00e0 une panne d\u2019urgence des transformateurs existants atteignent des centaines de milliers et des millions de dollars. Et le co\u00fbt du syst\u00e8me TOR-5 n\u2019est qu\u2019une petite partie de ces d\u00e9penses, ce qui fait de son achat et de son utilisation un investissement rentable ;<\/li>\r\n \t<li style=\"text-align: justify;\">multifonctionnalit\u00e9. Le syst\u00e8me r\u00e9sout trois t\u00e2ches\u00a0: d\u00e9terminer les param\u00e8tres importants des transformateurs en ligne, filtrer et s\u00e9cher l\u2019huile isolante, ainsi que rapidement et informer l\u2019utilisateur de son travail et du fonctionnement du transformateur\u00a0;<\/li>\r\n \t<li style=\"text-align: justify;\">Polyvalence. Le syst\u00e8me TOR-5 convient \u00e0 l\u2019entretien des transformateurs \u00e0 huile neufs et anciens, ainsi que des transformateurs \u00e0 diverses fins ;<\/li>\r\n \t<li style=\"text-align: justify;\">format compact. Le syst\u00e8me se compose du nombre minimum de composants requis pour un fonctionnement efficace, qui sont log\u00e9s dans un seul bo\u00eetier de 115 centim\u00e8tres de large, 208 centim\u00e8tres de haut et 35 centim\u00e8tres de long ;<\/li>\r\n \t<li style=\"text-align: justify;\">la dur\u00e9e de vie du syst\u00e8me est proportionnelle \u00e0 la dur\u00e9e de vie du transformateur en raison de la protection fiable de tous les composants contre les dommages et les pr\u00e9cipitations\u00a0;<\/li>\r\n \t<li style=\"text-align: justify;\">facilit\u00e9 d\u2019utilisation de l\u2019application web. La page Web affiche une liste de sous-stations et de transformateurs pour chaque sous-station. Le programme comprend \u00e9galement l\u2019affichage des transformateurs sur une carte avec la pr\u00e9sentation des mesures et des calculs sous forme de graphiques et de sch\u00e9mas. En choisissant un objet, vous pouvez obtenir des informations compl\u00e8tes sur l\u2019\u00e9tat de l\u2019huile pour toute la p\u00e9riode depuis l\u2019installation du syst\u00e8me TOR-5 \u00e0 proximit\u00e9 du transformateur ou pour une p\u00e9riode de temps s\u00e9lectionn\u00e9e\u00a0;<\/li>\r\n \t<li style=\"text-align: justify;\">facilit\u00e9 de connexion. Apr\u00e8s l\u2019\u00e9tape pr\u00e9paratoire, le syst\u00e8me est connect\u00e9 au transformateur en quelques minutes ;<\/li>\r\n \t<li style=\"text-align: justify;\">le traitement de l\u2019huile s\u2019effectue sans arr\u00eat du transformateur en mode automatique ;<\/li>\r\n \t<li style=\"text-align: justify;\">t\u00e9l\u00e9commande. M\u00eame en vacances, le chef de la compagnie d\u2019\u00e9lectricit\u00e9 ou un employ\u00e9 du service apr\u00e8s-vente peut se connecter au syst\u00e8me depuis n\u2019importe quel lieu de travail et conna\u00eetre l\u2019\u00e9tat du parc de transformateurs, sans attendre le r\u00e9sultat du laboratoire et sans quitter l\u2019\u00e9quipement site d\u2019exploitation ;<\/li>\r\n \t<li style=\"text-align: justify;\">une information et une \u00e9valuation plus compl\u00e8tes de la dynamique des changements d\u2019\u00e9tat du transformateur. Gr\u00e2ce \u00e0 l\u2019acquisition constante de donn\u00e9es, il est possible d\u2019\u00e9valuer la dynamique des changements d\u2019\u00e9tat de l\u2019huile de transformateur, ce qui rend le syst\u00e8me TOR-5 plus informatif par rapport aux analyses p\u00e9riodiques en laboratoire.<\/li>\r\n<\/ul>"},{"tab_title":"Application","tab_content":"[product_oil_types]"},{"tab_title":"Profit","tab_content":"<ul>\r\n \t<li style=\"text-align: justify;\">prolongation de la dur\u00e9e de vie des transformateurs neufs de plusieurs dizaines d\u2019ann\u00e9es. Pour les transformateurs plus anciens, le syst\u00e8me TOR-5 permet, sur la base de la dynamique du vieillissement de l\u2019huile, de d\u00e9terminer quand il est n\u00e9cessaire d\u2019effectuer des r\u00e9parations ou de mettre l\u2019\u00e9quipement hors service \u00e0 temps, sans permettre une urgence\u00a0;<\/li>\r\n \t<li style=\"text-align: justify;\">l\u2019allongement de l\u2019intervalle de maintenance des transformateurs gr\u00e2ce au traitement pr\u00e9ventif de l\u2019huile isolante ;<\/li>\r\n \t<li style=\"text-align: justify;\">\u00e9conomiser de l\u2019argent en raison du refus des analyses de laboratoire tout en obtenant des informations plus compl\u00e8tes et \u00e0 jour sur l\u2019\u00e9tat du transformateur ;<\/li>\r\n \t<li style=\"text-align: justify;\">R\u00e9duire le co\u00fbt d\u2019assurance des transformateurs. La probabilit\u00e9 de rupture d\u2019un transformateur \u00e9quip\u00e9 du syst\u00e8me TOR-5 est nettement inf\u00e9rieure \u00e0 celle d\u2019un transformateur non \u00e9quip\u00e9 d\u2019un tel syst\u00e8me. Dans de tels cas, le co\u00fbt de la police d\u2019assurance est g\u00e9n\u00e9ralement inf\u00e9rieur ;<\/li>\r\n \t<li style=\"text-align: justify;\">R\u00e9duire le nombre de personnel qualifi\u00e9 employ\u00e9 (sp\u00e9cialistes de l\u2019\u00e9chantillonnage, personnel de laboratoire, op\u00e9rateurs d\u2019unit\u00e9s de filtration et de s\u00e9chage d\u2019huile isolante, etc.) ;<\/li>\r\n \t<li style=\"text-align: justify;\">pr\u00e9servation de l\u2019environnement. Un transformateur d\u00e9faillant \u00e0 travers un d\u00e9troit, un incendie et m\u00eame une explosion entra\u00eenent une catastrophe environnementale. Le syst\u00e8me <strong>TOR-5 GlobeCore<\/strong> \u00e9vite ces situations et exclut la pollution de l\u2019environnement associ\u00e9e aux pannes de transformateur.<\/li>\r\n<\/ul>"},{"tab_title":"Webinaire","tab_content":"<div class=\"responsive-embed widescreen\">\r\n<div class=\"responsive-embed widescreen\">\r\n<div class=\"responsive-embed widescreen\">\r\n<div class=\"responsive-embed widescreen\">\r\n<div class=\"responsive-embed widescreen\">\r\n<div class=\"responsive-embed widescreen\"><iframe title=\"Surveillance du transformateur tout au long de sa dur\u00e9e vie\" src=\"https:\/\/www.youtube.com\/embed\/mY_XUTMU88o?feature=oembed\" width=\"500\" height=\"281\" frameborder=\"0\" allowfullscreen=\"allowfullscreen\"><\/iframe><\/div>\r\n<\/div>\r\n<\/div>\r\n<\/div>\r\n<\/div>\r\n<\/div>"}],"add_video_tab":[{"video_tab_title":"Vid\u00e9o","add_video_id":[{"video_id":"AqWh1cyEemM"},{"video_id":"1CfT7katvo4"},{"video_id":"jcIoR2we6Yk"}]}],"add_gallery_tab":[{"gallery_tab_title":"Photo","add_img":[146895,146881,146867]}],"add_price_tab":[{"price_tab_title":"Obtenez un devis"}]},"language":"fr","_links":{"self":[{"href":"https:\/\/globecore.com\/fr\/wp-json\/wp\/v2\/pages\/41386","targetHints":{"allow":["GET"]}}],"collection":[{"href":"https:\/\/globecore.com\/fr\/wp-json\/wp\/v2\/pages"}],"about":[{"href":"https:\/\/globecore.com\/fr\/wp-json\/wp\/v2\/types\/page"}],"author":[{"embeddable":true,"href":"https:\/\/globecore.com\/fr\/wp-json\/wp\/v2\/users\/7"}],"replies":[{"embeddable":true,"href":"https:\/\/globecore.com\/fr\/wp-json\/wp\/v2\/comments?post=41386"}],"version-history":[{"count":2,"href":"https:\/\/globecore.com\/fr\/wp-json\/wp\/v2\/pages\/41386\/revisions"}],"predecessor-version":[{"id":343066,"href":"https:\/\/globecore.com\/fr\/wp-json\/wp\/v2\/pages\/41386\/revisions\/343066"}],"up":[{"embeddable":true,"href":"https:\/\/globecore.com\/fr\/wp-json\/wp\/v2\/pages\/104894"}],"wp:featuredmedia":[{"embeddable":true,"href":"https:\/\/globecore.com\/fr\/wp-json\/wp\/v2\/media\/38924"}],"wp:attachment":[{"href":"https:\/\/globecore.com\/fr\/wp-json\/wp\/v2\/media?parent=41386"}],"wp:term":[{"taxonomy":"category","embeddable":true,"href":"https:\/\/globecore.com\/fr\/wp-json\/wp\/v2\/categories?post=41386"}],"curies":[{"name":"wp","href":"https:\/\/api.w.org\/{rel}","templated":true}]}}