{"id":63244,"date":"2022-07-19T11:46:33","date_gmt":"2022-07-19T11:46:33","guid":{"rendered":"https:\/\/globecore.com\/products\/appareils-de-mesure\/breakdown-voltage-tester-tor-100\/"},"modified":"2026-03-06T14:11:18","modified_gmt":"2026-03-06T14:11:18","slug":"breakdown-voltage-tester-tor-100","status":"publish","type":"page","link":"https:\/\/globecore.com\/fr\/products\/appareils-de-mesure\/breakdown-voltage-tester-tor-100\/","title":{"rendered":"TOR-100 (TOR-100 LSL) Testeur de tension de claquage"},"content":{"rendered":"","protected":false},"excerpt":{"rendered":"<p>Le TOR-100 est un testeur con\u00e7u pour la mesure automatis\u00e9e et pr\u00e9cise de la tension de claquage \u00e9lectrique (jusqu\u2019\u00e0 100\u202fkV) de l\u2019huile de transformateur et d\u2019autres di\u00e9lectriques liquides. Il fonctionne selon les normes IEC 60156, VDE 0370, ASTM D877, ASTM D1816 et IRAM 2341, qui peuvent \u00eatre mises \u00e0 jour ou \u00e9tendues pour r\u00e9pondre aux exigences des clients ou aux nouvelles versions des normes. Le testeur dispose d\u2019une imprimante int\u00e9gr\u00e9e pour des r\u00e9sultats imm\u00e9diats et d\u2019un port USB pour enregistrer les donn\u00e9es de test sur une cl\u00e9 USB, permettant un transfert et un stockage faciles des mesures sur ordinateur.<\/p>\n","protected":false},"author":7,"featured_media":110285,"parent":32160,"menu_order":0,"comment_status":"closed","ping_status":"closed","template":"templates\/single-product.php","meta":{"_acf_changed":false,"_bbp_topic_count":0,"_bbp_reply_count":0,"_bbp_total_topic_count":0,"_bbp_total_reply_count":0,"_bbp_voice_count":0,"_bbp_anonymous_reply_count":0,"_bbp_topic_count_hidden":0,"_bbp_reply_count_hidden":0,"_bbp_forum_subforum_count":0,"footnotes":""},"categories":[1632],"class_list":["post-63244","page","type-page","status-publish","has-post-thumbnail","hentry","category-appareils-de-mesure","oil_type-fluide-dielectrique-fr3","oil_type-fluide-dielectrique-midel-7131","oil_type-huile-de-silicone","oil_type-huile-pour-transformateur","process_type-test-de-tension-de-claquage"],"acf":{"add_tab":[{"tab_title":"Description","tab_content":"<p style=\"text-align: justify;\">Le testeur TOR-100 est con\u00e7u pour d\u00e9terminer la tension de claquage \u00e9lectrique de l'huile de transformateur et d'autres liquides di\u00e9lectriques conform\u00e9ment aux normes IEC 60156, VDE 0370, ASTM D877, ASTM D1816, IRAM 2341. Cette liste de normes peut \u00eatre compl\u00e9t\u00e9e et modifi\u00e9e en tenant compte des souhaits des clients et avec l'\u00e9mergence de nouvelles versions de normes.<\/p>\r\n\r\n<h2 style=\"text-align: center;\">Principe d'op\u00e9ration<\/h2>\r\n<p style=\"text-align: justify;\">Le noyau de travail du testeur est un transformateur haute tension et des modules \u00e9lectroniques. Le principe de fonctionnement de l'appareil est d'augmenter progressivement la tension sur l'enroulement secondaire d'un transformateur haute tension de z\u00e9ro \u00e0 une valeur maximale, ou \u00e0 une valeur \u00e0 laquelle se produira un claquage d'un liquide di\u00e9lectrique, vers\u00e9 dans une cellule de mesure install\u00e9 sur les contacts haute tension du transformateur, qui font partie de ses \u00e9lectrodes de sortie.<\/p>\r\n<p style=\"text-align: justify;\">L'augmentation de tension aux contacts haute tension de l'enroulement secondaire du transformateur se produit en raison d'une augmentation progressive de la tension sur l'enroulement primaire lorsqu'une tension sinuso\u00efdale lui est appliqu\u00e9e \u00e0 partir d'un onduleur ma\u00eetre contr\u00f4l\u00e9.<\/p>"}],"add_def_tab":[{"tab_title":"Caract\u00e9ristiques","tab_content":"<table>\r\n<tbody>\r\n<tr>\r\n<td><strong>\u2116<\/strong><\/td>\r\n<td>\r\n<p style=\"text-align: center;\"><strong>Param\u00e8tre<\/strong><\/p>\r\n<\/td>\r\n<td>\r\n<p style=\"text-align: center;\"><strong>Valeur<\/strong><\/p>\r\n<\/td>\r\n<\/tr>\r\n<tr>\r\n<td>1<\/td>\r\n<td>Tension de fonctionnement CA, V<\/td>\r\n<td>\r\n<p style=\"text-align: center;\">85 \u2014 264<\/p>\r\n<\/td>\r\n<\/tr>\r\n<tr>\r\n<td>2<\/td>\r\n<td>Fr\u00e9quence d\u2019alimentation, Hz<\/td>\r\n<td>\r\n<p style=\"text-align: center;\">48 \u2013 63<\/p>\r\n<\/td>\r\n<\/tr>\r\n<tr>\r\n<td>3<\/td>\r\n<td>Consommation \u00e9lectrique, VA<\/td>\r\n<td>\r\n<p style=\"text-align: center;\">Pas plus de 250<\/p>\r\n<\/td>\r\n<\/tr>\r\n<tr>\r\n<td>4<\/td>\r\n<td>Tension de sortie maximale, kV<\/td>\r\n<td>\r\n<p style=\"text-align: center;\">Sinuso\u00efdale, jusqu\u2019\u00e0 100 kV RMS.<\/p>\r\n<\/td>\r\n<\/tr>\r\n<tr>\r\n<td>5<\/td>\r\n<td>Erreur de mesure de la tension de sortie<\/td>\r\n<td>\r\n<p style=\"text-align: center;\">\u00b11 %<\/p>\r\n<\/td>\r\n<\/tr>\r\n<tr>\r\n<td>6<\/td>\r\n<td>Taux de mont\u00e9e en tension, kV\/s<\/td>\r\n<td>\r\n<p style=\"text-align: center;\">De\u00a0 0,5 \u00e0 10<\/p>\r\n<\/td>\r\n<\/tr>\r\n<tr>\r\n<td>7<\/td>\r\n<td>R\u00e9solution lors de l\u2019affichage de la tension de sortie, V<\/td>\r\n<td>\r\n<p style=\"text-align: center;\">100<\/p>\r\n<\/td>\r\n<\/tr>\r\n<tr>\r\n<td>8<\/td>\r\n<td>Temps de coupure haute tension apr\u00e8s panne, \u00b5s<\/td>\r\n<td>\r\n<p style=\"text-align: center;\">10 maximum,<\/p>\r\n<p style=\"text-align: center;\">4 typique.<\/p>\r\n<\/td>\r\n<\/tr>\r\n<tr>\r\n<td>9<\/td>\r\n<td>Volume de cellule de mesure, cm3<\/td>\r\n<td>\r\n<p style=\"text-align: center;\">500<\/p>\r\n<\/td>\r\n<\/tr>\r\n<tr>\r\n<td>10<\/td>\r\n<td>Plage de mesure de la temp\u00e9rature ambiante, \u00b0\u0421<\/td>\r\n<td>\r\n<p style=\"text-align: center;\">0 \u2014 100<\/p>\r\n<\/td>\r\n<\/tr>\r\n<tr>\r\n<td>11<\/td>\r\n<td>R\u00e9solution de mesure de temp\u00e9rature, \u00b0\u0421<\/td>\r\n<td>\r\n<p style=\"text-align: center;\">0,1<\/p>\r\n<\/td>\r\n<\/tr>\r\n<tr>\r\n<td>12<\/td>\r\n<td>Imprimante int\u00e9gr\u00e9e<\/td>\r\n<td>\r\n<p style=\"text-align: center;\">Oui<\/p>\r\n<\/td>\r\n<\/tr>\r\n<tr>\r\n<td>13<\/td>\r\n<td>Temperature de travail, \u00b0\u0421<\/td>\r\n<td>\r\n<p style=\"text-align: center;\">0 \u2014 50<\/p>\r\n<\/td>\r\n<\/tr>\r\n<tr>\r\n<td>14<\/td>\r\n<td>Temp\u00e9rature de stockage, \u00b0C<\/td>\r\n<td>\r\n<p style=\"text-align: center;\">De \u2013 20 \u00e0 + 60<\/p>\r\n<\/td>\r\n<\/tr>\r\n<tr>\r\n<td>15<\/td>\r\n<td>Humidit\u00e9 relative, %<\/td>\r\n<td>\r\n<p style=\"text-align: center;\">Jusqu\u2019\u00e0 90 sans condensation<\/p>\r\n<\/td>\r\n<\/tr>\r\n<tr>\r\n<td>16<\/td>\r\n<td>Pression atmosph\u00e9rique, mm. rt. Art.<\/td>\r\n<td>\r\n<p style=\"text-align: center;\">630 \u2014 800<\/p>\r\n<\/td>\r\n<\/tr>\r\n<tr>\r\n<td>17<\/td>\r\n<td>Dimensions hors tout, mm<\/td>\r\n<td>\r\n<p style=\"text-align: center;\">510\u0445300\u0445350<\/p>\r\n<\/td>\r\n<\/tr>\r\n<tr>\r\n<td>18<\/td>\r\n<td>Poids, kg,<\/td>\r\n<td>\r\n<p style=\"text-align: center;\">30<\/p>\r\n<\/td>\r\n<\/tr>\r\n<\/tbody>\r\n<\/table>"},{"tab_title":"Avantages","tab_content":"<ul>\r\n \t<li style=\"text-align: justify;\">Mesure automatis\u00e9e et pr\u00e9cise d\u2019une tension de panne jusqu\u2019\u00e0 100 kV ;<\/li>\r\n \t<li style=\"text-align: justify;\">Arr\u00eat instantan\u00e9 (4 \u03bcs) de la tension d\u2019essai avec panne ;<\/li>\r\n \t<li style=\"text-align: justify;\">Il existe une imprimante construite, vous pouvez imprimer les r\u00e9sultats de mesure ;<\/li>\r\n \t<li style=\"text-align: justify;\">Il existe un connecteur USB pour connecter un lecteur flash. Vous pouvez enregistrer des informations \u00e0 partir des archives de test pour une r\u00e9\u00e9criture suppl\u00e9mentaire vers l\u2019ordinateur ;<\/li>\r\n \t<li style=\"text-align: justify;\">Simple et pratique dans le fonctionnement et la maintenance.<\/li>\r\n<\/ul>"},{"tab_title":"Application","tab_content":"[product_oil_types]"},{"tab_title":"Webinaire","tab_content":"<div class=\"responsive-embed widescreen\">\r\n<div class=\"responsive-embed widescreen\">\r\n<div class=\"responsive-embed widescreen\">\r\n<div class=\"responsive-embed widescreen\">\r\n<div class=\"responsive-embed widescreen\">\r\n<div class=\"responsive-embed widescreen\"><iframe title=\"Test de tension de claquage en ligne\" src=\"https:\/\/www.youtube.com\/embed\/ZBOiVTrG9BE?feature=oembed\" width=\"500\" height=\"281\" frameborder=\"0\" allowfullscreen=\"allowfullscreen\"><\/iframe><\/div>\r\n<\/div>\r\n<\/div>\r\n<\/div>\r\n<\/div>\r\n<\/div>"}],"add_video_tab":[{"video_tab_title":"Vid\u00e9o","add_video_id":[{"video_id":"bQ46GoNioQo"},{"video_id":"ddMQAZKiNY8"},{"video_id":"5js-MF8650k"}]}],"add_gallery_tab":[{"gallery_tab_title":"Photo","add_img":[63283,63273,63263,63253]}],"add_price_tab":[{"price_tab_title":"Get a quote"}]},"language":"fr","_links":{"self":[{"href":"https:\/\/globecore.com\/fr\/wp-json\/wp\/v2\/pages\/63244","targetHints":{"allow":["GET"]}}],"collection":[{"href":"https:\/\/globecore.com\/fr\/wp-json\/wp\/v2\/pages"}],"about":[{"href":"https:\/\/globecore.com\/fr\/wp-json\/wp\/v2\/types\/page"}],"author":[{"embeddable":true,"href":"https:\/\/globecore.com\/fr\/wp-json\/wp\/v2\/users\/7"}],"replies":[{"embeddable":true,"href":"https:\/\/globecore.com\/fr\/wp-json\/wp\/v2\/comments?post=63244"}],"version-history":[{"count":2,"href":"https:\/\/globecore.com\/fr\/wp-json\/wp\/v2\/pages\/63244\/revisions"}],"predecessor-version":[{"id":336222,"href":"https:\/\/globecore.com\/fr\/wp-json\/wp\/v2\/pages\/63244\/revisions\/336222"}],"up":[{"embeddable":true,"href":"https:\/\/globecore.com\/fr\/wp-json\/wp\/v2\/pages\/32160"}],"wp:featuredmedia":[{"embeddable":true,"href":"https:\/\/globecore.com\/fr\/wp-json\/wp\/v2\/media\/110285"}],"wp:attachment":[{"href":"https:\/\/globecore.com\/fr\/wp-json\/wp\/v2\/media?parent=63244"}],"wp:term":[{"taxonomy":"category","embeddable":true,"href":"https:\/\/globecore.com\/fr\/wp-json\/wp\/v2\/categories?post=63244"}],"curies":[{"name":"wp","href":"https:\/\/api.w.org\/{rel}","templated":true}]}}