{"id":65205,"date":"2022-08-25T11:11:39","date_gmt":"2022-08-25T11:11:39","guid":{"rendered":"https:\/\/globecore.com\/gc-roots-vacuum-pumps\/"},"modified":"2026-02-17T09:48:36","modified_gmt":"2026-02-17T09:48:36","slug":"gc-roots-vacuum-pumps","status":"publish","type":"page","link":"https:\/\/globecore.com\/fr\/products\/accessoires\/vacuum-pumps\/gc-roots-vacuum-pumps\/","title":{"rendered":"GC Pompes \u00e0 vide (Racines)"},"content":{"rendered":"","protected":false},"excerpt":{"rendered":"","protected":false},"author":7,"featured_media":65140,"parent":65211,"menu_order":0,"comment_status":"closed","ping_status":"closed","template":"templates\/single-product.php","meta":{"_acf_changed":false,"_bbp_topic_count":0,"_bbp_reply_count":0,"_bbp_total_topic_count":0,"_bbp_total_reply_count":0,"_bbp_voice_count":0,"_bbp_anonymous_reply_count":0,"_bbp_topic_count_hidden":0,"_bbp_reply_count_hidden":0,"_bbp_forum_subforum_count":0,"footnotes":""},"categories":[2571],"class_list":["post-65205","page","type-page","status-publish","has-post-thumbnail","hentry","category-accessoires","oil_type-huile-pour-transformateur","process_type-remplissage"],"acf":{"add_tab":[{"tab_title":"Description","tab_content":"<p style=\"text-align: justify;\">Les pompes \u00e0 vide Racines GC sont con\u00e7ues pour cr\u00e9er un vide faible et moyen. Le principe de fonctionnement des pompes \u00e0 vide Racines est bas\u00e9 sur l'entr\u00e9e et la sortie de gaz gr\u00e2ce \u00e0 la rotation de deux rotors plac\u00e9s dans le carter. La pompe Racines ne peut pas \u00e9vacuer directement dans l'atmosph\u00e8re, elle est donc g\u00e9n\u00e9ralement utilis\u00e9e en conjonction avec une pompe primaire.<\/p>\r\n<p style=\"text-align: justify;\">Applications possibles pour les pompes \u00e0 vide Racines;<\/p>\r\n\r\n<ul>\r\n \t<li style=\"text-align: justify;\">d\u00e9gazage sous vide ;<\/li>\r\n \t<li style=\"text-align: justify;\">fusion sous vide ;<\/li>\r\n \t<li style=\"text-align: justify;\">traitement sous vide de l'acier en fusion ;<\/li>\r\n \t<li style=\"text-align: justify;\">le traitement thermique sous vide en m\u00e9tallurgie ;<\/li>\r\n \t<li style=\"text-align: justify;\">industrie chimique ;<\/li>\r\n \t<li style=\"text-align: justify;\">la m\u00e9decine ;<\/li>\r\n \t<li style=\"text-align: justify;\">industrie alimentaire ;<\/li>\r\n \t<li style=\"text-align: justify;\">construction de moteurs, etc\u2026<\/li>\r\n<\/ul>"}],"add_def_tab":[{"tab_title":"Caract\u00e9ristiques","tab_content":"<table>\r\n<tbody>\r\n<tr>\r\n<td><strong>\u2116<\/strong><\/td>\r\n<td colspan=\"2\" width=\"237\"><strong>Mod\u00e8le<\/strong><\/td>\r\n<td width=\"56\"><strong>\u00a0<\/strong><\/td>\r\n<td>\r\n<p style=\"text-align: center;\"><strong>GC-70<\/strong><\/p>\r\n<\/td>\r\n<td>\r\n<p style=\"text-align: center;\"><strong>GC-150<\/strong><\/p>\r\n<\/td>\r\n<td>\r\n<p style=\"text-align: center;\"><strong>GC-300<\/strong><\/p>\r\n<\/td>\r\n<td>\r\n<p style=\"text-align: center;\"><strong>GC-600<\/strong><\/p>\r\n<\/td>\r\n<td>\r\n<p style=\"text-align: center;\"><strong>GC-1200<\/strong><\/p>\r\n<\/td>\r\n<\/tr>\r\n<tr>\r\n<td rowspan=\"2\">1<\/td>\r\n<td rowspan=\"2\">Vitesse de pompage nominale<\/td>\r\n<td width=\"47\">50 Hz<\/td>\r\n<td rowspan=\"2\" width=\"56\">\r\n<p style=\"text-align: center;\">m3\/h<\/p>\r\n<\/td>\r\n<td>\r\n<p style=\"text-align: center;\">250<\/p>\r\n<\/td>\r\n<td>\r\n<p style=\"text-align: center;\">540<\/p>\r\n<\/td>\r\n<td>\r\n<p style=\"text-align: center;\">1080<\/p>\r\n<\/td>\r\n<td>\r\n<p style=\"text-align: center;\">2160<\/p>\r\n<\/td>\r\n<td>\r\n<p style=\"text-align: center;\">4320<\/p>\r\n<\/td>\r\n<\/tr>\r\n<tr>\r\n<td width=\"47\">60 Hz<\/td>\r\n<td>\r\n<p style=\"text-align: center;\">300<\/p>\r\n<\/td>\r\n<td>\r\n<p style=\"text-align: center;\">650<\/p>\r\n<\/td>\r\n<td>\r\n<p style=\"text-align: center;\">1300<\/p>\r\n<\/td>\r\n<td>\r\n<p style=\"text-align: center;\">2590<\/p>\r\n<\/td>\r\n<td>\r\n<p style=\"text-align: center;\">5200<\/p>\r\n<\/td>\r\n<\/tr>\r\n<tr>\r\n<td>2<\/td>\r\n<td colspan=\"2\" width=\"237\">Pression ultime<\/td>\r\n<td width=\"56\">\r\n<p style=\"text-align: center;\">Pa<\/p>\r\n<\/td>\r\n<td>\r\n<p style=\"text-align: center;\">3\u00d710<sup>-2<\/sup><\/p>\r\n<\/td>\r\n<td>\r\n<p style=\"text-align: center;\">3\u00d710<sup>-2<\/sup><\/p>\r\n<\/td>\r\n<td>\r\n<p style=\"text-align: center;\">3\u00d710<sup>-2<\/sup><\/p>\r\n<\/td>\r\n<td>\r\n<p style=\"text-align: center;\">3\u00d710<sup>-2<\/sup><\/p>\r\n<\/td>\r\n<td>\r\n<p style=\"text-align: center;\">3\u00d710<sup>-2<\/sup><\/p>\r\n<\/td>\r\n<\/tr>\r\n<tr>\r\n<td>3<\/td>\r\n<td colspan=\"2\" width=\"237\">Pression diff\u00e9rentielle admissible<\/td>\r\n<td width=\"56\">\r\n<p style=\"text-align: center;\">hPa<\/p>\r\n<\/td>\r\n<td>\r\n<p style=\"text-align: center;\">100<\/p>\r\n<\/td>\r\n<td>\r\n<p style=\"text-align: center;\">80<\/p>\r\n<\/td>\r\n<td>\r\n<p style=\"text-align: center;\">60<\/p>\r\n<\/td>\r\n<td>\r\n<p style=\"text-align: center;\">45<\/p>\r\n<\/td>\r\n<td>\r\n<p style=\"text-align: center;\">53<\/p>\r\n<\/td>\r\n<\/tr>\r\n<tr>\r\n<td>4<\/td>\r\n<td colspan=\"2\" width=\"237\">Temp\u00e9rature ambiante admissible<\/td>\r\n<td width=\"56\">\r\n<p style=\"text-align: center;\">\u00b0C<\/p>\r\n<\/td>\r\n<td>\r\n<p style=\"text-align: center;\">5-40<\/p>\r\n<\/td>\r\n<td>\r\n<p style=\"text-align: center;\">5-40<\/p>\r\n<\/td>\r\n<td>\r\n<p style=\"text-align: center;\">5-40<\/p>\r\n<\/td>\r\n<td>\r\n<p style=\"text-align: center;\">5-40<\/p>\r\n<\/td>\r\n<td>\r\n<p style=\"text-align: center;\">5-40<\/p>\r\n<\/td>\r\n<\/tr>\r\n<tr>\r\n<td>5<\/td>\r\n<td colspan=\"2\" width=\"237\">Tension moteur, 50 Hz<\/td>\r\n<td width=\"56\">\r\n<p style=\"text-align: center;\">V<\/p>\r\n<\/td>\r\n<td>\r\n<p style=\"text-align: center;\">380<\/p>\r\n<\/td>\r\n<td>\r\n<p style=\"text-align: center;\">380<\/p>\r\n<\/td>\r\n<td>\r\n<p style=\"text-align: center;\">380<\/p>\r\n<\/td>\r\n<td>\r\n<p style=\"text-align: center;\">380<\/p>\r\n<\/td>\r\n<td>\r\n<p style=\"text-align: center;\">380<\/p>\r\n<\/td>\r\n<\/tr>\r\n<tr>\r\n<td>6<\/td>\r\n<td colspan=\"2\" width=\"237\">Puissance moteur, 50 Hz<\/td>\r\n<td width=\"56\">\r\n<p style=\"text-align: center;\">kW<\/p>\r\n<\/td>\r\n<td>\r\n<p style=\"text-align: center;\">1.1<\/p>\r\n<\/td>\r\n<td>\r\n<p style=\"text-align: center;\">2.2<\/p>\r\n<\/td>\r\n<td>\r\n<p style=\"text-align: center;\">4<\/p>\r\n<\/td>\r\n<td>\r\n<p style=\"text-align: center;\">7.5<\/p>\r\n<\/td>\r\n<td>\r\n<p style=\"text-align: center;\">11<\/p>\r\n<\/td>\r\n<\/tr>\r\n<tr>\r\n<td>7<\/td>\r\n<td colspan=\"2\" width=\"237\">Vitesse de rotation, 50 Hz<\/td>\r\n<td width=\"56\">\r\n<p style=\"text-align: center;\">trs\/mn<\/p>\r\n<\/td>\r\n<td>\r\n<p style=\"text-align: center;\">2825<\/p>\r\n<\/td>\r\n<td>\r\n<p style=\"text-align: center;\">2840<\/p>\r\n<\/td>\r\n<td>\r\n<p style=\"text-align: center;\">2890<\/p>\r\n<\/td>\r\n<td>\r\n<p style=\"text-align: center;\">2900<\/p>\r\n<\/td>\r\n<td>\r\n<p style=\"text-align: center;\">2900<\/p>\r\n<\/td>\r\n<\/tr>\r\n<tr>\r\n<td>8<\/td>\r\n<td colspan=\"2\" width=\"237\">protection<\/td>\r\n<td width=\"56\">\r\n<p style=\"text-align: center;\">IP<\/p>\r\n<\/td>\r\n<td>\r\n<p style=\"text-align: center;\">44<\/p>\r\n<\/td>\r\n<td>\r\n<p style=\"text-align: center;\">44<\/p>\r\n<\/td>\r\n<td>\r\n<p style=\"text-align: center;\">44<\/p>\r\n<\/td>\r\n<td>\r\n<p style=\"text-align: center;\">44<\/p>\r\n<\/td>\r\n<td>\r\n<p style=\"text-align: center;\">44<\/p>\r\n<\/td>\r\n<\/tr>\r\n<tr>\r\n<td>9<\/td>\r\n<td colspan=\"2\" width=\"237\">Remplissage d\u2019huile de bo\u00eete de vitesses<\/td>\r\n<td width=\"56\">\r\n<p style=\"text-align: center;\">l<\/p>\r\n<\/td>\r\n<td>\r\n<p style=\"text-align: center;\">0.8<\/p>\r\n<\/td>\r\n<td>\r\n<p style=\"text-align: center;\">2.8<\/p>\r\n<\/td>\r\n<td>\r\n<p style=\"text-align: center;\">2.8<\/p>\r\n<\/td>\r\n<td>\r\n<p style=\"text-align: center;\">7.5<\/p>\r\n<\/td>\r\n<td>\r\n<p style=\"text-align: center;\">7.5<\/p>\r\n<\/td>\r\n<\/tr>\r\n<tr>\r\n<td rowspan=\"2\">10<\/td>\r\n<td rowspan=\"2\">Diam\u00e8tre int\u00e9rieur de la bride<\/td>\r\n<td width=\"47\">Entr\u00e9e<\/td>\r\n<td rowspan=\"2\" width=\"56\">\r\n<p style=\"text-align: center;\">mm<\/p>\r\n<\/td>\r\n<td rowspan=\"2\">\r\n<p style=\"text-align: center;\">80<\/p>\r\n<p style=\"text-align: center;\">50<\/p>\r\n<\/td>\r\n<td rowspan=\"2\">\r\n<p style=\"text-align: center;\">100<\/p>\r\n<\/td>\r\n<td rowspan=\"2\">\r\n<p style=\"text-align: center;\">150<\/p>\r\n<\/td>\r\n<td rowspan=\"2\">\r\n<p style=\"text-align: center;\">200<\/p>\r\n<\/td>\r\n<td rowspan=\"2\">\r\n<p style=\"text-align: center;\">250<\/p>\r\n<p style=\"text-align: center;\">200<\/p>\r\n<\/td>\r\n<\/tr>\r\n<tr>\r\n<td width=\"47\">Sortir<\/td>\r\n<\/tr>\r\n<tr>\r\n<td>11<\/td>\r\n<td colspan=\"2\" width=\"237\">Alimentation en eau de refroidissement<\/td>\r\n<td width=\"56\">\r\n<p style=\"text-align: center;\">l\/h<\/p>\r\n<\/td>\r\n<td>\r\n<p style=\"text-align: center;\">\/<\/p>\r\n<\/td>\r\n<td>\r\n<p style=\"text-align: center;\">\/<\/p>\r\n<\/td>\r\n<td>\r\n<p style=\"text-align: center;\">\/<\/p>\r\n<\/td>\r\n<td>\r\n<p style=\"text-align: center;\">150<\/p>\r\n<\/td>\r\n<td>\r\n<p style=\"text-align: center;\">150<\/p>\r\n<\/td>\r\n<\/tr>\r\n<tr>\r\n<td>12<\/td>\r\n<td colspan=\"2\" width=\"237\">Poids avec moteur<\/td>\r\n<td width=\"56\">\r\n<p style=\"text-align: center;\">Kg<\/p>\r\n<\/td>\r\n<td>\r\n<p style=\"text-align: center;\">80<\/p>\r\n<\/td>\r\n<td>\r\n<p style=\"text-align: center;\">180<\/p>\r\n<\/td>\r\n<td>\r\n<p style=\"text-align: center;\">245<\/p>\r\n<\/td>\r\n<td>\r\n<p style=\"text-align: center;\">575<\/p>\r\n<\/td>\r\n<td>\r\n<p style=\"text-align: center;\">800<\/p>\r\n<\/td>\r\n<\/tr>\r\n<tr>\r\n<td>13<\/td>\r\n<td colspan=\"2\" width=\"237\">Poids avec emballage<\/td>\r\n<td width=\"56\">\r\n<p style=\"text-align: center;\">Kg<\/p>\r\n<\/td>\r\n<td>\r\n<p style=\"text-align: center;\">110<\/p>\r\n<\/td>\r\n<td>\r\n<p style=\"text-align: center;\">240<\/p>\r\n<\/td>\r\n<td>\r\n<p style=\"text-align: center;\">315<\/p>\r\n<\/td>\r\n<td>\r\n<p style=\"text-align: center;\">660<\/p>\r\n<\/td>\r\n<td>\r\n<p style=\"text-align: center;\">950<\/p>\r\n<\/td>\r\n<\/tr>\r\n<tr>\r\n<td>14<\/td>\r\n<td colspan=\"2\" width=\"237\">Niveau de bruit (\u00e0 la pression ultime)<\/td>\r\n<td width=\"56\">\r\n<p style=\"text-align: center;\">dB<\/p>\r\n<\/td>\r\n<td>\r\n<p style=\"text-align: center;\">65<\/p>\r\n<\/td>\r\n<td>\r\n<p style=\"text-align: center;\">68<\/p>\r\n<\/td>\r\n<td>\r\n<p style=\"text-align: center;\">72<\/p>\r\n<\/td>\r\n<td>\r\n<p style=\"text-align: center;\">75<\/p>\r\n<\/td>\r\n<td>\r\n<p style=\"text-align: center;\">78<\/p>\r\n<\/td>\r\n<\/tr>\r\n<\/tbody>\r\n<\/table>"},{"tab_title":"Avantages","tab_content":"<ul>\r\n \t<li style=\"text-align: justify;\">le vide pouss\u00e9 est atteint en peu de temps ;<\/li>\r\n \t<li style=\"text-align: justify;\">vitesse de pompage \u00e9lev\u00e9e dans une large plage de pression (1-500 Pa) ;<\/li>\r\n \t<li style=\"text-align: justify;\">la chambre de pompage ne contient pas de lubrifiants ;<\/li>\r\n \t<li style=\"text-align: justify;\">douceur de travail ;<\/li>\r\n \t<li style=\"text-align: justify;\">faible niveau sonore ;<\/li>\r\n \t<li style=\"text-align: justify;\">vitesse de pompage \u00e9lev\u00e9e ;<\/li>\r\n \t<li style=\"text-align: justify;\">Basse consommation \u00e9nerg\u00e9tique ;<\/li>\r\n \t<li style=\"text-align: justify;\">Facilit\u00e9 d\u2019entretien ;<\/li>\r\n \t<li style=\"text-align: justify;\">compacit\u00e9.<\/li>\r\n<\/ul>"}],"add_video_tab":null,"add_gallery_tab":null,"add_price_tab":null},"language":"fr","_links":{"self":[{"href":"https:\/\/globecore.com\/fr\/wp-json\/wp\/v2\/pages\/65205","targetHints":{"allow":["GET"]}}],"collection":[{"href":"https:\/\/globecore.com\/fr\/wp-json\/wp\/v2\/pages"}],"about":[{"href":"https:\/\/globecore.com\/fr\/wp-json\/wp\/v2\/types\/page"}],"author":[{"embeddable":true,"href":"https:\/\/globecore.com\/fr\/wp-json\/wp\/v2\/users\/7"}],"replies":[{"embeddable":true,"href":"https:\/\/globecore.com\/fr\/wp-json\/wp\/v2\/comments?post=65205"}],"version-history":[{"count":1,"href":"https:\/\/globecore.com\/fr\/wp-json\/wp\/v2\/pages\/65205\/revisions"}],"predecessor-version":[{"id":333665,"href":"https:\/\/globecore.com\/fr\/wp-json\/wp\/v2\/pages\/65205\/revisions\/333665"}],"up":[{"embeddable":true,"href":"https:\/\/globecore.com\/fr\/wp-json\/wp\/v2\/pages\/65211"}],"wp:featuredmedia":[{"embeddable":true,"href":"https:\/\/globecore.com\/fr\/wp-json\/wp\/v2\/media\/65140"}],"wp:attachment":[{"href":"https:\/\/globecore.com\/fr\/wp-json\/wp\/v2\/media?parent=65205"}],"wp:term":[{"taxonomy":"category","embeddable":true,"href":"https:\/\/globecore.com\/fr\/wp-json\/wp\/v2\/categories?post=65205"}],"curies":[{"name":"wp","href":"https:\/\/api.w.org\/{rel}","templated":true}]}}