{"id":65213,"date":"2022-08-25T11:19:19","date_gmt":"2022-08-25T11:19:19","guid":{"rendered":"https:\/\/globecore.com\/products\/accessoires\/vacuum-pumps\/gc-vane-vacuum-pumps-backing-pumps\/"},"modified":"2026-02-17T09:46:51","modified_gmt":"2026-02-17T09:46:51","slug":"gc-vane-vacuum-pumps-backing-pumps","status":"publish","type":"page","link":"https:\/\/globecore.com\/fr\/products\/accessoires\/vacuum-pumps\/gc-vane-vacuum-pumps-backing-pumps\/","title":{"rendered":"GC Pompes \u00e0 vide \u00e0 palettes (premi\u00e8re ligne)"},"content":{"rendered":"","protected":false},"excerpt":{"rendered":"","protected":false},"author":7,"featured_media":65154,"parent":65211,"menu_order":0,"comment_status":"closed","ping_status":"closed","template":"templates\/single-product.php","meta":{"_acf_changed":false,"_bbp_topic_count":0,"_bbp_reply_count":0,"_bbp_total_topic_count":0,"_bbp_total_reply_count":0,"_bbp_voice_count":0,"_bbp_anonymous_reply_count":0,"_bbp_topic_count_hidden":0,"_bbp_reply_count_hidden":0,"_bbp_forum_subforum_count":0,"footnotes":""},"categories":[2571],"class_list":["post-65213","page","type-page","status-publish","has-post-thumbnail","hentry","category-accessoires","oil_type-huile-pour-transformateur","process_type-remplissage"],"acf":{"add_tab":[{"tab_title":"Description","tab_content":"<p style=\"text-align: justify;\">Les pompes \u00e0 vide \u00e0 palettes GC sont con\u00e7ues pour cr\u00e9er un vide pr\u00e9liminaire - vide primaire. En r\u00e8gle g\u00e9n\u00e9rale, les pompes primaires sont utilis\u00e9es dans les syst\u00e8mes \u00e0 vide pouss\u00e9 comme premier \u00e9tage en conjonction avec des pompes \u00e0 vide pouss\u00e9.<\/p>\r\n<p style=\"text-align: justify;\">La pompe \u00e0 vide \u00e0 palettes se compose d'une chambre de travail cylindrique et d'un rotor \u00e0 pales. Le rotor \u00e0 pales est d\u00e9cal\u00e9 par rapport au centre de la chambre de travail. Du fait du d\u00e9placement, deux zones se distinguent dans la chambre : dans la premi\u00e8re, une d\u00e9pression est cr\u00e9\u00e9e et elle aspire de l'air, et la seconde comprime l'air et le fait sortir.<\/p>\r\n<p style=\"text-align: justify;\">Applications possibles pour les pompes \u00e0 vide \u00e0 palettes :<\/p>\r\n\r\n<ul>\r\n \t<li style=\"text-align: justify;\">industrie plastique (moulage sous vide, emballage, rev\u00eatement) ;<\/li>\r\n \t<li style=\"text-align: justify;\">industrie agro-alimentaire (st\u00e9rilisation, conditionnement) ;<\/li>\r\n \t<li style=\"text-align: justify;\">m\u00e9decine (st\u00e9rilisation) ;<\/li>\r\n \t<li style=\"text-align: justify;\">industrie chimique (production de peintures);<\/li>\r\n \t<li style=\"text-align: justify;\">industrie pharmaceutique (production d'ampoules), etc.<\/li>\r\n<\/ul>"}],"add_def_tab":[{"tab_title":"Caract\u00e9ristiques","tab_content":"<table width=\"643\">\r\n<tbody>\r\n<tr>\r\n<td><strong>\u2116<\/strong><\/td>\r\n<td>\r\n<p style=\"text-align: center;\"><strong>Mod\u00e8le <\/strong><\/p>\r\n<\/td>\r\n<td>\r\n<p style=\"text-align: center;\"><strong>Tension, V<\/strong><\/p>\r\n<\/td>\r\n<td>\r\n<p style=\"text-align: center;\"><strong>fr\u00e9quence Hz<\/strong><\/p>\r\n<\/td>\r\n<td>\r\n<p style=\"text-align: center;\"><strong>puissance, kW<\/strong><\/p>\r\n<\/td>\r\n<td>\r\n<p style=\"text-align: center;\"><strong>Courant, A<\/strong><\/p>\r\n<\/td>\r\n<td>\r\n<p style=\"text-align: center;\"><strong>Pression limite, mbar<\/strong><\/p>\r\n<\/td>\r\n<td>\r\n<p style=\"text-align: center;\"><strong>Vitesse maximale de la pompe, m3\/h<\/strong><\/p>\r\n<\/td>\r\n<td>\r\n<p style=\"text-align: center;\"><strong>Niveau sonore, dB<\/strong><\/p>\r\n<\/td>\r\n<td>\r\n<p style=\"text-align: center;\"><strong>Volume d\u2019huile, l<\/strong><\/p>\r\n<\/td>\r\n<td width=\"51\">\r\n<p style=\"text-align: center;\"><strong>Poids kg<\/strong><\/p>\r\n<\/td>\r\n<\/tr>\r\n<tr>\r\n<td rowspan=\"2\">1<\/td>\r\n<td rowspan=\"2\">GC10-520<\/td>\r\n<td rowspan=\"2\">\r\n<p style=\"text-align: center;\">200-240\/380-440<\/p>\r\n<\/td>\r\n<td>\r\n<p style=\"text-align: center;\">50<\/p>\r\n<\/td>\r\n<td>\r\n<p style=\"text-align: center;\">0,76<\/p>\r\n<\/td>\r\n<td>\r\n<p style=\"text-align: center;\">2,5-2,9\/1,5-1,9<\/p>\r\n<\/td>\r\n<td rowspan=\"2\">\r\n<p style=\"text-align: center;\">2<\/p>\r\n<\/td>\r\n<td>\r\n<p style=\"text-align: center;\">20<\/p>\r\n<\/td>\r\n<td>\r\n<p style=\"text-align: center;\">72<\/p>\r\n<\/td>\r\n<td rowspan=\"2\">\r\n<p style=\"text-align: center;\">0,5<\/p>\r\n<\/td>\r\n<td rowspan=\"2\" width=\"51\">\r\n<p style=\"text-align: center;\">21,9<\/p>\r\n<\/td>\r\n<\/tr>\r\n<tr>\r\n<td>\r\n<p style=\"text-align: center;\">60<\/p>\r\n<\/td>\r\n<td>\r\n<p style=\"text-align: center;\">0,92<\/p>\r\n<\/td>\r\n<td>\r\n<p style=\"text-align: center;\">2,7-2,5\/1,6-1,5<\/p>\r\n<\/td>\r\n<td>\r\n<p style=\"text-align: center;\">24<\/p>\r\n<\/td>\r\n<td>\r\n<p style=\"text-align: center;\">72<\/p>\r\n<\/td>\r\n<\/tr>\r\n<tr>\r\n<td rowspan=\"2\">2<\/td>\r\n<td rowspan=\"2\">GC30-620<\/td>\r\n<td rowspan=\"2\">\r\n<p style=\"text-align: center;\">200-240\/380-440<\/p>\r\n<\/td>\r\n<td>\r\n<p style=\"text-align: center;\">50<\/p>\r\n<\/td>\r\n<td>\r\n<p style=\"text-align: center;\">1,5<\/p>\r\n<\/td>\r\n<td>\r\n<p style=\"text-align: center;\">6,1-7,6\/3,8-5,5<\/p>\r\n<\/td>\r\n<td rowspan=\"2\">\r\n<p style=\"text-align: center;\">0,5<\/p>\r\n<\/td>\r\n<td>\r\n<p style=\"text-align: center;\">63<\/p>\r\n<\/td>\r\n<td>\r\n<p style=\"text-align: center;\">74<\/p>\r\n<\/td>\r\n<td rowspan=\"2\">\r\n<p style=\"text-align: center;\">2<\/p>\r\n<\/td>\r\n<td rowspan=\"2\" width=\"51\">\r\n<p style=\"text-align: center;\">61,6<\/p>\r\n<\/td>\r\n<\/tr>\r\n<tr>\r\n<td>\r\n<p style=\"text-align: center;\">60<\/p>\r\n<\/td>\r\n<td>\r\n<p style=\"text-align: center;\">2,2<\/p>\r\n<\/td>\r\n<td>\r\n<p style=\"text-align: center;\">5,4-6,3\/3,1-3,9<\/p>\r\n<\/td>\r\n<td>\r\n<p style=\"text-align: center;\">76<\/p>\r\n<\/td>\r\n<td>\r\n<p style=\"text-align: center;\">76<\/p>\r\n<\/td>\r\n<\/tr>\r\n<tr>\r\n<td rowspan=\"2\">3<\/td>\r\n<td rowspan=\"2\">GC40-620<\/td>\r\n<td rowspan=\"2\">\r\n<p style=\"text-align: center;\">200-240\/380-440<\/p>\r\n<\/td>\r\n<td>\r\n<p style=\"text-align: center;\">50<\/p>\r\n<\/td>\r\n<td>\r\n<p style=\"text-align: center;\">3,0<\/p>\r\n<\/td>\r\n<td>\r\n<p style=\"text-align: center;\">6,5-8\/4,5-5,2<\/p>\r\n<\/td>\r\n<td rowspan=\"2\">\r\n<p style=\"text-align: center;\">0,5<\/p>\r\n<\/td>\r\n<td>\r\n<p style=\"text-align: center;\">100<\/p>\r\n<\/td>\r\n<td>\r\n<p style=\"text-align: center;\">74<\/p>\r\n<\/td>\r\n<td rowspan=\"2\">\r\n<p style=\"text-align: center;\">2<\/p>\r\n<\/td>\r\n<td rowspan=\"2\" width=\"51\">\r\n<p style=\"text-align: center;\">70<\/p>\r\n<\/td>\r\n<\/tr>\r\n<tr>\r\n<td>\r\n<p style=\"text-align: center;\">60<\/p>\r\n<\/td>\r\n<td>\r\n<p style=\"text-align: center;\">3,5<\/p>\r\n<\/td>\r\n<td>\r\n<p style=\"text-align: center;\">6,6-6,8\/3,8-4,2<\/p>\r\n<\/td>\r\n<td>\r\n<p style=\"text-align: center;\">120<\/p>\r\n<\/td>\r\n<td>\r\n<p style=\"text-align: center;\">76<\/p>\r\n<\/td>\r\n<\/tr>\r\n<\/tbody>\r\n<\/table>"},{"tab_title":"Avantages","tab_content":"<ul>\r\n \t<li style=\"text-align: justify;\">facilit\u00e9 d\u2019installation et d\u2019entretien ;<\/li>\r\n \t<li style=\"text-align: justify;\">faible niveau sonore ;<\/li>\r\n \t<li style=\"text-align: justify;\">Basse consommation \u00e9nerg\u00e9tique.<\/li>\r\n<\/ul>"}],"add_video_tab":null,"add_gallery_tab":null,"add_price_tab":null},"language":"fr","_links":{"self":[{"href":"https:\/\/globecore.com\/fr\/wp-json\/wp\/v2\/pages\/65213","targetHints":{"allow":["GET"]}}],"collection":[{"href":"https:\/\/globecore.com\/fr\/wp-json\/wp\/v2\/pages"}],"about":[{"href":"https:\/\/globecore.com\/fr\/wp-json\/wp\/v2\/types\/page"}],"author":[{"embeddable":true,"href":"https:\/\/globecore.com\/fr\/wp-json\/wp\/v2\/users\/7"}],"replies":[{"embeddable":true,"href":"https:\/\/globecore.com\/fr\/wp-json\/wp\/v2\/comments?post=65213"}],"version-history":[{"count":1,"href":"https:\/\/globecore.com\/fr\/wp-json\/wp\/v2\/pages\/65213\/revisions"}],"predecessor-version":[{"id":333663,"href":"https:\/\/globecore.com\/fr\/wp-json\/wp\/v2\/pages\/65213\/revisions\/333663"}],"up":[{"embeddable":true,"href":"https:\/\/globecore.com\/fr\/wp-json\/wp\/v2\/pages\/65211"}],"wp:featuredmedia":[{"embeddable":true,"href":"https:\/\/globecore.com\/fr\/wp-json\/wp\/v2\/media\/65154"}],"wp:attachment":[{"href":"https:\/\/globecore.com\/fr\/wp-json\/wp\/v2\/media?parent=65213"}],"wp:term":[{"taxonomy":"category","embeddable":true,"href":"https:\/\/globecore.com\/fr\/wp-json\/wp\/v2\/categories?post=65213"}],"curies":[{"name":"wp","href":"https:\/\/api.w.org\/{rel}","templated":true}]}}