{"id":65787,"date":"2022-11-15T09:44:06","date_gmt":"2022-11-15T09:44:06","guid":{"rendered":"https:\/\/globecore.com\/products\/appareils-de-mesure\/transformer-oils-breakdown-voltage-tester-tor-80a-with-battery\/"},"modified":"2026-03-06T14:07:21","modified_gmt":"2026-03-06T14:07:21","slug":"transformer-oils-breakdown-voltage-tester-tor-80a-with-battery","status":"publish","type":"page","link":"https:\/\/globecore.com\/fr\/products\/appareils-de-mesure\/transformer-oils-breakdown-voltage-tester-tor-80a-with-battery\/","title":{"rendered":"TOR-80A (TOR-80A LSL) Appareil de mesure de tension de claquage pour huile de transformateur"},"content":{"rendered":"","protected":false},"excerpt":{"rendered":"<p>Le TOR-80A est un appareil portable pour mesurer la rigidit\u00e9 di\u00e9lectrique (tension de claquage jusqu\u2019\u00e0 80\u202fkV) de l\u2019huile de transformateur et d\u2019autres di\u00e9lectriques liquides. Il fonctionne conform\u00e9ment aux normes IEC 60156, VDE 0370, ASTM D877, ASTM D1816 et IRAM 2341, qui peuvent \u00eatre mises \u00e0 jour ou \u00e9tendues pour r\u00e9pondre aux r\u00e9glementations et aux exigences des clients. \u00c9quip\u00e9 d\u2019une batterie rechargeable interne, le TOR-80A permet un fonctionnement enti\u00e8rement autonome directement sur site, offrant des mesures pr\u00e9cises et fiables sur le terrain.<\/p>\n","protected":false},"author":7,"featured_media":102204,"parent":32160,"menu_order":0,"comment_status":"closed","ping_status":"closed","template":"templates\/single-product.php","meta":{"_acf_changed":false,"_bbp_topic_count":0,"_bbp_reply_count":0,"_bbp_total_topic_count":0,"_bbp_total_reply_count":0,"_bbp_voice_count":0,"_bbp_anonymous_reply_count":0,"_bbp_topic_count_hidden":0,"_bbp_reply_count_hidden":0,"_bbp_forum_subforum_count":0,"footnotes":""},"categories":[1632],"class_list":["post-65787","page","type-page","status-publish","has-post-thumbnail","hentry","category-appareils-de-mesure","oil_type-fluide-dielectrique-fr3","oil_type-fluide-dielectrique-midel-7131","oil_type-huile-de-silicone","oil_type-huile-pour-transformateur","process_type-test-de-tension-de-claquage"],"acf":{"add_tab":[{"tab_title":"Description","tab_content":"<p style=\"text-align: justify;\">L'appareil TOR-80A (TOR-80A LSL) est con\u00e7u pour tester l'huile de transformateur et d'autres di\u00e9lectriques liquides en d\u00e9terminant la tension de claquage \u00e9lectrique. La tension de claquage \u00e9lectrique est d\u00e9termin\u00e9e conform\u00e9ment aux normes IEC 60156, VDE 0370, ASTM D877, ASTM D1816, IRAM 2341. Cette liste peut \u00eatre compl\u00e9t\u00e9e et modifi\u00e9e tant en tenant compte des souhaits des clients qu'avec l'av\u00e8nement de nouvelles versions de normes.<\/p>\r\n<p style=\"text-align: justify;\">Une caract\u00e9ristique de l'appareil TOR-80A (TOR-80A LSL) est la pr\u00e9sence d'une batterie qui offre la possibilit\u00e9 d'un fonctionnement autonome sur le terrain, sur le lieu de fonctionnement du transformateur.<\/p>\r\n\r\n<h2 style=\"text-align: center;\">Proc\u00e9dure de test<\/h2>\r\n<p style=\"text-align: justify;\">Apr\u00e8s le remplissage de la cellule de mesure avec de l'huile et la mise en marche de l'appareil, l'\u00e9cran de d\u00e9marrage s'affiche \u00e0 l'\u00e9cran. L'op\u00e9rateur s\u00e9lectionne le gabarit de mesure et le type d'huile. L'instrument proc\u00e8de automatiquement au test. Apr\u00e8s une panne dans le dernier cycle de test, les totaux sont affich\u00e9s. Si vous le souhaitez, ils peuvent \u00eatre envoy\u00e9s pour impression directement depuis l'appareil.<\/p>"}],"add_def_tab":[{"tab_title":"Caract\u00e9ristiques","tab_content":"<table>\r\n<tbody>\r\n<tr>\r\n<td><strong>\u2116<\/strong><\/td>\r\n<td>\r\n<p style=\"text-align: center;\"><strong>D\u00e9signation<\/strong><\/p>\r\n<\/td>\r\n<td>\r\n<p style=\"text-align: center;\"><strong>Valeur<\/strong><\/p>\r\n<\/td>\r\n<\/tr>\r\n<tr>\r\n<td>1<\/td>\r\n<td>\r\n<p style=\"text-align: left;\">Tension de fonctionnement CA, V<\/p>\r\n<\/td>\r\n<td>\r\n<p style=\"text-align: center;\">85 \u2014 264<\/p>\r\n<\/td>\r\n<\/tr>\r\n<tr>\r\n<td>2<\/td>\r\n<td>\r\n<p style=\"text-align: left;\">Fr\u00e9quence d\u2019alimentation, Hz<\/p>\r\n<\/td>\r\n<td>\r\n<p style=\"text-align: center;\">48 \u2014 63<\/p>\r\n<\/td>\r\n<\/tr>\r\n<tr>\r\n<td>3<\/td>\r\n<td>\r\n<p style=\"text-align: left;\">Puissance, W<\/p>\r\n<\/td>\r\n<td>\r\n<p style=\"text-align: center;\">Pas plus de \u00a0250<\/p>\r\n<\/td>\r\n<\/tr>\r\n<tr>\r\n<td>4<\/td>\r\n<td>\r\n<p style=\"text-align: left;\">Tension de sortie maximale, kV<\/p>\r\n<\/td>\r\n<td>\r\n<p style=\"text-align: center;\">Sinuso\u00efdale, jusqu\u2019\u00e0 80 kV RMS<\/p>\r\n<\/td>\r\n<\/tr>\r\n<tr>\r\n<td>5<\/td>\r\n<td>\r\n<p style=\"text-align: left;\">Erreur de mesure de la tension de sortie, %<\/p>\r\n<\/td>\r\n<td>\r\n<p style=\"text-align: center;\">\u00b1 1<\/p>\r\n<\/td>\r\n<\/tr>\r\n<tr>\r\n<td>6<\/td>\r\n<td>\r\n<p style=\"text-align: left;\">Vitesse de balayage de tension, kV\/s (variable)<\/p>\r\n<\/td>\r\n<td>\r\n<p style=\"text-align: center;\">De 0,1 \u00e0 5<\/p>\r\n<\/td>\r\n<\/tr>\r\n<tr>\r\n<td>7<\/td>\r\n<td>\r\n<p style=\"text-align: left;\">R\u00e9solution lors de l\u2019affichage de la tension de sortie, V<\/p>\r\n<\/td>\r\n<td>\r\n<p style=\"text-align: center;\">100<\/p>\r\n<\/td>\r\n<\/tr>\r\n<tr>\r\n<td>8<\/td>\r\n<td>\r\n<p style=\"text-align: left;\">Temps de coupure haute tension apr\u00e8s panne, \u00b5s<\/p>\r\n<\/td>\r\n<td>\r\n<p style=\"text-align: center;\">10 maximum,<\/p>\r\n<p style=\"text-align: center;\">4 typique<\/p>\r\n<\/td>\r\n<\/tr>\r\n<tr>\r\n<td>9<\/td>\r\n<td>\r\n<p style=\"text-align: left;\">Volume de la cellule de mesure, cm3<\/p>\r\n<\/td>\r\n<td>\r\n<p style=\"text-align: center;\">500<\/p>\r\n<\/td>\r\n<\/tr>\r\n<tr>\r\n<td>10<\/td>\r\n<td>\r\n<p style=\"text-align: left;\">Plage de mesure de la temp\u00e9rature ambiante, \u00b0C<\/p>\r\n<\/td>\r\n<td>\r\n<p style=\"text-align: center;\">0 \u2014 100<\/p>\r\n<\/td>\r\n<\/tr>\r\n<tr>\r\n<td>11<\/td>\r\n<td>\r\n<p style=\"text-align: left;\">R\u00e9solution de mesure de temp\u00e9rature, \u00b0\u0421<\/p>\r\n<\/td>\r\n<td>\r\n<p style=\"text-align: center;\">0,1<\/p>\r\n<\/td>\r\n<\/tr>\r\n<tr>\r\n<td>12<\/td>\r\n<td>\r\n<p style=\"text-align: left;\">Imprimante int\u00e9gr\u00e9e<\/p>\r\n<\/td>\r\n<td>\r\n<p style=\"text-align: center;\">Oui<\/p>\r\n<\/td>\r\n<\/tr>\r\n<tr>\r\n<td>13<\/td>\r\n<td>\r\n<p style=\"text-align: left;\">Batterie<\/p>\r\n<\/td>\r\n<td>\r\n<p style=\"text-align: center;\">Oui<\/p>\r\n<\/td>\r\n<\/tr>\r\n<tr>\r\n<td>14<\/td>\r\n<td>\r\n<p style=\"text-align: left;\">Temps de fonctionnement autonome continu (sur batterie), h<\/p>\r\n<\/td>\r\n<td>\r\n<p style=\"text-align: center;\">8<\/p>\r\n<\/td>\r\n<\/tr>\r\n<tr>\r\n<td>15<\/td>\r\n<td>\r\n<p style=\"text-align: left;\">Temps de charge<\/p>\r\n<\/td>\r\n<td>\r\n<p style=\"text-align: center;\">8<\/p>\r\n<\/td>\r\n<\/tr>\r\n<tr>\r\n<td>16<\/td>\r\n<td>\r\n<p style=\"text-align: left;\">Temp\u00e9rature de travail, \u00b0\u0421<\/p>\r\n<\/td>\r\n<td>\r\n<p style=\"text-align: center;\">De 0 \u00e0 +50\/40<\/p>\r\n<\/td>\r\n<\/tr>\r\n<tr>\r\n<td>17<\/td>\r\n<td>\r\n<p style=\"text-align: left;\">Temp\u00e9rature de transport et de stockage, \u00b0C<\/p>\r\n<\/td>\r\n<td>\r\n<p style=\"text-align: center;\">De -15 \u00e0 +40<\/p>\r\n<\/td>\r\n<\/tr>\r\n<tr>\r\n<td>18<\/td>\r\n<td>\r\n<p style=\"text-align: left;\">Humidit\u00e9 relative, %<\/p>\r\n<\/td>\r\n<td>\r\n<p style=\"text-align: center;\">Jusqu\u2019\u00e0 90 sans condensation<\/p>\r\n<\/td>\r\n<\/tr>\r\n<tr>\r\n<td>19<\/td>\r\n<td>\r\n<p style=\"text-align: left;\">Pression atmosph\u00e9rique, mm. rt. Art.<\/p>\r\n<\/td>\r\n<td>\r\n<p style=\"text-align: center;\">630 \u2013 800<\/p>\r\n<\/td>\r\n<\/tr>\r\n<tr>\r\n<td>20<\/td>\r\n<td>\r\n<p style=\"text-align: left;\">Dimensions hors tout, mm<\/p>\r\n<\/td>\r\n<td>\r\n<p style=\"text-align: center;\">510\u0445300\u0445413<\/p>\r\n<\/td>\r\n<\/tr>\r\n<tr>\r\n<td>21<\/td>\r\n<td>\r\n<p style=\"text-align: left;\">Poids, kg, pas plus<\/p>\r\n<\/td>\r\n<td>\r\n<p style=\"text-align: center;\">38,1<\/p>\r\n<\/td>\r\n<\/tr>\r\n<\/tbody>\r\n<\/table>"},{"tab_title":"Avantages","tab_content":"<ul>\r\n \t<li style=\"text-align: justify;\">peut fonctionner hors ligne sur des batteries compl\u00e8tement charg\u00e9es pendant huit heures ;<\/li>\r\n \t<li style=\"text-align: justify;\">r\u00e9pond aux exigences techniques les plus \u00e9lev\u00e9es, dispose d\u2019une \u00e9lectronique, d\u2019une conception et d\u2019un logiciel modernes ;<\/li>\r\n \t<li style=\"text-align: justify;\">appareil fiable, pratique et simple d\u2019utilisation ;<\/li>\r\n \t<li style=\"text-align: justify;\">\u00c9conomisez de l\u2019argent et du temps en testant l\u2019huile sur le site du transformateur.<\/li>\r\n<\/ul>"},{"tab_title":"Application","tab_content":"[product_oil_types]"},{"tab_title":"Webinaire","tab_content":"<div class=\"responsive-embed widescreen\">\r\n<div class=\"responsive-embed widescreen\">\r\n<div class=\"responsive-embed widescreen\">\r\n<div class=\"responsive-embed widescreen\">\r\n<div class=\"responsive-embed widescreen\">\r\n<div class=\"responsive-embed widescreen\"><iframe title=\"Test de tension de claquage en ligne\" src=\"https:\/\/www.youtube.com\/embed\/ZBOiVTrG9BE?feature=oembed\" width=\"500\" height=\"281\" frameborder=\"0\" allowfullscreen=\"allowfullscreen\"><\/iframe><\/div>\r\n<\/div>\r\n<\/div>\r\n<\/div>\r\n<\/div>\r\n<\/div>"}],"add_video_tab":[{"video_tab_title":"Vid\u00e9o","add_video_id":[{"video_id":"5js-MF8650k"},{"video_id":"bQ46GoNioQo"},{"video_id":"ddMQAZKiNY8"}]}],"add_gallery_tab":null,"add_price_tab":null},"language":"fr","_links":{"self":[{"href":"https:\/\/globecore.com\/fr\/wp-json\/wp\/v2\/pages\/65787","targetHints":{"allow":["GET"]}}],"collection":[{"href":"https:\/\/globecore.com\/fr\/wp-json\/wp\/v2\/pages"}],"about":[{"href":"https:\/\/globecore.com\/fr\/wp-json\/wp\/v2\/types\/page"}],"author":[{"embeddable":true,"href":"https:\/\/globecore.com\/fr\/wp-json\/wp\/v2\/users\/7"}],"replies":[{"embeddable":true,"href":"https:\/\/globecore.com\/fr\/wp-json\/wp\/v2\/comments?post=65787"}],"version-history":[{"count":3,"href":"https:\/\/globecore.com\/fr\/wp-json\/wp\/v2\/pages\/65787\/revisions"}],"predecessor-version":[{"id":336218,"href":"https:\/\/globecore.com\/fr\/wp-json\/wp\/v2\/pages\/65787\/revisions\/336218"}],"up":[{"embeddable":true,"href":"https:\/\/globecore.com\/fr\/wp-json\/wp\/v2\/pages\/32160"}],"wp:featuredmedia":[{"embeddable":true,"href":"https:\/\/globecore.com\/fr\/wp-json\/wp\/v2\/media\/102204"}],"wp:attachment":[{"href":"https:\/\/globecore.com\/fr\/wp-json\/wp\/v2\/media?parent=65787"}],"wp:term":[{"taxonomy":"category","embeddable":true,"href":"https:\/\/globecore.com\/fr\/wp-json\/wp\/v2\/categories?post=65787"}],"curies":[{"name":"wp","href":"https:\/\/api.w.org\/{rel}","templated":true}]}}