{"id":67988,"date":"2023-05-19T09:13:55","date_gmt":"2023-05-19T09:13:55","guid":{"rendered":"https:\/\/globecore.com\/products\/broyeur-colloidal\/colloid-mills-for-the-food-industry\/"},"modified":"2026-03-10T17:15:37","modified_gmt":"2026-03-10T17:15:37","slug":"colloid-mills-for-the-food-industry","status":"publish","type":"page","link":"https:\/\/globecore.com\/fr\/products\/broyeur-colloidal\/colloid-mills-for-the-food-industry\/","title":{"rendered":"Moulins collo\u00efdaux pour l&rsquo;industrie alimentaire"},"content":{"rendered":"<p style=\"text-align: justify;\"><span class=\"HwtZe\" lang=\"fr\"><span class=\"ryNqvb\">La soci\u00e9t\u00e9 <em><strong>GlobeCore<\/strong><\/em> fabrique des <strong>moulins collo\u00efdaux<\/strong> sp\u00e9cialement con\u00e7us pour \u00eatre utilis\u00e9s dans l&rsquo;industrie alimentaire.<\/span> <span class=\"ryNqvb\">Toutes les surfaces des <strong>moulins collo\u00efdaux<\/strong> de <em><strong>GlobeCore<\/strong><\/em> qui entrent en contact avec les <strong>produits alimentaires<\/strong> sont en acier inoxydable.<\/span> <span class=\"ryNqvb\">De plus, ces surfaces sont faciles \u00e0 nettoyer et n&rsquo;affectent pas l&rsquo;odeur, la couleur et le go\u00fbt du produit final.<\/span><\/span><\/p>\n","protected":false},"excerpt":{"rendered":"<p>La soci\u00e9t\u00e9 GlobeCore fabrique des moulins collo\u00efdaux sp\u00e9cialement con\u00e7us pour \u00eatre utilis\u00e9s dans l&rsquo;industrie alimentaire. Toutes les surfaces des moulins collo\u00efdaux de GlobeCore qui entrent en contact avec les produits alimentaires sont en acier inoxydable. De plus, ces surfaces sont faciles \u00e0 nettoyer et n&rsquo;affectent pas l&rsquo;odeur, la couleur et le go\u00fbt du produit final.<\/p>\n","protected":false},"author":7,"featured_media":44456,"parent":15426,"menu_order":0,"comment_status":"closed","ping_status":"closed","template":"templates\/products-sidebar.php","meta":{"_acf_changed":false,"_bbp_topic_count":0,"_bbp_reply_count":0,"_bbp_total_topic_count":0,"_bbp_total_reply_count":0,"_bbp_voice_count":0,"_bbp_anonymous_reply_count":0,"_bbp_topic_count_hidden":0,"_bbp_reply_count_hidden":0,"_bbp_forum_subforum_count":0,"footnotes":""},"categories":[],"class_list":["post-67988","page","type-page","status-publish","has-post-thumbnail","hentry"],"acf":[],"language":"fr","_links":{"self":[{"href":"https:\/\/globecore.com\/fr\/wp-json\/wp\/v2\/pages\/67988","targetHints":{"allow":["GET"]}}],"collection":[{"href":"https:\/\/globecore.com\/fr\/wp-json\/wp\/v2\/pages"}],"about":[{"href":"https:\/\/globecore.com\/fr\/wp-json\/wp\/v2\/types\/page"}],"author":[{"embeddable":true,"href":"https:\/\/globecore.com\/fr\/wp-json\/wp\/v2\/users\/7"}],"replies":[{"embeddable":true,"href":"https:\/\/globecore.com\/fr\/wp-json\/wp\/v2\/comments?post=67988"}],"version-history":[{"count":1,"href":"https:\/\/globecore.com\/fr\/wp-json\/wp\/v2\/pages\/67988\/revisions"}],"predecessor-version":[{"id":341916,"href":"https:\/\/globecore.com\/fr\/wp-json\/wp\/v2\/pages\/67988\/revisions\/341916"}],"up":[{"embeddable":true,"href":"https:\/\/globecore.com\/fr\/wp-json\/wp\/v2\/pages\/15426"}],"wp:featuredmedia":[{"embeddable":true,"href":"https:\/\/globecore.com\/fr\/wp-json\/wp\/v2\/media\/44456"}],"wp:attachment":[{"href":"https:\/\/globecore.com\/fr\/wp-json\/wp\/v2\/media?parent=67988"}],"wp:term":[{"taxonomy":"category","embeddable":true,"href":"https:\/\/globecore.com\/fr\/wp-json\/wp\/v2\/categories?post=67988"}],"curies":[{"name":"wp","href":"https:\/\/api.w.org\/{rel}","templated":true}]}}