{"id":68004,"date":"2023-05-22T06:24:40","date_gmt":"2023-05-22T06:24:40","guid":{"rendered":"https:\/\/globecore.com\/products\/broyeur-colloidal\/colloid-mills-for-bitumen-emulsion-production\/"},"modified":"2026-03-10T17:27:01","modified_gmt":"2026-03-10T17:27:01","slug":"colloid-mills-for-bitumen-emulsion-production","status":"publish","type":"page","link":"https:\/\/globecore.com\/fr\/products\/broyeur-colloidal\/colloid-mills-for-bitumen-emulsion-production\/","title":{"rendered":"Moulins collo\u00efdaux pour la production d&rsquo;\u00e9mulsion de bitume"},"content":{"rendered":"<p style=\"text-align: justify;\">Les <strong>moulins collo\u00efdaux<\/strong> <strong>CLM<\/strong> sont con\u00e7us pour l&rsquo;homog\u00e9n\u00e9isation et l&rsquo;\u00e9mulsification en ligne de produits liquides (boues \u00e9paisses \u00e0 fortes contraintes de cisaillement), en particulier pour la <strong>production d&rsquo;\u00e9mulsions de bitume<\/strong>. Les <strong>moulins collo\u00efdaux<\/strong> peuvent \u00eatre fournis \u00e0 la fois dans le cadre <a href=\"https:\/\/globecore.com\/fr\/products\/demulsion-de-bitume\/\"><strong>d&rsquo;unit\u00e9s USB-2<\/strong><\/a> et s\u00e9par\u00e9ment sans lecteurs, ou en tant que composant s\u00e9par\u00e9 des machines pr\u00e9c\u00e9demment fournies.<\/p>\n","protected":false},"excerpt":{"rendered":"<p>Les moulins collo\u00efdaux CLM sont con\u00e7us pour l&rsquo;homog\u00e9n\u00e9isation et l&rsquo;\u00e9mulsification en ligne de produits liquides (boues \u00e9paisses \u00e0 fortes contraintes de cisaillement), en particulier pour la production d&rsquo;\u00e9mulsions de bitume. Les moulins collo\u00efdaux peuvent \u00eatre fournis \u00e0 la fois dans le cadre d&rsquo;unit\u00e9s USB-2 et s\u00e9par\u00e9ment sans lecteurs, ou en tant que composant s\u00e9par\u00e9 des<a class=\"cg-read-more\" href=\"https:\/\/globecore.com\/fr\/products\/broyeur-colloidal\/colloid-mills-for-bitumen-emulsion-production\/\" target=\"_blank\">Read More <\/a><\/p>\n","protected":false},"author":7,"featured_media":68048,"parent":15426,"menu_order":0,"comment_status":"closed","ping_status":"closed","template":"templates\/products-sidebar.php","meta":{"_acf_changed":false,"_bbp_topic_count":0,"_bbp_reply_count":0,"_bbp_total_topic_count":0,"_bbp_total_reply_count":0,"_bbp_voice_count":0,"_bbp_anonymous_reply_count":0,"_bbp_topic_count_hidden":0,"_bbp_reply_count_hidden":0,"_bbp_forum_subforum_count":0,"footnotes":""},"categories":[],"class_list":["post-68004","page","type-page","status-publish","has-post-thumbnail","hentry"],"acf":[],"language":"fr","_links":{"self":[{"href":"https:\/\/globecore.com\/fr\/wp-json\/wp\/v2\/pages\/68004","targetHints":{"allow":["GET"]}}],"collection":[{"href":"https:\/\/globecore.com\/fr\/wp-json\/wp\/v2\/pages"}],"about":[{"href":"https:\/\/globecore.com\/fr\/wp-json\/wp\/v2\/types\/page"}],"author":[{"embeddable":true,"href":"https:\/\/globecore.com\/fr\/wp-json\/wp\/v2\/users\/7"}],"replies":[{"embeddable":true,"href":"https:\/\/globecore.com\/fr\/wp-json\/wp\/v2\/comments?post=68004"}],"version-history":[{"count":1,"href":"https:\/\/globecore.com\/fr\/wp-json\/wp\/v2\/pages\/68004\/revisions"}],"predecessor-version":[{"id":341922,"href":"https:\/\/globecore.com\/fr\/wp-json\/wp\/v2\/pages\/68004\/revisions\/341922"}],"up":[{"embeddable":true,"href":"https:\/\/globecore.com\/fr\/wp-json\/wp\/v2\/pages\/15426"}],"wp:featuredmedia":[{"embeddable":true,"href":"https:\/\/globecore.com\/fr\/wp-json\/wp\/v2\/media\/68048"}],"wp:attachment":[{"href":"https:\/\/globecore.com\/fr\/wp-json\/wp\/v2\/media?parent=68004"}],"wp:term":[{"taxonomy":"category","embeddable":true,"href":"https:\/\/globecore.com\/fr\/wp-json\/wp\/v2\/categories?post=68004"}],"curies":[{"name":"wp","href":"https:\/\/api.w.org\/{rel}","templated":true}]}}