{"id":68017,"date":"2023-05-22T06:44:28","date_gmt":"2023-05-22T06:44:28","guid":{"rendered":"https:\/\/globecore.com\/products\/broyeur-colloidal\/colloid-mills-for-bitumen-modification\/"},"modified":"2026-03-10T17:07:35","modified_gmt":"2026-03-10T17:07:35","slug":"colloid-mills-for-bitumen-modification","status":"publish","type":"page","link":"https:\/\/globecore.com\/fr\/products\/broyeur-colloidal\/colloid-mills-for-bitumen-modification\/","title":{"rendered":"Moulins collo\u00efdaux pour la modification du bitume"},"content":{"rendered":"<p style=\"text-align: justify;\">Les\u00a0<strong>moulins collo\u00efdaux CLM<\/strong> sont con\u00e7us pour l&rsquo;homog\u00e9n\u00e9isation et l&rsquo;\u00e9mulsification en ligne de produits liquides (boues \u00e9paisses \u00e0 fortes contraintes de cisaillement), en particulier pour la <strong>production de bitumes modifi\u00e9s aux polym\u00e8res<\/strong> avec une granulom\u00e9trie initiale maximale de 5 mm (0,2 in). Les <strong>moulins collo\u00efdaux<\/strong> peuvent \u00eatre fournis \u00e0 la fois dans le cadre <a href=\"https:\/\/globecore.com\/fr\/products\/modification-de-bitume\/\"><strong>d&rsquo;unit\u00e9s USB-3<\/strong><\/a> et s\u00e9par\u00e9ment sans lecteurs, ou en tant que composant s\u00e9par\u00e9 des machines pr\u00e9c\u00e9demment fournies.<\/p>\n","protected":false},"excerpt":{"rendered":"<p>Les\u00a0moulins collo\u00efdaux CLM sont con\u00e7us pour l&rsquo;homog\u00e9n\u00e9isation et l&rsquo;\u00e9mulsification en ligne de produits liquides (boues \u00e9paisses \u00e0 fortes contraintes de cisaillement), en particulier pour la production de bitumes modifi\u00e9s aux polym\u00e8res avec une granulom\u00e9trie initiale maximale de 5 mm (0,2 in). Les moulins collo\u00efdaux peuvent \u00eatre fournis \u00e0 la fois dans le cadre d&rsquo;unit\u00e9s USB-3<a class=\"cg-read-more\" href=\"https:\/\/globecore.com\/fr\/products\/broyeur-colloidal\/colloid-mills-for-bitumen-modification\/\" target=\"_blank\">Read More <\/a><\/p>\n","protected":false},"author":7,"featured_media":67241,"parent":15426,"menu_order":0,"comment_status":"closed","ping_status":"closed","template":"templates\/products-sidebar.php","meta":{"_acf_changed":false,"_bbp_topic_count":0,"_bbp_reply_count":0,"_bbp_total_topic_count":0,"_bbp_total_reply_count":0,"_bbp_voice_count":0,"_bbp_anonymous_reply_count":0,"_bbp_topic_count_hidden":0,"_bbp_reply_count_hidden":0,"_bbp_forum_subforum_count":0,"footnotes":""},"categories":[],"class_list":["post-68017","page","type-page","status-publish","has-post-thumbnail","hentry"],"acf":[],"language":"fr","_links":{"self":[{"href":"https:\/\/globecore.com\/fr\/wp-json\/wp\/v2\/pages\/68017","targetHints":{"allow":["GET"]}}],"collection":[{"href":"https:\/\/globecore.com\/fr\/wp-json\/wp\/v2\/pages"}],"about":[{"href":"https:\/\/globecore.com\/fr\/wp-json\/wp\/v2\/types\/page"}],"author":[{"embeddable":true,"href":"https:\/\/globecore.com\/fr\/wp-json\/wp\/v2\/users\/7"}],"replies":[{"embeddable":true,"href":"https:\/\/globecore.com\/fr\/wp-json\/wp\/v2\/comments?post=68017"}],"version-history":[{"count":1,"href":"https:\/\/globecore.com\/fr\/wp-json\/wp\/v2\/pages\/68017\/revisions"}],"predecessor-version":[{"id":341904,"href":"https:\/\/globecore.com\/fr\/wp-json\/wp\/v2\/pages\/68017\/revisions\/341904"}],"up":[{"embeddable":true,"href":"https:\/\/globecore.com\/fr\/wp-json\/wp\/v2\/pages\/15426"}],"wp:featuredmedia":[{"embeddable":true,"href":"https:\/\/globecore.com\/fr\/wp-json\/wp\/v2\/media\/67241"}],"wp:attachment":[{"href":"https:\/\/globecore.com\/fr\/wp-json\/wp\/v2\/media?parent=68017"}],"wp:term":[{"taxonomy":"category","embeddable":true,"href":"https:\/\/globecore.com\/fr\/wp-json\/wp\/v2\/categories?post=68017"}],"curies":[{"name":"wp","href":"https:\/\/api.w.org\/{rel}","templated":true}]}}