{"id":68085,"date":"2023-05-22T06:59:45","date_gmt":"2023-05-22T06:59:45","guid":{"rendered":"https:\/\/globecore.com\/products\/broyeur-colloidal\/colloid-mills-for-different-applications\/"},"modified":"2026-03-10T17:11:18","modified_gmt":"2026-03-10T17:11:18","slug":"colloid-mills-for-different-applications","status":"publish","type":"page","link":"https:\/\/globecore.com\/fr\/products\/broyeur-colloidal\/colloid-mills-for-different-applications\/","title":{"rendered":"Moulins collo\u00efdaux pour diff\u00e9rentes applications"},"content":{"rendered":"<p style=\"text-align: justify;\"><span class=\"HwtZe\" lang=\"fr\"><span class=\"ryNqvb\">En plus des <strong>broyeurs collo\u00efdaux<\/strong> destin\u00e9s \u00e0 \u00eatre utilis\u00e9s dans l&rsquo;industrie alimentaire et la construction de routes, la soci\u00e9t\u00e9 <strong><em>GlobeCore<\/em><\/strong> fabrique \u00e9galement des broyeurs collo\u00efdaux qui peuvent \u00eatre utilis\u00e9s dans d&rsquo;autres secteurs industriels : chimie, peinture et vernis, \u00e9nergie, et autres.<\/span><\/span><\/p>\n","protected":false},"excerpt":{"rendered":"<p>En plus des broyeurs collo\u00efdaux destin\u00e9s \u00e0 \u00eatre utilis\u00e9s dans l&rsquo;industrie alimentaire et la construction de routes, la soci\u00e9t\u00e9 GlobeCore fabrique \u00e9galement des broyeurs collo\u00efdaux qui peuvent \u00eatre utilis\u00e9s dans d&rsquo;autres secteurs industriels : chimie, peinture et vernis, \u00e9nergie, et autres.<\/p>\n","protected":false},"author":7,"featured_media":29205,"parent":15426,"menu_order":0,"comment_status":"closed","ping_status":"closed","template":"templates\/products-sidebar.php","meta":{"_acf_changed":false,"_bbp_topic_count":0,"_bbp_reply_count":0,"_bbp_total_topic_count":0,"_bbp_total_reply_count":0,"_bbp_voice_count":0,"_bbp_anonymous_reply_count":0,"_bbp_topic_count_hidden":0,"_bbp_reply_count_hidden":0,"_bbp_forum_subforum_count":0,"footnotes":""},"categories":[],"class_list":["post-68085","page","type-page","status-publish","has-post-thumbnail","hentry"],"acf":[],"language":"fr","_links":{"self":[{"href":"https:\/\/globecore.com\/fr\/wp-json\/wp\/v2\/pages\/68085","targetHints":{"allow":["GET"]}}],"collection":[{"href":"https:\/\/globecore.com\/fr\/wp-json\/wp\/v2\/pages"}],"about":[{"href":"https:\/\/globecore.com\/fr\/wp-json\/wp\/v2\/types\/page"}],"author":[{"embeddable":true,"href":"https:\/\/globecore.com\/fr\/wp-json\/wp\/v2\/users\/7"}],"replies":[{"embeddable":true,"href":"https:\/\/globecore.com\/fr\/wp-json\/wp\/v2\/comments?post=68085"}],"version-history":[{"count":1,"href":"https:\/\/globecore.com\/fr\/wp-json\/wp\/v2\/pages\/68085\/revisions"}],"predecessor-version":[{"id":341910,"href":"https:\/\/globecore.com\/fr\/wp-json\/wp\/v2\/pages\/68085\/revisions\/341910"}],"up":[{"embeddable":true,"href":"https:\/\/globecore.com\/fr\/wp-json\/wp\/v2\/pages\/15426"}],"wp:featuredmedia":[{"embeddable":true,"href":"https:\/\/globecore.com\/fr\/wp-json\/wp\/v2\/media\/29205"}],"wp:attachment":[{"href":"https:\/\/globecore.com\/fr\/wp-json\/wp\/v2\/media?parent=68085"}],"wp:term":[{"taxonomy":"category","embeddable":true,"href":"https:\/\/globecore.com\/fr\/wp-json\/wp\/v2\/categories?post=68085"}],"curies":[{"name":"wp","href":"https:\/\/api.w.org\/{rel}","templated":true}]}}