{"id":68128,"date":"2023-05-22T07:40:30","date_gmt":"2023-05-22T07:40:30","guid":{"rendered":"https:\/\/globecore.com\/products\/broyeur-colloidal\/colloid-mills-for-bitumen-emulsion-production\/laboratory-colloid-mill-clm-0-25-1\/"},"modified":"2026-03-09T08:03:50","modified_gmt":"2026-03-09T08:03:50","slug":"laboratory-colloid-mill-clm-0-25-1","status":"publish","type":"page","link":"https:\/\/globecore.com\/fr\/products\/broyeur-colloidal\/colloid-mills-for-bitumen-emulsion-production\/laboratory-colloid-mill-clm-0-25-1\/","title":{"rendered":"CLM-0.25.1 Moulin collo\u00efdal de laboratoire"},"content":{"rendered":"","protected":false},"excerpt":{"rendered":"<p>Le broyeur collo\u00efdal de laboratoire CLM-0.25.1 est destin\u00e9 \u00e0 l\u2019homog\u00e9n\u00e9isation et \u00e0 l\u2019\u00e9mulsification de mat\u00e9riaux liquides et de suspensions \u00e9paisses sous fort cisaillement en conditions de laboratoire. Il est utilis\u00e9 pour la pr\u00e9paration de lots de laboratoire d\u2019\u00e9mulsions bitumineuses et pour la s\u00e9lection de formulations optimales en fonction des ingr\u00e9dients et des exigences d\u2019application. Le CLM-0.25.1 peut \u00eatre fourni en tant qu\u2019unit\u00e9 autonome ou comme partie du syst\u00e8me de production d\u2019\u00e9mulsions bitumineuses USB-2. La capacit\u00e9 minimale est de 25 l\/h (0,11 gpm).<\/p>\n","protected":false},"author":7,"featured_media":68048,"parent":68004,"menu_order":0,"comment_status":"closed","ping_status":"closed","template":"templates\/single-product.php","meta":{"_acf_changed":false,"_bbp_topic_count":0,"_bbp_reply_count":0,"_bbp_total_topic_count":0,"_bbp_total_reply_count":0,"_bbp_voice_count":0,"_bbp_anonymous_reply_count":0,"_bbp_topic_count_hidden":0,"_bbp_reply_count_hidden":0,"_bbp_forum_subforum_count":0,"footnotes":""},"categories":[1382],"class_list":["post-68128","page","type-page","status-publish","has-post-thumbnail","hentry","category-fraisage","oil_type-industrie-chimique","oil_type-industrie-petroliere","process_type-broyage","process_type-melange"],"acf":{"add_tab":[{"tab_title":"Description","tab_content":"<p style=\"text-align: justify;\">Le moulin collo\u00efdal CLM-0.25.1 est con\u00e7u pour l'homog\u00e9n\u00e9isation et l'\u00e9mulsification de mat\u00e9riaux liquides (boues \u00e9paisses de contraintes de cisaillement \u00e9lev\u00e9es) dans un environnement de laboratoire.<\/p>\r\n<p style=\"text-align: justify;\">CLM-0.25.1 peut \u00eatre utilis\u00e9 :<\/p>\r\n\r\n<ul style=\"text-align: justify;\">\r\n \t<li>Pour pr\u00e9parer des lots de laboratoire d'\u00e9mulsions de bitume ;<\/li>\r\n \t<li>Pour s\u00e9lectionner la formulation de l'\u00e9mulsion de bitume en fonction de son ensemble d'ingr\u00e9dients et de son domaine d'application.<\/li>\r\n<\/ul>\r\n<p style=\"text-align: justify;\">Ce moulin collo\u00efdal peut \u00eatre fourni dans le cadre d'unit\u00e9s de production d'\u00e9mulsion de bitume USB-2, ou en tant que produit s\u00e9par\u00e9.<\/p>"}],"add_def_tab":[{"tab_title":"Caract\u00e9ristiques","tab_content":"<table>\r\n<tbody>\r\n<tr>\r\n<td><strong>\u2116<\/strong><\/td>\r\n<td>\r\n<p style=\"text-align: center;\"><strong>Param\u00e8tre<\/strong><\/p>\r\n<\/td>\r\n<td>\r\n<p style=\"text-align: center;\"><strong>Valeur<\/strong><\/p>\r\n<\/td>\r\n<\/tr>\r\n<tr>\r\n<td>1<\/td>\r\n<td>Capacit\u00e9, L\/h (gpm), (min)<\/td>\r\n<td>\r\n<p style=\"text-align: center;\">25 (0.11)*<\/p>\r\n<\/td>\r\n<\/tr>\r\n<tr>\r\n<td>2<\/td>\r\n<td>Volume de l\u2019entonnoir de remplissage, L (gal)<\/td>\r\n<td>\r\n<p style=\"text-align: center;\">1.5 (0.4)<\/p>\r\n<\/td>\r\n<\/tr>\r\n<tr>\r\n<td>3<\/td>\r\n<td>Temp\u00e9rature de fonctionnement, \u00b0C (\u00b0F), (max)<\/td>\r\n<td>\r\n<p style=\"text-align: center;\">150 (302)<\/p>\r\n<\/td>\r\n<\/tr>\r\n<tr>\r\n<td>4<\/td>\r\n<td>\u00c9cartement axial de la lame, mm (in)<\/td>\r\n<td>\r\n<p style=\"text-align: center;\">0.25\u2026 1.25 (9.8\u221910<sup>-3<\/sup>\u2026 4.9\u221910<sup>-2<\/sup>)<\/p>\r\n<\/td>\r\n<\/tr>\r\n<tr>\r\n<td>5<\/td>\r\n<td>\u00c9cart radial de la lame, mm (in)<\/td>\r\n<td>\r\n<p style=\"text-align: center;\">0.25 (9.8\u221910<sup>-3<\/sup>)<\/p>\r\n<\/td>\r\n<\/tr>\r\n<tr>\r\n<td>6<\/td>\r\n<td>Vitesse de la pointe de la lame, m\/s (ips)<\/td>\r\n<td>\r\n<p style=\"text-align: center;\">50-57 (1,968.5-2,244)**<\/p>\r\n<\/td>\r\n<\/tr>\r\n<tr>\r\n<td>7<\/td>\r\n<td>Vitesse de rotation de l\u2019arbre du broyeur et de l\u2019entra\u00eenement \u00e9lectrique, tr\/min<\/td>\r\n<td>\r\n<p style=\"text-align: center;\">16,750-19,250**<\/p>\r\n<\/td>\r\n<\/tr>\r\n<tr>\r\n<td>8<\/td>\r\n<td>Puissance nominale de l\u2019entra\u00eenement \u00e9lectrique, kW<\/td>\r\n<td>\r\n<p style=\"text-align: center;\">0.7<\/p>\r\n<\/td>\r\n<\/tr>\r\n<tr>\r\n<td>9<\/td>\r\n<td>Tension du circuit de puissance \u00e0 50 Hz (triphas\u00e9), V<\/td>\r\n<td>\r\n<p style=\"text-align: center;\">400***<\/p>\r\n<\/td>\r\n<\/tr>\r\n<tr>\r\n<td>10<\/td>\r\n<td>Dimensions en position op\u00e9rationnelle, mm (in), (max)<\/td>\r\n<td><\/td>\r\n<\/tr>\r\n<tr>\r\n<td><\/td>\r\n<td>\u2014 longueur<\/td>\r\n<td>\r\n<p style=\"text-align: center;\">340 (13)\/425 (17)<\/p>\r\n<\/td>\r\n<\/tr>\r\n<tr>\r\n<td><\/td>\r\n<td>\u2014 largeur<\/td>\r\n<td>\r\n<p style=\"text-align: center;\">290 (11)<\/p>\r\n<\/td>\r\n<\/tr>\r\n<tr>\r\n<td><\/td>\r\n<td>\u2014 hauteur<\/td>\r\n<td>\r\n<p style=\"text-align: center;\">450 (18)<\/p>\r\n<\/td>\r\n<\/tr>\r\n<tr>\r\n<td>11<\/td>\r\n<td>Poids, kg (lbs), (max)<\/td>\r\n<td>\r\n<p style=\"text-align: center;\">15 (33)<\/p>\r\n<\/td>\r\n<\/tr>\r\n<\/tbody>\r\n<\/table>\r\n<p style=\"text-align: justify;\">* Selon la viscosit\u00e9 du produit<\/p>\r\n<p style=\"text-align: justify;\">** Selon l\u2019installation du convertisseur de fr\u00e9quence<\/p>\r\n<p style=\"text-align: justify;\">*** A la demande du client<\/p>"},{"tab_title":"Avantages","tab_content":"<ul>\r\n \t<li style=\"text-align: justify;\">Ajustement de capacit\u00e9 ;<\/li>\r\n \t<li style=\"text-align: justify;\">R\u00e9sistance \u00e0 la corrosion ;<\/li>\r\n \t<li style=\"text-align: justify;\">Compacit\u00e9 ;<\/li>\r\n \t<li style=\"text-align: justify;\">S\u00e9lection du rapport optimal des composants de l\u2019\u00e9mulsion d\u2019asphalte (recettes) ;<\/li>\r\n \t<li style=\"text-align: justify;\">Pr\u00e9paration d\u2019\u00e9chantillons d\u2019\u00e9mulsion de bitume pour des tests ult\u00e9rieurs.<\/li>\r\n \t<li style=\"text-align: justify;\">Tout type de mat\u00e9riaux pour la production d\u2019\u00e9mulsion d\u2019asphalte peut \u00eatre test\u00e9 dans ce broyeur car le broyeur peut \u00eatre \u00e9quip\u00e9 de divers outils rotor\/stator, en fonction du mat\u00e9riau et du processus requis.<\/li>\r\n<\/ul>"},{"tab_title":"Webinaire","tab_content":"<div class=\"responsive-embed widescreen\">\r\n<div class=\"responsive-embed widescreen\">\r\n<div class=\"responsive-embed widescreen\">\r\n<div class=\"responsive-embed widescreen\"><iframe title=\"Webinaire - Nouvelles applications des \u00e9mulsions de bitume (28.10.2021)\" src=\"https:\/\/www.youtube.com\/embed\/Xp4ZWBrR2YU?feature=oembed\" width=\"500\" height=\"281\" frameborder=\"0\" allowfullscreen=\"allowfullscreen\"><\/iframe><\/div>\r\n<\/div>\r\n<\/div>\r\n<\/div>"}],"add_video_tab":[{"video_tab_title":"Vid\u00e9o","add_video_id":[{"video_id":"y7ZHPtSXF6k"},{"video_id":"N6Hn04OPOLc"}]}],"add_gallery_tab":null,"add_price_tab":null},"language":"fr","_links":{"self":[{"href":"https:\/\/globecore.com\/fr\/wp-json\/wp\/v2\/pages\/68128","targetHints":{"allow":["GET"]}}],"collection":[{"href":"https:\/\/globecore.com\/fr\/wp-json\/wp\/v2\/pages"}],"about":[{"href":"https:\/\/globecore.com\/fr\/wp-json\/wp\/v2\/types\/page"}],"author":[{"embeddable":true,"href":"https:\/\/globecore.com\/fr\/wp-json\/wp\/v2\/users\/7"}],"replies":[{"embeddable":true,"href":"https:\/\/globecore.com\/fr\/wp-json\/wp\/v2\/comments?post=68128"}],"version-history":[{"count":1,"href":"https:\/\/globecore.com\/fr\/wp-json\/wp\/v2\/pages\/68128\/revisions"}],"predecessor-version":[{"id":341763,"href":"https:\/\/globecore.com\/fr\/wp-json\/wp\/v2\/pages\/68128\/revisions\/341763"}],"up":[{"embeddable":true,"href":"https:\/\/globecore.com\/fr\/wp-json\/wp\/v2\/pages\/68004"}],"wp:featuredmedia":[{"embeddable":true,"href":"https:\/\/globecore.com\/fr\/wp-json\/wp\/v2\/media\/68048"}],"wp:attachment":[{"href":"https:\/\/globecore.com\/fr\/wp-json\/wp\/v2\/media?parent=68128"}],"wp:term":[{"taxonomy":"category","embeddable":true,"href":"https:\/\/globecore.com\/fr\/wp-json\/wp\/v2\/categories?post=68128"}],"curies":[{"name":"wp","href":"https:\/\/api.w.org\/{rel}","templated":true}]}}