{"id":68142,"date":"2021-07-13T08:51:57","date_gmt":"2021-07-13T08:51:57","guid":{"rendered":"https:\/\/globecore.com\/products\/broyeur-colloidal\/colloid-mills-for-bitumen-emulsion-production\/colloid-mill-clm-16-25\/"},"modified":"2026-03-09T08:16:06","modified_gmt":"2026-03-09T08:16:06","slug":"colloid-mill-clm-16-25","status":"publish","type":"page","link":"https:\/\/globecore.com\/fr\/products\/broyeur-colloidal\/colloid-mills-for-bitumen-emulsion-production\/colloid-mill-clm-16-25\/","title":{"rendered":"CLM-16\/25 Moulin collo\u00efdal"},"content":{"rendered":"","protected":false},"excerpt":{"rendered":"<p>Le broyeur collo\u00efdal CLM-16\/25 est con\u00e7u pour l\u2019homog\u00e9n\u00e9isation et l\u2019\u00e9mulsification en ligne de produits liquides, en particulier pour la pr\u00e9paration d\u2019\u00e9mulsions bitumineuses. Il traite efficacement les suspensions \u00e9paisses sous de fortes contraintes de cisaillement, garantissant un m\u00e9lange uniforme et stable. Le broyeur est compact, ce qui le rend adapt\u00e9 \u00e0 l\u2019int\u00e9gration dans des lignes de production continues. Capacit\u00e9 : 16\u201325 m\u00b3\/h (70\u2013110 gpm).<\/p>\n","protected":false},"author":7,"featured_media":102086,"parent":68004,"menu_order":0,"comment_status":"closed","ping_status":"closed","template":"templates\/single-product.php","meta":{"_acf_changed":false,"_bbp_topic_count":0,"_bbp_reply_count":0,"_bbp_total_topic_count":0,"_bbp_total_reply_count":0,"_bbp_voice_count":0,"_bbp_anonymous_reply_count":0,"_bbp_topic_count_hidden":0,"_bbp_reply_count_hidden":0,"_bbp_forum_subforum_count":0,"footnotes":""},"categories":[1382],"class_list":["post-68142","page","type-page","status-publish","has-post-thumbnail","hentry","category-fraisage","oil_type-industrie-chimique","oil_type-industrie-petroliere","process_type-broyage","process_type-melange"],"acf":{"add_tab":[{"tab_title":"Description","tab_content":"<p style=\"text-align: justify;\">Le moulin collo\u00efdal CLM-16\/25 est con\u00e7u pour l'homog\u00e9n\u00e9isation et l'\u00e9mulsification en ligne de produits liquides (boues \u00e9paisses \u00e0 fortes contraintes de cisaillement), en particulier pour la pr\u00e9paration d'\u00e9mulsions de bitume.<\/p>\r\n<p style=\"text-align: justify;\">Il est acceptable d'utiliser le broyeur pour la pr\u00e9paration, la dissolution et le traitement de nombreux produits dans diverses industries.<\/p>\r\n\r\n<h2 style=\"text-align: center;\">Principe d'op\u00e9ration<\/h2>\r\n<p style=\"text-align: justify;\">Le principe de fonctionnement du broyeur collo\u00efdal CLM-16\/25 est bas\u00e9 sur un sch\u00e9ma de syst\u00e8me rotor\/stator. Un rotor et un stator sont constitu\u00e9s d'anneaux d'outils concentriques (couteaux, couteaux) avec des configurations sp\u00e9ciales de rainures et (ou) de trous qui assurent le mode optimal d'impact m\u00e9canique sur le produit trait\u00e9.<\/p>\r\n<p style=\"text-align: justify;\">En position de travail, les couronnes d'outils du rotor (outil mobile) et du stator (outil fixe) s'engagent coaxialement l'une contre l'autre et tournent sans contact \u00e0 une vitesse relative \u00e9lev\u00e9e (jusqu'\u00e0 45 m\/s). La rotation sans contact est assur\u00e9e par des \u00e9carts technologiques axiaux et radiaux.<\/p>\r\n<p style=\"text-align: justify;\">Le produit trait\u00e9 entre dans la chambre de travail du carter du broyeur par l'al\u00e9sage axial du stator (entr\u00e9e du produit), passe \u00e0 travers le syst\u00e8me rotor\/stator et est \u00e9vacu\u00e9 dans le sens radial (sortie du produit).<\/p>\r\n<p style=\"text-align: justify;\">Lorsqu'il traverse le syst\u00e8me rotor\/stator, le produit est influenc\u00e9 par des processus hydrodynamiques complexes associ\u00e9s \u00e0 des changements dans les contraintes de cisaillement, les forces de cisaillement et la vitesse d'\u00e9coulement. Les r\u00e9actions chimiques se produisent plus rapidement en raison de l'augmentation des surfaces de contact des agents chimiques. En cons\u00e9quence, une dispersion, une \u00e9mulsification, une homog\u00e9n\u00e9isation, un broyage et une pulv\u00e9risation intensifs du produit trait\u00e9 sont obtenus.<\/p>"}],"add_def_tab":[{"tab_title":"Caract\u00e9ristiques","tab_content":"<table>\r\n<tbody>\r\n<tr>\r\n<td><b><i><strong>No.<\/strong><\/i><\/b><\/td>\r\n<td>\r\n<p style=\"text-align: center;\"><strong>Param\u00e8tre<\/strong><\/p>\r\n<\/td>\r\n<td>\r\n<p style=\"text-align: center;\"><strong>Valeur<\/strong><\/p>\r\n<\/td>\r\n<\/tr>\r\n<tr>\r\n<td>1<\/td>\r\n<td>Capacit\u00e9 unitaire, m<sup>3<\/sup>\/h (gpm)<\/td>\r\n<td>\r\n<p style=\"text-align: center;\">16\u202625 (70\u2026 110)*<\/p>\r\n<\/td>\r\n<\/tr>\r\n<tr>\r\n<td>2<\/td>\r\n<td>Viscosit\u00e9 cin\u00e9matique du produit, mm<sup>2<\/sup>\/s (St), pas plus de<\/td>\r\n<td>\r\n<p style=\"text-align: center;\">150 (1.5)<\/p>\r\n<\/td>\r\n<\/tr>\r\n<tr>\r\n<td>3<\/td>\r\n<td>Temp\u00e9rature de fonctionnement, \u00b0\u0421 (\u00b0F), pas plus de<\/td>\r\n<td>\r\n<p style=\"text-align: center;\">150 (302)<\/p>\r\n<\/td>\r\n<\/tr>\r\n<tr>\r\n<td>4<\/td>\r\n<td>Pression maximale, bar (psi), pas plus de<\/td>\r\n<td>\r\n<p style=\"text-align: center;\">10 (145)<\/p>\r\n<\/td>\r\n<\/tr>\r\n<tr>\r\n<td>5<\/td>\r\n<td>Hauteur de pression pr\u00e9liminaire du c\u00f4t\u00e9 de l\u2019alimentation du produit, bar (psi), pas plus de<\/td>\r\n<td>\r\n<p style=\"text-align: center;\">0.1 (1.45)<\/p>\r\n<\/td>\r\n<\/tr>\r\n<tr>\r\n<td>6<\/td>\r\n<td>Type de joint d\u2019arbre<\/td>\r\n<td>\r\n<p style=\"text-align: center;\">emballage<\/p>\r\n<\/td>\r\n<\/tr>\r\n<tr>\r\n<td>7<\/td>\r\n<td>Type d\u2019outillage rotor\/stator<\/td>\r\n<td>\r\n<p style=\"text-align: center;\">buse<\/p>\r\n<\/td>\r\n<\/tr>\r\n<tr>\r\n<td>8<\/td>\r\n<td>Kit de couteau rempla\u00e7able<\/td>\r\n<td>\r\n<p style=\"text-align: center;\">facultatif<\/p>\r\n<\/td>\r\n<\/tr>\r\n<tr>\r\n<td>9<\/td>\r\n<td>Jeu axial du couteau<\/td>\r\n<td>\r\n<p style=\"text-align: center;\">pr\u00e9d\u00e9finie<\/p>\r\n<\/td>\r\n<\/tr>\r\n<tr>\r\n<td>10<\/td>\r\n<td>Espacement axial minimal du couteau, mm (in)<\/td>\r\n<td>\r\n<p style=\"text-align: center;\">0.5 (2\u00b710<sup>-2<\/sup>)<\/p>\r\n<\/td>\r\n<\/tr>\r\n<tr>\r\n<td>11<\/td>\r\n<td>\u00c9cart radial minimum du couteau, mm (in)<\/td>\r\n<td>\r\n<p style=\"text-align: center;\">0.25 (10<sup>-3<\/sup>)<\/p>\r\n<\/td>\r\n<\/tr>\r\n<tr>\r\n<td>12<\/td>\r\n<td><span class=\"HwtZe\" lang=\"fr\"><span class=\"jCAhz ChMk0b\"><span class=\"ryNqvb\">Vitesse de la pointe du couteau, m\/s (mph), pas moins de<\/span><\/span><\/span><\/td>\r\n<td>\r\n<p style=\"text-align: center;\">45 (100)<\/p>\r\n<\/td>\r\n<\/tr>\r\n<tr>\r\n<td>13<\/td>\r\n<td>Vitesse de rotation de l\u2019arbre du broyeur et des paliers, tr\/min<\/td>\r\n<td>\r\n<p style=\"text-align: center;\">7,425<\/p>\r\n<\/td>\r\n<\/tr>\r\n<tr>\r\n<td>14<\/td>\r\n<td>Vitesse de rotation de l\u2019arbre du moteur \u00e9lectrique, tr\/min<\/td>\r\n<td>\r\n<p style=\"text-align: center;\">2,970<\/p>\r\n<\/td>\r\n<\/tr>\r\n<tr>\r\n<td>15<\/td>\r\n<td>Lubrification et refroidissement des roulements d\u2019arbre de broyeur<\/td>\r\n<td>\r\n<p style=\"text-align: center;\">huile de bain<\/p>\r\n<\/td>\r\n<\/tr>\r\n<tr>\r\n<td>16<\/td>\r\n<td>Volume d\u2019huile dans l\u2019ensemble de roulement, dm<sup>3<\/sup> (gal)<\/td>\r\n<td>\r\n<p style=\"text-align: center;\">0.2 (0.05)<\/p>\r\n<\/td>\r\n<\/tr>\r\n<tr>\r\n<td>17<\/td>\r\n<td>Chauffage du moulin<\/td>\r\n<td style=\"text-align: center;\">huile thermique<\/td>\r\n<\/tr>\r\n<tr>\r\n<td>18<\/td>\r\n<td>Puissance d\u2019entra\u00eenement, kW<\/td>\r\n<td>\r\n<p style=\"text-align: center;\">37<\/p>\r\n<\/td>\r\n<\/tr>\r\n<tr>\r\n<td>19<\/td>\r\n<td>Tension alimentation, V<\/td>\r\n<td>\r\n<p style=\"text-align: center;\">client<\/p>\r\n<\/td>\r\n<\/tr>\r\n<tr>\r\n<td rowspan=\"4\">20<\/td>\r\n<td>Dimensions, mm (in), pas plus :<\/td>\r\n<td><\/td>\r\n<\/tr>\r\n<tr>\r\n<td>-longueur<\/td>\r\n<td>\r\n<p style=\"text-align: center;\">1,060 (42)<\/p>\r\n<\/td>\r\n<\/tr>\r\n<tr>\r\n<td>\u2013 largeur<\/td>\r\n<td>\r\n<p style=\"text-align: center;\">860 (34)<\/p>\r\n<\/td>\r\n<\/tr>\r\n<tr>\r\n<td>-hauteur<\/td>\r\n<td>\r\n<p style=\"text-align: center;\">680 (27)<\/p>\r\n<\/td>\r\n<\/tr>\r\n<tr>\r\n<td>21<\/td>\r\n<td>Poids, pas plus, kg (lb)<\/td>\r\n<td>\r\n<p style=\"text-align: center;\">470 (1036)<\/p>\r\n<\/td>\r\n<\/tr>\r\n<\/tbody>\r\n<\/table>\r\n* \u2013 selon le produit (liquide)."},{"tab_title":"Avantages","tab_content":"<ul>\r\n \t<li style=\"text-align: justify;\">Le broyeur peut \u00eatre utilis\u00e9 dans diverses industries ;<\/li>\r\n \t<li style=\"text-align: justify;\">\u00a0Le broyeur peut disposer d\u2019outillages rotor\/stator de diff\u00e9rents types : tuy\u00e8re, chambre, c\u00f4ne (pour le broyage) et c\u00f4ne seul (pour les produits visqueux) ;<\/li>\r\n \t<li style=\"text-align: justify;\">\u00a0En fonction de l\u2019intensit\u00e9 requise de traitement m\u00e9canique et thermique du produit, non seulement le type d\u2019outillage rotor \/ stator, mais \u00e9galement le nombre d\u2019\u00e9tages de fonctionnement (anneaux) sont s\u00e9lectionn\u00e9s.<\/li>\r\n \t<li style=\"text-align: justify;\">\u00a0Les outils peuvent \u00eatre pliables ou fabriqu\u00e9s \u00e0 partir d\u2019une pi\u00e8ce solide et de diff\u00e9rentes nuances d\u2019acier en fonction de la destination de l\u2019article ; la g\u00e9om\u00e9trie de l\u2019outil optimale pour la t\u00e2che d\u00e9finie et le mat\u00e9riau de l\u2019outil peuvent \u00eatre choisis ;<\/li>\r\n \t<li style=\"text-align: justify;\">Le moulin peut \u00eatre utilis\u00e9 aussi bien \u00e0 l\u2019int\u00e9rieur qu\u2019\u00e0 l\u2019ext\u00e9rieur sous abri.<\/li>\r\n<\/ul>"},{"tab_title":"Webinaire","tab_content":"<div class=\"responsive-embed widescreen\">\r\n<div class=\"responsive-embed widescreen\">\r\n<div class=\"responsive-embed widescreen\">\r\n<div class=\"responsive-embed widescreen\"><iframe title=\"Webinaire - Nouvelles applications des \u00e9mulsions de bitume (28.10.2021)\" src=\"https:\/\/www.youtube.com\/embed\/Xp4ZWBrR2YU?feature=oembed\" width=\"500\" height=\"281\" frameborder=\"0\" allowfullscreen=\"allowfullscreen\"><\/iframe><\/div>\r\n<\/div>\r\n<\/div>\r\n<\/div>"}],"add_video_tab":[{"video_tab_title":"Vid\u00e9o","add_video_id":[{"video_id":"T0bZ7JH6Tyo"},{"video_id":"RZK3ca482pk"},{"video_id":"N6Hn04OPOLc"}]}],"add_gallery_tab":null,"add_price_tab":[{"price_tab_title":"Get a quote"}]},"language":"fr","_links":{"self":[{"href":"https:\/\/globecore.com\/fr\/wp-json\/wp\/v2\/pages\/68142","targetHints":{"allow":["GET"]}}],"collection":[{"href":"https:\/\/globecore.com\/fr\/wp-json\/wp\/v2\/pages"}],"about":[{"href":"https:\/\/globecore.com\/fr\/wp-json\/wp\/v2\/types\/page"}],"author":[{"embeddable":true,"href":"https:\/\/globecore.com\/fr\/wp-json\/wp\/v2\/users\/7"}],"replies":[{"embeddable":true,"href":"https:\/\/globecore.com\/fr\/wp-json\/wp\/v2\/comments?post=68142"}],"version-history":[{"count":1,"href":"https:\/\/globecore.com\/fr\/wp-json\/wp\/v2\/pages\/68142\/revisions"}],"predecessor-version":[{"id":341773,"href":"https:\/\/globecore.com\/fr\/wp-json\/wp\/v2\/pages\/68142\/revisions\/341773"}],"up":[{"embeddable":true,"href":"https:\/\/globecore.com\/fr\/wp-json\/wp\/v2\/pages\/68004"}],"wp:featuredmedia":[{"embeddable":true,"href":"https:\/\/globecore.com\/fr\/wp-json\/wp\/v2\/media\/102086"}],"wp:attachment":[{"href":"https:\/\/globecore.com\/fr\/wp-json\/wp\/v2\/media?parent=68142"}],"wp:term":[{"taxonomy":"category","embeddable":true,"href":"https:\/\/globecore.com\/fr\/wp-json\/wp\/v2\/categories?post=68142"}],"curies":[{"name":"wp","href":"https:\/\/api.w.org\/{rel}","templated":true}]}}