{"id":68165,"date":"2021-07-14T05:22:16","date_gmt":"2021-07-14T05:22:16","guid":{"rendered":"https:\/\/globecore.com\/products\/broyeur-colloidal\/colloid-mills-for-bitumen-modification\/colloid-mill-clm-8-16\/"},"modified":"2026-03-09T08:23:06","modified_gmt":"2026-03-09T08:23:06","slug":"colloid-mill-clm-8-16","status":"publish","type":"page","link":"https:\/\/globecore.com\/fr\/products\/broyeur-colloidal\/colloid-mills-for-bitumen-modification\/colloid-mill-clm-8-16\/","title":{"rendered":"CLM-8\/16 Moulin collo\u00efdal"},"content":{"rendered":"","protected":false},"excerpt":{"rendered":"<p>Le broyeur collo\u00efdal CLM-8\/16 est con\u00e7u pour l\u2019homog\u00e9n\u00e9isation et l\u2019\u00e9mulsification en ligne de produits liquides, traitant efficacement des suspensions \u00e9paisses sous de fortes contraintes de cisaillement. Il est largement utilis\u00e9 dans diverses industries, notamment pour le broyage de polym\u00e8re SBS granul\u00e9 dans la production de bitumes modifi\u00e9s. Le broyeur assure des m\u00e9langes uniformes et stables tout en maintenant une haute efficacit\u00e9 de traitement. Capacit\u00e9 : 8\u201316 m\u00b3\/h.<\/p>\n","protected":false},"author":7,"featured_media":67254,"parent":68017,"menu_order":0,"comment_status":"closed","ping_status":"closed","template":"templates\/single-product.php","meta":{"_acf_changed":false,"_bbp_topic_count":0,"_bbp_reply_count":0,"_bbp_total_topic_count":0,"_bbp_total_reply_count":0,"_bbp_voice_count":0,"_bbp_anonymous_reply_count":0,"_bbp_topic_count_hidden":0,"_bbp_reply_count_hidden":0,"_bbp_forum_subforum_count":0,"footnotes":""},"categories":[1382],"class_list":["post-68165","page","type-page","status-publish","has-post-thumbnail","hentry","category-fraisage","oil_type-industrie-chimique","oil_type-industrie-petroliere","process_type-broyage","process_type-melange"],"acf":{"add_tab":[{"tab_title":"Description","tab_content":"<p style=\"text-align: justify;\">Le broyeur collo\u00efdal CLM-8\/16 est con\u00e7u pour l'homog\u00e9n\u00e9isation et l'\u00e9mulsification en ligne de produits liquides (boues \u00e9paisses \u00e0 fortes contraintes de cisaillement).<\/p>\r\n<p style=\"text-align: justify;\">Le broyeur peut \u00eatre utilis\u00e9 pour pr\u00e9parer, dissoudre et traiter de nombreux produits dans diverses industries, en particulier lors du broyage de polym\u00e8re SBS granul\u00e9 appliqu\u00e9 \u00e0 la pr\u00e9paration de bitume modifi\u00e9.<\/p>\r\n\r\n<h2 style=\"text-align: center;\">Principe d'op\u00e9ration<\/h2>\r\n<p style=\"text-align: justify;\">Le principe de fonctionnement du broyeur collo\u00efdal CLM-8\/16 est bas\u00e9 sur un sch\u00e9ma de syst\u00e8me rotor\/stator. Un rotor et un stator sont constitu\u00e9s d'anneaux d'outils concentriques (couteaux, couteaux) avec des configurations sp\u00e9ciales de rainures et (ou) de trous qui assurent le mode optimal d'impact m\u00e9canique sur le produit trait\u00e9.<\/p>\r\n<p style=\"text-align: justify;\">En position de travail, les couronnes d'outils du rotor (outil mobile) et du stator (outil fixe) s'engagent coaxialement l'une contre l'autre et tournent sans contact \u00e0 une vitesse relative \u00e9lev\u00e9e (jusqu'\u00e0 47 m\/s). La rotation sans contact est assur\u00e9e par des \u00e9carts technologiques axiaux et radiaux.<\/p>\r\n<p style=\"text-align: justify;\">Le produit trait\u00e9 entre dans la chambre de travail du carter du broyeur par l'al\u00e9sage axial du stator (entr\u00e9e du produit), passe \u00e0 travers le syst\u00e8me rotor\/stator et est \u00e9vacu\u00e9 dans le sens radial (sortie du produit).<\/p>\r\n<p style=\"text-align: justify;\">Lorsqu'il traverse le syst\u00e8me rotor\/stator, le produit est influenc\u00e9 par des processus hydrodynamiques complexes associ\u00e9s \u00e0 des changements dans les contraintes de cisaillement, les forces de cisaillement et la vitesse d'\u00e9coulement. Les r\u00e9actions chimiques se produisent plus rapidement en raison de l'augmentation des surfaces de contact des agents chimiques. En cons\u00e9quence, une dispersion, une \u00e9mulsification, une homog\u00e9n\u00e9isation, un broyage et une pulv\u00e9risation intensifs du produit trait\u00e9 sont obtenus.<\/p>\r\n&nbsp;"}],"add_def_tab":[{"tab_title":"Caract\u00e9ristiques","tab_content":"<table>\r\n<tbody>\r\n<tr>\r\n<td>\r\n<p style=\"text-align: center;\"><strong>Param\u00e8tre<\/strong><\/p>\r\n<\/td>\r\n<td>\r\n<p style=\"text-align: center;\"><strong>Valeur<\/strong><\/p>\r\n<\/td>\r\n<\/tr>\r\n<tr>\r\n<td>Capacit\u00e9 unitaire, m<sup>3<\/sup>\/h (gpm)<\/td>\r\n<td>\r\n<p style=\"text-align: center;\">8\u2026 16 (35\u2026 70)*<\/p>\r\n<\/td>\r\n<\/tr>\r\n<tr>\r\n<td>Viscosit\u00e9 cin\u00e9matique du produit, mm<sup>2<\/sup>\/s (St), pas plus de<\/td>\r\n<td>\r\n<p style=\"text-align: center;\">150 (1.5)<\/p>\r\n<\/td>\r\n<\/tr>\r\n<tr>\r\n<td>Taille initiale des particules de polym\u00e8re, mm (in), pas plus de<\/td>\r\n<td>\r\n<p style=\"text-align: center;\">5 (0.2)<\/p>\r\n<\/td>\r\n<\/tr>\r\n<tr>\r\n<td>Pression maximale, MPa (psi), pas plus de<\/td>\r\n<td>\r\n<p style=\"text-align: center;\">0.6 (87)<\/p>\r\n<\/td>\r\n<\/tr>\r\n<tr>\r\n<td>Vitesse de rotation de l\u2019arbre du moteur \u00e9lectrique, tr\/min<\/td>\r\n<td>\r\n<p style=\"text-align: center;\">2,950<\/p>\r\n<\/td>\r\n<\/tr>\r\n<tr>\r\n<td>Puissance d\u2019entra\u00eenement, kW<\/td>\r\n<td>\r\n<p style=\"text-align: center;\">75<\/p>\r\n<\/td>\r\n<\/tr>\r\n<tr>\r\n<td>Tension alimentation, V<\/td>\r\n<td>\r\n<p style=\"text-align: center;\">client<\/p>\r\n<\/td>\r\n<\/tr>\r\n<tr>\r\n<td>Diam\u00e8tre d\u2019al\u00e9sage nominal des raccords de broyeur, mm (in)\r\n\r\n\u2013 sortie\r\n\r\n\u2013 entr\u00e9e<\/td>\r\n<td>&nbsp;\r\n<p style=\"text-align: center;\">120 (4.7)<\/p>\r\n<p style=\"text-align: center;\">80 (3.1)<\/p>\r\n<\/td>\r\n<\/tr>\r\n<tr>\r\n<td>Temp\u00e9rature de fonctionnement, \u00b0\u0421 (\u00b0F), pas plus de<\/td>\r\n<td>\r\n<p style=\"text-align: center;\">180 (356)<\/p>\r\n<\/td>\r\n<\/tr>\r\n<tr>\r\n<td>Type de joint d\u2019arbre<\/td>\r\n<td>\r\n<p style=\"text-align: center;\">emballage<\/p>\r\n<\/td>\r\n<\/tr>\r\n<tr>\r\n<td>Type de r\u00e9glage de l\u2019\u00e9cartement des couteaux<\/td>\r\n<td>\r\n<p style=\"text-align: center;\">manuel<\/p>\r\n<\/td>\r\n<\/tr>\r\n<tr>\r\n<td>Plage de r\u00e9glage de l\u2019\u00e9cartement des couteaux, mm (in)<\/td>\r\n<td>\r\n<p style=\"text-align: center;\">0,2\u20262 (8\u00b710<sup>-3<\/sup>\u2026 8\u00b710<sup>-3<\/sup>)<\/p>\r\n<\/td>\r\n<\/tr>\r\n<tr>\r\n<td>Vitesse de la pointe du couteau \u00e0 3 000 tr\/min, m\/s (mph), pas plus de<\/td>\r\n<td>\r\n<p style=\"text-align: center;\">47 (105)<\/p>\r\n<\/td>\r\n<\/tr>\r\n<tr>\r\n<td>Dimensions, mm (in), pas plus :\r\n\r\n-longueur\r\n\r\n\u2013 largeur\r\n\r\n-hauteur<\/td>\r\n<td>&nbsp;\r\n<p style=\"text-align: center;\">1,690 (67)<\/p>\r\n<p style=\"text-align: center;\">650 (26)<\/p>\r\n<p style=\"text-align: center;\">770 (30)<\/p>\r\n<\/td>\r\n<\/tr>\r\n<tr>\r\n<td>Poids, pas plus, kg (lb)<\/td>\r\n<td>\r\n<p style=\"text-align: center;\">780 (1,720)<\/p>\r\n<\/td>\r\n<\/tr>\r\n<\/tbody>\r\n<\/table>\r\n* \u2013 selon le produit (liquide)."},{"tab_title":"Avantages","tab_content":"<ul>\r\n \t<li style=\"text-align: justify;\">le broyeur peut \u00eatre utilis\u00e9 dans diverses industries;<\/li>\r\n \t<li style=\"text-align: justify;\">selon les t\u00e2ches \u00e0 effectuer, l\u2019article est fourni avec diff\u00e9rents types d\u2019outillages rotor\/stator et joints d\u2019arbre ;<\/li>\r\n \t<li style=\"text-align: justify;\">la partie mouill\u00e9e par le broyeur et les composants peuvent \u00eatre constitu\u00e9s d\u2019acier de construction, d\u2019acier inoxydable r\u00e9sistant aux produits chimiques et d\u2019acier acceptable pour une utilisation dans l\u2019industrie alimentaire ;<\/li>\r\n \t<li style=\"text-align: justify;\">la conception du moulin permet de r\u00e9gler l\u2019\u00e9cart entre les couteaux de 0,2 \u00e0 2 mm ;<\/li>\r\n \t<li style=\"text-align: justify;\">le moulin peut \u00eatre utilis\u00e9 aussi bien \u00e0 l\u2019int\u00e9rieur qu\u2019\u00e0 l\u2019ext\u00e9rieur sous abri.<\/li>\r\n<\/ul>"},{"tab_title":"Webinaire","tab_content":"<div class=\"responsive-embed widescreen\">\r\n<div class=\"responsive-embed widescreen\">\r\n<div class=\"responsive-embed widescreen\">\r\n<div class=\"responsive-embed widescreen\"><iframe title=\"Webinaire - Broyage ultra-fin dans l'industrie alimentaire (17.11.2021)\" src=\"https:\/\/www.youtube.com\/embed\/jqEwm2QOx8c?feature=oembed\" width=\"500\" height=\"281\" frameborder=\"0\" allowfullscreen=\"allowfullscreen\"><\/iframe><\/div>\r\n<\/div>\r\n<\/div>\r\n<\/div>"}],"add_video_tab":[{"video_tab_title":"Vid\u00e9o","add_video_id":[{"video_id":"T0bZ7JH6Tyo"},{"video_id":"B-VX5VdEIJQ"}]}],"add_gallery_tab":null,"add_price_tab":[{"price_tab_title":"Get a quote"}]},"language":"fr","_links":{"self":[{"href":"https:\/\/globecore.com\/fr\/wp-json\/wp\/v2\/pages\/68165","targetHints":{"allow":["GET"]}}],"collection":[{"href":"https:\/\/globecore.com\/fr\/wp-json\/wp\/v2\/pages"}],"about":[{"href":"https:\/\/globecore.com\/fr\/wp-json\/wp\/v2\/types\/page"}],"author":[{"embeddable":true,"href":"https:\/\/globecore.com\/fr\/wp-json\/wp\/v2\/users\/7"}],"replies":[{"embeddable":true,"href":"https:\/\/globecore.com\/fr\/wp-json\/wp\/v2\/comments?post=68165"}],"version-history":[{"count":1,"href":"https:\/\/globecore.com\/fr\/wp-json\/wp\/v2\/pages\/68165\/revisions"}],"predecessor-version":[{"id":341778,"href":"https:\/\/globecore.com\/fr\/wp-json\/wp\/v2\/pages\/68165\/revisions\/341778"}],"up":[{"embeddable":true,"href":"https:\/\/globecore.com\/fr\/wp-json\/wp\/v2\/pages\/68017"}],"wp:featuredmedia":[{"embeddable":true,"href":"https:\/\/globecore.com\/fr\/wp-json\/wp\/v2\/media\/67254"}],"wp:attachment":[{"href":"https:\/\/globecore.com\/fr\/wp-json\/wp\/v2\/media?parent=68165"}],"wp:term":[{"taxonomy":"category","embeddable":true,"href":"https:\/\/globecore.com\/fr\/wp-json\/wp\/v2\/categories?post=68165"}],"curies":[{"name":"wp","href":"https:\/\/api.w.org\/{rel}","templated":true}]}}