{"id":68177,"date":"2021-07-13T13:20:21","date_gmt":"2021-07-13T13:20:21","guid":{"rendered":"https:\/\/globecore.com\/products\/broyeur-colloidal\/colloid-mills-for-bitumen-modification\/colloid-mill-clm-10-20\/"},"modified":"2026-03-09T08:28:11","modified_gmt":"2026-03-09T08:28:11","slug":"colloid-mill-clm-10-20","status":"publish","type":"page","link":"https:\/\/globecore.com\/fr\/products\/broyeur-colloidal\/colloid-mills-for-bitumen-modification\/colloid-mill-clm-10-20\/","title":{"rendered":"CLM-10\/20 Moulin collo\u00efdal"},"content":{"rendered":"","protected":false},"excerpt":{"rendered":"<p>Le broyeur collo\u00efdal CLM-10\/20 est con\u00e7u pour l\u2019homog\u00e9n\u00e9isation et l\u2019\u00e9mulsification en ligne de produits liquides, traitant des suspensions \u00e9paisses sous de fortes contraintes de cisaillement. Il est particuli\u00e8rement adapt\u00e9 \u00e0 la modification de bitumes \u00e0 base de polym\u00e8res, garantissant une dispersion uniforme et une qualit\u00e9 de produit constante. Capacit\u00e9 : 10\u201320 m\u00b3\/h.<\/p>\n","protected":false},"author":7,"featured_media":67241,"parent":68017,"menu_order":0,"comment_status":"closed","ping_status":"closed","template":"templates\/single-product.php","meta":{"_acf_changed":false,"_bbp_topic_count":0,"_bbp_reply_count":0,"_bbp_total_topic_count":0,"_bbp_total_reply_count":0,"_bbp_voice_count":0,"_bbp_anonymous_reply_count":0,"_bbp_topic_count_hidden":0,"_bbp_reply_count_hidden":0,"_bbp_forum_subforum_count":0,"footnotes":""},"categories":[1382],"class_list":["post-68177","page","type-page","status-publish","has-post-thumbnail","hentry","category-fraisage","oil_type-industrie-chimique","oil_type-industrie-petroliere","process_type-broyage","process_type-melange"],"acf":{"add_tab":[{"tab_title":"Description","tab_content":"<p style=\"text-align: justify;\">Le broyeur collo\u00efdal CLM-10\/20 est con\u00e7u pour l\u2019homog\u00e9n\u00e9isation et l\u2019\u00e9mulsification en ligne de produits liquides (boues \u00e9paisses \u00e0 fortes contraintes de cisaillement).<\/p>\r\n<p style=\"text-align: justify;\">Le broyeur peut \u00eatre utilis\u00e9 pour pr\u00e9parer, dissoudre et traiter de nombreux produits dans diverses industries, en particulier lors du broyage de polym\u00e8re SBS granul\u00e9 appliqu\u00e9 \u00e0 la pr\u00e9paration de bitume modifi\u00e9.<\/p>\r\n\r\n<h2 style=\"text-align: center;\">Principe d\u2019op\u00e9ration<\/h2>\r\n<p style=\"text-align: justify;\">Le principe de fonctionnement du broyeur collo\u00efdal CLM-10\/20 est bas\u00e9 sur un sch\u00e9ma de syst\u00e8me rotor\/stator. Un rotor et un stator sont constitu\u00e9s d\u2019anneaux d\u2019outils concentriques (couteaux, couteaux) avec des configurations sp\u00e9ciales de rainures et (ou) de trous qui assurent le mode optimal d\u2019impact m\u00e9canique sur le produit trait\u00e9.<\/p>\r\n<p style=\"text-align: justify;\">En position de travail, les couronnes d\u2019outils du rotor (outil mobile) et du stator (outil fixe) s\u2019engagent coaxialement l\u2019une contre l\u2019autre et tournent sans contact \u00e0 une vitesse relative \u00e9lev\u00e9e (jusqu\u2019\u00e0 47 m\/s). La rotation sans contact est assur\u00e9e par des \u00e9carts technologiques axiaux et radiaux.<\/p>\r\n<p style=\"text-align: justify;\">Le produit trait\u00e9 entre dans la chambre de travail du carter du broyeur par l\u2019al\u00e9sage axial du stator (entr\u00e9e du produit), passe \u00e0 travers le syst\u00e8me rotor\/stator et est \u00e9vacu\u00e9 dans le sens radial (sortie du produit).<\/p>\r\n<p style=\"text-align: justify;\">Lorsqu\u2019il traverse le syst\u00e8me rotor\/stator, le produit est influenc\u00e9 par des processus hydrodynamiques complexes associ\u00e9s \u00e0 des changements dans les contraintes de cisaillement, les forces de cisaillement et la vitesse d\u2019\u00e9coulement. Les r\u00e9actions chimiques se produisent plus rapidement en raison de l\u2019augmentation des surfaces de contact des agents chimiques. En cons\u00e9quence, une dispersion, une \u00e9mulsification, une homog\u00e9n\u00e9isation, un broyage et une pulv\u00e9risation intensifs du produit trait\u00e9 sont obtenus.<\/p>"}],"add_def_tab":[{"tab_title":"Caract\u00e9ristiques","tab_content":"<table>\r\n<tbody>\r\n<tr>\r\n<td><b>No.<\/b><\/td>\r\n<td>\r\n<p style=\"text-align: center;\"><strong>Param\u00e8tre<\/strong><\/p>\r\n<\/td>\r\n<td>\r\n<p style=\"text-align: center;\"><strong>Valeur<\/strong><\/p>\r\n<\/td>\r\n<\/tr>\r\n<tr>\r\n<td>1<\/td>\r\n<td>Capacit\u00e9 unitaire, m<sup>3<\/sup>\/h (gpm)<\/td>\r\n<td>\r\n<p style=\"text-align: center;\">10\u202620 (44\u2026 88)*<\/p>\r\n<\/td>\r\n<\/tr>\r\n<tr>\r\n<td>2<\/td>\r\n<td>Temp\u00e9rature de fonctionnement, \u00b0\u0421 (\u00b0F), pas plus de<\/td>\r\n<td>\r\n<p style=\"text-align: center;\">200 (392)<\/p>\r\n<\/td>\r\n<\/tr>\r\n<tr>\r\n<td>3<\/td>\r\n<td>Pression maximale, bar (psi), pas plus de<\/td>\r\n<td>\r\n<p style=\"text-align: center;\">20 (290)<\/p>\r\n<\/td>\r\n<\/tr>\r\n<tr>\r\n<td>4<\/td>\r\n<td>Volume de fonctionnement du produit, L<\/td>\r\n<td>\r\n<p style=\"text-align: center;\">flow<\/p>\r\n<\/td>\r\n<\/tr>\r\n<tr>\r\n<td>5<\/td>\r\n<td>Type de joint d\u2019arbre<\/td>\r\n<td>\r\n<p style=\"text-align: center;\">emballage (m\u00e9canique)<\/p>\r\n<\/td>\r\n<\/tr>\r\n<tr>\r\n<td>6<\/td>\r\n<td>Type d\u2019outillage rotor\/stator<\/td>\r\n<td>\r\n<p style=\"text-align: center;\">chambre<\/p>\r\n<\/td>\r\n<\/tr>\r\n<tr>\r\n<td>7<\/td>\r\n<td>Replaceable knife kit<\/td>\r\n<td>\r\n<p style=\"text-align: center;\">facultatif<\/p>\r\n<\/td>\r\n<\/tr>\r\n<tr>\r\n<td>8<\/td>\r\n<td>\u00c9cartement axial de la lame (pr\u00e9r\u00e9gl\u00e9), mm<\/td>\r\n<td>\r\n<p style=\"text-align: center;\">0.2\u20262 (8\u00b710<sup>-3<\/sup>\u2026 8\u00b710<sup>-2<\/sup>)<\/p>\r\n<\/td>\r\n<\/tr>\r\n<tr>\r\n<td>9<\/td>\r\n<td>Espacement radial de la lame, mm (in)<\/td>\r\n<td>\r\n<p style=\"text-align: center;\">0.3 (10<sup>-2<\/sup>)<\/p>\r\n<\/td>\r\n<\/tr>\r\n<tr>\r\n<td>10<\/td>\r\n<td>Vitesse de la pointe de la lame, m\/s (mph), pas plus de<\/td>\r\n<td>\r\n<p style=\"text-align: center;\">52 (116)<\/p>\r\n<\/td>\r\n<\/tr>\r\n<tr>\r\n<td>11<\/td>\r\n<td>Vitesse de rotation de l\u2019arbre du broyeur et du roulement, tr\/min<\/td>\r\n<td>\r\n<p style=\"text-align: center;\">4,500<\/p>\r\n<\/td>\r\n<\/tr>\r\n<tr>\r\n<td>12<\/td>\r\n<td>Vitesse de rotation de l\u2019arbre du moteur \u00e9lectrique, tr\/min<\/td>\r\n<td>\r\n<p style=\"text-align: center;\">3,000<\/p>\r\n<\/td>\r\n<\/tr>\r\n<tr>\r\n<td>13<\/td>\r\n<td>Puissance d\u2019entra\u00eenement, kW<\/td>\r\n<td>\r\n<p style=\"text-align: center;\">75 (90)<\/p>\r\n<\/td>\r\n<\/tr>\r\n<tr>\r\n<td>14<\/td>\r\n<td>Tension alimentation, V<\/td>\r\n<td>\r\n<p style=\"text-align: center;\">client<\/p>\r\n<\/td>\r\n<\/tr>\r\n<tr>\r\n<td rowspan=\"4\">15<\/td>\r\n<td>Dimensions, mm (in), pas plus :<\/td>\r\n<td><\/td>\r\n<\/tr>\r\n<tr>\r\n<td>-longueur<\/td>\r\n<td>\r\n<p style=\"text-align: center;\">1,200 (47)<\/p>\r\n<\/td>\r\n<\/tr>\r\n<tr>\r\n<td>-largeur<\/td>\r\n<td>\r\n<p style=\"text-align: center;\">1,000 (39)<\/p>\r\n<\/td>\r\n<\/tr>\r\n<tr>\r\n<td>-hauteur<\/td>\r\n<td>\r\n<p style=\"text-align: center;\">850 (33)<\/p>\r\n<\/td>\r\n<\/tr>\r\n<tr>\r\n<td>16<\/td>\r\n<td>Poids, pas plus, kg (lb)<\/td>\r\n<td>\r\n<p style=\"text-align: center;\">900 (1,985)<\/p>\r\n<\/td>\r\n<\/tr>\r\n<\/tbody>\r\n<\/table>\r\n* \u2013 selon le produit (liquide)."},{"tab_title":"Avantages","tab_content":"<ul>\r\n \t<li style=\"text-align: justify;\">le broyeur peut \u00eatre utilis\u00e9 dans diverses industries;<\/li>\r\n \t<li style=\"text-align: justify;\">selon les t\u00e2ches \u00e0 effectuer, l\u2019article est fourni avec diff\u00e9rents types d\u2019outillages rotor\/stator et joints d\u2019arbre ;<\/li>\r\n \t<li style=\"text-align: justify;\">la partie mouill\u00e9e par le broyeur et les composants peuvent \u00eatre constitu\u00e9s d\u2019acier de construction, d\u2019acier inoxydable r\u00e9sistant aux produits chimiques et d\u2019acier acceptable pour une utilisation dans l\u2019industrie alimentaire ;<\/li>\r\n \t<li style=\"text-align: justify;\">la conception du moulin permet de r\u00e9gler l\u2019\u00e9cart entre les couteaux de 0,2 \u00e0 2 mm ;<\/li>\r\n \t<li style=\"text-align: justify;\">le moulin peut \u00eatre utilis\u00e9 aussi bien \u00e0 l\u2019int\u00e9rieur qu\u2019\u00e0 l\u2019ext\u00e9rieur sous abri.<\/li>\r\n<\/ul>"},{"tab_title":"Webinaire","tab_content":"<div class=\"responsive-embed widescreen\">\r\n<div class=\"responsive-embed widescreen\">\r\n<div class=\"responsive-embed widescreen\">\r\n<div class=\"responsive-embed widescreen\"><iframe title=\"Webinaire - Broyage ultra-fin dans l'industrie alimentaire (17.11.2021)\" src=\"https:\/\/www.youtube.com\/embed\/jqEwm2QOx8c?feature=oembed\" width=\"500\" height=\"281\" frameborder=\"0\" allowfullscreen=\"allowfullscreen\"><\/iframe><\/div>\r\n<\/div>\r\n<\/div>\r\n<\/div>"}],"add_video_tab":[{"video_tab_title":"Vid\u00e9o","add_video_id":[{"video_id":"T0bZ7JH6Tyo"},{"video_id":"B-VX5VdEIJQ"}]}],"add_gallery_tab":null,"add_price_tab":[{"price_tab_title":"Get a quote"}]},"language":"fr","_links":{"self":[{"href":"https:\/\/globecore.com\/fr\/wp-json\/wp\/v2\/pages\/68177","targetHints":{"allow":["GET"]}}],"collection":[{"href":"https:\/\/globecore.com\/fr\/wp-json\/wp\/v2\/pages"}],"about":[{"href":"https:\/\/globecore.com\/fr\/wp-json\/wp\/v2\/types\/page"}],"author":[{"embeddable":true,"href":"https:\/\/globecore.com\/fr\/wp-json\/wp\/v2\/users\/7"}],"replies":[{"embeddable":true,"href":"https:\/\/globecore.com\/fr\/wp-json\/wp\/v2\/comments?post=68177"}],"version-history":[{"count":1,"href":"https:\/\/globecore.com\/fr\/wp-json\/wp\/v2\/pages\/68177\/revisions"}],"predecessor-version":[{"id":341782,"href":"https:\/\/globecore.com\/fr\/wp-json\/wp\/v2\/pages\/68177\/revisions\/341782"}],"up":[{"embeddable":true,"href":"https:\/\/globecore.com\/fr\/wp-json\/wp\/v2\/pages\/68017"}],"wp:featuredmedia":[{"embeddable":true,"href":"https:\/\/globecore.com\/fr\/wp-json\/wp\/v2\/media\/67241"}],"wp:attachment":[{"href":"https:\/\/globecore.com\/fr\/wp-json\/wp\/v2\/media?parent=68177"}],"wp:term":[{"taxonomy":"category","embeddable":true,"href":"https:\/\/globecore.com\/fr\/wp-json\/wp\/v2\/categories?post=68177"}],"curies":[{"name":"wp","href":"https:\/\/api.w.org\/{rel}","templated":true}]}}