{"id":104151,"date":"2023-07-17T13:26:37","date_gmt":"2023-07-17T13:26:37","guid":{"rendered":"https:\/\/globecore.com\/products\/dispositivo-de-aquecimento-de-baixa-frequencia\/low-frequency-heating-device-lfd\/"},"modified":"2026-03-06T09:52:31","modified_gmt":"2026-03-06T09:52:31","slug":"low-frequency-heating-device-lfd","status":"publish","type":"page","link":"https:\/\/globecore.com\/pt-pt\/products\/transformer-maintenance\/low-frequency-heating-device-lfd\/","title":{"rendered":"LFD Dispositivo de aquecimento de baixa frequ\u00eancia"},"content":{"rendered":"","protected":false},"excerpt":{"rendered":"<p>O dispositivo LFD \u00e9 projetado para aquecer e secar os enrolamentos de transformadores. O princ\u00edpio de funcionamento do dispositivo baseia-se em correntes el\u00e9tricas de baixa frequ\u00eancia atrav\u00e9s dos enrolamentos do transformador, aquecendo-os at\u00e9 a temperatura padr\u00e3o de secagem de +75\u2026 +120\u202f\u00b0C. Como o aquecimento por correntes de baixa frequ\u00eancia gera calor no pr\u00f3prio enrolamento e o aquecimento ocorre de dentro para fora, a remo\u00e7\u00e3o de umidade da espessura do isolamento ocorre de forma mais r\u00e1pida e completa em compara\u00e7\u00e3o com outros m\u00e9todos de aquecimento.<\/p>\n","protected":false},"author":7,"featured_media":110764,"parent":112858,"menu_order":0,"comment_status":"closed","ping_status":"closed","template":"templates\/single-product.php","meta":{"_acf_changed":false,"_bbp_topic_count":0,"_bbp_reply_count":0,"_bbp_total_topic_count":0,"_bbp_total_reply_count":0,"_bbp_voice_count":0,"_bbp_anonymous_reply_count":0,"_bbp_topic_count_hidden":0,"_bbp_reply_count_hidden":0,"_bbp_forum_subforum_count":0,"footnotes":""},"categories":[2479],"class_list":["post-104151","page","type-page","status-publish","has-post-thumbnail","hentry","category-manutencao-do-transformador","oil_type-transformadores-de-distribuicao","oil_type-transformadores-elevadores","oil_type-transformadores-para-fins-especiais","oil_type-transformadores-redutores","process_type-calefacao"],"acf":{"add_tab":[{"tab_title":"Descri\u00e7\u00e3o","tab_content":"<p style=\"text-align: justify;\" align=\"center\">O dispositivo LFD \u00e9 projetado para aquecimento e secagem de enrolamentos de transformadores.<\/p>\r\n<p style=\"text-align: justify;\" align=\"center\">O princ\u00edpio de opera\u00e7\u00e3o do dispositivo \u00e9 baseado no fluxo de correntes de baixa frequ\u00eancia atrav\u00e9s dos enrolamentos do transformador e seu aquecimento a uma temperatura de secagem t\u00edpica de +75 - +120\u00b0C. Devido ao fato de que, quando aquecido por correntes de baixa frequ\u00eancia, a fonte de calor \u00e9 o pr\u00f3prio enrolamento e o aquecimento vem de dentro, a remo\u00e7\u00e3o da umidade da espessura do isolamento \u00e9 mais r\u00e1pida e completa em compara\u00e7\u00e3o com outros m\u00e9todos de aquecimento.<\/p>\r\n<p style=\"text-align: justify;\" align=\"center\">Para aumentar a efici\u00eancia da secagem de transformadores a \u00f3leo, o LFD pode ser usado em conjunto com secadores a v\u00e1cuo t\u00e9rmico CMM. Nesse caso, durante a secagem do transformador, h\u00e1 um processo simult\u00e2neo de aquecimento direto dos enrolamentos do transformador desligado e a retirada da umidade liberada dos enrolamentos para o \u00f3leo.<\/p>\r\n<p style=\"text-align: justify;\" align=\"center\">Se o \u00f3leo for drenado do transformador, \u00e9 eficaz o uso de um dispositivo LFD, completo com unidades BV ou UVV ou Mojave Heat, que removem a umidade liberada dos enrolamentos no espa\u00e7o do tanque do transformador. O processo prossegue automaticamente at\u00e9 que a quantidade de umidade no \u00f3leo seja inferior a 10 g\/t (ppm) ap\u00f3s o t\u00e9rmino do aquecimento dos enrolamentos at\u00e9 uma temperatura de +75 - +120\u00b0C.<\/p>"}],"add_def_tab":[{"tab_title":"Especifica\u00e7\u00f5es","tab_content":"<table width=\"640\">\r\n<tbody>\r\n<tr>\r\n<td width=\"44\"><strong>N.\u00ba<\/strong><\/td>\r\n<td style=\"text-align: center;\" colspan=\"2\" width=\"427\"><strong>Par\u00e2metro<\/strong><\/td>\r\n<td style=\"text-align: center;\" width=\"168\"><strong>Valor<\/strong><\/td>\r\n<\/tr>\r\n<tr>\r\n<td width=\"44\">1<\/td>\r\n<td colspan=\"2\" width=\"427\">Corrente de sa\u00edda m\u00e1xima da unidade (AC), A<\/td>\r\n<td style=\"text-align: center;\" width=\"168\">300*<\/td>\r\n<\/tr>\r\n<tr>\r\n<td width=\"44\">2<\/td>\r\n<td colspan=\"2\" width=\"427\">Temperatura ambiente, \u00b0C<\/td>\r\n<td style=\"text-align: center;\" width=\"168\">0\u201340<\/td>\r\n<\/tr>\r\n<tr>\r\n<td width=\"44\">3<\/td>\r\n<td colspan=\"2\" width=\"427\">Umidade relativa, %<\/td>\r\n<td style=\"text-align: center;\" width=\"168\">Concentra\u00e7\u00e3o de umidade n\u00e3o permitida<\/td>\r\n<\/tr>\r\n<tr>\r\n<td width=\"44\">4<\/td>\r\n<td colspan=\"2\" width=\"427\">Frequ\u00eancia de sa\u00edda, Hz<\/td>\r\n<td style=\"text-align: center;\" width=\"168\">0,5\u201310<\/td>\r\n<\/tr>\r\n<tr>\r\n<td width=\"44\">5<\/td>\r\n<td colspan=\"2\" width=\"427\">Grau de prote\u00e7\u00e3o<\/td>\r\n<td style=\"text-align: center;\" width=\"168\">IP 54, IK 09<\/td>\r\n<\/tr>\r\n<tr>\r\n<td width=\"44\">6<\/td>\r\n<td colspan=\"2\" width=\"427\">Par\u00e2metros do sistema de alimenta\u00e7\u00e3o el\u00e9trica<\/td>\r\n<td style=\"text-align: center;\" width=\"168\">Qualquer mediante solicita\u00e7\u00e3o<\/td>\r\n<\/tr>\r\n<tr>\r\n<td rowspan=\"3\" width=\"44\">7<\/td>\r\n<td rowspan=\"3\" width=\"299\">Dimens\u00f5es, mm<\/td>\r\n<td width=\"128\">comprimento<\/td>\r\n<td style=\"text-align: center;\" width=\"168\">2510<\/td>\r\n<\/tr>\r\n<tr>\r\n<td width=\"128\">largura<\/td>\r\n<td style=\"text-align: center;\" width=\"168\">1400<\/td>\r\n<\/tr>\r\n<tr>\r\n<td width=\"128\">altura<\/td>\r\n<td style=\"text-align: center;\" width=\"168\">1680<\/td>\r\n<\/tr>\r\n<tr>\r\n<td width=\"44\">8<\/td>\r\n<td colspan=\"2\" width=\"427\">Peso, kg<\/td>\r\n<td style=\"text-align: center;\" width=\"168\">2500<\/td>\r\n<\/tr>\r\n<\/tbody>\r\n<\/table>\r\n<em>* \u2013 valores indicados para uma das poss\u00edveis vers\u00f5es do dispositivo. A unidade LFD \u00e9 fabricada sob encomenda. Suas caracter\u00edsticas podem variar dependendo da corrente nominal do enrolamento prim\u00e1rio dos transformadores, cuja parte ativa precisa ser aquecida.<\/em>"},{"tab_title":"Vantagens","tab_content":"<ul>\r\n \t<li style=\"text-align: justify;\">automa\u00e7\u00e3o completa;<\/li>\r\n \t<li style=\"text-align: justify;\">Baixo consumo de energia;<\/li>\r\n \t<li style=\"text-align: justify;\">dimens\u00f5es compactas;<\/li>\r\n \t<li style=\"text-align: justify;\">secagem dos enrolamentos do transformador;<\/li>\r\n \t<li style=\"text-align: justify;\">equipamentos inteligentes;<\/li>\r\n \t<li style=\"text-align: justify;\">prote\u00e7\u00e3o contra superaquecimento dos enrolamentos do transformador.<\/li>\r\n<\/ul>"},{"tab_title":"Aplica\u00e7\u00e3o","tab_content":"[product_oil_types]"},{"tab_title":"Configurador","tab_content":"[ezfc id='128' \/]"},{"tab_title":"Webinar","tab_content":"<div class=\"responsive-embed widescreen\">\r\n<div class=\"responsive-embed widescreen\">\r\n<div class=\"responsive-embed widescreen\">\r\n<div class=\"responsive-embed widescreen\">\r\n<div class=\"responsive-embed widescreen\">\r\n<div class=\"responsive-embed widescreen\">\r\n<div class=\"responsive-embed widescreen\">\r\n<div class=\"responsive-embed widescreen\">\r\n<div class=\"responsive-embed widescreen\"><iframe title=\"Manuten\u00e7\u00e3o dos transformadores de pot\u00eancia\" src=\"https:\/\/www.youtube.com\/embed\/RblXgV_sUy0?feature=oembed\" width=\"500\" height=\"281\" frameborder=\"0\" allowfullscreen=\"allowfullscreen\"><\/iframe><\/div>\r\n<\/div>\r\n<\/div>\r\n<\/div>\r\n<\/div>\r\n<\/div>\r\n<\/div>\r\n<\/div>\r\n<\/div>"}],"add_video_tab":[{"video_tab_title":"V\u00eddeo","add_video_id":[{"video_id":"hhdx54Vi2q8"}]}],"add_gallery_tab":[{"gallery_tab_title":"Foto","add_img":[146831,318330]}],"add_price_tab":null},"language":"pt-pt","_links":{"self":[{"href":"https:\/\/globecore.com\/pt-pt\/wp-json\/wp\/v2\/pages\/104151","targetHints":{"allow":["GET"]}}],"collection":[{"href":"https:\/\/globecore.com\/pt-pt\/wp-json\/wp\/v2\/pages"}],"about":[{"href":"https:\/\/globecore.com\/pt-pt\/wp-json\/wp\/v2\/types\/page"}],"author":[{"embeddable":true,"href":"https:\/\/globecore.com\/pt-pt\/wp-json\/wp\/v2\/users\/7"}],"replies":[{"embeddable":true,"href":"https:\/\/globecore.com\/pt-pt\/wp-json\/wp\/v2\/comments?post=104151"}],"version-history":[{"count":3,"href":"https:\/\/globecore.com\/pt-pt\/wp-json\/wp\/v2\/pages\/104151\/revisions"}],"predecessor-version":[{"id":336128,"href":"https:\/\/globecore.com\/pt-pt\/wp-json\/wp\/v2\/pages\/104151\/revisions\/336128"}],"up":[{"embeddable":true,"href":"https:\/\/globecore.com\/pt-pt\/wp-json\/wp\/v2\/pages\/112858"}],"wp:featuredmedia":[{"embeddable":true,"href":"https:\/\/globecore.com\/pt-pt\/wp-json\/wp\/v2\/media\/110764"}],"wp:attachment":[{"href":"https:\/\/globecore.com\/pt-pt\/wp-json\/wp\/v2\/media?parent=104151"}],"wp:term":[{"taxonomy":"category","embeddable":true,"href":"https:\/\/globecore.com\/pt-pt\/wp-json\/wp\/v2\/categories?post=104151"}],"curies":[{"name":"wp","href":"https:\/\/api.w.org\/{rel}","templated":true}]}}