{"id":16953,"date":"2017-12-29T07:07:50","date_gmt":"2017-12-29T07:07:50","guid":{"rendered":"https:\/\/globecore.com\/support.html"},"modified":"2018-11-14T06:21:09","modified_gmt":"2018-11-14T06:21:09","slug":"support","status":"publish","type":"page","link":"https:\/\/globecore.com\/pt-pt\/support\/","title":{"rendered":"Suporte"},"content":{"rendered":"<div class=\"advant-section\">\n<h2 style=\"text-align: center;\">Princ\u00edpios de intera\u00e7\u00e3o e suporte ao cliente<\/h2>\n<\/div>\n<p style=\"text-align: justify;\">Uma das prioridades nas atividades da <em><b>GlobeCore <\/b><\/em>\u00e9 a intera\u00e7\u00e3o operacional e suporte t\u00e9cnico para todos os clientes, independentemente de sua localiza\u00e7\u00e3o, devido a uma extensa rede de escrit\u00f3rios de representa\u00e7\u00e3o e centros de servi\u00e7os.<\/p>\n<p style=\"text-align: justify;\">Os funcion\u00e1rios da <em><b>GlobeCore <\/b><\/em>est\u00e3o sempre prontos para prestar servi\u00e7os de manuten\u00e7\u00e3o e reparo de equipamentos projetados para a purifica\u00e7\u00e3o e regenera\u00e7\u00e3o de \u00f3leos de transformadores, turbinas, industriais e outros tipos bem como equipamentos para a produ\u00e7\u00e3o de emuls\u00f5es betuminosas e betume modificado.<\/p>\n<p style=\"text-align: justify;\">Ao desenvolver rela\u00e7\u00f5es com clientes, nossa empresa \u00e9 guiada pelos seguintes princ\u00edpios:<\/p>\n<ul class=\"support-list\">\n<li class=\"wow fadeInLeft\" style=\"text-align: justify;\"><i class=\"fa fa-check\"><\/i>\n<div class=\"inner-list-support\">Consulta gratuita. Voc\u00ea sempre pode obter conselhos de especialistas qualificados na fase de escolha do equipamento garantindo a otimiza\u00e7\u00e3o da decis\u00e3o tomada<\/div>\n<\/li>\n<li class=\"wow fadeInLeft\" style=\"text-align: justify;\"><i class=\"fa fa-check\"><\/i>\n<div class=\"inner-list-support\">Abordagem individual. Cada equipamento \u00e9 projetado e fabricado de acordo com as necessidades e exig\u00eancias individuais do cliente<\/div>\n<\/li>\n<li class=\"wow fadeInLeft\" style=\"text-align: justify;\"><i class=\"fa fa-check\"><\/i>\n<div class=\"inner-list-support\">Suporte na implementa\u00e7\u00e3o de comissionamento. Se necess\u00e1rio, os funcion\u00e1rios da empresa v\u00e3o at\u00e9 o cliente para colocar o equipamento em opera\u00e7\u00e3o<\/div>\n<\/li>\n<li class=\"wow fadeInLeft\" style=\"text-align: justify;\"><i class=\"fa fa-check\"><\/i>\n<div class=\"inner-list-support\">Suporte na implementa\u00e7\u00e3o de comissionamento. Se necess\u00e1rio, os funcion\u00e1rios da empresa v\u00e3o at\u00e9 o cliente para colocar o equipamento em opera\u00e7\u00e3o<\/div>\n<\/li>\n<li class=\"wow fadeInLeft\" style=\"text-align: justify;\"><i class=\"fa fa-check\"><\/i>\n<div class=\"inner-list-support\">Treinamento de pessoal. A <em><b>GlobeCore <\/b><\/em>oferece treinamento operacional aos operadores para todos os modelos de equipamentos tanto no local de sua opera\u00e7\u00e3o, como em seu pr\u00f3prio centro de treinamento localizado em Oldenburg (Alemanha). Materiais adicionais de v\u00eddeo est\u00e3o dispon\u00edveis mediante a solicita\u00e7\u00e3o para treinamento<\/div>\n<\/li>\n<li class=\"wow fadeInLeft\"><i class=\"fa fa-check\"><\/i>\n<div class=\"inner-list-support\" style=\"text-align: justify;\">Moderniza\u00e7\u00e3o A <em><strong>GlobeCore<\/strong><\/em> \u00e9 especializada na atualiza\u00e7\u00e3o de equipamentos em servi\u00e7o para maximizar sua vida \u00fatil<\/div>\n<\/li>\n<li class=\"wow fadeInLeft\"><i class=\"fa fa-check\"><\/i>\n<div class=\"inner-list-support\">Garantia e servi\u00e7o p\u00f3s-garantia. A garantia \u00e9 fornecida em todos os tipos de trabalho realizado pela <em><b>GlobeCore<\/b><\/em>. O servi\u00e7o p\u00f3s-garantia \u00e9 executado sob o contrato<\/div>\n<\/li>\n<\/ul>\n<p><span class=\"questions-support\" style=\"font-weight: 400;\">Quest\u00f5es? Contacte-nos em <a href=\"mailto:marketing@globecore.de\">marketing@globecore.de<\/a>.<\/span><\/p>\n","protected":false},"excerpt":{"rendered":"<p>Princ\u00edpios de intera\u00e7\u00e3o e suporte ao cliente Uma das prioridades nas atividades da GlobeCore \u00e9 a intera\u00e7\u00e3o operacional e suporte t\u00e9cnico para todos os clientes, independentemente de sua localiza\u00e7\u00e3o, devido a uma extensa rede de escrit\u00f3rios de representa\u00e7\u00e3o e centros de servi\u00e7os. Os funcion\u00e1rios da GlobeCore est\u00e3o sempre prontos para prestar servi\u00e7os de manuten\u00e7\u00e3o e<a class=\"cg-read-more\" href=\"https:\/\/globecore.com\/pt-pt\/support\/\" target=\"_blank\">Leia mais <\/a><\/p>\n","protected":false},"author":7,"featured_media":0,"parent":0,"menu_order":0,"comment_status":"closed","ping_status":"closed","template":"templates\/support-page.php","meta":{"_acf_changed":false,"_bbp_topic_count":0,"_bbp_reply_count":0,"_bbp_total_topic_count":0,"_bbp_total_reply_count":0,"_bbp_voice_count":0,"_bbp_anonymous_reply_count":0,"_bbp_topic_count_hidden":0,"_bbp_reply_count_hidden":0,"_bbp_forum_subforum_count":0,"footnotes":""},"categories":[],"class_list":["post-16953","page","type-page","status-publish","hentry"],"acf":[],"language":"pt-pt","_links":{"self":[{"href":"https:\/\/globecore.com\/pt-pt\/wp-json\/wp\/v2\/pages\/16953","targetHints":{"allow":["GET"]}}],"collection":[{"href":"https:\/\/globecore.com\/pt-pt\/wp-json\/wp\/v2\/pages"}],"about":[{"href":"https:\/\/globecore.com\/pt-pt\/wp-json\/wp\/v2\/types\/page"}],"author":[{"embeddable":true,"href":"https:\/\/globecore.com\/pt-pt\/wp-json\/wp\/v2\/users\/7"}],"replies":[{"embeddable":true,"href":"https:\/\/globecore.com\/pt-pt\/wp-json\/wp\/v2\/comments?post=16953"}],"version-history":[{"count":0,"href":"https:\/\/globecore.com\/pt-pt\/wp-json\/wp\/v2\/pages\/16953\/revisions"}],"wp:attachment":[{"href":"https:\/\/globecore.com\/pt-pt\/wp-json\/wp\/v2\/media?parent=16953"}],"wp:term":[{"taxonomy":"category","embeddable":true,"href":"https:\/\/globecore.com\/pt-pt\/wp-json\/wp\/v2\/categories?post=16953"}],"curies":[{"name":"wp","href":"https:\/\/api.w.org\/{rel}","templated":true}]}}