{"id":16990,"date":"2016-04-06T08:50:39","date_gmt":"2016-04-06T08:50:39","guid":{"rendered":"https:\/\/globecore.com\/products\/road-construction-equipment\/collection-tank\/sbm-15-modified-bitumen-collection-tank-uvb-2.html"},"modified":"2026-03-09T10:27:18","modified_gmt":"2026-03-09T10:27:18","slug":"sbm-15-modified-bitumen-collection-tank-uvb-2","status":"publish","type":"page","link":"https:\/\/globecore.com\/pt-pt\/products\/producao-de-betume-modificado\/sbm-15-modified-bitumen-collection-tank-uvb-2\/","title":{"rendered":"USB-4 O coletor de betume modificado"},"content":{"rendered":"","protected":false},"excerpt":{"rendered":"<p>O tanque de armazenamento de betume modificado USB-4 foi projetado para o armazenamento de betume modificado, betume convencional e emuls\u00f5es de betume. Pode ser fornecido como uma unidade independente ou integrado em linhas existentes de produ\u00e7\u00e3o de betume modificado. O tanque \u00e9 equipado com um agitador autom\u00e1tico e um circuito de aquecimento para manter a uniformidade do produto e a temperatura necess\u00e1ria.<br \/>\nVers\u00f5es dispon\u00edveis: USB-4 (15) com volume \u00fatil m\u00ednimo de 15 m\u00b3 (volume total de 16 m\u00b3) e USB-4 (30) com volume \u00fatil m\u00ednimo de 30 m\u00b3 (volume total de 33 m\u00b3).<\/p>\n","protected":false},"author":7,"featured_media":21377,"parent":17086,"menu_order":0,"comment_status":"closed","ping_status":"closed","template":"templates\/single-product.php","meta":{"_acf_changed":false,"_bbp_topic_count":0,"_bbp_reply_count":0,"_bbp_total_topic_count":0,"_bbp_total_reply_count":0,"_bbp_voice_count":0,"_bbp_anonymous_reply_count":0,"_bbp_topic_count_hidden":0,"_bbp_reply_count_hidden":0,"_bbp_forum_subforum_count":0,"footnotes":""},"categories":[1344],"class_list":["post-16990","page","type-page","status-publish","has-post-thumbnail","hentry","category-producao-de-betume","oil_type-industria-da-construcao","process_type-mistura"],"acf":{"add_tab":[{"tab_title":"Descri\u00e7\u00e3o","tab_content":"<p style=\"text-align: justify;\"><span style=\"font-weight: 400;\">O coletor de betume modificado USB-4 -<\/span><span style=\"font-weight: 400;\"> \u00e9 projetado para armazenamento de betume modificado produzido com a unidade USB-3. Ele pode ser fornecido como um produto aut\u00f4nomo e ser adaptado para equipamentos de produ\u00e7\u00e3o de betume modificados existentes.O produto est\u00e1 equipado com um misturador autom\u00e1tico e circuito de aquecimento.O coletor de betume est\u00e1 \u00a0equipada com sensores de temperatura e n\u00edvel Dinel e Wika, al\u00e9m de sensores de transbordamento.<\/span><\/p>\r\n<p style=\"text-align: justify;\"><span style=\"font-weight: 400;\">O principal componente da emuls\u00e3o de \u00e1gua-betume \u00e9 obviamente o betume. Produ\u00e7\u00e3o consistente de emuls\u00e3o s\u00f3 \u00e9 poss\u00edvel com disponibilidade constante do material. Portanto as empresas que utilizam diariamente o betume em seu processo de produ\u00e7\u00e3o devem garantir condi\u00e7\u00f5es corretas de armazenamento. Muitas empresas preferem manter as sua pr\u00f3prias instala\u00e7\u00f5es de armazenamento de betume. o que lhes permite realizar trabalhos de constru\u00e7\u00e3o e reparo conforme o planejado, independentemente da situa\u00e7\u00e3o do mercado e das varia\u00e7\u00f5es de pre\u00e7o do betume.<\/span><\/p>\r\n<p style=\"text-align: justify;\"><span style=\"font-weight: 400;\">O armazenamento de betume e de emuls\u00f5es de betume \u00a0\u00e9 um processo complexo. A parte mais importante \u00e9 o aquecimento do material em tanques especialmente equipados. O betume n\u00e3o deve assentar ou se decompor em \u00e1gua e aglomera\u00e7\u00e3o, o que pode ocorrer no armazenamento da emuls\u00e3o betuminosa. Os aquecedores s\u00e3o mais frequentemente integrados nas paredes do tanque de armazenamento e permitem que o material permane\u00e7a na temperatura desejada. O aquecimento pode ser realizado por vapor, \u00f3leo ou por aquecedores el\u00e9tricos de baixa temperatura.<\/span><\/p>\r\n<p style=\"text-align: justify;\"><span style=\"font-weight: 400;\">Tanques de armazenamento de betume s\u00e3o de dois tipos - vertical e horizontal. No momento, tanques verticais s\u00e3o mais populares. Eles s\u00e3o econ\u00f4micos e f\u00e1ceis de operar e manter.<\/span><\/p>"}],"add_def_tab":[{"tab_title":"Par\u00e2metros","tab_content":"<table>\r\n<tbody>\r\n<tr>\r\n<td>\r\n<p style=\"text-align: center;\"><b>Par\u00e2metros<\/b><\/p>\r\n<\/td>\r\n<td>\r\n<p style=\"text-align: center;\"><b>USB-4 (15)<\/b><\/p>\r\n<\/td>\r\n<td>\r\n<p style=\"text-align: center;\"><b>USB-4 (30)\r\n<\/b><\/p>\r\n<\/td>\r\n<\/tr>\r\n<tr>\r\n<td><span style=\"font-weight: 400;\">Volume total m\u00ednimo, m\u00b3<\/span><\/td>\r\n<td>\r\n<p style=\"text-align: center;\"><span style=\"font-weight: 400;\">16<\/span><\/p>\r\n<\/td>\r\n<td>\r\n<p style=\"text-align: center;\"><span style=\"font-weight: 400;\">33<\/span><\/p>\r\n<\/td>\r\n<\/tr>\r\n<tr>\r\n<td><span style=\"font-weight: 400;\">Volume utiliz\u00e1vel m\u00ednimo,m\u00b3<\/span><\/td>\r\n<td>\r\n<p style=\"text-align: center;\"><span style=\"font-weight: 400;\">15<\/span><\/p>\r\n<\/td>\r\n<td>\r\n<p style=\"text-align: center;\"><span style=\"font-weight: 400;\">30<\/span><\/p>\r\n<\/td>\r\n<\/tr>\r\n<tr>\r\n<td><span style=\"font-weight: 400;\">Tipo de misturador<\/span><\/td>\r\n<td>\r\n<p style=\"text-align: center;\"><span style=\"font-weight: 400;\">ventoinha<\/span><\/p>\r\n<\/td>\r\n<td>\r\n<p style=\"text-align: center;\"><span style=\"font-weight: 400;\">ventoinha<\/span><\/p>\r\n<\/td>\r\n<\/tr>\r\n<tr>\r\n<td><span style=\"font-weight: 400;\">RPM do misturador<\/span><\/td>\r\n<td>\r\n<p style=\"text-align: center;\"><span style=\"font-weight: 400;\">36<\/span><\/p>\r\n<\/td>\r\n<td>\r\n<p style=\"text-align: center;\"><span style=\"font-weight: 400;\">400<\/span><\/p>\r\n<\/td>\r\n<\/tr>\r\n<tr>\r\n<td><span style=\"font-weight: 400;\">\u00c1rea quadrada do permutador de calor, m2<\/span><\/td>\r\n<td><\/td>\r\n<td>\r\n<p style=\"text-align: center;\"><span style=\"font-weight: 400;\">18<\/span><\/p>\r\n<\/td>\r\n<\/tr>\r\n<tr>\r\n<td><span style=\"font-weight: 400;\">Espessura de isolamento,mm<\/span><\/td>\r\n<td>\r\n<p style=\"text-align: center;\"><span style=\"font-weight: 400;\">200<\/span><\/p>\r\n<\/td>\r\n<td>\r\n<p style=\"text-align: center;\"><span style=\"font-weight: 400;\">200<\/span><\/p>\r\n<\/td>\r\n<\/tr>\r\n<tr>\r\n<td><span style=\"font-weight: 400;\">Pot\u00eancia nominal, kW<\/span><\/td>\r\n<td>\r\n<p style=\"text-align: center;\"><span style=\"font-weight: 400;\">11.3<\/span><\/p>\r\n<\/td>\r\n<td>\r\n<p style=\"text-align: center;\"><span style=\"font-weight: 400;\">30<\/span><\/p>\r\n<\/td>\r\n<\/tr>\r\n<tr>\r\n<td><span style=\"font-weight: 400;\">Energia el\u00e9trica<\/span><\/td>\r\n<td><\/td>\r\n<td><\/td>\r\n<\/tr>\r\n<tr>\r\n<td>\r\n<ul>\r\n \t<li style=\"font-weight: 400;\"><span style=\"font-weight: 400;\">tens\u00e3o, V<\/span><\/li>\r\n<\/ul>\r\n<\/td>\r\n<td>\r\n<p style=\"text-align: center;\"><span style=\"font-weight: 400;\">380<\/span><\/p>\r\n<\/td>\r\n<td>\r\n<p style=\"text-align: center;\"><span style=\"font-weight: 400;\">380<\/span><\/p>\r\n<\/td>\r\n<\/tr>\r\n<tr>\r\n<td>\r\n<ul>\r\n \t<li style=\"font-weight: 400;\"><span style=\"font-weight: 400;\">Frequ\u00eancia AC, Hz<\/span><\/li>\r\n<\/ul>\r\n<\/td>\r\n<td>\r\n<p style=\"text-align: center;\"><span style=\"font-weight: 400;\">50<\/span><\/p>\r\n<\/td>\r\n<td>\r\n<p style=\"text-align: center;\"><span style=\"font-weight: 400;\">50<\/span><\/p>\r\n<\/td>\r\n<\/tr>\r\n<tr>\r\n<td><span style=\"font-weight: 400;\">Dimens\u00f5es (L \/ W \/ H), mm<\/span><\/td>\r\n<td>\r\n<p style=\"text-align: center;\"><span style=\"font-weight: 400;\">3250\/2500\/7200<\/span><\/p>\r\n<\/td>\r\n<td>\r\n<p style=\"text-align: center;\"><span style=\"font-weight: 400;\">2440\/2400\/12500<\/span><\/p>\r\n<\/td>\r\n<\/tr>\r\n<tr>\r\n<td>\r\n<p style=\"text-align: left;\"><span style=\"font-weight: 400;\">Peso m\u00e1ximo, kg<\/span><\/p>\r\n<\/td>\r\n<td>\r\n<p style=\"text-align: center;\"><span style=\"font-weight: 400;\">3800<\/span><\/p>\r\n<\/td>\r\n<td style=\"text-align: center;\"><span style=\"font-weight: 400;\">11000<\/span><\/td>\r\n<\/tr>\r\n<tr>\r\n<td><span style=\"font-weight: 400;\">Peso m\u00e1ximo carregado,kg<\/span><\/td>\r\n<td>\r\n<p style=\"text-align: center;\"><span style=\"font-weight: 400;\">18800<\/span><\/p>\r\n<\/td>\r\n<td>\r\n<p style=\"text-align: center;\"><span style=\"font-weight: 400;\">41000<\/span><\/p>\r\n<\/td>\r\n<\/tr>\r\n<\/tbody>\r\n<\/table>"},{"tab_title":"Benef\u00edcios","tab_content":"<ul>\r\n \t<li><span id=\"result_box\" class=\"short_text\" lang=\"pt\"><span class=\"\">tamanho adaptado para transporte por mar.<\/span><\/span><\/li>\r\n<\/ul>"},{"tab_title":"Aplica\u00e7\u00e3o","tab_content":"[product_oil_types]"},{"tab_title":"Webinar","tab_content":"<div class=\"responsive-embed widescreen\">\r\n<div class=\"responsive-embed widescreen\">\r\n<div class=\"responsive-embed widescreen\">\r\n<div class=\"responsive-embed widescreen\"><iframe title=\"Produ\u00e7\u00e3o de betume modificado. Abordagem moderna\" src=\"https:\/\/www.youtube.com\/embed\/9qGOp1erhKs?feature=oembed\" width=\"500\" height=\"281\" frameborder=\"0\" allowfullscreen=\"allowfullscreen\"><\/iframe><\/div>\r\n<\/div>\r\n<\/div>\r\n<\/div>"}],"add_video_tab":[{"video_tab_title":"Video","add_video_id":[{"video_id":"n4glxNWbsNw"},{"video_id":"6WjhUjc4IRo"}]}],"add_gallery_tab":null,"add_price_tab":[{"price_tab_title":"Obter pre\u00e7o"}]},"language":"pt-pt","_links":{"self":[{"href":"https:\/\/globecore.com\/pt-pt\/wp-json\/wp\/v2\/pages\/16990","targetHints":{"allow":["GET"]}}],"collection":[{"href":"https:\/\/globecore.com\/pt-pt\/wp-json\/wp\/v2\/pages"}],"about":[{"href":"https:\/\/globecore.com\/pt-pt\/wp-json\/wp\/v2\/types\/page"}],"author":[{"embeddable":true,"href":"https:\/\/globecore.com\/pt-pt\/wp-json\/wp\/v2\/users\/7"}],"replies":[{"embeddable":true,"href":"https:\/\/globecore.com\/pt-pt\/wp-json\/wp\/v2\/comments?post=16990"}],"version-history":[{"count":1,"href":"https:\/\/globecore.com\/pt-pt\/wp-json\/wp\/v2\/pages\/16990\/revisions"}],"predecessor-version":[{"id":341851,"href":"https:\/\/globecore.com\/pt-pt\/wp-json\/wp\/v2\/pages\/16990\/revisions\/341851"}],"up":[{"embeddable":true,"href":"https:\/\/globecore.com\/pt-pt\/wp-json\/wp\/v2\/pages\/17086"}],"wp:featuredmedia":[{"embeddable":true,"href":"https:\/\/globecore.com\/pt-pt\/wp-json\/wp\/v2\/media\/21377"}],"wp:attachment":[{"href":"https:\/\/globecore.com\/pt-pt\/wp-json\/wp\/v2\/media?parent=16990"}],"wp:term":[{"taxonomy":"category","embeddable":true,"href":"https:\/\/globecore.com\/pt-pt\/wp-json\/wp\/v2\/categories?post=16990"}],"curies":[{"name":"wp","href":"https:\/\/api.w.org\/{rel}","templated":true}]}}