{"id":17001,"date":"2016-04-06T09:00:32","date_gmt":"2016-04-06T09:00:32","guid":{"rendered":"https:\/\/globecore.com\/products\/road-construction-equipment\/fbs-1-bitumen-filter.html"},"modified":"2026-03-09T09:48:34","modified_gmt":"2026-03-09T09:48:34","slug":"fbs-1-bitumen-filter","status":"publish","type":"page","link":"https:\/\/globecore.com\/pt-pt\/products\/producao-de-emulsao-de-betume\/fbs-1-bitumen-filter\/","title":{"rendered":"FB O filtro de betume"},"content":{"rendered":"","protected":false},"excerpt":{"rendered":"<p>O filtro de betume FB \u00e9 projetado para remover contaminantes s\u00f3lidos do betume e de outros l\u00edquidos n\u00e3o corrosivos. Destina-se ao uso em processos de entrada, armazenamento e sa\u00edda envolvendo betume comum ou modificado, emuls\u00f5es de betume e outros l\u00edquidos de alta viscosidade que necessitem de aquecimento. O filtro possui capacidade de 15\u202fm\u00b3\/h e apresenta dois cartuchos filtrantes para opera\u00e7\u00e3o cont\u00ednua, al\u00e9m de sensores de temperatura e press\u00e3o para garantir desempenho confi\u00e1vel e seguro.<\/p>\n","protected":false},"author":7,"featured_media":22592,"parent":17126,"menu_order":0,"comment_status":"closed","ping_status":"closed","template":"templates\/single-product.php","meta":{"_acf_changed":false,"_bbp_topic_count":0,"_bbp_reply_count":0,"_bbp_total_topic_count":0,"_bbp_total_reply_count":0,"_bbp_voice_count":0,"_bbp_anonymous_reply_count":0,"_bbp_topic_count_hidden":0,"_bbp_reply_count_hidden":0,"_bbp_forum_subforum_count":0,"footnotes":""},"categories":[1344],"class_list":["post-17001","page","type-page","status-publish","has-post-thumbnail","hentry","category-producao-de-betume","oil_type-industria-da-construcao","process_type-filtragem"],"acf":{"add_tab":[{"tab_title":"Descri\u00e7\u00e3o","tab_content":"<p style=\"text-align: justify;\"><span style=\"font-weight: 400;\">O filtro de betume FB \u00e9 projetado para remover contaminantes s\u00f3lidos do betume e outros l\u00edquidos n\u00e3o corrosivos.O filtro \u00e9 projetado para uso no processo de bombeamento, armazenamento e distribui\u00e7\u00e3o de betume convencional ou modificado, emuls\u00f5es betuminosas e outros l\u00edquidos de alta viscosidade que requerem aquecimento.<\/span><\/p>\r\n<p style=\"text-align: justify;\"><span style=\"font-weight: 400;\">O filtro \u00e9 equipado com dois cartuchos de filtro, para funcionar continuamente. Ele tamb\u00e9m possui sensores de temperatura e press\u00e3o para confiabilidade e seguran\u00e7a.<\/span><\/p>"}],"add_def_tab":[{"tab_title":"Par\u00e2metros","tab_content":"<table>\r\n<tbody>\r\n<tr>\r\n<td width=\"261\">\r\n<p style=\"text-align: center;\"><b>Par\u00e2metros<\/b><\/p>\r\n<\/td>\r\n<td width=\"92\">\r\n<p style=\"text-align: center;\"><strong>Valor<\/strong><\/p>\r\n<\/td>\r\n<\/tr>\r\n<tr>\r\n<td width=\"261\"><span style=\"font-weight: 400;\">Di\u00e2metro nominal m\u00e9dio, mm<\/span><\/td>\r\n<td width=\"92\">\r\n<p style=\"text-align: center;\">80<\/p>\r\n<\/td>\r\n<\/tr>\r\n<tr>\r\n<td width=\"261\"><span style=\"font-weight: 400;\">Capacidade, m3 \/ hora<\/span><\/td>\r\n<td width=\"92\">\r\n<p style=\"text-align: center;\">15<\/p>\r\n<\/td>\r\n<\/tr>\r\n<tr>\r\n<td width=\"261\"><span style=\"font-weight: 400;\">Finura de filtra\u00e7\u00e3o, mm<\/span><\/td>\r\n<td width=\"92\">\r\n<p style=\"text-align: center;\">5\/1<\/p>\r\n<\/td>\r\n<\/tr>\r\n<tr>\r\n<td width=\"261\"><span style=\"font-weight: 400;\">Press\u00e3o de entrada de betume, kg \/ cm2, (MPa)<\/span><\/td>\r\n<td width=\"92\">\r\n<p style=\"text-align: center;\">2 (0.2)<\/p>\r\n<\/td>\r\n<\/tr>\r\n<tr>\r\n<td width=\"261\"><span style=\"font-weight: 400;\">Press\u00e3o de opera\u00e7\u00e3o do transportador de calor, kg \/ cm2, (MPa)<\/span><\/td>\r\n<td width=\"92\">\r\n<p style=\"text-align: center;\">4 (0.4)<\/p>\r\n<\/td>\r\n<\/tr>\r\n<tr>\r\n<td width=\"261\"><span style=\"font-weight: 400;\">Temperatura de entrada de betume, \u00b0 C<\/span><\/td>\r\n<td width=\"92\">\r\n<p style=\"text-align: center;\">140\u2013160<\/p>\r\n<\/td>\r\n<\/tr>\r\n<tr>\r\n<td width=\"261\"><span style=\"font-weight: 400;\">Temperatura do portador de calor, m\u00e1x<\/span><\/td>\r\n<td width=\"92\">\r\n<p style=\"text-align: center;\">200<\/p>\r\n<\/td>\r\n<\/tr>\r\n<tr>\r\n<td width=\"261\"><span style=\"font-weight: 400;\">Dimens\u00f5es sem \u00a0cabine de controle (L \/ W \/ H), mm<\/span><\/td>\r\n<td width=\"92\">\r\n<p style=\"text-align: center;\">925\/380\/1100<\/p>\r\n<\/td>\r\n<\/tr>\r\n<tr>\r\n<td width=\"261\"><span style=\"font-weight: 400;\">Peso m\u00e1ximo, kg<\/span><\/td>\r\n<td width=\"92\">\r\n<p style=\"text-align: center;\">170<\/p>\r\n<\/td>\r\n<\/tr>\r\n<\/tbody>\r\n<\/table>"},{"tab_title":"Benef\u00edcios","tab_content":"<ul>\r\n \t<li>v\u00e1lvula de libera\u00e7\u00e3o de ar para encher o filtro antes do in\u00edcio do trabalho (tamb\u00e9m permite a coleta de amostra de betume)<\/li>\r\n \t<li>man\u00f4metro para monitoramento da press\u00e3o<\/li>\r\n \t<li>conex\u00e3o por flange conveniente<\/li>\r\n \t<li>p\u00e9s ajust\u00e1veis<\/li>\r\n \t<li>presen\u00e7a de camisa de aquecimento<\/li>\r\n \t<li>design moderno<\/li>\r\n \t<li>carca\u00e7a isolada<\/li>\r\n<\/ul>"},{"tab_title":"Aplica\u00e7\u00e3o","tab_content":"[product_oil_types]"},{"tab_title":"Webinar","tab_content":"<div class=\"responsive-embed widescreen\">\r\n<div class=\"responsive-embed widescreen\">\r\n<div class=\"responsive-embed widescreen\">\r\n<div class=\"responsive-embed widescreen\"><iframe title=\"Webinar - Novas Aplica\u00e7\u00f5es de Emuls\u00f5es Betuminosas (28.10.2021)\" src=\"https:\/\/www.youtube.com\/embed\/NR0Cw3bFVbU?feature=oembed\" width=\"500\" height=\"281\" frameborder=\"0\" allowfullscreen=\"allowfullscreen\"><\/iframe><\/div>\r\n<\/div>\r\n<\/div>\r\n<\/div>"}],"add_video_tab":[{"video_tab_title":"Video","add_video_id":[{"video_id":"qr0drxbEitA"},{"video_id":"6WjhUjc4IRo"}]}],"add_gallery_tab":null,"add_price_tab":[{"price_tab_title":"Obter pre\u00e7o"}]},"language":"pt-pt","_links":{"self":[{"href":"https:\/\/globecore.com\/pt-pt\/wp-json\/wp\/v2\/pages\/17001","targetHints":{"allow":["GET"]}}],"collection":[{"href":"https:\/\/globecore.com\/pt-pt\/wp-json\/wp\/v2\/pages"}],"about":[{"href":"https:\/\/globecore.com\/pt-pt\/wp-json\/wp\/v2\/types\/page"}],"author":[{"embeddable":true,"href":"https:\/\/globecore.com\/pt-pt\/wp-json\/wp\/v2\/users\/7"}],"replies":[{"embeddable":true,"href":"https:\/\/globecore.com\/pt-pt\/wp-json\/wp\/v2\/comments?post=17001"}],"version-history":[{"count":1,"href":"https:\/\/globecore.com\/pt-pt\/wp-json\/wp\/v2\/pages\/17001\/revisions"}],"predecessor-version":[{"id":341833,"href":"https:\/\/globecore.com\/pt-pt\/wp-json\/wp\/v2\/pages\/17001\/revisions\/341833"}],"up":[{"embeddable":true,"href":"https:\/\/globecore.com\/pt-pt\/wp-json\/wp\/v2\/pages\/17126"}],"wp:featuredmedia":[{"embeddable":true,"href":"https:\/\/globecore.com\/pt-pt\/wp-json\/wp\/v2\/media\/22592"}],"wp:attachment":[{"href":"https:\/\/globecore.com\/pt-pt\/wp-json\/wp\/v2\/media?parent=17001"}],"wp:term":[{"taxonomy":"category","embeddable":true,"href":"https:\/\/globecore.com\/pt-pt\/wp-json\/wp\/v2\/categories?post=17001"}],"curies":[{"name":"wp","href":"https:\/\/api.w.org\/{rel}","templated":true}]}}