{"id":17007,"date":"2016-04-06T09:12:48","date_gmt":"2016-04-06T09:12:48","guid":{"rendered":"https:\/\/globecore.com\/products\/road-construction-equipment\/laboratory-system.html"},"modified":"2025-04-11T08:39:06","modified_gmt":"2025-04-11T08:39:06","slug":"laboratorio-para-amostras-de-emulsao","status":"publish","type":"page","link":"https:\/\/globecore.com\/pt-pt\/products\/laboratorio-para-amostras-de-emulsao\/","title":{"rendered":"Sistema de laborat\u00f3rio para amostras de emuls\u00e3o de betume"},"content":{"rendered":"<p style=\"text-align: justify;\"><span style=\"font-weight: 400;\">Este equipamento \u00e9 projetado para testar as formula\u00e7\u00f5es bem conhecidas de emuls\u00f5es, revestimentos e borracha l\u00edquida. Ele tamb\u00e9m pode ser usado para desenvolver novos materiais e emulsificadores, \u00a0em pesquisas e experimentos relacionados.<\/span><\/p>\n<p style=\"text-align: justify;\"><span style=\"font-weight: 400;\">O sistema \u00e9 baseado em um processo cont\u00ednuo de mistura de betume no fluxo com dispers\u00e3o adicional de betume e pol\u00edmero no moinho. O design permite adicionar \u00e0 mistura e outros componentes l\u00edquidos no processo de modifica\u00e7\u00e3o do betume.<\/span><\/p>\n<p style=\"text-align: justify;\"><span style=\"font-weight: 400;\">A unidade pode ser usada por empresas petroqu\u00edmicas para otimizar os processos de produ\u00e7\u00e3o de betume, determinar a quantidade necess\u00e1ria de modificadores e usar o betume preparado como amostra no laborat\u00f3rio. A unidade de modifica\u00e7\u00e3o do betume \u00a0UVB-2-L foi concebida para a prepara\u00e7\u00e3o de pequenas por\u00e7\u00f5es (at\u00e9 dez litros) de betume modificado.<\/span><\/p>\n","protected":false},"excerpt":{"rendered":"<p>Este equipamento \u00e9 projetado para testar as formula\u00e7\u00f5es bem conhecidas de emuls\u00f5es, revestimentos e borracha l\u00edquida. Ele tamb\u00e9m pode ser usado para desenvolver novos materiais e emulsificadores, \u00a0em pesquisas e experimentos relacionados. O sistema \u00e9 baseado em um processo cont\u00ednuo de mistura de betume no fluxo com dispers\u00e3o adicional de betume e pol\u00edmero no moinho.<a class=\"cg-read-more\" href=\"https:\/\/globecore.com\/pt-pt\/products\/laboratorio-para-amostras-de-emulsao\/\" target=\"_blank\">Leia mais <\/a><\/p>\n","protected":false},"author":7,"featured_media":38408,"parent":16979,"menu_order":0,"comment_status":"closed","ping_status":"closed","template":"templates\/products-sidebar.php","meta":{"_acf_changed":false,"_bbp_topic_count":0,"_bbp_reply_count":0,"_bbp_total_topic_count":0,"_bbp_total_reply_count":0,"_bbp_voice_count":0,"_bbp_anonymous_reply_count":0,"_bbp_topic_count_hidden":0,"_bbp_reply_count_hidden":0,"_bbp_forum_subforum_count":0,"footnotes":""},"categories":[],"class_list":["post-17007","page","type-page","status-publish","has-post-thumbnail","hentry"],"acf":[],"language":"pt-pt","_links":{"self":[{"href":"https:\/\/globecore.com\/pt-pt\/wp-json\/wp\/v2\/pages\/17007","targetHints":{"allow":["GET"]}}],"collection":[{"href":"https:\/\/globecore.com\/pt-pt\/wp-json\/wp\/v2\/pages"}],"about":[{"href":"https:\/\/globecore.com\/pt-pt\/wp-json\/wp\/v2\/types\/page"}],"author":[{"embeddable":true,"href":"https:\/\/globecore.com\/pt-pt\/wp-json\/wp\/v2\/users\/7"}],"replies":[{"embeddable":true,"href":"https:\/\/globecore.com\/pt-pt\/wp-json\/wp\/v2\/comments?post=17007"}],"version-history":[{"count":0,"href":"https:\/\/globecore.com\/pt-pt\/wp-json\/wp\/v2\/pages\/17007\/revisions"}],"up":[{"embeddable":true,"href":"https:\/\/globecore.com\/pt-pt\/wp-json\/wp\/v2\/pages\/16979"}],"wp:featuredmedia":[{"embeddable":true,"href":"https:\/\/globecore.com\/pt-pt\/wp-json\/wp\/v2\/media\/38408"}],"wp:attachment":[{"href":"https:\/\/globecore.com\/pt-pt\/wp-json\/wp\/v2\/media?parent=17007"}],"wp:term":[{"taxonomy":"category","embeddable":true,"href":"https:\/\/globecore.com\/pt-pt\/wp-json\/wp\/v2\/categories?post=17007"}],"curies":[{"name":"wp","href":"https:\/\/api.w.org\/{rel}","templated":true}]}}