{"id":17028,"date":"2016-03-31T12:20:45","date_gmt":"2016-03-31T12:20:45","guid":{"rendered":"https:\/\/globecore.com\/products\/oil-processing-equipment.html"},"modified":"2024-12-24T12:45:26","modified_gmt":"2024-12-24T12:45:26","slug":"oil-processing-equipment","status":"publish","type":"page","link":"https:\/\/globecore.com\/pt-pt\/products\/oil-processing-equipment\/","title":{"rendered":"Equipamento para purifica\u00e7\u00e3o e regenera\u00e7\u00e3o de \u00f3leos minerais"},"content":{"rendered":"<p style=\"text-align: justify;\"><b><i>Equipamentos \u00a0fabricados pela GlobeCore <\/i><\/b><span style=\"font-weight: 400;\">\u00a0purificam os \u00a0\u00f3leos dos transformadores, removendo impurezas mec\u00e2nicas, \u00e1gua e gases; tamb\u00e9m restauram as propriedades e par\u00e2metros operacionais, garantindo o bom funcionamento dos transformadores. O resultado \u00e9 alcan\u00e7ado usando os processos tecnol\u00f3gicos cl\u00e1ssicos e mais recentes: o efeito da temperatura e do v\u00e1cuo, o tratamento com adsorventes, a microfiltra\u00e7\u00e3o por v\u00e1cuo e \u00a0etc.<\/span><\/p>\n","protected":false},"excerpt":{"rendered":"<p>Equipamentos \u00a0fabricados pela GlobeCore \u00a0purificam os \u00a0\u00f3leos dos transformadores, removendo impurezas mec\u00e2nicas, \u00e1gua e gases; tamb\u00e9m restauram as propriedades e par\u00e2metros operacionais, garantindo o bom funcionamento dos transformadores. O resultado \u00e9 alcan\u00e7ado usando os processos tecnol\u00f3gicos cl\u00e1ssicos e mais recentes: o efeito da temperatura e do v\u00e1cuo, o tratamento com adsorventes, a microfiltra\u00e7\u00e3o por v\u00e1cuo<a class=\"cg-read-more\" href=\"https:\/\/globecore.com\/pt-pt\/products\/oil-processing-equipment\/\" target=\"_blank\">Leia mais <\/a><\/p>\n","protected":false},"author":7,"featured_media":0,"parent":16979,"menu_order":0,"comment_status":"closed","ping_status":"closed","template":"templates\/products-sidebar.php","meta":{"_acf_changed":false,"_bbp_topic_count":0,"_bbp_reply_count":0,"_bbp_total_topic_count":0,"_bbp_total_reply_count":0,"_bbp_voice_count":0,"_bbp_anonymous_reply_count":0,"_bbp_topic_count_hidden":0,"_bbp_reply_count_hidden":0,"_bbp_forum_subforum_count":0,"footnotes":""},"categories":[],"class_list":["post-17028","page","type-page","status-publish","hentry"],"acf":[],"language":"pt-pt","_links":{"self":[{"href":"https:\/\/globecore.com\/pt-pt\/wp-json\/wp\/v2\/pages\/17028","targetHints":{"allow":["GET"]}}],"collection":[{"href":"https:\/\/globecore.com\/pt-pt\/wp-json\/wp\/v2\/pages"}],"about":[{"href":"https:\/\/globecore.com\/pt-pt\/wp-json\/wp\/v2\/types\/page"}],"author":[{"embeddable":true,"href":"https:\/\/globecore.com\/pt-pt\/wp-json\/wp\/v2\/users\/7"}],"replies":[{"embeddable":true,"href":"https:\/\/globecore.com\/pt-pt\/wp-json\/wp\/v2\/comments?post=17028"}],"version-history":[{"count":0,"href":"https:\/\/globecore.com\/pt-pt\/wp-json\/wp\/v2\/pages\/17028\/revisions"}],"up":[{"embeddable":true,"href":"https:\/\/globecore.com\/pt-pt\/wp-json\/wp\/v2\/pages\/16979"}],"wp:attachment":[{"href":"https:\/\/globecore.com\/pt-pt\/wp-json\/wp\/v2\/media?parent=17028"}],"wp:term":[{"taxonomy":"category","embeddable":true,"href":"https:\/\/globecore.com\/pt-pt\/wp-json\/wp\/v2\/categories?post=17028"}],"curies":[{"name":"wp","href":"https:\/\/api.w.org\/{rel}","templated":true}]}}