{"id":17032,"date":"2016-04-01T07:28:13","date_gmt":"2016-04-01T07:28:13","guid":{"rendered":"https:\/\/globecore.com\/products\/oil-processing-equipment\/degassing-thermal-vacuum-drying-oil.html"},"modified":"2025-10-16T14:16:46","modified_gmt":"2025-10-16T14:16:46","slug":"desgaseificacao-e-purificacao-de-oleo","status":"publish","type":"page","link":"https:\/\/globecore.com\/pt-pt\/products\/desgaseificacao-e-purificacao-de-oleo\/","title":{"rendered":"Desgaseifica\u00e7\u00e3o e purifica\u00e7\u00e3o de \u00f3leo usando calor e v\u00e1cuo"},"content":{"rendered":"<h2><span class=\"tlid-translation translation\" lang=\"pt\"><span class=\"\" title=\"\">Desgaseifica\u00e7\u00e3o de \u00f3leo<\/span><\/span><\/h2>\n<p style=\"text-align: justify;\"><span style=\"font-weight: 400;\">Existem unidades \u00a0especiais de desgaseifica\u00e7\u00e3o de \u00f3leo usadas para executar os processos de desgaseifica\u00e7\u00e3o e aspira\u00e7\u00e3o. A parte principal desse equipamento \u00e9 um desgaseificador que consiste em dois tanques. O v\u00e1cuo nos tanques \u00e9 criado por um sistema de bombeamento a v\u00e1cuo. A desgaseifica\u00e7\u00e3o do \u00f3leo ocorre quando o \u00f3leo flui em fluxos finos ao longo da superf\u00edcie dos bicos especiais.<\/span><\/p>\n<h2><span class=\"tlid-translation translation\" lang=\"pt\"><span class=\"\" title=\"\">Secagem a v\u00e1cuo de \u00f3leo t\u00e9rmico<\/span><\/span><\/h2>\n<p style=\"text-align: justify;\">Essas plantas s\u00e3o montadas em uma estrutura que suporta os principais componentes: bombas de \u00f3leo para bombeamento e sa\u00edda , cabine de controle el\u00e9trico, c\u00e2mara de v\u00e1cuo, filtros grossos e finos, bomba de v\u00e1cuo e tubula\u00e7\u00f5es com v\u00e1lvulas. O sistema de \u00f3leo m\u00f3vel CMM pode ser usado para:\u00a0 aquecer equipamentos el\u00e9tricos contendo \u00f3leo isolante diel\u00e9trico com \u00f3leo quente;\u00a0 para \u00a0secagem a v\u00e1cuo de transformadores ; e para aspirar. O dispositivo \u00e9 mais adequado para empresas que est\u00e3o envolvidas na instala\u00e7\u00e3o, reparo e manuten\u00e7\u00e3o de transformadores de pot\u00eancia com \u00f3leo e outros equipamentos el\u00e9tricos preenchidos com \u00f3leo.<\/p>\n","protected":false},"excerpt":{"rendered":"<p>Desgaseifica\u00e7\u00e3o de \u00f3leo Existem unidades \u00a0especiais de desgaseifica\u00e7\u00e3o de \u00f3leo usadas para executar os processos de desgaseifica\u00e7\u00e3o e aspira\u00e7\u00e3o. A parte principal desse equipamento \u00e9 um desgaseificador que consiste em dois tanques. O v\u00e1cuo nos tanques \u00e9 criado por um sistema de bombeamento a v\u00e1cuo. A desgaseifica\u00e7\u00e3o do \u00f3leo ocorre quando o \u00f3leo flui em<a class=\"cg-read-more\" href=\"https:\/\/globecore.com\/pt-pt\/products\/desgaseificacao-e-purificacao-de-oleo\/\" target=\"_blank\">Leia mais <\/a><\/p>\n","protected":false},"author":7,"featured_media":38312,"parent":16979,"menu_order":0,"comment_status":"closed","ping_status":"closed","template":"templates\/products-sidebar.php","meta":{"_acf_changed":false,"_bbp_topic_count":0,"_bbp_reply_count":0,"_bbp_total_topic_count":0,"_bbp_total_reply_count":0,"_bbp_voice_count":0,"_bbp_anonymous_reply_count":0,"_bbp_topic_count_hidden":0,"_bbp_reply_count_hidden":0,"_bbp_forum_subforum_count":0,"footnotes":""},"categories":[],"class_list":["post-17032","page","type-page","status-publish","has-post-thumbnail","hentry"],"acf":[],"language":"pt-pt","_links":{"self":[{"href":"https:\/\/globecore.com\/pt-pt\/wp-json\/wp\/v2\/pages\/17032","targetHints":{"allow":["GET"]}}],"collection":[{"href":"https:\/\/globecore.com\/pt-pt\/wp-json\/wp\/v2\/pages"}],"about":[{"href":"https:\/\/globecore.com\/pt-pt\/wp-json\/wp\/v2\/types\/page"}],"author":[{"embeddable":true,"href":"https:\/\/globecore.com\/pt-pt\/wp-json\/wp\/v2\/users\/7"}],"replies":[{"embeddable":true,"href":"https:\/\/globecore.com\/pt-pt\/wp-json\/wp\/v2\/comments?post=17032"}],"version-history":[{"count":0,"href":"https:\/\/globecore.com\/pt-pt\/wp-json\/wp\/v2\/pages\/17032\/revisions"}],"up":[{"embeddable":true,"href":"https:\/\/globecore.com\/pt-pt\/wp-json\/wp\/v2\/pages\/16979"}],"wp:featuredmedia":[{"embeddable":true,"href":"https:\/\/globecore.com\/pt-pt\/wp-json\/wp\/v2\/media\/38312"}],"wp:attachment":[{"href":"https:\/\/globecore.com\/pt-pt\/wp-json\/wp\/v2\/media?parent=17032"}],"wp:term":[{"taxonomy":"category","embeddable":true,"href":"https:\/\/globecore.com\/pt-pt\/wp-json\/wp\/v2\/categories?post=17032"}],"curies":[{"name":"wp","href":"https:\/\/api.w.org\/{rel}","templated":true}]}}