{"id":17076,"date":"2016-04-06T09:15:56","date_gmt":"2016-04-06T09:15:56","guid":{"rendered":"https:\/\/globecore.com\/products\/road-construction-equipment\/laboratory-system\/uvb-2-l-bitumen-modification-laboratory-system.html"},"modified":"2026-03-09T10:38:35","modified_gmt":"2026-03-09T10:38:35","slug":"uvb-2-l-bitumen-modification-laboratory-system","status":"publish","type":"page","link":"https:\/\/globecore.com\/pt-pt\/products\/laboratorio-para-amostras-de-emulsao\/uvb-2-l-bitumen-modification-laboratory-system\/","title":{"rendered":"USB-3 Unidade laboratorial para a modifica\u00e7\u00e3o do betume"},"content":{"rendered":"","protected":false},"excerpt":{"rendered":"<p>O sistema laboratorial USB-3 para modifica\u00e7\u00e3o de betume foi projetado para a prepara\u00e7\u00e3o de pequenos lotes de betume modificado com volume de at\u00e9 10 litros por ciclo.<br \/>\nO sistema opera por meio de um processo cont\u00ednuo de mistura do betume, seguido pela dispers\u00e3o do betume e do pol\u00edmero em um moinho. Seu projeto permite a introdu\u00e7\u00e3o de componentes l\u00edquidos adicionais durante o processo de modifica\u00e7\u00e3o, oferecendo flexibilidade no desenvolvimento de formula\u00e7\u00f5es.<\/p>\n","protected":false},"author":7,"featured_media":30851,"parent":17007,"menu_order":0,"comment_status":"closed","ping_status":"closed","template":"templates\/single-product.php","meta":{"_acf_changed":false,"_bbp_topic_count":0,"_bbp_reply_count":0,"_bbp_total_topic_count":0,"_bbp_total_reply_count":0,"_bbp_voice_count":0,"_bbp_anonymous_reply_count":0,"_bbp_topic_count_hidden":0,"_bbp_reply_count_hidden":0,"_bbp_forum_subforum_count":0,"footnotes":""},"categories":[1344],"class_list":["post-17076","page","type-page","status-publish","has-post-thumbnail","hentry","category-producao-de-betume","oil_type-industria-da-construcao","process_type-fresagem","process_type-mistura"],"acf":{"add_tab":[{"tab_title":"Descri\u00e7\u00e3o","tab_content":"<p style=\"text-align: justify;\"><span style=\"font-weight: 400;\">A unidade laboratorial para a modifica\u00e7\u00e3o do betume USB-3 foi concebida para a prepara\u00e7\u00e3o de pequenas amostras (at\u00e9 dez litros) de betume modificado. <\/span><\/p>\r\n<p style=\"text-align: justify;\"><span style=\"font-weight: 400;\">O sistema usa um processo cont\u00ednuo de mistura de betume com a subsequente dispers\u00e3o de betume e pol\u00edmero no moinho. O design permite adicionar \u00e0 mistura e outros componentes l\u00edquidos.<\/span><\/p>\r\n<p style=\"text-align: justify;\"><span style=\"font-weight: 400;\">A instala\u00e7\u00e3o pode ser usada por empresas petroqu\u00edmicas para otimizar o processo de modifica\u00e7\u00e3o de betume, determinar as concentra\u00e7\u00f5es necess\u00e1rias de modificadores e usar a amostra preparada do betume modificado para an\u00e1lise laboratorial.<\/span><\/p>\r\n<p style=\"text-align: justify;\"><span style=\"font-weight: 400;\">A unidade \u00e9 projetada para testar as formula\u00e7\u00f5es bem conhecidas de emuls\u00f5es, primers e borracha l\u00edquida. Tamb\u00e9m pode ser usado para desenvolver novos materiais e emulsificantes e para pesquisas e experimentos relevantes.<\/span><\/p>\r\n<p style=\"text-align: justify;\"><span style=\"font-weight: 400;\">A instala\u00e7\u00e3o utiliza um processo cont\u00ednuo de mistura de betume com dispers\u00e3o adicional de betume e pol\u00edmero no moinho. O design permite adicionar outros componentes l\u00edquidos no processo de modifica\u00e7\u00e3o do betume.<\/span><\/p>\r\n<p style=\"text-align: justify;\"><span style=\"font-weight: 400;\">A instala\u00e7\u00e3o pode ser usada por empresas petroqu\u00edmicas para otimizar o processo de modifica\u00e7\u00e3o de betume, determinar as concentra\u00e7\u00f5es necess\u00e1rias de modificadores e usar a amostra preparada do betume modificado para an\u00e1lise laboratorial. A instala\u00e7\u00e3o de betume modificado USB-3 foi concebida para a produ\u00e7\u00e3o de pequenas amostras (at\u00e9 10 litros) de betume modificado.<\/span><\/p>"}],"add_def_tab":[{"tab_title":"Par\u00e2metros","tab_content":"<div id=\"panel-1914-0-0-0\" class=\"so-panel widget widget_sow-editor panel-first-child\" data-index=\"0\" data-style=\"{&quot;background_display&quot;:&quot;tile&quot;}\">\r\n<div class=\"so-widget-sow-editor so-widget-sow-editor-base\">\r\n<div class=\"siteorigin-widget-tinymce textwidget\">\r\n<table>\r\n<tbody>\r\n<tr>\r\n<td width=\"297\">\r\n<p style=\"text-align: center;\"><b>Par\u00e2metros<\/b><\/p>\r\n<\/td>\r\n<td width=\"113\">\r\n<p style=\"text-align: center;\"><b>Valor<\/b><\/p>\r\n<\/td>\r\n<\/tr>\r\n<tr>\r\n<td width=\"297\"><span style=\"font-weight: 400;\">Volume da capacidade de carga principal, L \u00a0\u00a0\u00a0<\/span><\/td>\r\n<td width=\"113\">\r\n<p style=\"text-align: center;\">24<\/p>\r\n<\/td>\r\n<\/tr>\r\n<tr>\r\n<td width=\"297\"><span style=\"font-weight: 400;\">Carga m\u00ednima de betume, L<\/span><\/td>\r\n<td width=\"113\">\r\n<p style=\"text-align: center;\">10<\/p>\r\n<\/td>\r\n<\/tr>\r\n<tr>\r\n<td width=\"297\"><span style=\"font-weight: 400;\">Carga m\u00e1xima de betume, L <\/span><\/td>\r\n<td width=\"113\">\r\n<p style=\"text-align: center;\">12<\/p>\r\n<\/td>\r\n<\/tr>\r\n<tr>\r\n<td width=\"297\"><em>\u00a0<\/em>\r\n\r\n<span style=\"font-weight: 400;\">Processo de prepara\u00e7\u00e3o de betume modificado<\/span><\/td>\r\n<td width=\"113\">\r\n<p style=\"text-align: center;\"><span style=\"font-weight: 400;\">Dispers\u00e3o de betume e pol\u00edmero por moinho<\/span><\/p>\r\n<\/td>\r\n<\/tr>\r\n<tr>\r\n<td width=\"297\"><span style=\"font-weight: 400;\">Capacidade da bomba, L\/ min <\/span><\/td>\r\n<td width=\"113\">\r\n<p style=\"text-align: center;\">30<\/p>\r\n<\/td>\r\n<\/tr>\r\n<tr>\r\n<td width=\"297\"><span style=\"font-weight: 400;\">Temperatura m\u00e1xima da prepara\u00e7\u00e3o de betume, \u00b0 C<\/span><\/td>\r\n<td width=\"113\">\r\n<p style=\"text-align: center;\">180<\/p>\r\n<\/td>\r\n<\/tr>\r\n<tr>\r\n<td width=\"297\"><span style=\"font-weight: 400;\">Temperatura m\u00ednima do betume carregado, \u00b0 C<\/span><\/td>\r\n<td width=\"113\">\r\n<p style=\"text-align: center;\">160<\/p>\r\n<\/td>\r\n<\/tr>\r\n<tr>\r\n<td width=\"297\"><span style=\"font-weight: 400;\">Fluido de aquecimento em tanques e tubula\u00e7\u00f5es<\/span><\/td>\r\n<td width=\"113\">\r\n<p style=\"text-align: center;\">Por transportador de calor<\/p>\r\n<\/td>\r\n<\/tr>\r\n<tr>\r\n<td width=\"297\"><span style=\"font-weight: 400;\">Pot\u00eancia do aquecedor, kW<\/span><\/td>\r\n<td width=\"113\">\r\n<p style=\"text-align: center;\">1.2<\/p>\r\n<\/td>\r\n<\/tr>\r\n<tr>\r\n<td width=\"297\"><span style=\"font-weight: 400;\">Gest\u00e3o \u00a0\u00a0<\/span><\/td>\r\n<td width=\"113\">\r\n<p style=\"text-align: center;\"><span style=\"font-weight: 400;\">Manual <\/span><\/p>\r\n<\/td>\r\n<\/tr>\r\n<tr>\r\n<td width=\"297\">Gest\u00e3o parcialmente<\/td>\r\n<td width=\"113\">\r\n<p style=\"text-align: center;\"><span style=\"font-weight: 400;\">Automatica \u00a0<\/span><\/p>\r\n<\/td>\r\n<\/tr>\r\n<tr>\r\n<td width=\"297\"><span style=\"font-weight: 400;\">Consumo m\u00e1ximo de energ\u00eda, kW<\/span><\/td>\r\n<td width=\"113\">\r\n<p style=\"text-align: center;\">6<\/p>\r\n<\/td>\r\n<\/tr>\r\n<tr>\r\n<td width=\"297\"><span style=\"font-weight: 400;\">Dimens\u00f5es (C \/ L\/ A), mm<\/span><\/td>\r\n<td width=\"113\">\r\n<p style=\"text-align: center;\">1175\/845\/1500<\/p>\r\n<\/td>\r\n<\/tr>\r\n<tr>\r\n<td width=\"297\"><span style=\"font-weight: 400;\">Peso l\u00edquido m\u00e1ximo, kg <\/span><\/td>\r\n<td width=\"113\">\r\n<p style=\"text-align: center;\">320<\/p>\r\n<\/td>\r\n<\/tr>\r\n<\/tbody>\r\n<\/table>\r\n<\/div>\r\n<\/div>\r\n<\/div>"},{"tab_title":"Benef\u00edcios","tab_content":"<ul>\r\n \t<li style=\"text-align: justify;\">pode ser usado por laborat\u00f3rios e instala\u00e7\u00f5es de pesquisa;<\/li>\r\n \t<li style=\"text-align: justify;\">produz amostras de betume modificado para testes de laborat\u00f3rio;<\/li>\r\n \t<li style=\"text-align: justify;\">teste de efici\u00eancia de v\u00e1rios aditivos de betume e otimiza\u00e7\u00e3o de f\u00f3rmulas de material de liga\u00e7\u00e3o de betume.<\/li>\r\n<\/ul>"},{"tab_title":"Aplica\u00e7\u00e3o","tab_content":"[product_oil_types]"},{"tab_title":"Webinar","tab_content":"<div class=\"responsive-embed widescreen\">\r\n<div class=\"responsive-embed widescreen\">\r\n<div class=\"responsive-embed widescreen\">\r\n<div class=\"responsive-embed widescreen\"><iframe title=\"Produ\u00e7\u00e3o de betume modificado. Abordagem moderna\" src=\"https:\/\/www.youtube.com\/embed\/9qGOp1erhKs?feature=oembed\" width=\"500\" height=\"281\" frameborder=\"0\" allowfullscreen=\"allowfullscreen\"><\/iframe><\/div>\r\n<\/div>\r\n<\/div>\r\n<\/div>"}],"add_video_tab":[{"video_tab_title":"Video","add_video_id":[{"video_id":"n4glxNWbsNw"},{"video_id":"6WjhUjc4IRo"}]}],"add_gallery_tab":[{"gallery_tab_title":"Foto","add_img":[60185,60176,17210,143612]}],"add_price_tab":[{"price_tab_title":"Obter pre\u00e7o"}]},"language":"pt-pt","_links":{"self":[{"href":"https:\/\/globecore.com\/pt-pt\/wp-json\/wp\/v2\/pages\/17076","targetHints":{"allow":["GET"]}}],"collection":[{"href":"https:\/\/globecore.com\/pt-pt\/wp-json\/wp\/v2\/pages"}],"about":[{"href":"https:\/\/globecore.com\/pt-pt\/wp-json\/wp\/v2\/types\/page"}],"author":[{"embeddable":true,"href":"https:\/\/globecore.com\/pt-pt\/wp-json\/wp\/v2\/users\/7"}],"replies":[{"embeddable":true,"href":"https:\/\/globecore.com\/pt-pt\/wp-json\/wp\/v2\/comments?post=17076"}],"version-history":[{"count":1,"href":"https:\/\/globecore.com\/pt-pt\/wp-json\/wp\/v2\/pages\/17076\/revisions"}],"predecessor-version":[{"id":341859,"href":"https:\/\/globecore.com\/pt-pt\/wp-json\/wp\/v2\/pages\/17076\/revisions\/341859"}],"up":[{"embeddable":true,"href":"https:\/\/globecore.com\/pt-pt\/wp-json\/wp\/v2\/pages\/17007"}],"wp:featuredmedia":[{"embeddable":true,"href":"https:\/\/globecore.com\/pt-pt\/wp-json\/wp\/v2\/media\/30851"}],"wp:attachment":[{"href":"https:\/\/globecore.com\/pt-pt\/wp-json\/wp\/v2\/media?parent=17076"}],"wp:term":[{"taxonomy":"category","embeddable":true,"href":"https:\/\/globecore.com\/pt-pt\/wp-json\/wp\/v2\/categories?post=17076"}],"curies":[{"name":"wp","href":"https:\/\/api.w.org\/{rel}","templated":true}]}}