{"id":17086,"date":"2016-04-06T08:24:06","date_gmt":"2016-04-06T08:24:06","guid":{"rendered":"https:\/\/globecore.com\/products\/road-construction-equipment\/bitumen-modification-unit.html"},"modified":"2026-01-16T07:24:21","modified_gmt":"2026-01-16T07:24:21","slug":"producao-de-betume-modificado","status":"publish","type":"page","link":"https:\/\/globecore.com\/pt-pt\/products\/producao-de-betume-modificado\/","title":{"rendered":"Equipamento para produ\u00e7\u00e3o de betume modificado"},"content":{"rendered":"<p style=\"text-align: justify;\"><span style=\"font-weight: 400;\">O uso de pol\u00edmeros possibilita o uso de betume em condi\u00e7\u00f5es clim\u00e1ticas adversas e sob altas cargas. Para \u00a0<\/span><span style=\"font-weight: 400;\">Modifica\u00e7\u00e3o do betume<\/span><span style=\"font-weight: 400;\"> ,os chamados pol\u00edmeros SBS (estireno-butadieno-estireno) s\u00e3o os mais utilizados. Por natureza, eles s\u00e3o de borracha. Interagindo com o betume, os pol\u00edmeros SBS aumentam sua flexibilidade, elasticidade e resist\u00eancia. Tais pol\u00edmeros reduzem a sensibilidade do aglutinante \u00e0s flutua\u00e7\u00f5es de temperatura e podem melhorar significativamente suas propriedades em compara\u00e7\u00e3o com o betume convencional.<\/span><\/p>\n<p style=\"text-align: justify;\"><span style=\"font-weight: 400;\">Para obter um produto de qualidade, a compatibilidade de betume e pol\u00edmeros \u00e9 muito importante. Neste caso, o pol\u00edmero pode absorver os componentes de petr\u00f3leo do betume, mantendo a estrutura. Devido ao processo de modifica\u00e7\u00e3o, o betume torna-se um elast\u00f3mero e torna-se mais el\u00e1stico.<\/span><\/p>\n<p style=\"text-align: justify;\"><span style=\"font-weight: 400;\">Na ind\u00fastria petroqu\u00edmica moderna, os especialistas maximizam o rendimento de produtos de petr\u00f3leo leve e selecionam a maior parte das fra\u00e7\u00f5es paraf\u00ednica e naft\u00eanica do betume. Isso prejudica sua flexibilidade a baixas temperaturas, bem como sua temperatura de amolecimento. A maioria do betume moderno perde sua elasticidade a temperaturas em torno de 20 \u00b0 C e come\u00e7a a amolecer a temperaturas de + 45 \u00b0 C a 48 \u00b0 C. Usando betume n\u00e3o modificado da mesma forma, a constru\u00e7\u00e3o de estradas, que requer um aglomerante com uma faixa de temperatura de -40oC a 70oC, e coberturas, onde as temperaturas geralmente chegam a 90oC, \u00e9 ineficiente.Felizmente, existem maneiras de mudar e melhorar as propriedades do betume misturando-o com v\u00e1rios aditivos. Da melhor maneira, este processo \u00e9 realizado em dispositivos especiais para a modifica\u00e7\u00e3o de betume, como a unidade de USB da empresa <em><strong>GlobeCore<\/strong><\/em>.<\/span><\/p>\n<p style=\"text-align: justify;\"><span style=\"font-weight: 400;\">O m\u00e9todo mais barato para melhorar a faixa de temperatura do betume \u00e9 adicionar uma grande quantidade (at\u00e9 15%) de carga mineral, como giz ou talco. O resultado \u00e9 um produto muito espesso, usado principalmente como mastique.<\/span><\/p>\n<p style=\"text-align: justify;\"><span style=\"font-weight: 400;\">Um m\u00e9todo muito mais popular para modificar o betume \u00e9 o uso de produtos secund\u00e1rios de outros processos, como gr\u00e2nulos de borracha de pneus velhos reciclados ou polipropileno.<\/span><\/p>\n<p style=\"text-align: justify;\"><span style=\"font-weight: 400;\"> Infelizmente, a tecnologia de misturar esse preenchimento com betume requer temperaturas acima de 180oC. A altas temperaturas, a estrutura de borracha \u00e9 destru\u00edda e o betume \u00e9 oxidado. O resultado \u00e9 um betume modificado com uma alta temperatura de amolecimento, mas com baixa elasticidade e alta fragilidade a baixas temperaturas, o que torna problem\u00e1tico o uso na constru\u00e7\u00e3o de estradas. Uma alternativa ao processo de alta temperatura \u00e9 a adi\u00e7\u00e3o de um maior n\u00famero de componentes (aceleradores de dilata\u00e7\u00e3o, plastificantes e adesivos), o que aumenta significativamente o custo do betume modificado.<\/span><\/p>\n","protected":false},"excerpt":{"rendered":"<p>O uso de pol\u00edmeros possibilita o uso de betume em condi\u00e7\u00f5es clim\u00e1ticas adversas e sob altas cargas. Para \u00a0Modifica\u00e7\u00e3o do betume ,os chamados pol\u00edmeros SBS (estireno-butadieno-estireno) s\u00e3o os mais utilizados. Por natureza, eles s\u00e3o de borracha. Interagindo com o betume, os pol\u00edmeros SBS aumentam sua flexibilidade, elasticidade e resist\u00eancia. Tais pol\u00edmeros reduzem a sensibilidade do<a class=\"cg-read-more\" href=\"https:\/\/globecore.com\/pt-pt\/products\/producao-de-betume-modificado\/\" target=\"_blank\">Leia mais <\/a><\/p>\n","protected":false},"author":7,"featured_media":0,"parent":16979,"menu_order":0,"comment_status":"closed","ping_status":"closed","template":"templates\/products-sidebar.php","meta":{"_acf_changed":false,"_bbp_topic_count":0,"_bbp_reply_count":0,"_bbp_total_topic_count":0,"_bbp_total_reply_count":0,"_bbp_voice_count":0,"_bbp_anonymous_reply_count":0,"_bbp_topic_count_hidden":0,"_bbp_reply_count_hidden":0,"_bbp_forum_subforum_count":0,"footnotes":""},"categories":[],"class_list":["post-17086","page","type-page","status-publish","hentry"],"acf":[],"language":"pt-pt","_links":{"self":[{"href":"https:\/\/globecore.com\/pt-pt\/wp-json\/wp\/v2\/pages\/17086","targetHints":{"allow":["GET"]}}],"collection":[{"href":"https:\/\/globecore.com\/pt-pt\/wp-json\/wp\/v2\/pages"}],"about":[{"href":"https:\/\/globecore.com\/pt-pt\/wp-json\/wp\/v2\/types\/page"}],"author":[{"embeddable":true,"href":"https:\/\/globecore.com\/pt-pt\/wp-json\/wp\/v2\/users\/7"}],"replies":[{"embeddable":true,"href":"https:\/\/globecore.com\/pt-pt\/wp-json\/wp\/v2\/comments?post=17086"}],"version-history":[{"count":1,"href":"https:\/\/globecore.com\/pt-pt\/wp-json\/wp\/v2\/pages\/17086\/revisions"}],"predecessor-version":[{"id":330176,"href":"https:\/\/globecore.com\/pt-pt\/wp-json\/wp\/v2\/pages\/17086\/revisions\/330176"}],"up":[{"embeddable":true,"href":"https:\/\/globecore.com\/pt-pt\/wp-json\/wp\/v2\/pages\/16979"}],"wp:attachment":[{"href":"https:\/\/globecore.com\/pt-pt\/wp-json\/wp\/v2\/media?parent=17086"}],"wp:term":[{"taxonomy":"category","embeddable":true,"href":"https:\/\/globecore.com\/pt-pt\/wp-json\/wp\/v2\/categories?post=17086"}],"curies":[{"name":"wp","href":"https:\/\/api.w.org\/{rel}","templated":true}]}}