{"id":17090,"date":"2016-04-06T08:26:22","date_gmt":"2016-04-06T08:26:22","guid":{"rendered":"https:\/\/globecore.com\/products\/road-construction-equipment\/bitumen-modification-unit\/bitumen-modification-unit-4-m3hour-production-capacity.html"},"modified":"2026-02-26T09:18:31","modified_gmt":"2026-02-26T09:18:31","slug":"bitumen-modification-unit-4-m3hour-production-capacity","status":"publish","type":"page","link":"https:\/\/globecore.com\/pt-pt\/products\/producao-de-betume-modificado\/bitumen-modification-unit-4-m3hour-production-capacity\/","title":{"rendered":"Planta para produ\u00e7\u00e3o de betume modificado (produtividade 4 m\u00b3\/hora) USB-3"},"content":{"rendered":"","protected":false},"excerpt":{"rendered":"<p>A planta de modifica\u00e7\u00e3o de betume USB-3 foi projetada para modificar betume para constru\u00e7\u00e3o rodovi\u00e1ria, adicionando pol\u00edmeros, aditivos de ader\u00eancia e plastificantes. O betume modificado \u00e9 usado em camadas superiores de asfalto e concreto, camadas de prote\u00e7\u00e3o de cimento e selantes de fissuras. A unidade possui uma capacidade m\u00ednima de produ\u00e7\u00e3o de 4\u202fm\u00b3\/h e \u00e9 capaz de implementar praticamente qualquer processo de modifica\u00e7\u00e3o de betume utilizando uma ampla variedade de modificadores, incluindo pol\u00edmeros e ceras.<\/p>\n","protected":false},"author":7,"featured_media":17091,"parent":17086,"menu_order":0,"comment_status":"closed","ping_status":"closed","template":"templates\/single-product.php","meta":{"_acf_changed":false,"_bbp_topic_count":0,"_bbp_reply_count":0,"_bbp_total_topic_count":0,"_bbp_total_reply_count":0,"_bbp_voice_count":0,"_bbp_anonymous_reply_count":0,"_bbp_topic_count_hidden":0,"_bbp_reply_count_hidden":0,"_bbp_forum_subforum_count":0,"footnotes":""},"categories":[1340],"class_list":["post-17090","page","type-page","status-publish","has-post-thumbnail","hentry","category-news-pt-pt"],"acf":{"add_tab":[{"tab_title":"Descri\u00e7\u00e3o","tab_content":"<p style=\"text-align: justify;\"><span style=\"font-weight: 400;\">Modifica\u00e7\u00e3o do betume. Instala\u00e7\u00e3o de modifica\u00e7\u00e3o de betume O USB-3 destina-se \u00e0 modifica\u00e7\u00e3o de betume por adi\u00e7\u00e3o de pol\u00edmeros, aditivos ades\u00e3o e plastificantes em betume de estrada viscosa. O betume modificado \u00e9 utilizado no processo de produ\u00e7\u00e3o do pavimento de bet\u00e3o asf\u00e1ltico, para proteger o cimento e preparar composi\u00e7\u00f5es para selar fissuras.<\/span><\/p>\r\n<p style=\"text-align: justify;\"><span style=\"font-weight: 400;\">O uso de betume modificado em vez de misturas asf\u00e1lticas permite expandir a faixa de temperatura do pavimento asf\u00e1ltico durante flutua\u00e7\u00f5es sazonais de temperatura, fornece resist\u00eancia a deforma\u00e7\u00f5es (rachaduras e sulcos) e aumenta a vida \u00fatil das estradas.<\/span><\/p>\r\n<p style=\"text-align: justify;\"><span style=\"font-weight: 400;\">A instala\u00e7\u00e3o pode ser implementada em praticamente qualquer processo de modifica\u00e7\u00e3o de betume e usando uma ampla gama de modificadores de pol\u00edmeros (pol\u00edmeros, cera, etc.).<\/span><\/p>"}],"add_def_tab":[{"tab_title":"Par\u00e2metros","tab_content":"<table>\r\n<tbody>\r\n<tr>\r\n<td width=\"249\">\r\n<p style=\"text-align: center;\"><b>Par\u00e2metros<\/b><\/p>\r\n<\/td>\r\n<td width=\"104\">\r\n<p style=\"text-align: center;\"><b>Valor<\/b><\/p>\r\n<\/td>\r\n<\/tr>\r\n<tr>\r\n<td width=\"249\"><span style=\"font-weight: 400;\">Produtividade, n\u00e3o menos, m\u00b3 \/ hora<\/span><\/td>\r\n<td width=\"104\">\r\n<p style=\"text-align: center;\">4<\/p>\r\n<\/td>\r\n<\/tr>\r\n<tr>\r\n<td width=\"249\"><span style=\"font-weight: 400;\">Consumo de pol\u00edmero por 1m\u00b3 de betume, kg<\/span><\/td>\r\n<td width=\"104\">\r\n<p style=\"text-align: center;\">10\u2013100<\/p>\r\n<\/td>\r\n<\/tr>\r\n<tr>\r\n<td width=\"249\"><span style=\"font-weight: 400;\">Modo de opera\u00e7\u00e3o<\/span><\/td>\r\n<td width=\"104\">\r\n<p style=\"text-align: center;\"><span style=\"font-weight: 400;\">Lote \/ consecutivo<\/span><\/p>\r\n<\/td>\r\n<\/tr>\r\n<tr>\r\n<td width=\"249\"><span style=\"font-weight: 400;\">N\u00famero de reatores<\/span><\/td>\r\n<td width=\"104\">\r\n<p style=\"text-align: center;\">2<\/p>\r\n<\/td>\r\n<\/tr>\r\n<tr>\r\n<td width=\"249\"><span style=\"font-weight: 400;\">Pot\u00eancia nominal, kW<\/span><\/td>\r\n<td width=\"104\"><\/td>\r\n<\/tr>\r\n<tr>\r\n<td width=\"249\">\r\n<ul>\r\n \t<li><span style=\"font-weight: 400;\">O moinho<\/span><\/li>\r\n<\/ul>\r\n<\/td>\r\n<td width=\"104\">\r\n<p style=\"text-align: center;\">45<\/p>\r\n<\/td>\r\n<\/tr>\r\n<tr>\r\n<td width=\"249\">\r\n<ul>\r\n \t<li><span style=\"font-weight: 400;\">Betume para bomba de abastecimento<\/span><\/li>\r\n<\/ul>\r\n<\/td>\r\n<td width=\"104\">\r\n<p style=\"text-align: center;\">7,5<\/p>\r\n<\/td>\r\n<\/tr>\r\n<tr>\r\n<td width=\"249\">\r\n<ul>\r\n \t<li><span style=\"font-weight: 400;\">Bomba de abastecimento \/ sa\u00edda de betume<\/span><\/li>\r\n<\/ul>\r\n<\/td>\r\n<td width=\"104\">\r\n<p style=\"text-align: center;\">7.5<\/p>\r\n<\/td>\r\n<\/tr>\r\n<tr>\r\n<td width=\"249\">\r\n<ul>\r\n \t<li><span style=\"font-weight: 400;\">movimenta\u00e7\u00e3o do agitador<\/span><\/li>\r\n<\/ul>\r\n<\/td>\r\n<td width=\"104\">\r\n<p style=\"text-align: center;\">2\u00d75.5<\/p>\r\n<\/td>\r\n<\/tr>\r\n<tr>\r\n<td width=\"249\">\r\n<ul>\r\n \t<li><span style=\"font-weight: 400;\">Pot\u00eancia do aquecedor (total)<\/span><\/li>\r\n<\/ul>\r\n<\/td>\r\n<td width=\"104\">\r\n<p style=\"text-align: center;\">4\u00d727<\/p>\r\n<\/td>\r\n<\/tr>\r\n<tr>\r\n<td width=\"249\">\r\n<ul>\r\n \t<li><span style=\"font-weight: 400;\">Bomba de fornecimento de calor<\/span><\/li>\r\n<\/ul>\r\n<\/td>\r\n<td width=\"104\">\r\n<p style=\"text-align: center;\">3<\/p>\r\n<\/td>\r\n<\/tr>\r\n<tr>\r\n<td width=\"249\">\r\n<ul>\r\n \t<li><span style=\"font-weight: 400;\">sistemas de controle<\/span><\/li>\r\n<\/ul>\r\n<\/td>\r\n<td width=\"104\">\r\n<p style=\"text-align: center;\">0.8<\/p>\r\n<\/td>\r\n<\/tr>\r\n<tr>\r\n<td width=\"249\">\r\n<ul>\r\n \t<li><span style=\"font-weight: 400;\">Bomba de abastecimento de plastificante<\/span><\/li>\r\n<\/ul>\r\n<\/td>\r\n<td width=\"104\">\r\n<p style=\"text-align: center;\">3<\/p>\r\n<\/td>\r\n<\/tr>\r\n<tr>\r\n<td width=\"249\">\r\n<ul>\r\n \t<li><span style=\"font-weight: 400;\">Bomba de fornecimento de aditivo de ades\u00e3o<\/span><\/li>\r\n<\/ul>\r\n<\/td>\r\n<td width=\"104\">\r\n<p style=\"text-align: center;\">0.25<\/p>\r\n<\/td>\r\n<\/tr>\r\n<tr>\r\n<td width=\"249\">\r\n<ul>\r\n \t<li><span style=\"font-weight: 400;\">Total <\/span><\/li>\r\n<\/ul>\r\n<\/td>\r\n<td width=\"104\">\r\n<p style=\"text-align: center;\">190<\/p>\r\n<\/td>\r\n<\/tr>\r\n<tr>\r\n<td width=\"249\"><span style=\"font-weight: 400;\">Fonte de energia:<\/span><\/td>\r\n<td width=\"104\"><\/td>\r\n<\/tr>\r\n<tr>\r\n<td width=\"249\">\r\n<ul>\r\n \t<li><span style=\"font-weight: 400;\">Tens\u00e3o, V <\/span><\/li>\r\n<\/ul>\r\n<\/td>\r\n<td width=\"104\">\r\n<p style=\"text-align: center;\">380<\/p>\r\n<\/td>\r\n<\/tr>\r\n<tr>\r\n<td width=\"249\">\r\n<ul>\r\n \t<li><span style=\"font-weight: 400;\">Frequ\u00eancia AC, Hz <\/span><\/li>\r\n<\/ul>\r\n<\/td>\r\n<td width=\"104\">\r\n<p style=\"text-align: center;\">50<\/p>\r\n<\/td>\r\n<\/tr>\r\n<tr>\r\n<td width=\"249\"><span style=\"font-weight: 400;\">Dimens\u00f5es sem componentes removidos para o transporte (C \/ L \/ A), mm<\/span><\/td>\r\n<td width=\"104\">&nbsp;\r\n<p style=\"text-align: center;\">5200\/3200\/2400<\/p>\r\n<\/td>\r\n<\/tr>\r\n<tr>\r\n<td width=\"249\"><span style=\"font-weight: 400;\">Peso m\u00e1ximo, kg<\/span><\/td>\r\n<td width=\"104\">\r\n<p style=\"text-align: center;\">5600<\/p>\r\n<\/td>\r\n<\/tr>\r\n<\/tbody>\r\n<\/table>"},{"tab_title":"Benef\u00edcios","tab_content":"<ul>\r\n \t<li style=\"text-align: justify;\">Pode ser usado para administrar todos os pol\u00edmeros conhecidos, ceras e v\u00e1rios aditivos espec\u00edficos;<\/li>\r\n \t<li style=\"text-align: justify;\">Trabalhar com uma variedade de formas de modificadores: p\u00f3s, gr\u00e2nulos, etc .;<\/li>\r\n \t<li style=\"text-align: justify;\">Permita perceber quase qualquer gr\u00e1fico de modifica\u00e7\u00e3o de betume;<\/li>\r\n \t<li style=\"text-align: justify;\">Durante o bombeamento e modifica\u00e7\u00f5es podem ser introduzidos outros plastificantes e aditivos adicionais que melhoram a ades\u00e3o do betume;<\/li>\r\n \t<li style=\"text-align: justify;\">No modo de bombeamento, existe a possibilidade de introduzir quantidades adicionais de pol\u00edmero;<\/li>\r\n \t<li style=\"text-align: justify;\">O sistema de aquecimento de \u00f3leo pode reduzir os custos da eletricidade;<\/li>\r\n \t<li style=\"text-align: justify;\">A capacidade de operar tanto no exterior, sob um dossel ou no interior.<\/li>\r\n<\/ul>"},{"tab_title":"Aplica\u00e7\u00e3o","tab_content":"[product_oil_types]"}],"add_video_tab":[{"video_tab_title":"Video","add_video_id":[{"video_id":"n4glxNWbsNw"},{"video_id":"yxFE-v5rG90"}]}],"add_gallery_tab":[{"gallery_tab_title":"Foto","add_img":[17101,17105,17109,17113]}],"add_price_tab":[{"price_tab_title":"Obter pre\u00e7o"}]},"language":"pt-pt","_links":{"self":[{"href":"https:\/\/globecore.com\/pt-pt\/wp-json\/wp\/v2\/pages\/17090","targetHints":{"allow":["GET"]}}],"collection":[{"href":"https:\/\/globecore.com\/pt-pt\/wp-json\/wp\/v2\/pages"}],"about":[{"href":"https:\/\/globecore.com\/pt-pt\/wp-json\/wp\/v2\/types\/page"}],"author":[{"embeddable":true,"href":"https:\/\/globecore.com\/pt-pt\/wp-json\/wp\/v2\/users\/7"}],"replies":[{"embeddable":true,"href":"https:\/\/globecore.com\/pt-pt\/wp-json\/wp\/v2\/comments?post=17090"}],"version-history":[{"count":1,"href":"https:\/\/globecore.com\/pt-pt\/wp-json\/wp\/v2\/pages\/17090\/revisions"}],"predecessor-version":[{"id":335779,"href":"https:\/\/globecore.com\/pt-pt\/wp-json\/wp\/v2\/pages\/17090\/revisions\/335779"}],"up":[{"embeddable":true,"href":"https:\/\/globecore.com\/pt-pt\/wp-json\/wp\/v2\/pages\/17086"}],"wp:featuredmedia":[{"embeddable":true,"href":"https:\/\/globecore.com\/pt-pt\/wp-json\/wp\/v2\/media\/17091"}],"wp:attachment":[{"href":"https:\/\/globecore.com\/pt-pt\/wp-json\/wp\/v2\/media?parent=17090"}],"wp:term":[{"taxonomy":"category","embeddable":true,"href":"https:\/\/globecore.com\/pt-pt\/wp-json\/wp\/v2\/categories?post=17090"}],"curies":[{"name":"wp","href":"https:\/\/api.w.org\/{rel}","templated":true}]}}