{"id":17126,"date":"2016-04-06T07:48:07","date_gmt":"2016-04-06T07:48:07","guid":{"rendered":"https:\/\/globecore.com\/products\/road-construction-equipment\/bitumen-emulsion-unit.html"},"modified":"2026-01-16T07:25:00","modified_gmt":"2026-01-16T07:25:00","slug":"producao-de-emulsao-de-betume","status":"publish","type":"page","link":"https:\/\/globecore.com\/pt-pt\/products\/producao-de-emulsao-de-betume\/","title":{"rendered":"Equipamento para produ\u00e7\u00e3o de emuls\u00e3o de betume"},"content":{"rendered":"<p style=\"text-align: justify;\"><span style=\"font-weight: 400;\">Emuls\u00f5es betuminosas foram usadas pela primeira vez na Europa na d\u00e9cada de 1930. Desde ent\u00e3o, muitas novas solu\u00e7\u00f5es tecnol\u00f3gicas foram encontradas, que aumentaram a produtividade e efici\u00eancia do processo, bem como a qualidade dos produtos. Ao mesmo tempo, as emuls\u00f5es betuminosas de todos os tipos (ani\u00f4nicas, cati\u00f4nicas, diretas, inversas, r\u00e1pidas, m\u00e9dias e lentas) s\u00e3o sem d\u00favida um material de constru\u00e7\u00e3o promissor. A quantidade de tecnologias que usam emuls\u00f5es betuminosas est\u00e1 crescendo.<\/span><\/p>\n<p style=\"text-align: justify;\"><b>Unidades de emuls\u00f5es betuminosas UVB-1 &#8211; <\/b><span style=\"font-weight: 400;\">instala\u00e7\u00f5es semi-autom\u00e1ticas com componentes instalados em uma estrutura de metal e tubos conectados.<\/span><\/p>\n<p style=\"text-align: justify;\"><b>O consumo de emuls\u00e3o <\/b><span style=\"font-weight: 400;\">depende do tipo de superf\u00edcie que \u00e9 tratada. Para o asfalto, o consumo \u00e9 de 500 g \/ m2, para o cascalho: crescer\u00e1 para 1200 g \/ m2. O processamento de migalhas de asfalto exigir\u00e1 at\u00e9 2000 gramas de emuls\u00e3o por metro quadrado.<\/span><\/p>\n<p style=\"text-align: justify;\"><b>A emuls\u00e3o de \u00e1gua-betume<\/b><span style=\"font-weight: 400;\"> &#8211; \u00e9 um l\u00edquido marrom escuro. A produ\u00e7\u00e3o da emuls\u00e3o consiste na dispers\u00e3o do betume em \u00e1gua com a adi\u00e7\u00e3o de emulsionantes.<\/span><\/p>\n<p style=\"text-align: justify;\"><span style=\"font-weight: 400;\">As emuls\u00f5es de betume s\u00e3o um componente integral em v\u00e1rios processos de constru\u00e7\u00e3o de estradas. Eles formam uma camada protetora nas estradas (asfalto, cascalho ou concreto).<\/span><\/p>\n<p style=\"text-align: justify;\"><b>Emuls\u00f5es betuminosas. Informa\u00e7\u00e3o b\u00e1sica. Princ\u00edpios<\/b><\/p>\n","protected":false},"excerpt":{"rendered":"<p>Emuls\u00f5es betuminosas foram usadas pela primeira vez na Europa na d\u00e9cada de 1930. Desde ent\u00e3o, muitas novas solu\u00e7\u00f5es tecnol\u00f3gicas foram encontradas, que aumentaram a produtividade e efici\u00eancia do processo, bem como a qualidade dos produtos. Ao mesmo tempo, as emuls\u00f5es betuminosas de todos os tipos (ani\u00f4nicas, cati\u00f4nicas, diretas, inversas, r\u00e1pidas, m\u00e9dias e lentas) s\u00e3o sem<a class=\"cg-read-more\" href=\"https:\/\/globecore.com\/pt-pt\/products\/producao-de-emulsao-de-betume\/\" target=\"_blank\">Leia mais <\/a><\/p>\n","protected":false},"author":7,"featured_media":66410,"parent":16979,"menu_order":0,"comment_status":"closed","ping_status":"closed","template":"templates\/products-sidebar.php","meta":{"_acf_changed":false,"_bbp_topic_count":0,"_bbp_reply_count":0,"_bbp_total_topic_count":0,"_bbp_total_reply_count":0,"_bbp_voice_count":0,"_bbp_anonymous_reply_count":0,"_bbp_topic_count_hidden":0,"_bbp_reply_count_hidden":0,"_bbp_forum_subforum_count":0,"footnotes":""},"categories":[],"class_list":["post-17126","page","type-page","status-publish","has-post-thumbnail","hentry"],"acf":[],"language":"pt-pt","_links":{"self":[{"href":"https:\/\/globecore.com\/pt-pt\/wp-json\/wp\/v2\/pages\/17126","targetHints":{"allow":["GET"]}}],"collection":[{"href":"https:\/\/globecore.com\/pt-pt\/wp-json\/wp\/v2\/pages"}],"about":[{"href":"https:\/\/globecore.com\/pt-pt\/wp-json\/wp\/v2\/types\/page"}],"author":[{"embeddable":true,"href":"https:\/\/globecore.com\/pt-pt\/wp-json\/wp\/v2\/users\/7"}],"replies":[{"embeddable":true,"href":"https:\/\/globecore.com\/pt-pt\/wp-json\/wp\/v2\/comments?post=17126"}],"version-history":[{"count":1,"href":"https:\/\/globecore.com\/pt-pt\/wp-json\/wp\/v2\/pages\/17126\/revisions"}],"predecessor-version":[{"id":330177,"href":"https:\/\/globecore.com\/pt-pt\/wp-json\/wp\/v2\/pages\/17126\/revisions\/330177"}],"up":[{"embeddable":true,"href":"https:\/\/globecore.com\/pt-pt\/wp-json\/wp\/v2\/pages\/16979"}],"wp:featuredmedia":[{"embeddable":true,"href":"https:\/\/globecore.com\/pt-pt\/wp-json\/wp\/v2\/media\/66410"}],"wp:attachment":[{"href":"https:\/\/globecore.com\/pt-pt\/wp-json\/wp\/v2\/media?parent=17126"}],"wp:term":[{"taxonomy":"category","embeddable":true,"href":"https:\/\/globecore.com\/pt-pt\/wp-json\/wp\/v2\/categories?post=17126"}],"curies":[{"name":"wp","href":"https:\/\/api.w.org\/{rel}","templated":true}]}}