{"id":17129,"date":"2016-04-06T08:15:25","date_gmt":"2016-04-06T08:15:25","guid":{"rendered":"https:\/\/globecore.com\/products\/road-construction-equipment\/bitumen-emulsion-unit\/uvb-1-bitumen-emulsion-unit-8-m3hour-production-capacity.html"},"modified":"2026-03-09T09:43:57","modified_gmt":"2026-03-09T09:43:57","slug":"uvb-1-bitumen-emulsion-unit-8-m3hour-production-capacity","status":"publish","type":"page","link":"https:\/\/globecore.com\/pt-pt\/products\/producao-de-emulsao-de-betume\/uvb-1-bitumen-emulsion-unit-8-m3hour-production-capacity\/","title":{"rendered":"USB-2 Instala\u00e7\u00e3o para a produ\u00e7\u00e3o de emuls\u00e3o de betume (produtividade 8 m3\/hora)"},"content":{"rendered":"<div id=\"pl-1851\" class=\"panel-layout\">\n<div id=\"pg-1851-0\" class=\"panel-grid panel-no-style\">\n<div id=\"pgc-1851-0-0\" class=\"panel-grid-cell\" data-weight=\"1\">\n<div id=\"panel-1851-0-0-0\" class=\"so-panel widget widget_sow-editor panel-first-child panel-last-child\" data-index=\"0\" data-style=\"{&quot;background_image_attachment&quot;:false,&quot;background_display&quot;:&quot;tile&quot;}\">\n<div class=\"so-widget-sow-editor so-widget-sow-editor-base\">\n<div class=\"siteorigin-widget-tinymce textwidget\"><\/div>\n<\/div>\n<\/div>\n<\/div>\n<\/div>\n<\/div>\n","protected":false},"excerpt":{"rendered":"<p>A planta de emuls\u00e3o de betume USB-2, com capacidade de produ\u00e7\u00e3o de 8\u202fm\u00b3\/h, \u00e9 constru\u00edda em v\u00e1rios tipos de cont\u00eaineres, incluindo cont\u00eaineres abertos, cont\u00eaineres com portas de correr e cont\u00eaineres antivandalismo. A planta produz todos os tipos de emuls\u00f5es\u2014CRS, CMS, CSS-1,2,3\u2014bem como emuls\u00f5es ani\u00f4nicas correspondentes, incluindo o subtipo h. Todos os produtos est\u00e3o em conformidade com as normas ASTM D2397-98 e ASTM D977-98.<\/p>\n","protected":false},"author":7,"featured_media":23317,"parent":17126,"menu_order":0,"comment_status":"closed","ping_status":"closed","template":"templates\/single-product.php","meta":{"_acf_changed":false,"_bbp_topic_count":0,"_bbp_reply_count":0,"_bbp_total_topic_count":0,"_bbp_total_reply_count":0,"_bbp_voice_count":0,"_bbp_anonymous_reply_count":0,"_bbp_topic_count_hidden":0,"_bbp_reply_count_hidden":0,"_bbp_forum_subforum_count":0,"footnotes":""},"categories":[1344],"class_list":["post-17129","page","type-page","status-publish","has-post-thumbnail","hentry","category-producao-de-betume","oil_type-industria-da-construcao","process_type-fresagem","process_type-mistura"],"acf":{"add_tab":[{"tab_title":"Descri\u00e7\u00e3o","tab_content":"<p style=\"text-align: justify;\"><span style=\"font-weight: 400;\">Para uso externo, a instala\u00e7\u00e3o pode ser realizada em um container com portas rolantes ou \u00e0 prova de vandalismo.<\/span><\/p>\r\n<p style=\"text-align: justify;\"><span style=\"font-weight: 400;\">Para trabalho em ambientes fechados ou sob um dossel, a instala\u00e7\u00e3o \u00e9 realizada em um cont\u00eainer aberto.<\/span><\/p>\r\n<p style=\"text-align: justify;\"><span style=\"font-weight: 400;\">Instala\u00e7\u00f5es USB-2 com produtividade de 1 m3 \/ he 2 m3 \/ h s\u00e3o feitas em recipientes abertos e em cont\u00eaineres com portas rolantes. A instala\u00e7\u00e3o do USB-2 com uma capacidade de 8 m3 \/ hora \u00e9 feita em contentores abertos, contentores com portas rolantes e em contentores anti-vandalismo.<\/span><\/p>\r\n<p style=\"text-align: justify;\"><b>Qualidade: <\/b><span style=\"font-weight: 400;\">Processo de alta qualidade sem a necessidade de aquecer o material mineral e o aglutinante. Este fator j\u00e1 economiza at\u00e9 40% de energia em compara\u00e7\u00e3o com o tradicional processo \"quente\".<\/span><\/p>\r\n<p style=\"text-align: justify;\"><b>Ecologia:<\/b><span style=\"font-weight: 400;\"> A emuls\u00e3o betuminosa n\u00e3o \u00e9 uma fonte de emiss\u00f5es nocivas para a atmosfera; elimina tamb\u00e9m o risco de explos\u00e3o e queimaduras durante o transporte ou manuseio da solu\u00e7\u00e3o betuminosa.<\/span><\/p>\r\n<p style=\"text-align: justify;\"><b>Transporte de emuls\u00e3o betuminosa.<\/b><\/p>\r\n<p style=\"text-align: justify;\"><span style=\"font-weight: 400;\">A emuls\u00e3o betuminosa \u00e9 transportada em tanques especiais, betume, tanques c\u00fabicos e barris de metal.<\/span><\/p>\r\n<p style=\"text-align: justify;\"><b>Armazenamento de emuls\u00e3o betuminosa<\/b><\/p>\r\n<p style=\"text-align: justify;\"><span style=\"font-weight: 400;\">Emuls\u00e3o de betume s\u00e3o armazenadas em tanques especiais ou outros recipientes cil\u00edndricos. Os recipientes devem ser limpos: eles n\u00e3o devem conter res\u00edduos de emuls\u00f5es, betume, \u00f3leo e materiais \u00e1cidos ou alcalinos.<\/span><\/p>\r\n<p style=\"text-align: justify;\"><span style=\"font-weight: 400;\">Emuls\u00f5es de composi\u00e7\u00e3o diferente n\u00e3o podem ser misturadas no mesmo recipiente. Os recipientes devem estar bem fechados para proteger contra objetos estranhos e a evapora\u00e7\u00e3o da \u00e1gua. A temperatura de armazenamento n\u00e3o deve ser inferior a 5 \u00b0 C. Se o volume da emuls\u00e3o for superior a 1 m3, os tanques devem estar equipados com agitadores especiais.<\/span><\/p>\r\n<p style=\"text-align: justify;\"><span style=\"font-weight: 400;\">Nossa empresa oferece cont\u00eaineres verticais especiais para armazenamento de emuls\u00e3o betuminosa SBE e betume modificado SMB. Estes tanques s\u00e3o equipados com sistemas de aquecimento e circula\u00e7\u00e3o e s\u00e3o facilmente integrados aos processos de produ\u00e7\u00e3o existentes.<\/span><\/p>"}],"add_def_tab":[{"tab_title":"Par\u00e2metros","tab_content":"<table>\r\n<tbody>\r\n<tr>\r\n<td style=\"text-align: center;\" width=\"261\"><b>Par\u00e2metros<\/b><\/td>\r\n<td style=\"text-align: center;\" width=\"80\"><b>Valor <\/b><\/td>\r\n<\/tr>\r\n<tr>\r\n<td width=\"261\"><span style=\"font-weight: 400;\">Produtividade m\u00e1xima (considerando o tempo de prepara\u00e7\u00e3o), m3\/hora<\/span><\/td>\r\n<td width=\"80\">\r\n<p style=\"text-align: center;\">8 *<\/p>\r\n<\/td>\r\n<\/tr>\r\n<tr>\r\n<td width=\"261\"><span style=\"font-weight: 400;\">Consumo m\u00ednimo de betume, m3\/hora<\/span><\/td>\r\n<td width=\"80\">\r\n<p style=\"text-align: center;\">10.5<\/p>\r\n<\/td>\r\n<\/tr>\r\n<tr>\r\n<td width=\"261\"><span style=\"font-weight: 400;\">Consumo de \u00e1gua, m3\/hora<\/span><\/td>\r\n<td width=\"80\">\r\n<p style=\"text-align: center;\">5\u201310 *<\/p>\r\n<\/td>\r\n<\/tr>\r\n<tr>\r\n<td width=\"261\"><span style=\"font-weight: 400;\">Caudal do diluente, dm3\/hora <\/span><\/td>\r\n<td width=\"80\">\r\n<p style=\"text-align: center;\">50\u2013250 *<\/p>\r\n<\/td>\r\n<\/tr>\r\n<tr>\r\n<td width=\"261\"><span style=\"font-weight: 400;\">Consumo de \u00e1cido, dm3\/hora<\/span><\/td>\r\n<td width=\"80\">\r\n<p style=\"text-align: center;\">50\u2013150 *<\/p>\r\n<\/td>\r\n<\/tr>\r\n<tr>\r\n<td width=\"261\"><span style=\"font-weight: 400;\">Consumo de emulsionante, dm3\/hora<\/span><\/td>\r\n<td width=\"80\">\r\n<p style=\"text-align: center;\">50 *<\/p>\r\n<\/td>\r\n<\/tr>\r\n<tr>\r\n<td width=\"261\"><span style=\"font-weight: 400;\">Press\u00e3o m\u00e1xima de fornecimento de betume, MPa<\/span><\/td>\r\n<td width=\"80\">\r\n<p style=\"text-align: center;\">0,2<\/p>\r\n<\/td>\r\n<\/tr>\r\n<tr>\r\n<td width=\"261\"><span style=\"font-weight: 400;\">Press\u00e3o de alimenta\u00e7\u00e3o de betume no misturador, MPa \u00a0<\/span><\/td>\r\n<td width=\"80\">\r\n<p style=\"text-align: center;\">1.4<\/p>\r\n<\/td>\r\n<\/tr>\r\n<tr>\r\n<td width=\"261\"><span style=\"font-weight: 400;\">Press\u00e3o de fornecimento da fase aquosa ao misturador, MPa <\/span><\/td>\r\n<td width=\"80\">\r\n<p style=\"text-align: center;\">0.2<\/p>\r\n<\/td>\r\n<\/tr>\r\n<tr>\r\n<td width=\"261\"><span style=\"font-weight: 400;\">Temperatura de fornecimento de betume, \u00b0 \u0421<\/span><\/td>\r\n<td width=\"80\">\r\n<p style=\"text-align: center;\">140\u2013160<\/p>\r\n<\/td>\r\n<\/tr>\r\n<tr>\r\n<td width=\"261\"><span style=\"font-weight: 400;\">Temperatura de fornecimento de \u00e1gua, \u00b0 \u0421<\/span><\/td>\r\n<td width=\"80\">\r\n<p style=\"text-align: center;\">40\u201360<\/p>\r\n<\/td>\r\n<\/tr>\r\n<tr>\r\n<td width=\"261\"><span style=\"font-weight: 400;\">Altura m\u00e1xima da emuls\u00e3o, m<\/span><\/td>\r\n<td width=\"80\">\r\n<p style=\"text-align: center;\">10<\/p>\r\n<\/td>\r\n<\/tr>\r\n<tr>\r\n<td width=\"261\"><span style=\"font-weight: 400;\">Pot\u00eancia nominal, n\u00e3o mais, kW<\/span><\/td>\r\n<td width=\"80\">\r\n<p style=\"text-align: center;\">33<\/p>\r\n<\/td>\r\n<\/tr>\r\n<tr>\r\n<td width=\"261\"><span style=\"font-weight: 400;\">Tens\u00e3o de corrente alternada 50 Hz, V <\/span><\/td>\r\n<td width=\"80\">\r\n<p style=\"text-align: center;\">380\/220<\/p>\r\n<\/td>\r\n<\/tr>\r\n<tr>\r\n<td width=\"261\"><span style=\"font-weight: 400;\">Dimens\u00f5es (C \/ L \/ A), mm<\/span><\/td>\r\n<td width=\"80\">\r\n<p style=\"text-align: center;\">4500\/2250\/1800<\/p>\r\n<\/td>\r\n<\/tr>\r\n<tr>\r\n<td width=\"261\"><span style=\"font-weight: 400;\">Peso m\u00e1ximo, kg<\/span><\/td>\r\n<td width=\"80\">\r\n<p style=\"text-align: center;\">1800<\/p>\r\n<\/td>\r\n<\/tr>\r\n<\/tbody>\r\n<\/table>\r\n* <span style=\"font-weight: 400;\">Depende da formula\u00e7\u00e3o do produto<\/span>"},{"tab_title":"Benef\u00edcios","tab_content":"<ul>\r\n \t<li style=\"text-align: justify;\"><span style=\"font-weight: 400;\">produ\u00e7\u00e3o de todos os tipos de emuls\u00f5es betuminosas cati\u00f3nicas: CRS, CMS e CSS-1,2, bem como emuls\u00f5es ani\u00f3nicas dos tipos correspondentes, incluindo o subtipo h;<\/span><\/li>\r\n \t<li style=\"text-align: justify;\"><span style=\"font-weight: 400;\">o concentrado de mistura \u00e9 dilu\u00eddo com \u00e1gua na unidade;<\/span><\/li>\r\n \t<li style=\"text-align: justify;\"><span style=\"font-weight: 400;\">seguran\u00e7a no trabalho;<\/span><\/li>\r\n \t<li style=\"text-align: justify;\"><span style=\"font-weight: 400;\">a emuls\u00e3o atende aos requisitos da ASTM D 2397-98 e D977-98;<\/span><\/li>\r\n \t<li style=\"text-align: justify;\"><span style=\"font-weight: 400;\">\u00a0facilidade de manuten\u00e7\u00e3o e opera\u00e7\u00e3o.<\/span><\/li>\r\n<\/ul>"},{"tab_title":"Aplica\u00e7\u00e3o","tab_content":"[product_oil_types]"},{"tab_title":"Webinar","tab_content":"<div class=\"responsive-embed widescreen\">\r\n<div class=\"responsive-embed widescreen\">\r\n<div class=\"responsive-embed widescreen\">\r\n<div class=\"responsive-embed widescreen\"><iframe title=\"Webinar - Novas Aplica\u00e7\u00f5es de Emuls\u00f5es Betuminosas (28.10.2021)\" src=\"https:\/\/www.youtube.com\/embed\/NR0Cw3bFVbU?feature=oembed\" width=\"500\" height=\"281\" frameborder=\"0\" allowfullscreen=\"allowfullscreen\"><\/iframe><\/div>\r\n<\/div>\r\n<\/div>\r\n<\/div>"}],"add_video_tab":[{"video_tab_title":"Video","add_video_id":[{"video_id":"dB6F6Izrk0U"},{"video_id":"aycE1vu-TH8"},{"video_id":"qr0drxbEitA"}]}],"add_gallery_tab":[{"gallery_tab_title":"Foto","add_img":[17133,17137,17141,17145,17149,17153]}],"add_price_tab":[{"price_tab_title":"Obter pre\u00e7o"}]},"language":"pt-pt","_links":{"self":[{"href":"https:\/\/globecore.com\/pt-pt\/wp-json\/wp\/v2\/pages\/17129","targetHints":{"allow":["GET"]}}],"collection":[{"href":"https:\/\/globecore.com\/pt-pt\/wp-json\/wp\/v2\/pages"}],"about":[{"href":"https:\/\/globecore.com\/pt-pt\/wp-json\/wp\/v2\/types\/page"}],"author":[{"embeddable":true,"href":"https:\/\/globecore.com\/pt-pt\/wp-json\/wp\/v2\/users\/7"}],"replies":[{"embeddable":true,"href":"https:\/\/globecore.com\/pt-pt\/wp-json\/wp\/v2\/comments?post=17129"}],"version-history":[{"count":1,"href":"https:\/\/globecore.com\/pt-pt\/wp-json\/wp\/v2\/pages\/17129\/revisions"}],"predecessor-version":[{"id":341829,"href":"https:\/\/globecore.com\/pt-pt\/wp-json\/wp\/v2\/pages\/17129\/revisions\/341829"}],"up":[{"embeddable":true,"href":"https:\/\/globecore.com\/pt-pt\/wp-json\/wp\/v2\/pages\/17126"}],"wp:featuredmedia":[{"embeddable":true,"href":"https:\/\/globecore.com\/pt-pt\/wp-json\/wp\/v2\/media\/23317"}],"wp:attachment":[{"href":"https:\/\/globecore.com\/pt-pt\/wp-json\/wp\/v2\/media?parent=17129"}],"wp:term":[{"taxonomy":"category","embeddable":true,"href":"https:\/\/globecore.com\/pt-pt\/wp-json\/wp\/v2\/categories?post=17129"}],"curies":[{"name":"wp","href":"https:\/\/api.w.org\/{rel}","templated":true}]}}