{"id":17180,"date":"2016-04-06T08:07:19","date_gmt":"2016-04-06T08:07:19","guid":{"rendered":"https:\/\/globecore.com\/products\/road-construction-equipment\/bitumen-emulsion-unit\/uvb-1-bitumen-emulsion-unit-2-m3hour-production-capacity.html"},"modified":"2026-03-09T09:38:09","modified_gmt":"2026-03-09T09:38:09","slug":"uvb-1-bitumen-emulsion-unit-2-m3hour-production-capacity","status":"publish","type":"page","link":"https:\/\/globecore.com\/pt-pt\/products\/producao-de-emulsao-de-betume\/uvb-1-bitumen-emulsion-unit-2-m3hour-production-capacity\/","title":{"rendered":"USB-2 Instala\u00e7\u00e3o para a produ\u00e7\u00e3o de emuls\u00e3o de betume (produtividade 2 m3\/hora)"},"content":{"rendered":"","protected":false},"excerpt":{"rendered":"<p>A unidade de emuls\u00e3o de betume USB-2, com capacidade de produ\u00e7\u00e3o de 2\u202fm\u00b3\/h, mistura consecutivamente os componentes em misturadores hidrodin\u00e2micos sob press\u00f5es e temperaturas controladas. Seu design \u00fanico permite a mistura instant\u00e2nea dos fluxos de componentes, tornando a unidade compacta e energeticamente eficiente. A etapa final de produ\u00e7\u00e3o de uma emuls\u00e3o \u00e1gua-betume uniforme ocorre em um moinho coloidal, garantindo alta qualidade do produto.<br \/>\nA unidade est\u00e1 equipada com instrumenta\u00e7\u00e3o de controle de processo, permitindo opera\u00e7\u00e3o manual ou semi-autom\u00e1tica.<\/p>\n","protected":false},"author":7,"featured_media":66410,"parent":17126,"menu_order":0,"comment_status":"closed","ping_status":"closed","template":"templates\/single-product.php","meta":{"_acf_changed":false,"_bbp_topic_count":0,"_bbp_reply_count":0,"_bbp_total_topic_count":0,"_bbp_total_reply_count":0,"_bbp_voice_count":0,"_bbp_anonymous_reply_count":0,"_bbp_topic_count_hidden":0,"_bbp_reply_count_hidden":0,"_bbp_forum_subforum_count":0,"footnotes":""},"categories":[1344],"class_list":["post-17180","page","type-page","status-publish","has-post-thumbnail","hentry","category-producao-de-betume","oil_type-industria-da-construcao","process_type-fresagem","process_type-mistura"],"acf":{"add_tab":[{"tab_title":"Descri\u00e7\u00e3o","tab_content":"<p style=\"text-align: justify;\"><span style=\"font-weight: 400;\">A unidade de emuls\u00e3o de betume sequencialmente mistura os componentes em misturadores hidrodin\u00e2micos a certas press\u00f5es e temperaturas. O design exclusivo permite que voc\u00ea misture instantaneamente os fluxos de componentes, o que torna a instala\u00e7\u00e3o compacta e reduz o consumo de energia. O est\u00e1gio final de prepara\u00e7\u00e3o de uma emuls\u00e3o betuminosa \u00e1gua homog\u00eanea ocorre em um moinho coloidal, que garante produtos de alta qualidade.<\/span><\/p>\r\n<p style=\"text-align: justify;\"><span style=\"font-weight: 400;\">A instala\u00e7\u00e3o \u00e9 equipada com dispositivos que permitem trabalhar tanto no modo semi-autom\u00e1tico quanto no modo totalmente manual.<\/span><\/p>\r\n<p style=\"text-align: justify;\"><b>A emuls\u00e3o betuminosa <\/b><span style=\"font-weight: 400;\">\u00e9 um l\u00edquido castanho escuro. A emuls\u00e3o \u00e9 produzida dispersando o betume em \u00e1gua com a adi\u00e7\u00e3o de surfactante.<\/span><\/p>\r\n<p style=\"text-align: justify;\"><span style=\"font-weight: 400;\">As emuls\u00f5es de betume s\u00e3o um componente necess\u00e1rio em v\u00e1rios trabalhos de constru\u00e7\u00e3o de estradas. As emuls\u00f5es de betume s\u00e3o indispens\u00e1veis para v\u00e1rias tarefas de constru\u00e7\u00e3o de estradas. Forma uma camada protetora para estradas de autom\u00f3veis (asfalto, cascalho ou concreto).<\/span><\/p>\r\n<p style=\"text-align: justify;\"><span style=\"font-weight: 400;\">\u00c1reas de aplica\u00e7\u00e3o de emuls\u00f5es:<\/span><\/p>\r\n\r\n<ul style=\"text-align: justify;\">\r\n \t<li style=\"text-align: justify;\"><span style=\"font-weight: 400;\">Prepara\u00e7\u00e3o do primer durante a constru\u00e7\u00e3o de estradas;<\/span><\/li>\r\n \t<li style=\"text-align: justify;\"><span style=\"font-weight: 400;\">Impregna\u00e7\u00e3o e prepara\u00e7\u00e3o de superf\u00edcie;<\/span><\/li>\r\n \t<li style=\"text-align: justify;\"><span style=\"font-weight: 400;\">Criando uma camada protetora de filme fino;<\/span><\/li>\r\n \t<li style=\"text-align: justify;\"><span style=\"font-weight: 400;\">Reparos de remendo (como parte da mistura de emuls\u00e3o mineral).<\/span><\/li>\r\n<\/ul>\r\n<p style=\"text-align: justify;\"><b>Qualidade:\u00a0<\/b>Processo de alta qualidade sem a necessidade de aquecer o material mineral e o aglutinante. Este fator j\u00e1 economiza at\u00e9 40% de energia em compara\u00e7\u00e3o com o tradicional processo \u201cquente\u201d.<\/p>\r\n<p style=\"text-align: justify;\"><b>Ecologia:<\/b>\u00a0A emuls\u00e3o betuminosa n\u00e3o \u00e9 uma fonte de emiss\u00f5es nocivas para a atmosfera; elimina tamb\u00e9m o risco de explos\u00e3o e queimaduras durante o transporte ou manuseio da solu\u00e7\u00e3o betuminosa.<\/p>\r\n<p style=\"text-align: justify;\"><b>Transporte de emuls\u00e3o betuminosa.<\/b><\/p>\r\n<p style=\"text-align: justify;\">A emuls\u00e3o betuminosa \u00e9 transportada em tanques especiais, betume, tanques c\u00fabicos e barris de metal.<\/p>\r\n<p style=\"text-align: justify;\"><b>Armazenamento de emuls\u00e3o betuminosa<\/b><\/p>\r\n<p style=\"text-align: justify;\">Emuls\u00e3o de betume s\u00e3o armazenadas em tanques especiais ou outros recipientes cil\u00edndricos. Os recipientes devem ser limpos: eles n\u00e3o devem conter res\u00edduos de emuls\u00f5es, betume, \u00f3leo e materiais \u00e1cidos ou alcalinos.<\/p>\r\n<p style=\"text-align: justify;\">Emuls\u00f5es de composi\u00e7\u00e3o diferente n\u00e3o podem ser misturadas no mesmo recipiente. Os recipientes devem estar bem fechados para proteger contra objetos estranhos e a evapora\u00e7\u00e3o da \u00e1gua. A temperatura de armazenamento n\u00e3o deve ser inferior a 5 \u00b0 C. Se o volume da emuls\u00e3o for superior a 1 m3, os tanques devem estar equipados com agitadores especiais.<\/p>\r\n<p style=\"text-align: justify;\">Nossa empresa oferece cont\u00eaineres verticais especiais para armazenamento de emuls\u00e3o betuminosa SBE e betume modificado SMB. Estes tanques s\u00e3o equipados com sistemas de aquecimento e circula\u00e7\u00e3o e s\u00e3o facilmente integrados aos processos de produ\u00e7\u00e3o existentes.<\/p>"}],"add_def_tab":[{"tab_title":"Par\u00e2metros","tab_content":"<table>\r\n<tbody>\r\n<tr>\r\n<td width=\"270\">\r\n<p style=\"text-align: center;\"><b>Par\u00e2metros<\/b><\/p>\r\n<\/td>\r\n<td width=\"83\">\r\n<p style=\"text-align: center;\"><b>Valor<\/b><\/p>\r\n<\/td>\r\n<\/tr>\r\n<tr>\r\n<td width=\"270\"><span style=\"font-weight: 400;\">Produtividade m\u00e1xima (considerando o tempo de prepara\u00e7\u00e3o), m3 \/ hora<\/span><\/td>\r\n<td width=\"83\">\r\n<p style=\"text-align: center;\">2-3 *<\/p>\r\n<\/td>\r\n<\/tr>\r\n<tr>\r\n<td width=\"270\"><span style=\"font-weight: 400;\">Consumo m\u00ednimo de betume, m3 \/ hora<\/span><\/td>\r\n<td width=\"83\">\r\n<p style=\"text-align: center;\">1.8<\/p>\r\n<\/td>\r\n<\/tr>\r\n<tr>\r\n<td width=\"270\"><span style=\"font-weight: 400;\">Consumo de \u00e1gua, m3 \/ hora<\/span><\/td>\r\n<td width=\"83\">\r\n<p style=\"text-align: center;\">0.6\u20132.0 *<\/p>\r\n<\/td>\r\n<\/tr>\r\n<tr>\r\n<td width=\"270\"><span style=\"font-weight: 400;\">Caudal do diluente, dm3 \/ hora<\/span><\/td>\r\n<td width=\"83\">\r\n<p style=\"text-align: center;\">0\u201370 *<\/p>\r\n<\/td>\r\n<\/tr>\r\n<tr>\r\n<td width=\"270\"><span style=\"font-weight: 400;\">Consumo de \u00e1cido, dm3 \/ hora <\/span><\/td>\r\n<td width=\"83\">\r\n<p style=\"text-align: center;\">5\u201320 *<\/p>\r\n<\/td>\r\n<\/tr>\r\n<tr>\r\n<td width=\"270\"><span style=\"font-weight: 400;\">Consumo de emulsionante, dm3 \/ hora<\/span><\/td>\r\n<td width=\"83\">\r\n<p style=\"text-align: center;\">5\u201320 *<\/p>\r\n<\/td>\r\n<\/tr>\r\n<tr>\r\n<td width=\"270\"><span style=\"font-weight: 400;\">O custo dos aditivos adesivos, dm3 \/ h<\/span><\/td>\r\n<td width=\"83\">\r\n<p style=\"text-align: center;\">1\u201320 *<\/p>\r\n<\/td>\r\n<\/tr>\r\n<tr>\r\n<td width=\"270\"><span style=\"font-weight: 400;\">Press\u00e3o m\u00e1xima de fornecimento de betume, MPa <\/span><\/td>\r\n<td width=\"83\">\r\n<p style=\"text-align: center;\">0.2<\/p>\r\n<\/td>\r\n<\/tr>\r\n<tr>\r\n<td width=\"270\"><span style=\"font-weight: 400;\">Press\u00e3o de alimenta\u00e7\u00e3o de betume no misturador, MPa<\/span><\/td>\r\n<td width=\"83\">\r\n<p style=\"text-align: center;\">1.4\u20131.6<\/p>\r\n<\/td>\r\n<\/tr>\r\n<tr>\r\n<td width=\"270\"><span style=\"font-weight: 400;\">Press\u00e3o de abastecimento de \u00e1gua ao misturador, MPa<\/span><\/td>\r\n<td width=\"83\">\r\n<p style=\"text-align: center;\">0.2<\/p>\r\n<\/td>\r\n<\/tr>\r\n<tr>\r\n<td width=\"270\"><span style=\"font-weight: 400;\">Temperatura de entrada de betume, \u00b0 \u0421 <\/span><\/td>\r\n<td width=\"83\">\r\n<p style=\"text-align: center;\">140\u2013160<\/p>\r\n<\/td>\r\n<\/tr>\r\n<tr>\r\n<td width=\"270\"><span style=\"font-weight: 400;\">Temperatura da \u00e1gua de entrada, \u00b0 \u0421 <\/span><\/td>\r\n<td width=\"83\">\r\n<p style=\"text-align: center;\">40\u201360 *<\/p>\r\n<\/td>\r\n<\/tr>\r\n<tr>\r\n<td width=\"270\"><span style=\"font-weight: 400;\">Altura m\u00e1xima de alimenta\u00e7\u00e3o, m<\/span><\/td>\r\n<td width=\"83\">\r\n<p style=\"text-align: center;\">15<\/p>\r\n<\/td>\r\n<\/tr>\r\n<tr>\r\n<td width=\"270\"><span style=\"font-weight: 400;\">Pot\u00eancia nominal m\u00e1xima, kW<\/span><\/td>\r\n<td width=\"83\">\r\n<p style=\"text-align: center;\">18<\/p>\r\n<\/td>\r\n<\/tr>\r\n<tr>\r\n<td width=\"270\"><span style=\"font-weight: 400;\">Tens\u00e3o de corrente alternada 50 Hz, V<\/span><\/td>\r\n<td width=\"83\">\r\n<p style=\"text-align: center;\">380<\/p>\r\n<\/td>\r\n<\/tr>\r\n<tr>\r\n<td width=\"270\"><span style=\"font-weight: 400;\">Press\u00e3o de fornecimento de ar comprimido, bar<\/span><\/td>\r\n<td width=\"83\">\r\n<p style=\"text-align: center;\">4\u20136<\/p>\r\n<\/td>\r\n<\/tr>\r\n<tr>\r\n<td width=\"270\"><span style=\"font-weight: 400;\">Consumo de ar, dm3 \/ hora<\/span><\/td>\r\n<td width=\"83\">\r\n<p style=\"text-align: center;\">250<\/p>\r\n<\/td>\r\n<\/tr>\r\n<tr>\r\n<td width=\"270\"><span style=\"font-weight: 400;\">Dimens\u00f5es (C \/ L \/ A), mm<\/span><\/td>\r\n<td width=\"83\">\r\n<p style=\"text-align: center;\">2080\/2340\/1934<\/p>\r\n<\/td>\r\n<\/tr>\r\n<tr>\r\n<td width=\"270\"><span style=\"font-weight: 400;\">Peso m\u00e1ximo, kg<\/span><\/td>\r\n<td width=\"83\">\r\n<p style=\"text-align: center;\">1200<\/p>\r\n<\/td>\r\n<\/tr>\r\n<\/tbody>\r\n<\/table>\r\n<span style=\"font-weight: 400;\">* \u00a0Depende da formula\u00e7\u00e3o do produto<\/span>"},{"tab_title":"Benef\u00edcios","tab_content":"<ul>\r\n \t<li style=\"text-align: justify;\"><span style=\"font-weight: 400;\">produ\u00e7\u00e3o de todos os tipos de emuls\u00f5es betuminosas cati\u00f3nicas: CRS, CMS e CSS-1,2, bem como emuls\u00f5es ani\u00f3nicas dos tipos correspondentes, incluindo o subtipo h;<\/span><\/li>\r\n \t<li style=\"text-align: justify;\"><span style=\"font-weight: 400;\">o concentrado de mistura \u00e9 dilu\u00eddo com \u00e1gua na unidade;<\/span><\/li>\r\n \t<li style=\"text-align: justify;\"><span style=\"font-weight: 400;\">seguran\u00e7a no trabalho;<\/span><\/li>\r\n \t<li style=\"text-align: justify;\"><span style=\"font-weight: 400;\">a emuls\u00e3o atende aos requisitos da ASTM D 2397-98 e D977-98;<\/span><\/li>\r\n \t<li style=\"text-align: justify;\"><span style=\"font-weight: 400;\">\u00a0facilidade de manuten\u00e7\u00e3o e opera\u00e7\u00e3o.<\/span><\/li>\r\n<\/ul>"},{"tab_title":"Aplica\u00e7\u00e3o","tab_content":"[product_oil_types]"},{"tab_title":"Webinar","tab_content":"<div class=\"responsive-embed widescreen\">\r\n<div class=\"responsive-embed widescreen\">\r\n<div class=\"responsive-embed widescreen\">\r\n<div class=\"responsive-embed widescreen\"><iframe title=\"Webinar - Novas Aplica\u00e7\u00f5es de Emuls\u00f5es Betuminosas (28.10.2021)\" src=\"https:\/\/www.youtube.com\/embed\/NR0Cw3bFVbU?feature=oembed\" width=\"500\" height=\"281\" frameborder=\"0\" allowfullscreen=\"allowfullscreen\"><\/iframe><\/div>\r\n<\/div>\r\n<\/div>\r\n<\/div>"}],"add_video_tab":[{"video_tab_title":"Video","add_video_id":[{"video_id":"dB6F6Izrk0U"},{"video_id":"aycE1vu-TH8"},{"video_id":"qr0drxbEitA"},{"video_id":"cttE6omeSlQ"}]}],"add_gallery_tab":[{"gallery_tab_title":"Foto","add_img":[17153,17149,17145,17141,17137,17133]}],"add_price_tab":[{"price_tab_title":"Obter pre\u00e7o"}]},"language":"pt-pt","_links":{"self":[{"href":"https:\/\/globecore.com\/pt-pt\/wp-json\/wp\/v2\/pages\/17180","targetHints":{"allow":["GET"]}}],"collection":[{"href":"https:\/\/globecore.com\/pt-pt\/wp-json\/wp\/v2\/pages"}],"about":[{"href":"https:\/\/globecore.com\/pt-pt\/wp-json\/wp\/v2\/types\/page"}],"author":[{"embeddable":true,"href":"https:\/\/globecore.com\/pt-pt\/wp-json\/wp\/v2\/users\/7"}],"replies":[{"embeddable":true,"href":"https:\/\/globecore.com\/pt-pt\/wp-json\/wp\/v2\/comments?post=17180"}],"version-history":[{"count":1,"href":"https:\/\/globecore.com\/pt-pt\/wp-json\/wp\/v2\/pages\/17180\/revisions"}],"predecessor-version":[{"id":341825,"href":"https:\/\/globecore.com\/pt-pt\/wp-json\/wp\/v2\/pages\/17180\/revisions\/341825"}],"up":[{"embeddable":true,"href":"https:\/\/globecore.com\/pt-pt\/wp-json\/wp\/v2\/pages\/17126"}],"wp:featuredmedia":[{"embeddable":true,"href":"https:\/\/globecore.com\/pt-pt\/wp-json\/wp\/v2\/media\/66410"}],"wp:attachment":[{"href":"https:\/\/globecore.com\/pt-pt\/wp-json\/wp\/v2\/media?parent=17180"}],"wp:term":[{"taxonomy":"category","embeddable":true,"href":"https:\/\/globecore.com\/pt-pt\/wp-json\/wp\/v2\/categories?post=17180"}],"curies":[{"name":"wp","href":"https:\/\/api.w.org\/{rel}","templated":true}]}}