{"id":17204,"date":"2016-04-06T08:30:32","date_gmt":"2016-04-06T08:30:32","guid":{"rendered":"https:\/\/globecore.com\/products\/road-construction-equipment\/bitumen-modification-unit\/bitumen-modification-unit-20-m3hour-production-capacity.html"},"modified":"2026-03-09T10:13:56","modified_gmt":"2026-03-09T10:13:56","slug":"bitumen-modification-unit-20-m3hour-production-capacity","status":"publish","type":"page","link":"https:\/\/globecore.com\/pt-pt\/products\/producao-de-betume-modificado\/bitumen-modification-unit-20-m3hour-production-capacity\/","title":{"rendered":"USB-3 Planta para produ\u00e7\u00e3o de betume modificado (produtividade 16 m3\/hora)"},"content":{"rendered":"<div id=\"pl-1867\" class=\"panel-layout\">\n<div id=\"pg-1867-0\" class=\"panel-grid panel-no-style\">\n<div id=\"pgc-1867-0-0\" class=\"panel-grid-cell\" data-weight=\"1\">\n<div id=\"panel-1867-0-0-0\" class=\"so-panel widget widget_sow-editor panel-first-child\" data-index=\"0\" data-style=\"{&quot;background_image_attachment&quot;:false,&quot;background_display&quot;:&quot;tile&quot;}\">\n<div class=\"so-widget-sow-editor so-widget-sow-editor-base\">\n<div class=\"siteorigin-widget-tinymce textwidget\"><\/div>\n<\/div>\n<\/div>\n<div id=\"panel-1867-0-0-1\" class=\"so-panel widget widget_sow-editor panel-last-child\" data-index=\"1\" data-style=\"{&quot;background_image_attachment&quot;:false,&quot;background_display&quot;:&quot;tile&quot;}\">\n<div class=\"so-widget-sow-editor so-widget-sow-editor-base\">\n<div class=\"siteorigin-widget-tinymce textwidget\"><\/div>\n<\/div>\n<\/div>\n<\/div>\n<\/div>\n<\/div>\n","protected":false},"excerpt":{"rendered":"<p>A unidade de modifica\u00e7\u00e3o de betume USB-3, com capacidade de produ\u00e7\u00e3o de 16 m\u00b3\/h, utiliza um processo de duplo fluxo que reduz a carga na zona de cisalhamento do moinho e prolonga sua vida \u00fatil. A unidade garante uma compatibilidade eficaz entre o betume e os pol\u00edmeros, o que \u00e9 essencial para a obten\u00e7\u00e3o de um produto final de alta qualidade. Pode trabalhar com todos os pol\u00edmeros comuns, ceras e aditivos especiais em v\u00e1rias formas, incluindo p\u00f3s e gr\u00e2nulos, e permite a implementa\u00e7\u00e3o de praticamente qualquer esquema de modifica\u00e7\u00e3o de betume.<\/p>\n","protected":false},"author":7,"featured_media":341844,"parent":17086,"menu_order":0,"comment_status":"closed","ping_status":"closed","template":"templates\/single-product.php","meta":{"_acf_changed":false,"_bbp_topic_count":0,"_bbp_reply_count":0,"_bbp_total_topic_count":0,"_bbp_total_reply_count":0,"_bbp_voice_count":0,"_bbp_anonymous_reply_count":0,"_bbp_topic_count_hidden":0,"_bbp_reply_count_hidden":0,"_bbp_forum_subforum_count":0,"footnotes":""},"categories":[1344],"class_list":["post-17204","page","type-page","status-publish","has-post-thumbnail","hentry","category-producao-de-betume","oil_type-industria-da-construcao","process_type-fresagem","process_type-mistura"],"acf":{"add_tab":[{"tab_title":"Descri\u00e7\u00e3o","tab_content":"<p style=\"text-align: justify;\"><span style=\"font-weight: 400;\">Esta \u00e9 uma instala\u00e7\u00e3o para a modifica\u00e7\u00e3o de betume com uma capacidade de 16 m3 \/ h. O mercado crescente de constru\u00e7\u00e3o e repara\u00e7\u00e3o de estradas exige cada vez mais betume modificado.<\/span><\/p>\r\n<p style=\"text-align: justify;\"><span style=\"font-weight: 400;\">Uma instala\u00e7\u00e3o com capacidade de 16 m3 \/ hora resolve esse problema. O processo de dois fluxos usado neste equipamento reduz a carga na parte de ruptura da f\u00e1brica e prolonga sua vida \u00fatil.<\/span><\/p>\r\n<p style=\"text-align: justify;\"><span style=\"font-weight: 400;\">A compatibilidade de betume e pol\u00edmeros \u00e9 essencial para obter um produto final de alta qualidade. O pol\u00edmero \u00e9 capaz de absorver componentes de \u00f3leo do aglutinante, preservando sua estrutura. Devido ao processo de modifica\u00e7\u00e3o, o betume \u00e9 transformado em um elast\u00f4mero com elasticidade aprimorada.<\/span><\/p>\r\n<p style=\"text-align: justify;\"><span style=\"font-weight: 400;\">Especialistas da ind\u00fastria petroqu\u00edmica moderna est\u00e3o tentando maximizar \u00a0a produ\u00e7\u00e3o de derivados de petr\u00f3leo leve e extrair a maior parte das fra\u00e7\u00f5es paraf\u00ednico-naft\u00eanicas do betume . Ao mesmo tempo, sua flexibilidade a baixas temperaturas diminui, assim como a temperatura de amolecimento em altas temperaturas. Na maioria das vezes, o betume moderno perde sua elasticidade a cerca de 220 \u00b0 C e amolece a + 45 \u00b0 C - 48 \u00b0 C.<\/span><\/p>\r\n<p style=\"text-align: justify;\"><span style=\"font-weight: 400;\">o uso de betume n\u00e3o modificado em ambas as constru\u00e7\u00f5es de estradas, o que requer um aglomerante com uma faixa de temperatura de -40oC a 70oC, e para materiais de cobertura, que s\u00e3o frequentemente submetidos a temperaturas de at\u00e9 90oC, \u00e9 ineficiente.<\/span><\/p>\r\n<p style=\"text-align: justify;\"><span style=\"font-weight: 400;\">Felizmente, existem maneiras de mudar e melhorar as propriedades do betume, misturando-o com v\u00e1rios aditivos. O melhor de tudo, este processo pode ser realizado por instala\u00e7\u00e3o especial de modifica\u00e7\u00e3o de betume, por exemplo, instala\u00e7\u00e3o de USB-3 produzida pela GlobeCore.<\/span><\/p>"}],"add_def_tab":[{"tab_title":"Par\u00e2metros","tab_content":"<table>\r\n<tbody>\r\n<tr>\r\n<td width=\"278\">\r\n<p style=\"text-align: center;\"><b>Par\u00e2metros<\/b><\/p>\r\n<\/td>\r\n<td width=\"75\">\r\n<p style=\"text-align: center;\"><b>Valor<\/b><\/p>\r\n<\/td>\r\n<\/tr>\r\n<tr>\r\n<td width=\"278\"><span style=\"font-weight: 400;\">Produtividade m\u00ednima, m\u00b3 \/ hora<\/span><\/td>\r\n<td width=\"75\">\r\n<p style=\"text-align: center;\">16<\/p>\r\n<\/td>\r\n<\/tr>\r\n<tr>\r\n<td width=\"278\"><span style=\"font-weight: 400;\">Consumo de pol\u00edmero por 1 m\u00b3 de betume, kg<\/span><\/td>\r\n<td width=\"75\">\r\n<p style=\"text-align: center;\">10\u201360<\/p>\r\n<\/td>\r\n<\/tr>\r\n<tr>\r\n<td width=\"278\"><span style=\"font-weight: 400;\">Consumo de plastificante por 1 m\u00b3<\/span><\/td>\r\n<td width=\"75\">\r\n<p style=\"text-align: center;\">10\u2013100<\/p>\r\n<\/td>\r\n<\/tr>\r\n<tr>\r\n<td width=\"278\"><span style=\"font-weight: 400;\">Consumo aditivo adesivo por 1 m\u00b3 de betume, litros (n\u00e3o mais)\u00a0<\/span><\/td>\r\n<td width=\"75\">\r\n<p style=\"text-align: center;\">10<\/p>\r\n<\/td>\r\n<\/tr>\r\n<tr>\r\n<td width=\"278\"><span style=\"font-weight: 400;\">Modo de opera\u00e7\u00e3o<\/span><\/td>\r\n<td width=\"75\">\r\n<p style=\"text-align: center;\"><span style=\"font-weight: 400;\">Streaming<\/span><\/p>\r\n<\/td>\r\n<\/tr>\r\n<tr>\r\n<td width=\"278\"><span style=\"font-weight: 400;\">Pot\u00eancia nominal, kW<\/span><\/td>\r\n<td width=\"75\"><\/td>\r\n<\/tr>\r\n<tr>\r\n<td width=\"278\">\r\n<ul>\r\n \t<li><span style=\"font-weight: 400;\">o moinho<\/span><\/li>\r\n<\/ul>\r\n<\/td>\r\n<td width=\"75\">\r\n<p style=\"text-align: center;\">2 \u0445 55 = 110<\/p>\r\n<\/td>\r\n<\/tr>\r\n<tr>\r\n<td width=\"278\">\r\n<ul>\r\n \t<li><span style=\"font-weight: 400;\">bombas betuminosas<\/span><\/li>\r\n<\/ul>\r\n<\/td>\r\n<td width=\"75\">\r\n<p style=\"text-align: center;\">2 \u0445 18 = 36<\/p>\r\n<\/td>\r\n<\/tr>\r\n<tr>\r\n<td width=\"278\">\r\n<ul>\r\n \t<li><span style=\"font-weight: 400;\">bomba plastificadora <\/span><\/li>\r\n<\/ul>\r\n<\/td>\r\n<td width=\"75\">\r\n<p style=\"text-align: center;\">1.1<\/p>\r\n<\/td>\r\n<\/tr>\r\n<tr>\r\n<td width=\"278\">\r\n<ul>\r\n \t<li><span style=\"font-weight: 400;\">bomba aditiva adesiva<\/span><\/li>\r\n<\/ul>\r\n<\/td>\r\n<td width=\"75\">\r\n<p style=\"text-align: center;\">0.25<\/p>\r\n<\/td>\r\n<\/tr>\r\n<tr>\r\n<td width=\"278\">\r\n<ul>\r\n \t<li><span style=\"font-weight: 400;\">movimenta\u00e7\u00e3o do elevador do parafuso<\/span><\/li>\r\n<\/ul>\r\n<\/td>\r\n<td width=\"75\">\r\n<p style=\"text-align: center;\">3<\/p>\r\n<\/td>\r\n<\/tr>\r\n<tr>\r\n<td width=\"278\">\r\n<ul>\r\n \t<li><span style=\"font-weight: 400;\">movimenta\u00e7\u00e3o do elevador da parcela e do transportador de parafuso<\/span><\/li>\r\n<\/ul>\r\n<\/td>\r\n<td width=\"75\">\r\n<p style=\"text-align: center;\">0.43<\/p>\r\n<\/td>\r\n<\/tr>\r\n<tr>\r\n<td width=\"278\">\r\n<ul>\r\n \t<li><span style=\"font-weight: 400;\">movimenta\u00e7\u00e3o do misturador de parafuso<\/span><\/li>\r\n<\/ul>\r\n<\/td>\r\n<td width=\"75\">\r\n<p style=\"text-align: center;\">5.5<\/p>\r\n<\/td>\r\n<\/tr>\r\n<tr>\r\n<td width=\"278\">\r\n<ul>\r\n \t<li><span style=\"font-weight: 400;\">Comum<\/span><\/li>\r\n<\/ul>\r\n<\/td>\r\n<td width=\"75\">\r\n<p style=\"text-align: center;\">157<\/p>\r\n<\/td>\r\n<\/tr>\r\n<tr>\r\n<td width=\"278\"><span style=\"font-weight: 400;\">Fonte de alimenta\u00e7\u00e3o:<\/span><\/td>\r\n<td width=\"75\"><\/td>\r\n<\/tr>\r\n<tr>\r\n<td width=\"278\">\r\n<ul>\r\n \t<li><span style=\"font-weight: 400;\">tens\u00e3o, V<\/span><\/li>\r\n<\/ul>\r\n<\/td>\r\n<td width=\"75\">\r\n<p style=\"text-align: center;\">380<\/p>\r\n<\/td>\r\n<\/tr>\r\n<tr>\r\n<td width=\"278\">\r\n<ul>\r\n \t<li><span style=\"font-weight: 400;\">frequ\u00eancia, Hz<\/span><\/li>\r\n<\/ul>\r\n<\/td>\r\n<td width=\"75\">\r\n<p style=\"text-align: center;\">50<\/p>\r\n<\/td>\r\n<\/tr>\r\n<tr>\r\n<td width=\"278\"><span style=\"font-weight: 400;\">Dimens\u00f5es sem componentes desmont\u00e1veis \u00a0para transporte (C \/ L \/A), mm<\/span><\/td>\r\n<td width=\"75\">\r\n<p style=\"text-align: center;\">6050\/2570\/3360<\/p>\r\n<\/td>\r\n<\/tr>\r\n<tr>\r\n<td width=\"278\"><span style=\"font-weight: 400;\">Peso m\u00e1ximo, kg<\/span><\/td>\r\n<td width=\"75\">\r\n<p style=\"text-align: center;\">5860<\/p>\r\n<\/td>\r\n<\/tr>\r\n<\/tbody>\r\n<\/table>"},{"tab_title":"Benef\u00edcios","tab_content":"<ul>\r\n \t<li style=\"text-align: justify;\">Pode ser usado para administrar todos os pol\u00edmeros conhecidos, ceras e v\u00e1rios aditivos espec\u00edficos;<\/li>\r\n \t<li style=\"text-align: justify;\">Trabalhar com uma variedade de formas de modificadores: p\u00f3s, gr\u00e2nulos, etc .;<\/li>\r\n \t<li style=\"text-align: justify;\">Permita perceber quase qualquer gr\u00e1fico de modifica\u00e7\u00e3o de betume;<\/li>\r\n \t<li style=\"text-align: justify;\">Durante o bombeamento e modifica\u00e7\u00f5es podem ser introduzidos outros plastificantes e aditivos adicionais que melhoram a ades\u00e3o do betume;<\/li>\r\n \t<li style=\"text-align: justify;\">No modo de bombeamento, existe a possibilidade de introduzir quantidades adicionais de pol\u00edmero;<\/li>\r\n \t<li style=\"text-align: justify;\">O sistema de aquecimento de \u00f3leo pode reduzir os custos da eletricidade;<\/li>\r\n \t<li style=\"text-align: justify;\">A capacidade de operar tanto no exterior, sob um dossel ou no interior.<\/li>\r\n<\/ul>"},{"tab_title":"Aplica\u00e7\u00e3o","tab_content":"[product_oil_types]"},{"tab_title":"Webinar","tab_content":"<div class=\"responsive-embed widescreen\">\r\n<div class=\"responsive-embed widescreen\">\r\n<div class=\"responsive-embed widescreen\">\r\n<div class=\"responsive-embed widescreen\"><iframe title=\"Produ\u00e7\u00e3o de betume modificado. Abordagem moderna\" src=\"https:\/\/www.youtube.com\/embed\/9qGOp1erhKs?feature=oembed\" width=\"500\" height=\"281\" frameborder=\"0\" allowfullscreen=\"allowfullscreen\"><\/iframe><\/div>\r\n<\/div>\r\n<\/div>\r\n<\/div>"}],"add_video_tab":[{"video_tab_title":"Video","add_video_id":[{"video_id":"wABOMsGgXO0"},{"video_id":"n4glxNWbsNw"},{"video_id":"6WjhUjc4IRo"}]}],"add_gallery_tab":[{"gallery_tab_title":"Foto","add_img":[17113,17109,17105,17101]}],"add_price_tab":[{"price_tab_title":"Obter pre\u00e7o"}]},"language":"pt-pt","_links":{"self":[{"href":"https:\/\/globecore.com\/pt-pt\/wp-json\/wp\/v2\/pages\/17204","targetHints":{"allow":["GET"]}}],"collection":[{"href":"https:\/\/globecore.com\/pt-pt\/wp-json\/wp\/v2\/pages"}],"about":[{"href":"https:\/\/globecore.com\/pt-pt\/wp-json\/wp\/v2\/types\/page"}],"author":[{"embeddable":true,"href":"https:\/\/globecore.com\/pt-pt\/wp-json\/wp\/v2\/users\/7"}],"replies":[{"embeddable":true,"href":"https:\/\/globecore.com\/pt-pt\/wp-json\/wp\/v2\/comments?post=17204"}],"version-history":[{"count":2,"href":"https:\/\/globecore.com\/pt-pt\/wp-json\/wp\/v2\/pages\/17204\/revisions"}],"predecessor-version":[{"id":341846,"href":"https:\/\/globecore.com\/pt-pt\/wp-json\/wp\/v2\/pages\/17204\/revisions\/341846"}],"up":[{"embeddable":true,"href":"https:\/\/globecore.com\/pt-pt\/wp-json\/wp\/v2\/pages\/17086"}],"wp:featuredmedia":[{"embeddable":true,"href":"https:\/\/globecore.com\/pt-pt\/wp-json\/wp\/v2\/media\/341844"}],"wp:attachment":[{"href":"https:\/\/globecore.com\/pt-pt\/wp-json\/wp\/v2\/media?parent=17204"}],"wp:term":[{"taxonomy":"category","embeddable":true,"href":"https:\/\/globecore.com\/pt-pt\/wp-json\/wp\/v2\/categories?post=17204"}],"curies":[{"name":"wp","href":"https:\/\/api.w.org\/{rel}","templated":true}]}}