{"id":17214,"date":"2018-07-26T07:32:03","date_gmt":"2018-07-26T07:32:03","guid":{"rendered":"https:\/\/globecore.com\/products\/oil-processing-equipment\/accessories-and-options.html"},"modified":"2025-01-22T13:24:02","modified_gmt":"2025-01-22T13:24:02","slug":"acessorios","status":"publish","type":"page","link":"https:\/\/globecore.com\/pt-pt\/products\/acessorios\/","title":{"rendered":"Acess\u00f3rios"},"content":{"rendered":"<p style=\"text-align: justify;\">O site apresenta as unidades na configura\u00e7\u00e3o b\u00e1sica. Mas devido \u00e0s peculiaridades dos processos tecnol\u00f3gicos nas empresas, os equipamentos podem incluir componentes n\u00e3o padronizados e muitas vezes s\u00e3o feitos levando em considera\u00e7\u00e3o os desejos individuais de nossos clientes.<\/p>\n<p style=\"text-align: justify;\">Recomendamos usar apenas pe\u00e7as de reposi\u00e7\u00e3o genu\u00ednas <em><strong>GlobeCore<\/strong><\/em> para suas instala\u00e7\u00f5es. Eles podem ser adquiridos diretamente da <em><strong>GlobeCore<\/strong><\/em> ou de seus revendedores. Nossos especialistas e revendedores t\u00eam todas as informa\u00e7\u00f5es necess\u00e1rias sobre a sele\u00e7\u00e3o correta de pe\u00e7as de reposi\u00e7\u00e3o e componentes para cada unidade individual e fornecer\u00e3o o aconselhamento necess\u00e1rio.<\/p>\n<p style=\"text-align: justify;\">No caso de utiliza\u00e7\u00e3o de componentes ou pe\u00e7as de reposi\u00e7\u00e3o n\u00e3o recomendadas pela <em><strong>GlobeCore<\/strong><\/em>, nossa empresa n\u00e3o pode garantir o funcionamento confi\u00e1vel das unidades e a conformidade das caracter\u00edsticas do produto de sa\u00edda com os par\u00e2metros declarados. Portanto, declinamos qualquer responsabilidade por poss\u00edveis danos a tais pe\u00e7as de reposi\u00e7\u00e3o e acess\u00f3rios, bem como mau funcionamento do equipamento.<\/p>\n<p style=\"text-align: justify;\">Lembramos tamb\u00e9m que o uso de pe\u00e7as e acess\u00f3rios n\u00e3o aprovados pela <em><strong>GlobeCore<\/strong><\/em> \u00e9 motivo suficiente para anular a garantia.<\/p>\n<p style=\"text-align: justify;\">A <em><strong>GlobeCore<\/strong><\/em> reserva-se o direito de fazer melhorias t\u00e9cnicas em seus equipamentos para melhorar seu desempenho sem aviso especial.<\/p>\n","protected":false},"excerpt":{"rendered":"<p>O site apresenta as unidades na configura\u00e7\u00e3o b\u00e1sica. Mas devido \u00e0s peculiaridades dos processos tecnol\u00f3gicos nas empresas, os equipamentos podem incluir componentes n\u00e3o padronizados e muitas vezes s\u00e3o feitos levando em considera\u00e7\u00e3o os desejos individuais de nossos clientes. Recomendamos usar apenas pe\u00e7as de reposi\u00e7\u00e3o genu\u00ednas GlobeCore para suas instala\u00e7\u00f5es. Eles podem ser adquiridos diretamente da<a class=\"cg-read-more\" href=\"https:\/\/globecore.com\/pt-pt\/products\/acessorios\/\" target=\"_blank\">Leia mais <\/a><\/p>\n","protected":false},"author":7,"featured_media":53579,"parent":16979,"menu_order":0,"comment_status":"closed","ping_status":"closed","template":"templates\/products-sidebar.php","meta":{"_acf_changed":false,"_bbp_topic_count":0,"_bbp_reply_count":0,"_bbp_total_topic_count":0,"_bbp_total_reply_count":0,"_bbp_voice_count":0,"_bbp_anonymous_reply_count":0,"_bbp_topic_count_hidden":0,"_bbp_reply_count_hidden":0,"_bbp_forum_subforum_count":0,"footnotes":""},"categories":[],"class_list":["post-17214","page","type-page","status-publish","has-post-thumbnail","hentry"],"acf":[],"language":"pt-pt","_links":{"self":[{"href":"https:\/\/globecore.com\/pt-pt\/wp-json\/wp\/v2\/pages\/17214","targetHints":{"allow":["GET"]}}],"collection":[{"href":"https:\/\/globecore.com\/pt-pt\/wp-json\/wp\/v2\/pages"}],"about":[{"href":"https:\/\/globecore.com\/pt-pt\/wp-json\/wp\/v2\/types\/page"}],"author":[{"embeddable":true,"href":"https:\/\/globecore.com\/pt-pt\/wp-json\/wp\/v2\/users\/7"}],"replies":[{"embeddable":true,"href":"https:\/\/globecore.com\/pt-pt\/wp-json\/wp\/v2\/comments?post=17214"}],"version-history":[{"count":0,"href":"https:\/\/globecore.com\/pt-pt\/wp-json\/wp\/v2\/pages\/17214\/revisions"}],"up":[{"embeddable":true,"href":"https:\/\/globecore.com\/pt-pt\/wp-json\/wp\/v2\/pages\/16979"}],"wp:featuredmedia":[{"embeddable":true,"href":"https:\/\/globecore.com\/pt-pt\/wp-json\/wp\/v2\/media\/53579"}],"wp:attachment":[{"href":"https:\/\/globecore.com\/pt-pt\/wp-json\/wp\/v2\/media?parent=17214"}],"wp:term":[{"taxonomy":"category","embeddable":true,"href":"https:\/\/globecore.com\/pt-pt\/wp-json\/wp\/v2\/categories?post=17214"}],"curies":[{"name":"wp","href":"https:\/\/api.w.org\/{rel}","templated":true}]}}