{"id":17218,"date":"2016-07-29T12:27:37","date_gmt":"2016-07-29T12:27:37","guid":{"rendered":"https:\/\/globecore.com\/products\/oil-processing-equipment\/accessories-and-options\/options\/transformer-safety-system-tss.html"},"modified":"2026-03-06T12:10:26","modified_gmt":"2026-03-06T12:10:26","slug":"transformer-safety-system-tss","status":"publish","type":"page","link":"https:\/\/globecore.com\/pt-pt\/products\/transformer-maintenance\/transformer-safety-system-tss\/","title":{"rendered":"TSS Sistema de prote\u00e7\u00e3o de transformadores"},"content":{"rendered":"","protected":false},"excerpt":{"rendered":"<p>O Sistema de Seguran\u00e7a para Transformadores (TSS) conecta unidades de filtra\u00e7\u00e3o, desgasifica\u00e7\u00e3o e secagem de \u00f3leo aos transformadores, permitindo o processamento seguro do \u00f3leo mesmo em transformadores energizados. Conecta-se atrav\u00e9s de portas superiores e inferiores com v\u00e1lvulas autom\u00e1ticas que interrompem o sistema caso os n\u00edveis de \u00f3leo estejam anormais ou haja vazamento. Uma v\u00e1lvula de al\u00edvio de ar evita acionamentos falsos devido ao ar nas mangueiras, enquanto as unidades conectadas limpam o \u00f3leo, removem a umidade e os gases e mant\u00eam suas propriedades diel\u00e9tricas.<\/p>\n","protected":false},"author":7,"featured_media":32464,"parent":112858,"menu_order":0,"comment_status":"closed","ping_status":"closed","template":"templates\/single-product.php","meta":{"_acf_changed":false,"_bbp_topic_count":0,"_bbp_reply_count":0,"_bbp_total_topic_count":0,"_bbp_total_reply_count":0,"_bbp_voice_count":0,"_bbp_anonymous_reply_count":0,"_bbp_topic_count_hidden":0,"_bbp_reply_count_hidden":0,"_bbp_forum_subforum_count":0,"footnotes":""},"categories":[2479],"class_list":["post-17218","page","type-page","status-publish","has-post-thumbnail","hentry","category-manutencao-do-transformador","oil_type-transformadores-de-distribuicao","oil_type-transformadores-elevadores","oil_type-transformadores-para-fins-especiais","oil_type-transformadores-redutores","process_type-seguranca"],"acf":{"add_tab":[{"tab_title":"Descri\u00e7\u00e3o","tab_content":"<p style=\"text-align: justify;\"><span style=\"font-weight: 400;\">A limpeza e regenera\u00e7\u00e3o de \u00f3leos isolantes \u00e9 parte integrante de um conjunto de medidas para melhorar a confiabilidade e estender a vida \u00fatil dos transformadores de pot\u00eancia.<\/span><\/p>\r\n<p style=\"text-align: justify;\"><span style=\"font-weight: 400;\">Durante o processamento do \u00f3leo pode haver situa\u00e7\u00f5es de emerg\u00eancia (vazamentos de \u00f3leo, arejamento das mangas, etc.), que levam a uma perda de tempo e, em alguns casos, a despesas inesperadas.<\/span><\/p>\r\n<p style=\"text-align: justify;\"><span style=\"font-weight: 400;\">Para aumentar a seguran\u00e7a do tratamento de \u00f3leo, a GlobeCore prop\u00f5e conectar instala\u00e7\u00f5es de petr\u00f3leo n\u00e3o diretamente, mas atrav\u00e9s do sistema TSS. Esse sistema pode ser usado tanto no setor de energia el\u00e9trica quanto nas organiza\u00e7\u00f5es envolvidas no servi\u00e7o de equipamentos com \u00f3leo.<\/span><\/p>\r\n\r\n<h2 style=\"text-align: justify;\">O sistema padr\u00e3o de TSS consiste em:<\/h2>\r\n<ul>\r\n \t<li style=\"text-align: justify;\"><span style=\"font-weight: 400;\">Duas v\u00e1lvulas;<\/span><\/li>\r\n \t<li style=\"text-align: justify;\"><span style=\"font-weight: 400;\">Sensor de n\u00edvel de \u00f3leo;<\/span><\/li>\r\n \t<li style=\"text-align: justify;\"><span style=\"font-weight: 400;\">Kit de cabo;<\/span><\/li>\r\n \t<li style=\"text-align: justify;\"><span style=\"font-weight: 400;\">Pain\u00e9is de controle<\/span><\/li>\r\n<\/ul>\r\n<h2 style=\"text-align: justify;\">O TSS (Transformer Safety System) \u00e9 usado para conectar o seguinte equipamento a um transformador:<\/h2>\r\n<ul>\r\n \t<li style=\"text-align: justify;\"><span style=\"font-weight: 400;\">Equipamento de filtra\u00e7\u00e3o de \u00f3leo;<\/span><\/li>\r\n \t<li style=\"text-align: justify;\"><span style=\"font-weight: 400;\">Sistemas de desgaseifica\u00e7\u00e3o de \u00f3leo;<\/span><\/li>\r\n \t<li style=\"text-align: justify;\"><span style=\"font-weight: 400;\">Instala\u00e7\u00f5es para secar o \u00f3leo.<\/span><\/li>\r\n<\/ul>\r\n<p style=\"text-align: justify;\"><span style=\"font-weight: 400;\">A instala\u00e7\u00e3o de purifica\u00e7\u00e3o de \u00f3leo \u00e9 conectada ao transformador atrav\u00e9s do conector superior e inferior. Cada um deles \u00e9 equipado com uma v\u00e1lvula autom\u00e1tica que interrompe a instala\u00e7\u00e3o, se necess\u00e1rio, por exemplo, se for detectado um vazamento de \u00f3leo.<\/span><\/p>\r\n<p style=\"text-align: justify;\"><span style=\"font-weight: 400;\">O operador pode definir os n\u00edveis normais de \u00f3leo superior e inferior no tanque do transformador. Se o n\u00edvel n\u00e3o atingir os valores normais, o sensor emitir\u00e1 um comando para interromper o processo e fechar a conex\u00e3o ao transformador.<\/span><\/p>\r\n<p style=\"text-align: justify;\"><span style=\"font-weight: 400;\">O ar preso nas mangas aciona a v\u00e1lvula de descarga de ar, eliminando os falsos alarmes do rel\u00e9 de g\u00e1s.<\/span><\/p>"}],"add_def_tab":[{"tab_title":"Especifica\u00e7\u00f5es","tab_content":"<table width=\"514\">\r\n<tbody>\r\n<tr>\r\n<th>\u2116<\/th>\r\n<th>Nome do par\u00e2metro<\/th>\r\n<th>Valor<\/th>\r\n<\/tr>\r\n<tr>\r\n<td>1<\/td>\r\n<td>Di\u00e2metro nominal, Dn, mm<\/td>\r\n<td style=\"text-align: center;\">25<\/td>\r\n<\/tr>\r\n<tr>\r\n<td>2<\/td>\r\n<td>Par\u00e2metros da corrente el\u00e9trica:<\/td>\r\n<td><\/td>\r\n<\/tr>\r\n<tr>\r\n<td><\/td>\r\n<td>\u2013 Tens\u00e3o, V<\/td>\r\n<td style=\"text-align: center;\">Mediante solicita\u00e7\u00e3o<\/td>\r\n<\/tr>\r\n<tr>\r\n<td><\/td>\r\n<td>\u2013 Frequ\u00eancia de corrente alternada, Hz<\/td>\r\n<td><\/td>\r\n<\/tr>\r\n<tr>\r\n<td>3<\/td>\r\n<td>Dimens\u00f5es gerais, mm, m\u00e1x:<\/td>\r\n<td><\/td>\r\n<\/tr>\r\n<tr>\r\n<td><\/td>\r\n<td>\u2013 Comprimento<\/td>\r\n<td style=\"text-align: center;\">850<\/td>\r\n<\/tr>\r\n<tr>\r\n<td><\/td>\r\n<td>\u2013 Largura<\/td>\r\n<td style=\"text-align: center;\">790<\/td>\r\n<\/tr>\r\n<tr>\r\n<td><\/td>\r\n<td>\u2013 Altura<\/td>\r\n<td style=\"text-align: center;\">1590<\/td>\r\n<\/tr>\r\n<tr>\r\n<td>4<\/td>\r\n<td>Peso, kg, m\u00e1x<\/td>\r\n<td style=\"text-align: center;\">210<\/td>\r\n<\/tr>\r\n<\/tbody>\r\n<\/table>"},{"tab_title":"Benef\u00edcios","tab_content":"<ul>\r\n \t<li style=\"text-align: justify;\"><span style=\"font-weight: 400;\">Este sistema pode ser usado com qualquer GlobeCore ou outro equipamento;<\/span><\/li>\r\n \t<li style=\"text-align: justify;\"><span style=\"font-weight: 400;\">Multifuncional. O sistema \u00e9 adequado para instala\u00e7\u00f5es de limpeza, filtragem e regenera\u00e7\u00e3o de \u00f3leo;<\/span><\/li>\r\n \t<li style=\"text-align: justify;\"><span style=\"font-weight: 400;\">F\u00e1cil de conectar. Um operador com habilidades b\u00e1sicas pode completar a conex\u00e3o em apenas cinco minutos;<\/span><\/li>\r\n \t<li style=\"text-align: justify;\"><span style=\"font-weight: 400;\">Capacidade de trabalhar com transformadores sob tens\u00e3o;<\/span><\/li>\r\n \t<li style=\"text-align: justify;\"><span style=\"font-weight: 400;\">O painel de controle do TSS pode ser colocado diretamente no equipamento de tratamento de \u00f3leo (permanentemente ou temporariamente) ou em um suporte separado;<\/span><\/li>\r\n \t<li style=\"text-align: justify;\"><span style=\"font-weight: 400;\">A capacidade de instalar o m\u00f3dulo GSM, que permite controlar o trabalho atrav\u00e9s de um telefone celular.<\/span><\/li>\r\n<\/ul>"},{"tab_title":"Aplica\u00e7\u00e3o","tab_content":"[product_oil_types]"},{"tab_title":"Webinar","tab_content":"<div class=\"responsive-embed widescreen\">\r\n<div class=\"responsive-embed widescreen\">\r\n<div class=\"responsive-embed widescreen\">\r\n<div class=\"responsive-embed widescreen\"><iframe title=\"Manuten\u00e7\u00e3o dos transformadores de pot\u00eancia\" src=\"https:\/\/www.youtube.com\/embed\/RblXgV_sUy0?feature=oembed\" width=\"500\" height=\"281\" frameborder=\"0\" allowfullscreen=\"allowfullscreen\"><\/iframe><\/div>\r\n<\/div>\r\n<\/div>\r\n<\/div>"}],"add_video_tab":[{"video_tab_title":"Video","add_video_id":[{"video_id":"mMPT8wnSbKE"},{"video_id":"xLY7C0owexI"}]}],"add_gallery_tab":null,"add_price_tab":[{"price_tab_title":"Obter pre\u00e7o"}]},"language":"pt-pt","_links":{"self":[{"href":"https:\/\/globecore.com\/pt-pt\/wp-json\/wp\/v2\/pages\/17218","targetHints":{"allow":["GET"]}}],"collection":[{"href":"https:\/\/globecore.com\/pt-pt\/wp-json\/wp\/v2\/pages"}],"about":[{"href":"https:\/\/globecore.com\/pt-pt\/wp-json\/wp\/v2\/types\/page"}],"author":[{"embeddable":true,"href":"https:\/\/globecore.com\/pt-pt\/wp-json\/wp\/v2\/users\/7"}],"replies":[{"embeddable":true,"href":"https:\/\/globecore.com\/pt-pt\/wp-json\/wp\/v2\/comments?post=17218"}],"version-history":[{"count":2,"href":"https:\/\/globecore.com\/pt-pt\/wp-json\/wp\/v2\/pages\/17218\/revisions"}],"predecessor-version":[{"id":336157,"href":"https:\/\/globecore.com\/pt-pt\/wp-json\/wp\/v2\/pages\/17218\/revisions\/336157"}],"up":[{"embeddable":true,"href":"https:\/\/globecore.com\/pt-pt\/wp-json\/wp\/v2\/pages\/112858"}],"wp:featuredmedia":[{"embeddable":true,"href":"https:\/\/globecore.com\/pt-pt\/wp-json\/wp\/v2\/media\/32464"}],"wp:attachment":[{"href":"https:\/\/globecore.com\/pt-pt\/wp-json\/wp\/v2\/media?parent=17218"}],"wp:term":[{"taxonomy":"category","embeddable":true,"href":"https:\/\/globecore.com\/pt-pt\/wp-json\/wp\/v2\/categories?post=17218"}],"curies":[{"name":"wp","href":"https:\/\/api.w.org\/{rel}","templated":true}]}}