{"id":17226,"date":"2016-08-15T09:38:49","date_gmt":"2016-08-15T09:38:49","guid":{"rendered":"https:\/\/globecore.com\/products\/oil-processing-equipment\/oil-regeneration\/laboratory-oil-filtration-unit-uvr-l.html"},"modified":"2026-03-05T14:46:31","modified_gmt":"2026-03-05T14:46:31","slug":"laboratory-oil-filtration-unit-uvr-l","status":"publish","type":"page","link":"https:\/\/globecore.com\/pt-pt\/products\/regeneracao-de-oleo\/laboratory-oil-filtration-unit-uvr-l\/","title":{"rendered":"\u0421\u041c\u041c-0,001U Instala\u00e7\u00e3o de laborat\u00f3rio para filtra\u00e7\u00e3o de \u00f3leo"},"content":{"rendered":"","protected":false},"excerpt":{"rendered":"<p>A GlobeCore CMM-0.001U \u00e9 uma unidade laboratorial projetada para a purifica\u00e7\u00e3o e regenera\u00e7\u00e3o de produtos petroqu\u00edmicos em pequenos volumes. Ela regenera pequenas amostras de \u00f3leo de transformador, \u00f3leo industrial, \u00f3leo de turbina, \u00f3leo hidr\u00e1ulico, diesel, \u00f3leo combust\u00edvel, \u00f3leo a v\u00e1cuo, querosene, \u00f3leo de transmiss\u00e3o e outros. O sistema utiliza um m\u00f3dulo de filtragem preenchido com sorvente e um filtro para remover impurezas e restaurar a qualidade do \u00f3leo. Compacta e f\u00e1cil de transportar, conecta-se a uma tomada el\u00e9trica padr\u00e3o e permite testes de amostras de \u00f3leo no local. A unidade oferece opera\u00e7\u00e3o silenciosa e taxas de regenera\u00e7\u00e3o de 2\u20135 L\/h, dependendo do tipo de \u00f3leo.<\/p>\n","protected":false},"author":1,"featured_media":26776,"parent":17224,"menu_order":0,"comment_status":"closed","ping_status":"closed","template":"templates\/single-product.php","meta":{"_acf_changed":false,"_bbp_topic_count":0,"_bbp_reply_count":0,"_bbp_total_topic_count":0,"_bbp_total_reply_count":0,"_bbp_voice_count":0,"_bbp_anonymous_reply_count":0,"_bbp_topic_count_hidden":0,"_bbp_reply_count_hidden":0,"_bbp_forum_subforum_count":0,"footnotes":""},"categories":[1341],"class_list":["post-17226","page","type-page","status-publish","has-post-thumbnail","hentry","category-oil-maintenance-pt-pt","oil_type-fluido-dieletrico-fr3","oil_type-fluido-dieletrico-midel-7131","oil_type-fluido-resistente-ao-fogo-fyrquel","oil_type-oleo-de-silicone","oil_type-oleo-de-transmissao","oil_type-oleo-hidraulico","oil_type-oleo-industrial","oil_type-oleo-para-cabos","oil_type-oleo-para-compressores","oil_type-oleo-para-transformadores","oil_type-oleo-para-turbinas","process_type-regeneracao"],"acf":{"add_tab":[{"tab_title":"Descri\u00e7\u00e3o","tab_content":"<p style=\"text-align: justify;\"><span style=\"font-weight: 400;\">A instala\u00e7\u00e3o de laborat\u00f3rio \u0421\u041c\u041c-0,001U foi projetada para testar a possibilidade de limpeza de certos produtos de petr\u00f3leo.<\/span><\/p>\r\n\r\n<h2 style=\"text-align: justify;\">Tipos de \u00f3leos minerais que podem ser regenerados e filtrados<span style=\"font-weight: 400;\">:<\/span><\/h2>\r\n<ul>\r\n \t<li style=\"text-align: justify;\"><span style=\"font-weight: 400;\">\u00f3leo industrial;<\/span><\/li>\r\n \t<li style=\"text-align: justify;\"><span style=\"font-weight: 400;\">\u00f3leo de transformador;<\/span><\/li>\r\n \t<li style=\"text-align: justify;\"><span style=\"font-weight: 400;\">\u00f3leo de turbina;<\/span><\/li>\r\n \t<li style=\"text-align: justify;\"><span style=\"font-weight: 400;\">combust\u00edvel diesel;<\/span><\/li>\r\n \t<li style=\"text-align: justify;\"><span style=\"font-weight: 400;\">\u00f3leo de aquecimento;<\/span><\/li>\r\n \t<li style=\"text-align: justify;\"><span style=\"font-weight: 400;\">\u00f3leo hidr\u00e1ulico;<\/span><\/li>\r\n \t<li style=\"text-align: justify;\"><span style=\"font-weight: 400;\">\u00f3leo de v\u00e1cuo;<\/span><\/li>\r\n \t<li style=\"text-align: justify;\"><span style=\"font-weight: 400;\">\u00f3leo de engrenagem;<\/span><\/li>\r\n \t<li style=\"text-align: justify;\"><span style=\"font-weight: 400;\">condensado de g\u00e1s;<\/span><\/li>\r\n \t<li style=\"text-align: justify;\"><span style=\"font-weight: 400;\">querosene;<\/span><\/li>\r\n \t<li style=\"text-align: justify;\">\u00f3leo do motor (note que os aditivos tamb\u00e9m ser\u00e3o removidos do \u00f3leo, eles precisar\u00e3o ser reintroduzidos no \u00f3leo).<\/li>\r\n<\/ul>\r\n<h2 style=\"text-align: center;\">Estrutura<\/h2>\r\n<p style=\"text-align: justify;\"><span style=\"font-weight: 400;\">A instala\u00e7\u00e3o consiste em:<\/span><\/p>\r\n\r\n<ul>\r\n \t<li style=\"text-align: justify;\"><span style=\"font-weight: 400;\">m\u00f3dulo de filtro;<\/span><\/li>\r\n \t<li style=\"text-align: justify;\"><span style=\"font-weight: 400;\">Arma\u00e7\u00e3o;<\/span><\/li>\r\n \t<li style=\"text-align: justify;\"><span style=\"font-weight: 400;\">c\u00e2mara de v\u00e1cuo;<\/span><\/li>\r\n \t<li style=\"text-align: justify;\"><span style=\"font-weight: 400;\">bomba de v\u00e1cuo;<\/span><\/li>\r\n \t<li style=\"text-align: justify;\"><span style=\"font-weight: 400;\">oleodutos.<\/span><\/li>\r\n<\/ul>\r\n<p style=\"text-align: justify;\"><span style=\"font-weight: 400;\">O m\u00f3dulo de filtro \u00e9 um tanque, meio cheio com um solvente, que regenera o \u00f3leo que passa por ele. O sorvente e o \u00f3leo s\u00e3o carregados no m\u00f3dulo a partir de cima.<\/span><\/p>\r\n<p style=\"text-align: justify;\"><span style=\"font-weight: 400;\">A partir do fundo, o m\u00f3dulo \u00e9 equipado com uma cobertura atrav\u00e9s da qual \u00e9 evacuado e atrav\u00e9s do qual um solvente saturado \u00e9 removido. O \u00f3leo purificado tamb\u00e9m \u00e9 bombeado para fora do fundo do tanque.<\/span><\/p>\r\n<p style=\"text-align: justify;\"><span style=\"font-weight: 400;\">A superf\u00edcie externa do m\u00f3dulo \u00e9 enrolada com um aquecedor de fita e isolada.<\/span><\/p>\r\n<p style=\"text-align: justify;\"><span style=\"font-weight: 400;\">A Arma\u00e7\u00e3o \u00e9 uma estrutura de metal \u00e0 qual os elementos de instala\u00e7\u00e3o est\u00e3o conectados.<\/span><\/p>\r\n<p style=\"text-align: justify;\"><span style=\"font-weight: 400;\">A c\u00e2mara de v\u00e1cuo \u00e9 um recipiente retangular cheio de \u00f3leo regenerado. Uma v\u00e1lvula de esfera \u00e9 instalada na parte superior do tanque, que conecta a c\u00e2mara com a bomba de v\u00e1cuo. Uma v\u00e1lvula de esfera \u00e9 instalada na parte inferior da c\u00e2mara, atrav\u00e9s da qual o \u00f3leo \u00e9 sugado para dentro do tanque, bem como uma v\u00e1lvula para drenar o \u00f3leo. A c\u00e2mara de v\u00e1cuo est\u00e1 equipada com um medidor de n\u00edvel visual e um medidor de v\u00e1cuo.<\/span><\/p>\r\n<p style=\"text-align: justify;\"><span style=\"font-weight: 400;\">Uma bomba de v\u00e1cuo cria um v\u00e1cuo na c\u00e2mara.<\/span><\/p>"}],"add_def_tab":[{"tab_title":"Par\u00e2metros","tab_content":"<table width=\"588\">\r\n<tbody>\r\n<tr>\r\n<td width=\"43\"><strong>\u2116<\/strong><\/td>\r\n<td style=\"text-align: center;\" width=\"437\"><strong>Name of parameter<\/strong><\/td>\r\n<td style=\"text-align: center;\" width=\"108\"><strong>Value<\/strong><\/td>\r\n<\/tr>\r\n<tr>\r\n<td width=\"43\">1<\/td>\r\n<td width=\"437\"><span style=\"font-weight: 400;\">Capacidade de regenera\u00e7\u00e3o, l \/ h:<\/span>\r\n\r\n\u2013 <span style=\"font-weight: 400;\">\u00f3leo de transformador<\/span>\r\n\r\n\u2013 <span style=\"font-weight: 400;\">\u00f3leo industrial *<\/span><\/td>\r\n<td width=\"108\">\r\n<p style=\"text-align: center;\">3-5*<\/p>\r\n<p style=\"text-align: center;\">2-4*<\/p>\r\n<\/td>\r\n<\/tr>\r\n<tr>\r\n<td width=\"43\">\u00a02<\/td>\r\n<td width=\"437\"><span style=\"font-weight: 400;\">Consumo de absorvente em% em peso de \u00f3leo<\/span>\r\n\r\n\u2013 <span style=\"font-weight: 400;\">\u00f3leo para transformadores<\/span>\r\n\r\n\u2013 <span style=\"font-weight: 400;\">\u00d3leo industrial *<\/span><\/td>\r\n<td width=\"108\">\r\n<p style=\"text-align: center;\">3-10*<\/p>\r\n<p style=\"text-align: center;\">3-10*<\/p>\r\n<\/td>\r\n<\/tr>\r\n<tr>\r\n<td width=\"43\">3<\/td>\r\n<td width=\"437\"><span style=\"font-weight: 400;\">Solvente de carga em massa, kg<\/span><\/td>\r\n<td style=\"text-align: center;\" width=\"108\">3<\/td>\r\n<\/tr>\r\n<tr>\r\n<td width=\"43\">4<\/td>\r\n<td width=\"437\"><span style=\"font-weight: 400;\">Perda de \u00f3leo em% do volume inicial (atrasado pelo solvente)<\/span>\r\n\r\n\u2013 <span style=\"font-weight: 400;\">\u00f3leo do transformador<\/span>\r\n\r\n\u2013 <span style=\"font-weight: 400;\">\u00f3leo industrial<\/span><\/td>\r\n<td width=\"108\">\r\n<p style=\"text-align: center;\">1-5<\/p>\r\n<p style=\"text-align: center;\">1-5<\/p>\r\n<\/td>\r\n<\/tr>\r\n<tr>\r\n<td width=\"43\">5<\/td>\r\n<td width=\"437\"><span style=\"font-weight: 400;\">Pot\u00eancia do aquecedor, kW<\/span><\/td>\r\n<td style=\"text-align: center;\" width=\"108\">0,16<\/td>\r\n<\/tr>\r\n<tr>\r\n<td width=\"43\">6<\/td>\r\n<td width=\"437\"><span style=\"font-weight: 400;\">Pot\u00eancia nominal, kW<\/span><\/td>\r\n<td style=\"text-align: center;\" width=\"108\">1,0<\/td>\r\n<\/tr>\r\n<tr>\r\n<td width=\"43\">7<\/td>\r\n<td width=\"437\"><span style=\"font-weight: 400;\">Tens\u00e3o de corrente alternada monof\u00e1sica 50 (60) Hz, V<\/span><\/td>\r\n<td style=\"text-align: center;\" width=\"108\">220<\/td>\r\n<\/tr>\r\n<tr>\r\n<td width=\"43\">8<\/td>\r\n<td width=\"437\"><span style=\"font-weight: 400;\">Dimens\u00f5es, mm<\/span>\r\n\r\n\u2013 <span style=\"font-weight: 400;\">comprimento<\/span>\r\n\r\n\u2013 <span style=\"font-weight: 400;\">largura<\/span>\r\n\r\n\u2013 <span style=\"font-weight: 400;\">altura<\/span><\/td>\r\n<td width=\"108\">\r\n<p style=\"text-align: center;\">500<\/p>\r\n<p style=\"text-align: center;\">550<\/p>\r\n<p style=\"text-align: center;\">750<\/p>\r\n<\/td>\r\n<\/tr>\r\n<tr>\r\n<td width=\"43\">9<\/td>\r\n<td width=\"437\"><span style=\"font-weight: 400;\">Peso, kg<\/span><\/td>\r\n<td style=\"text-align: center;\" width=\"108\">50<\/td>\r\n<\/tr>\r\n<\/tbody>\r\n<\/table>"},{"tab_title":"Benef\u00edcios","tab_content":"<ul>\r\n \t<li style=\"text-align: justify;\">tamanho compacto;<\/li>\r\n \t<li style=\"text-align: justify;\">transporte f\u00e1cil;<\/li>\r\n \t<li style=\"text-align: justify;\">conecta-se a uma tomada de energia normal;<\/li>\r\n \t<li style=\"text-align: justify;\">limpa amostras de \u00f3leo;<\/li>\r\n \t<li style=\"text-align: justify;\">opera\u00e7\u00e3o silenciosa.<\/li>\r\n<\/ul>"},{"tab_title":"Aplica\u00e7\u00e3o","tab_content":"[product_oil_types]"},{"tab_title":"Webinar","tab_content":"<div class=\"responsive-embed widescreen\">\r\n<div class=\"responsive-embed widescreen\">\r\n<div class=\"responsive-embed widescreen\">\r\n<div class=\"responsive-embed widescreen\"><iframe title=\"Webinar - Regenera\u00e7\u00e3o de \u00f3leo diel\u00e9trico: um olhar aprofundado (13.10.2021)\" src=\"https:\/\/www.youtube.com\/embed\/vYHxRcDmJqc?feature=oembed\" width=\"500\" height=\"281\" frameborder=\"0\" allowfullscreen=\"allowfullscreen\"><\/iframe><\/div>\r\n<\/div>\r\n<\/div>\r\n<\/div>"}],"add_video_tab":[{"video_tab_title":"Video","add_video_id":[{"video_id":"HcT9MjRqDCk"},{"video_id":"dYU84AA5r6M"}]}],"add_gallery_tab":[{"gallery_tab_title":"Foto","add_img":[17229,17233,16822,19664]}],"add_price_tab":[{"price_tab_title":"Obter pre\u00e7o"}]},"language":"pt-pt","_links":{"self":[{"href":"https:\/\/globecore.com\/pt-pt\/wp-json\/wp\/v2\/pages\/17226","targetHints":{"allow":["GET"]}}],"collection":[{"href":"https:\/\/globecore.com\/pt-pt\/wp-json\/wp\/v2\/pages"}],"about":[{"href":"https:\/\/globecore.com\/pt-pt\/wp-json\/wp\/v2\/types\/page"}],"author":[{"embeddable":true,"href":"https:\/\/globecore.com\/pt-pt\/wp-json\/wp\/v2\/users\/1"}],"replies":[{"embeddable":true,"href":"https:\/\/globecore.com\/pt-pt\/wp-json\/wp\/v2\/comments?post=17226"}],"version-history":[{"count":1,"href":"https:\/\/globecore.com\/pt-pt\/wp-json\/wp\/v2\/pages\/17226\/revisions"}],"predecessor-version":[{"id":335985,"href":"https:\/\/globecore.com\/pt-pt\/wp-json\/wp\/v2\/pages\/17226\/revisions\/335985"}],"up":[{"embeddable":true,"href":"https:\/\/globecore.com\/pt-pt\/wp-json\/wp\/v2\/pages\/17224"}],"wp:featuredmedia":[{"embeddable":true,"href":"https:\/\/globecore.com\/pt-pt\/wp-json\/wp\/v2\/media\/26776"}],"wp:attachment":[{"href":"https:\/\/globecore.com\/pt-pt\/wp-json\/wp\/v2\/media?parent=17226"}],"wp:term":[{"taxonomy":"category","embeddable":true,"href":"https:\/\/globecore.com\/pt-pt\/wp-json\/wp\/v2\/categories?post=17226"}],"curies":[{"name":"wp","href":"https:\/\/api.w.org\/{rel}","templated":true}]}}