{"id":17244,"date":"2017-11-06T14:02:27","date_gmt":"2017-11-06T14:02:27","guid":{"rendered":"https:\/\/globecore.com\/products\/wind-turbine-service\/cmm-4t-turbine-oil-filtration.html"},"modified":"2026-03-06T06:24:20","modified_gmt":"2026-03-06T06:24:20","slug":"cmm-4t-turbine-oil-filtration","status":"publish","type":"page","link":"https:\/\/globecore.com\/pt-pt\/products\/desgaseificacao-e-purificacao-de-oleo\/cmm-4t-turbine-oil-filtration\/","title":{"rendered":"CMM-4,0T Instala\u00e7\u00e3o para limpeza de \u00f3leo de turbina"},"content":{"rendered":"","protected":false},"excerpt":{"rendered":"<p>A GlobeCore CMM-4,0T \u00e9 uma esta\u00e7\u00e3o m\u00f3vel de \u00f3leo projetada para o tratamento de \u00f3leo de turbina, incluindo purifica\u00e7\u00e3o, remo\u00e7\u00e3o de part\u00edculas s\u00f3lidas e \u00e1gua. A unidade tem uma capacidade de 4 m\u00b3\/h. O uso da CMM-4,0T prolonga a vida \u00fatil do \u00f3leo de turbina, m\u00e1quinas a g\u00e1s e a vapor, equipamentos de turbina, usinas e outras instala\u00e7\u00f5es industriais. O \u00f3leo contaminado pode causar v\u00e1rios problemas, portanto a manuten\u00e7\u00e3o adequada dos equipamentos preenchidos com \u00f3leo \u00e9 essencial. A filtra\u00e7\u00e3o do \u00f3leo oferece uma alternativa eficaz \u00e0 compra de produtos novos e caros. O sistema CMM-4,0T pode ser usado para purifica\u00e7\u00e3o, desidrata\u00e7\u00e3o, desgasifica\u00e7\u00e3o e evacua\u00e7\u00e3o do \u00f3leo. \u00c9 adequado para \u00f3leo de turbina com viscosidade n\u00e3o superior a 280 cSt a 50\u202f\u00b0C.<\/p>\n","protected":false},"author":7,"featured_media":31397,"parent":17032,"menu_order":0,"comment_status":"closed","ping_status":"closed","template":"templates\/single-product.php","meta":{"_acf_changed":false,"_bbp_topic_count":0,"_bbp_reply_count":0,"_bbp_total_topic_count":0,"_bbp_total_reply_count":0,"_bbp_voice_count":0,"_bbp_anonymous_reply_count":0,"_bbp_topic_count_hidden":0,"_bbp_reply_count_hidden":0,"_bbp_forum_subforum_count":0,"footnotes":""},"categories":[1341],"class_list":["post-17244","page","type-page","status-publish","has-post-thumbnail","hentry","category-oil-maintenance-pt-pt","oil_type-fluido-dieletrico-fr3","oil_type-fluido-dieletrico-midel-7131","oil_type-fluido-resistente-ao-fogo-fyrquel","oil_type-oleo-de-silicone","oil_type-oleo-de-transmissao","oil_type-oleo-hidraulico","oil_type-oleo-industrial","oil_type-oleo-para-cabos","oil_type-oleo-para-compressores","oil_type-oleo-para-transformadores","oil_type-oleo-para-turbinas","oil_type-oleo-shell-diala","process_type-desgaseificacao","process_type-desidratacao","process_type-filtragem"],"acf":{"add_tab":[{"tab_title":"Descri\u00e7\u00e3o","tab_content":"<p style=\"text-align: justify;\"><span style=\"font-weight: 400;\">O CMM-4,0T \u00e9 projetado para filtrar o \u00f3leo da turbina. Sua tarefa \u00e9 limpar o \u00f3leo do transformador, remover s\u00f3lidos e \u00e1gua.<\/span><\/p>\r\n<p style=\"text-align: justify;\"><span style=\"font-weight: 400;\">Capacidade de instala\u00e7\u00e3o - 4 m<sup>3<\/sup> \/ hora.<\/span><\/p>\r\n<p style=\"text-align: justify;\"><span style=\"font-weight: 400;\">Esta instala\u00e7\u00e3o pode prolongar a vida \u00fatil de equipamentos de \u00f3leo de turbina, g\u00e1s e vapor, turbinas, usinas de energia e outras instala\u00e7\u00f5es industriais.<\/span><\/p>\r\n<p style=\"text-align: justify;\"><span style=\"font-weight: 400;\">Contamina\u00e7\u00e3o de \u00f3leo industrial leva a v\u00e1rios problemas. O equipamento cheio de \u00f3leo precisa de manuten\u00e7\u00e3o adequada. Filtra\u00e7\u00e3o de \u00f3leo em vez de comprar \u00f3leo novo e caro \u00e9 a melhor solu\u00e7\u00e3o.<\/span><\/p>\r\n<p style=\"text-align: justify;\"><b>O sistema de filtragem de \u00f3leo de turbina CMM-4,0T <\/b><span style=\"font-weight: 400;\">pode ser usado em processos como limpeza, secagem e desgaseifica\u00e7\u00e3o. Tamb\u00e9m \u00e9 poss\u00edvel evacuar equipamentos de terceiros.<\/span><\/p>\r\n<p style=\"text-align: justify;\"><span style=\"font-weight: 400;\">A instala\u00e7\u00e3o \u00e9 aplicada a \u00f3leos de turbina com viscosidade n\u00e3o superior a 280 cSt a 50\u00ba\u0421.<\/span><\/p>\r\n\r\n<h2 style=\"text-align: center;\" data-start=\"86\" data-end=\"463\">Instala\u00e7\u00e3o de um filtro especial de filtra\u00e7\u00e3o fina GC (opcional)<\/h2>\r\n<p class=\"\" style=\"text-align: justify;\" data-start=\"86\" data-end=\"463\">A pedido do cliente, a unidade CMM-4T pode ser equipada com um filtro especial de alta efici\u00eancia da <em><strong>GlobeCore<\/strong><\/em>. A principal caracter\u00edstica deste filtro \u00e9 o seu elevado \u00edndice de filtra\u00e7\u00e3o (\u03b2 &gt; 4000), que assegura uma remo\u00e7\u00e3o mais profunda das impurezas mec\u00e2nicas e uma finura de filtra\u00e7\u00e3o de 3 micr\u00f3metros.<\/p>\r\n<p class=\"\" style=\"text-align: justify;\" data-start=\"465\" data-end=\"571\">Informa\u00e7\u00f5es mais detalhadas sobre a descri\u00e7\u00e3o e as especifica\u00e7\u00f5es deste filtro podem ser encontradas <a href=\"https:\/\/globecore.com\/pt-pt\/products\/acessorios\/filters\/fine-filter-with-filtration-coefficient-beta-4000\/\"><strong>aqui<\/strong><\/a>.<\/p>"}],"add_def_tab":[{"tab_title":"Par\u00e2metros","tab_content":"<table>\r\n<tbody>\r\n<tr>\r\n<td><strong>\u2116<\/strong><\/td>\r\n<td style=\"text-align: center;\"><b>Par\u00e2metros <\/b><\/td>\r\n<td style=\"text-align: center;\"><b>Valor<\/b><\/td>\r\n<\/tr>\r\n<tr>\r\n<td>1<\/td>\r\n<td><span style=\"font-weight: 400;\">Produtividade, m<sup>3<\/sup> \/ hora<\/span><\/td>\r\n<td style=\"text-align: center;\">4<\/td>\r\n<\/tr>\r\n<tr>\r\n<td>2<\/td>\r\n<td><span style=\"font-weight: 400;\">Par\u00e2metros do \u00f3leo processado:<\/span>\r\n<ul>\r\n \t<li><span style=\"font-weight: 400;\">Teor de umidade de massa, g \/ t, n\u00e3o mais <\/span><\/li>\r\n \t<li><span style=\"font-weight: 400;\">filtra\u00e7\u00e3o, micron<\/span><\/li>\r\n<\/ul>\r\n<\/td>\r\n<td>\r\n<p style=\"text-align: center;\">10 ppm ou 5 ppm ou 5 ppm+ (opcionalmente)<\/p>\r\n<p style=\"text-align: center;\">5 <span style=\"font-weight: 400;\">micron ou 3 micron (opcionalmente)\u00a0<\/span><\/p>\r\n<\/td>\r\n<\/tr>\r\n<tr>\r\n<td>3<\/td>\r\n<td><span style=\"font-weight: 400;\">Temperatura m\u00e1xima de sa\u00edda de \u00f3leo<\/span>, \u00ba\u0421<\/td>\r\n<td style=\"text-align: center;\">55<\/td>\r\n<\/tr>\r\n<tr>\r\n<td>4<\/td>\r\n<td><span style=\"font-weight: 400;\">Press\u00e3o de opera\u00e7\u00e3o, MPa<\/span><\/td>\r\n<td style=\"text-align: center;\">0,4<\/td>\r\n<\/tr>\r\n<tr>\r\n<td>5<\/td>\r\n<td><span style=\"font-weight: 400;\">V\u00e1cuo de trabalho<\/span>\r\n\r\n\u2013 <span style=\"font-weight: 400;\">bomba de v\u00e1cuo<\/span><\/td>\r\n<td style=\"text-align: center;\">-0,75 \u2026 -0,85<\/td>\r\n<\/tr>\r\n<tr>\r\n<td><\/td>\r\n<td>\u2013\u00a0<span style=\"font-weight: 400;\">c\u00e2mara de v\u00e1cuo<\/span><\/td>\r\n<td style=\"text-align: center;\">-0,65 \u2026 -0,75<\/td>\r\n<\/tr>\r\n<tr>\r\n<td>6<\/td>\r\n<td><span style=\"font-weight: 400;\">Pot\u00eancia do aquecedor de \u00f3leo, kW<\/span><\/td>\r\n<td style=\"text-align: center;\">29<\/td>\r\n<\/tr>\r\n<tr>\r\n<td>7<\/td>\r\n<td><span style=\"font-weight: 400;\">Pot\u00eancia espec\u00edfica do aquecedor, W \/ cm2<\/span><\/td>\r\n<td style=\"text-align: center;\">1,2<\/td>\r\n<\/tr>\r\n<tr>\r\n<td>8<\/td>\r\n<td><span style=\"font-weight: 400;\">Consumo m\u00e1ximo de energ\u00eda, kW<\/span><\/td>\r\n<td style=\"text-align: center;\">38<\/td>\r\n<\/tr>\r\n<tr>\r\n<td>9<\/td>\r\n<td><span style=\"font-weight: 400;\">Fonte de alimenta\u00e7\u00e3o<\/span>\r\n<ul>\r\n \t<li><span style=\"font-weight: 400;\">tens\u00e3o, V <\/span><\/li>\r\n \t<li><span style=\"font-weight: 400;\">Freq\u00fc\u00eancia de corrente alternada, Hz <\/span><\/li>\r\n<\/ul>\r\n<\/td>\r\n<td>\r\n<p style=\"text-align: center;\">380<\/p>\r\n<p style=\"text-align: center;\">50<\/p>\r\n<\/td>\r\n<\/tr>\r\n<tr>\r\n<td><\/td>\r\n<td><span style=\"font-weight: 400;\">Dimens\u00f5es mm<\/span>\r\n<ul>\r\n \t<li><span style=\"font-weight: 400;\">comprimento<\/span><\/li>\r\n \t<li><span style=\"font-weight: 400;\">largura<\/span><\/li>\r\n \t<li><span style=\"font-weight: 400;\">altura<\/span><\/li>\r\n<\/ul>\r\n<\/td>\r\n<td>\r\n<p style=\"text-align: center;\">2060<\/p>\r\n<p style=\"text-align: center;\">1130<\/p>\r\n<p style=\"text-align: center;\">1980<\/p>\r\n<\/td>\r\n<\/tr>\r\n<tr>\r\n<td>11<\/td>\r\n<td><span style=\"font-weight: 400;\">Peso, kg<\/span><\/td>\r\n<td style=\"text-align: center;\">700<\/td>\r\n<\/tr>\r\n<\/tbody>\r\n<\/table>"},{"tab_title":"Benef\u00edcios","tab_content":"<ul>\r\n \t<li style=\"text-align: justify;\">A pedido de um cliente, uma unidade pode ser: estacion\u00e1ria (em um cont\u00eainer em um quadro, sob uma tenda) ou m\u00f3vel \/ port\u00e1til (em rodas, em um trailer).<\/li>\r\n \t<li style=\"text-align: justify;\">F\u00e1cil de operar.<\/li>\r\n \t<li style=\"text-align: justify;\">Ap\u00f3s a purifica\u00e7\u00e3o, as caracter\u00edsticas do \u00f3leo correspondem totalmente \u00e0s normas.<\/li>\r\n \t<li style=\"text-align: justify;\">Economiza custos na compra de \u00f3leo novo e na reciclagem de \u00f3leo usado;<\/li>\r\n \t<li style=\"text-align: justify;\">Preserva o meio ambiente<\/li>\r\n \t<li style=\"text-align: justify;\"><span id=\"result_box\" class=\"short_text\" lang=\"pt\"><span class=\"\">Energia eficiente.<\/span><\/span><\/li>\r\n<\/ul>"},{"tab_title":"Aplica\u00e7\u00e3o","tab_content":"[product_oil_types]"},{"tab_title":"Webinar","tab_content":"<div class=\"responsive-embed widescreen\">\r\n<div class=\"responsive-embed widescreen\">\r\n<div class=\"responsive-embed widescreen\">\r\n<div class=\"responsive-embed widescreen\"><iframe title=\"Manuten\u00e7\u00e3o dos transformadores de pot\u00eancia\" src=\"https:\/\/www.youtube.com\/embed\/RblXgV_sUy0?feature=oembed\" width=\"500\" height=\"281\" frameborder=\"0\" allowfullscreen=\"allowfullscreen\"><\/iframe><\/div>\r\n<\/div>\r\n<\/div>\r\n<\/div>"}],"add_video_tab":[{"video_tab_title":"Video","add_video_id":[{"video_id":"kbyI1NUG2xE"},{"video_id":"2agyHvKhsjg"}]}],"add_gallery_tab":[{"gallery_tab_title":"Foto","add_img":[318324,318322,318323,318325]}],"add_price_tab":[{"price_tab_title":"Obter pre\u00e7o"}]},"language":"pt-pt","_links":{"self":[{"href":"https:\/\/globecore.com\/pt-pt\/wp-json\/wp\/v2\/pages\/17244","targetHints":{"allow":["GET"]}}],"collection":[{"href":"https:\/\/globecore.com\/pt-pt\/wp-json\/wp\/v2\/pages"}],"about":[{"href":"https:\/\/globecore.com\/pt-pt\/wp-json\/wp\/v2\/types\/page"}],"author":[{"embeddable":true,"href":"https:\/\/globecore.com\/pt-pt\/wp-json\/wp\/v2\/users\/7"}],"replies":[{"embeddable":true,"href":"https:\/\/globecore.com\/pt-pt\/wp-json\/wp\/v2\/comments?post=17244"}],"version-history":[{"count":1,"href":"https:\/\/globecore.com\/pt-pt\/wp-json\/wp\/v2\/pages\/17244\/revisions"}],"predecessor-version":[{"id":336016,"href":"https:\/\/globecore.com\/pt-pt\/wp-json\/wp\/v2\/pages\/17244\/revisions\/336016"}],"up":[{"embeddable":true,"href":"https:\/\/globecore.com\/pt-pt\/wp-json\/wp\/v2\/pages\/17032"}],"wp:featuredmedia":[{"embeddable":true,"href":"https:\/\/globecore.com\/pt-pt\/wp-json\/wp\/v2\/media\/31397"}],"wp:attachment":[{"href":"https:\/\/globecore.com\/pt-pt\/wp-json\/wp\/v2\/media?parent=17244"}],"wp:term":[{"taxonomy":"category","embeddable":true,"href":"https:\/\/globecore.com\/pt-pt\/wp-json\/wp\/v2\/categories?post=17244"}],"curies":[{"name":"wp","href":"https:\/\/api.w.org\/{rel}","templated":true}]}}